{"id":28409,"date":"2016-12-12T05:23:50","date_gmt":"2016-12-12T04:23:50","guid":{"rendered":"https:\/\/laq.pl\/contact-and-directions\/"},"modified":"2025-04-09T19:20:10","modified_gmt":"2025-04-09T17:20:10","slug":"contact-and-directions","status":"publish","type":"page","link":"https:\/\/laq.pl\/en\/contact-and-directions\/","title":{"rendered":"Contact and directions"},"content":{"rendered":"<div class=\"wpb-content-wrapper\"><p>[vc_row css=&#8221;.vc_custom_1574326154812{margin-bottom: 30px !important;padding-top: 30px !important;}&#8221;][vc_column][vc_row_inner][vc_column_inner]<div class=\"shortcode-title center \"><h3 class=\"normal-title\" >Google map<\/h3><\/div>[\/vc_column_inner][\/vc_row_inner][vc_row_inner][vc_column_inner][vc_gmaps link=&#8221;#E-8_JTNDaWZyYW1lJTIwc3JjJTNEJTIyaHR0cHMlM0ElMkYlMkZtYXBzLmFwcC5nb28uZ2wlMkZiMUtGcVAxYU5kZjF6c3dCOCUyMiUyMHdpZHRoJTNEJTIyNjAwJTIyJTIwaGVpZ2h0JTNEJTIyNDUwJTIyJTIwZnJhbWVib3JkZXIlM0QlMjIwJTIyJTIwc3R5bGUlM0QlMjJib3JkZXIlM0EwJTIyJTIwYWxsb3dmdWxsc2NyZWVuJTNEJTIyJTIyJTNFJTNDJTJGaWZyYW1lJTNF&#8221; el_class=&#8221;google-map&#8221;][\/vc_column_inner][\/vc_row_inner][\/vc_column][\/vc_row][vc_row css=&#8221;.vc_custom_1574326165190{margin-bottom: 30px !important;padding-top: 30px !important;padding-bottom: 30px !important;}&#8221;][vc_column]<div class=\"address-container hb-animate-element right-to-left\"><h1 class=\"address-title simple-title\"><span>Contact us<\/span><\/h1><div class=\"address-description description\">Kiedykolwiek chcesz i w jakiejkolwiek sprawie - zawsze mo\u017cesz si\u0119 z nami skontaktowa\u0107.<\/div><div class=\"address-text first\"><div class=\"address-text-inner\"><div class=\"icon\"><i class=\"fa fa-map-marker\"><\/i><\/div> <div class=\"content\"><div class=\"address-label\">Adres<\/div>ul. Klonowa 2<br \/>\n62-002 Suchy Las <\/div> <\/div><\/div><div class=\"address-text second\"><div class=\"address-text-inner\"><div class=\"icon\"><i class=\"fa fa-phone\"><\/i><\/div> <div class=\"content\"><div class=\"address-label\">Wolisz zadzwoni\u0107?<\/div>+48 603 588 005<\/div> <\/div><\/div><div class=\"address-text third\"><div class=\"address-text-inner\"><div class=\"icon\"><i class=\"fa fa-envelope \"><\/i><\/div> <div class=\"content\"><div class=\"address-label\">Email:<\/div><a href=\"mailto:sklep@laq.pl\">sklep@laq.pl<\/a><p>Poniedzia\u0142ek - pi\u0105tek w godzinach 8:00-15:00<\/p><\/div><\/div><\/div><\/div>[\/vc_column][\/vc_row]<\/p>\n<\/div>","protected":false},"excerpt":{"rendered":"<p>[vc_row css=&#8221;.vc_custom_1574326154812{margin-bottom: 30px !important;padding-top: 30px !important;}&#8221;][vc_column][vc_row_inner][vc_column_inner][\/vc_column_inner][\/vc_row_inner][vc_row_inner][vc_column_inner][vc_gmaps link=&#8221;#E-8_JTNDaWZyYW1lJTIwc3JjJTNEJTIyaHR0cHMlM0ElMkYlMkZtYXBzLmFwcC5nb28uZ2wlMkZiMUtGcVAxYU5kZjF6c3dCOCUyMiUyMHdpZHRoJTNEJTIyNjAwJTIyJTIwaGVpZ2h0JTNEJTIyNDUwJTIyJTIwZnJhbWVib3JkZXIlM0QlMjIwJTIyJTIwc3R5bGUlM0QlMjJib3JkZXIlM0EwJTIyJTIwYWxsb3dmdWxsc2NyZWVuJTNEJTIyJTIyJTNFJTNDJTJGaWZyYW1lJTNF&#8221; el_class=&#8221;google-map&#8221;][\/vc_column_inner][\/vc_row_inner][\/vc_column][\/vc_row][vc_row css=&#8221;.vc_custom_1574326165190{margin-bottom: 30px !important;padding-top: 30px !important;padding-bottom: 30px !important;}&#8221;][vc_column][\/vc_column][\/vc_row]<\/p>\n","protected":false},"author":1,"featured_media":0,"parent":0,"menu_order":0,"comment_status":"closed","ping_status":"closed","template":"","meta":{"_acf_changed":false,"footnotes":""},"class_list":["post-28409","page","type-page","status-publish","hentry"],"acf":[],"_links":{"self":[{"href":"https:\/\/laq.pl\/en\/wp-json\/wp\/v2\/pages\/28409","targetHints":{"allow":["GET"]}}],"collection":[{"href":"https:\/\/laq.pl\/en\/wp-json\/wp\/v2\/pages"}],"about":[{"href":"https:\/\/laq.pl\/en\/wp-json\/wp\/v2\/types\/page"}],"author":[{"embeddable":true,"href":"https:\/\/laq.pl\/en\/wp-json\/wp\/v2\/users\/1"}],"replies":[{"embeddable":true,"href":"https:\/\/laq.pl\/en\/wp-json\/wp\/v2\/comments?post=28409"}],"version-history":[{"count":2,"href":"https:\/\/laq.pl\/en\/wp-json\/wp\/v2\/pages\/28409\/revisions"}],"predecessor-version":[{"id":28411,"href":"https:\/\/laq.pl\/en\/wp-json\/wp\/v2\/pages\/28409\/revisions\/28411"}],"wp:attachment":[{"href":"https:\/\/laq.pl\/en\/wp-json\/wp\/v2\/media?parent=28409"}],"curies":[{"name":"wp","href":"https:\/\/api.w.org\/{rel}","templated":true}]}}