{"id":51503,"date":"2018-10-13T05:29:13","date_gmt":"2018-10-13T03:29:13","guid":{"rendered":"https:\/\/laq.pl\/contact\/"},"modified":"2026-03-22T18:47:25","modified_gmt":"2026-03-22T17:47:25","slug":"contact","status":"publish","type":"page","link":"https:\/\/laq.pl\/en\/contact\/","title":{"rendered":"Contact"},"content":{"rendered":"<h3 style=\"text-align: center;\">Write to us if you want. We will reply if anyone wants to. <\/h3>\n\n<div class=\"wpcf7 no-js\" id=\"wpcf7-f51557-o1\" lang=\"en-US\" dir=\"ltr\" data-wpcf7-id=\"51557\">\n<div class=\"screen-reader-response\"><p role=\"status\" aria-live=\"polite\" aria-atomic=\"true\"><\/p> <ul><\/ul><\/div>\n<form action=\"\/en\/wp-json\/wp\/v2\/pages\/51503#wpcf7-f51557-o1\" method=\"post\" class=\"wpcf7-form init\" aria-label=\"Contact form\" novalidate=\"novalidate\" data-status=\"init\">\n<fieldset class=\"hidden-fields-container\"><input type=\"hidden\" name=\"_wpcf7\" value=\"51557\" \/><input type=\"hidden\" name=\"_wpcf7_version\" value=\"6.1.5\" \/><input type=\"hidden\" name=\"_wpcf7_locale\" value=\"en_US\" \/><input type=\"hidden\" name=\"_wpcf7_unit_tag\" value=\"wpcf7-f51557-o1\" \/><input type=\"hidden\" name=\"_wpcf7_container_post\" value=\"0\" \/><input type=\"hidden\" name=\"_wpcf7_posted_data_hash\" value=\"\" \/>\n<\/fieldset>\n<p><label> Name, nickname or whatever you type in - that's what we'll call you<br \/>\n<span class=\"wpcf7-form-control-wrap\" data-name=\"your-name\"><input size=\"40\" maxlength=\"400\" class=\"wpcf7-form-control wpcf7-text wpcf7-validates-as-required\" autocomplete=\"name\" aria-required=\"true\" aria-invalid=\"false\" value=\"\" type=\"text\" name=\"your-name\" \/><\/span> <\/label>\n<\/p>\n<p><label> What address to write back to?<br \/>\n<span class=\"wpcf7-form-control-wrap\" data-name=\"your-email\"><input size=\"40\" maxlength=\"400\" class=\"wpcf7-form-control wpcf7-email wpcf7-validates-as-required wpcf7-text wpcf7-validates-as-email\" autocomplete=\"email\" aria-required=\"true\" aria-invalid=\"false\" value=\"\" type=\"email\" name=\"your-email\" \/><\/span> <\/label>\n<\/p>\n<p><label> What do you want to write about?<br \/>\n<span class=\"wpcf7-form-control-wrap\" data-name=\"your-subject\"><input size=\"40\" maxlength=\"400\" class=\"wpcf7-form-control wpcf7-text wpcf7-validates-as-required\" aria-required=\"true\" aria-invalid=\"false\" value=\"\" type=\"text\" name=\"your-subject\" \/><\/span> <\/label>\n<\/p>\n<p><label> Write, externalize yourself!<br \/>\n<span class=\"wpcf7-form-control-wrap\" data-name=\"your-message\"><textarea cols=\"40\" rows=\"10\" maxlength=\"2000\" class=\"wpcf7-form-control wpcf7-textarea\" aria-invalid=\"false\" name=\"your-message\"><\/textarea><\/span> <\/label>\n<\/p>\n<div class=\"cf7-image-captcha\"><p class=\"captcha-instruction\">Je\u015bli podobaj\u0105 Ci si\u0119 nasze produkty i chcesz kupi\u0107 wi\u0119cej, kliknij <strong>Habibi z Dubaju<\/strong>:<\/p><div class=\"captcha-images\"><div class=\"captcha-option\"><img decoding=\"async\" src=\"https:\/\/laq.pl\/wp-content\/uploads\/2025\/05\/LaQ_zel_do_mycia_500ml_5905778573778-300x300.jpg\" alt=\"48115\" \/><label><input type=\"checkbox\" class=\"captcha-checkbox\" name=\"captcha_selection[]\" value=\"0\" data-correct=\"true\" \/><span>Select<\/span><\/label><\/div><div class=\"captcha-option\"><img decoding=\"async\" src=\"https:\/\/laq.pl\/wp-content\/uploads\/2025\/06\/LaQ_Balsam_150ml_5905778572238-silver-300x300.jpg\" alt=\"48099\" \/><label><input type=\"checkbox\" class=\"captcha-checkbox\" name=\"captcha_selection[]\" value=\"1\" data-correct=\"false\" \/><span>Select<\/span><\/label><\/div><div class=\"captcha-option\"><img decoding=\"async\" src=\"https:\/\/laq.pl\/wp-content\/uploads\/2025\/10\/5905778575338-1-300x300.jpg\" alt=\"41692\" \/><label><input type=\"checkbox\" class=\"captcha-checkbox\" name=\"captcha_selection[]\" value=\"2\" data-correct=\"false\" \/><span>Select<\/span><\/label><\/div><div class=\"captcha-option\"><img decoding=\"async\" src=\"https:\/\/laq.pl\/wp-content\/uploads\/2025\/10\/5905778575314-1-300x300.jpg\" alt=\"41695\" \/><label><input type=\"checkbox\" class=\"captcha-checkbox\" name=\"captcha_selection[]\" value=\"3\" data-correct=\"false\" \/><span>Select<\/span><\/label><\/div><\/div><input type=\"hidden\" name=\"captcha_correct\" value=\"0\" \/><\/div>\n<p><input class=\"wpcf7-form-control wpcf7-submit has-spinner\" type=\"submit\" value=\"Send\" \/>\n<\/p><div class=\"wpcf7-response-output\" aria-hidden=\"true\"><\/div>\n<\/form>\n<\/div>\n\n<p>&nbsp;<\/p>\n<p>&nbsp;<\/p>\n<div class=\"address-container hb-animate-element right-to-left\"><div class=\"address-text first\"><div class=\"address-text-inner\"><div class=\"icon\"><i class=\"fa fa-map-marker\"><\/i><\/div> <div class=\"content\"><div class=\"address-label\">Adres:<\/div>ul. Klonowa 2, 62-002 Suchy Las<\/div> <\/div><\/div><div class=\"address-text second\"><div class=\"address-text-inner\"><div class=\"icon\"><i class=\"fa fa-phone\"><\/i><\/div> <div class=\"content\"><div class=\"address-label\">Telefon:<\/div>+48 667 001 784<\/div> <\/div><\/div><div class=\"address-text third\"><div class=\"address-text-inner\"><div class=\"icon\"><i class=\"fa fa-envelope \"><\/i><\/div> <div class=\"content\"><div class=\"address-label\">Email:<\/div><a href=\"mailto:sklep@laq.pl\">sklep@laq.pl<\/a><p>Monday - Friday 8:00-15:00<\/p><\/div><\/div><\/div><\/div>\n","protected":false},"excerpt":{"rendered":"<p>Write to us if you want. We will reply if anyone wants to. &nbsp; &nbsp;<\/p>\n","protected":false},"author":1,"featured_media":0,"parent":0,"menu_order":0,"comment_status":"closed","ping_status":"closed","template":"","meta":{"_acf_changed":false,"footnotes":""},"class_list":["post-51503","page","type-page","status-publish","hentry"],"acf":[],"_links":{"self":[{"href":"https:\/\/laq.pl\/en\/wp-json\/wp\/v2\/pages\/51503","targetHints":{"allow":["GET"]}}],"collection":[{"href":"https:\/\/laq.pl\/en\/wp-json\/wp\/v2\/pages"}],"about":[{"href":"https:\/\/laq.pl\/en\/wp-json\/wp\/v2\/types\/page"}],"author":[{"embeddable":true,"href":"https:\/\/laq.pl\/en\/wp-json\/wp\/v2\/users\/1"}],"replies":[{"embeddable":true,"href":"https:\/\/laq.pl\/en\/wp-json\/wp\/v2\/comments?post=51503"}],"version-history":[{"count":2,"href":"https:\/\/laq.pl\/en\/wp-json\/wp\/v2\/pages\/51503\/revisions"}],"predecessor-version":[{"id":51505,"href":"https:\/\/laq.pl\/en\/wp-json\/wp\/v2\/pages\/51503\/revisions\/51505"}],"wp:attachment":[{"href":"https:\/\/laq.pl\/en\/wp-json\/wp\/v2\/media?parent=51503"}],"curies":[{"name":"wp","href":"https:\/\/api.w.org\/{rel}","templated":true}]}}