{"id":13355,"date":"2024-07-17T09:43:14","date_gmt":"2024-07-17T07:43:14","guid":{"rendered":"https:\/\/laq.pl\/?post_type=product&#038;p=13355"},"modified":"2026-04-06T19:27:21","modified_gmt":"2026-04-06T17:27:21","slug":"szampon-dla-facetow-1-w-1-kawal-byka-300-ml","status":"publish","type":"product","link":"https:\/\/laq.pl\/en\/product\/szampon-dla-facetow-1-w-1-kawal-byka-300-ml\/","title":{"rendered":"Od\u015bwie\u017caj\u0105cy szampon z proteinami i \u017ce\u0144-szeniem KAWA\u0141 BYKA 300 ml"},"content":{"rendered":"<h2 style=\"text-align: center;\"><strong>Proteiny kukurydzy, pszenicy i soi \u2013 budulec &#8220;masy&#8221; i si\u0142y Twoich w\u0142os\u00f3w<\/strong><\/h2>\n<p>&nbsp;<\/p>\n<h3><strong>KIM JESTEM?<\/strong><\/h3>\n<p>Oto ja, naturalny i wega\u0144ski m\u0119ski szampon do w\u0142os\u00f3w o dzia\u0142aniu od\u015bwie\u017caj\u0105cym. Przede wszystkim zawieram ekstrakt z sze\u0144-szenia oraz bia\u0142kooo (znaczy si\u0119: proteiny). Jako niez\u0142y kawa\u0142 byka jestem zawsze gotowy do akcji!<\/p>\n<h3><strong>CO MOG\u0118 DLA CIEBIE ZROBI\u0106?<\/strong><\/h3>\n<p>Oczyszcz\u0119 Twoje w\u0142osy z wszelkich zanieczyszcze\u0144, dodaj\u0105c im energii i \u015bwie\u017co\u015bci, jakiej potrzebujesz na co dzie\u0144. Dzi\u0119ki mleczanowi mentylu i ekstraktowi z mi\u0119ty zapewni\u0119 Ci przyjemne uczucie ch\u0142odzenia, a Twoje w\u0142osy stan\u0105 si\u0119 pe\u0142ne blasku i witalno\u015bci. Si\u0142a ro\u015blinnych protein sprawi, \u017ce Twoje w\u0142osy b\u0119d\u0105 mocne i odporne na uszkodzenia.<\/p>\n<p>&nbsp;<\/p>\n<h3><strong>PYTASZ KOTKU, CO MAM W \u015aRODKU?<\/strong><\/h3>\n<p>W moim sk\u0142adzie znajdziesz mleczan mentylu, kt\u00f3ry od\u015bwie\u017ca i ch\u0142odzi, oraz ekstrakt z mi\u0119ty, kt\u00f3ry orze\u017awia i dodaje energii. Bia\u0142ka ro\u015blinne z kukurydzy, pszenicy oraz soi wzmacniaj\u0105 i odbudowuj\u0105 struktur\u0119 w\u0142os\u00f3w. Ponadto zawieram r\u00f3wnie\u017c ekstrakty z korzenia \u017ce\u0144-szenia syberyjskiego oraz skrzypu polnego, kt\u00f3re pomagaj\u0105 w regeneracji w\u0142os\u00f3w i sk\u00f3ry g\u0142owy.<\/p>\n<p style=\"text-align: left;\"><em><strong>Sk\u0142ad:<\/strong> Aqua, Sodium Coco-Sulfate, Coco-Glucoside, Cocamidopropyl Betaine, Glycerin, Sodium Cocoyl Isethionate, Glyceryl Oleate, Menthyl Lactate, Mentha Haplocalix Extract, Hydrolyzed Corn Protein, Hydrolyzed Wheat Protein, Hydrolyzed Soy Protein, Eleutherococcus Senticosus Root Extract, Equisetum Arvense Leaf Extract, Arctium Lappa Root Extract, Galium Aparine Extract, Leuconostoc\/Radish Root Ferment Filtrate, Sodium Gluconate, Sodium Chloride, Sodium Benzoate, Potassium Sorbate, Citric Acid, Parfum, Hexamethylindanopyran, Isoeugenyl Acetate, Linylal Acetate, Pinene, Tetramethyl Acetyloctahydronaphthalenes.\u00a0<\/em><\/p>\n<p>&nbsp;<\/p>\n<h3><strong>POZNAJ MOJE NUTY ZAPACHOWE:<\/strong><\/h3>\n<ul>\n<li><strong>g\u0142owy: <\/strong>czarny pieprz, drzewo cedrowe, piment, bergamotka<\/li>\n<li><strong>serca: <\/strong>lawenda, go\u017adzik, paczula, werbena<\/li>\n<li><strong>podstawy: <\/strong>drzewo cedrowe, drzewo gwajakowe, kadzid\u0142o, fasola tonka, ambra<\/li>\n<\/ul>\n<p>&nbsp;<\/p>\n<h3><strong>SPOS\u00d3B U\u017bYCIA M\u0118SKIEGO SZAMPONU DO W\u0141OS\u00d3W:<\/strong><\/h3>\n<p>Na\u0142\u00f3\u017c na sier\u015b\u0107, wmasuj i zmyj, jednak pami\u0119taj: byle nie j\u0119zykiem.<\/p>\n<p>&nbsp;<\/p>\n<h3><strong>A CO M\u00d3WI\u0104 NA MIE\u015aCIE?<\/strong><\/h3>\n<p><em>Masz pian\u0119 na pysku? Spokojnie, to si\u0119 musi pieni\u0107. Co robi ten szampon? Nie przyprawia rog\u00f3w. Jednak sprawia, \u017ce w\u0142os z g\u0142owy nie spada, ratuje fryzur\u0119, jak narobisz obory, ogarnia w\u0142osie na ka\u017cdej cz\u0119\u015bci cia\u0142a &#8211; z ko\u015bci\u0105 i bez ko\u015bci. Po myciu nie poczujesz jedwabistej mi\u0119kko\u015bci i spr\u0119\u017cysto\u015bci, ale grzywa b\u0119dzie git.<br \/>\nDla facet\u00f3w szorstkow\u0142osych te\u017c si\u0119 nada.*<br \/>\n* nie myli\u0107 z grubosk\u00f3rnymi<\/em><\/p>\n<p>&nbsp;<\/p>\n<p><img loading=\"lazy\" decoding=\"async\" class=\"alignnone wp-image-49197 size-medium\" src=\"https:\/\/laq.pl\/wp-content\/uploads\/2026\/02\/97-300x120.jpg\" alt=\"piktogramy zank\u00f3w: testowane dermatologicznie, produkt wega\u0144ski oraz 97 procent sk\u0142adnik\u00f3w pochodzenia naturalnego\" width=\"300\" height=\"120\" srcset=\"https:\/\/laq.pl\/wp-content\/uploads\/2026\/02\/97-300x120.jpg 300w, https:\/\/laq.pl\/wp-content\/uploads\/2026\/02\/97-1024x410.jpg 1024w, https:\/\/laq.pl\/wp-content\/uploads\/2026\/02\/97-768x307.jpg 768w, https:\/\/laq.pl\/wp-content\/uploads\/2026\/02\/97-726x290.jpg 726w, https:\/\/laq.pl\/wp-content\/uploads\/2026\/02\/97.jpg 1135w\" sizes=\"auto, (max-width: 300px) 100vw, 300px\" \/><\/p>\n","protected":false},"excerpt":{"rendered":"<p><span style=\"font-weight: 400;\"><strong>O dzia\u0142aniu od\u015bwie\u017caj\u0105cym<\/strong> &#8211; zawiera ekstrakt z sze\u0144-szenia oraz bia\u0142kooo (znaczy si\u0119: proteiny). Jako niez\u0142y<\/span> kawa\u0142 byka jest zawsze gotowy do akcji!<\/p>\n","protected":false},"featured_media":13840,"template":"","meta":{"_acf_changed":false},"product_brand":[],"product_cat":[283,279,233,113,843],"product_tag":[289],"class_list":{"0":"post-13355","1":"product","2":"type-product","3":"status-publish","4":"has-post-thumbnail","6":"product_cat-300-ml","7":"product_cat-kawal-byka","8":"product_cat-meskie","9":"product_cat-szampony","10":"product_cat-szampony-meskie","11":"product_tag-kawal-byka","14":"first","15":"instock","16":"taxable","17":"shipping-taxable","18":"purchasable","19":"product-type-simple"},"acf":[],"_links":{"self":[{"href":"https:\/\/laq.pl\/en\/wp-json\/wp\/v2\/product\/13355","targetHints":{"allow":["GET"]}}],"collection":[{"href":"https:\/\/laq.pl\/en\/wp-json\/wp\/v2\/product"}],"about":[{"href":"https:\/\/laq.pl\/en\/wp-json\/wp\/v2\/types\/product"}],"wp:featuredmedia":[{"embeddable":true,"href":"https:\/\/laq.pl\/en\/wp-json\/wp\/v2\/media\/13840"}],"wp:attachment":[{"href":"https:\/\/laq.pl\/en\/wp-json\/wp\/v2\/media?parent=13355"}],"wp:term":[{"taxonomy":"product_brand","embeddable":true,"href":"https:\/\/laq.pl\/en\/wp-json\/wp\/v2\/product_brand?post=13355"},{"taxonomy":"product_cat","embeddable":true,"href":"https:\/\/laq.pl\/en\/wp-json\/wp\/v2\/product_cat?post=13355"},{"taxonomy":"product_tag","embeddable":true,"href":"https:\/\/laq.pl\/en\/wp-json\/wp\/v2\/product_tag?post=13355"}],"curies":[{"name":"wp","href":"https:\/\/api.w.org\/{rel}","templated":true}]}}