{"id":13363,"date":"2024-07-17T09:43:40","date_gmt":"2024-07-17T07:43:40","guid":{"rendered":"https:\/\/laq.pl\/?post_type=product&#038;p=13363"},"modified":"2026-04-08T08:02:29","modified_gmt":"2026-04-08T06:02:29","slug":"szczesciopak-meski-dark","status":"publish","type":"product","link":"https:\/\/laq.pl\/en\/product\/szczesciopak-meski-dark\/","title":{"rendered":"Zestaw prezentowy LaQ dla m\u0119\u017cczyzn SAMCZA PACZKA \u2013 Mix 6 \u017celi pod prysznic (6 x 100 ml)"},"content":{"rendered":"<h2 style=\"text-align: center;\"><strong>Sze\u015b\u0107 powod\u00f3w, dla kt\u00f3rych Twoja k\u0105piel nigdy nie b\u0119dzie nudna \u2013 testuj, mieszaj, wybieraj!<\/strong><\/h2>\n<p>&nbsp;<\/p>\n<p>\ud83d\udc15<strong> 1 x <a href=\"https:\/\/laq.pl\/produkt\/zel-pod-prysznic-8w1-ZAPACH SEKSU I BIZNESU-100-ml-dark\/\">\u017bel pod prysznic 8 w 1 ZAPACH SEKSU I BIZNESU 100 ml<\/a><\/strong> &#8211; wega\u0144ski i niezwykle m\u0119ski \u017cel pod prysznic. Pachn\u0119 dobrym seksem i udanym biznesem, a odwracaj\u0105c psa ogonem &#8211; udanym seksem i dobrym biznesem. Sam nie wiem, czym bardziej. Dobry nos wyczuje te\u017c u mnie m\u0119skie perfumy z nut\u0105 kardamonu i czarnego pieprzu. kto\u015b kiedy\u015b powiedzia\u0142 o mnie &#8220;najlepszy&#8221; i jak dot\u0105d tego nie odszczeka\u0142.<\/p>\n<p>\ud83d\udc15 <strong>1 x <a href=\"https:\/\/laq.pl\/produkt\/szampon-dla-facetow-1-w-1-ZAPACH SEKSU I BIZNESU-100-ml\/\">Szampon dla facet\u00f3w 1 w 1 ZAPACH SEKSU I BIZNESU 100 ml<\/a><\/strong> &#8211; <span style=\"font-weight: 400;\">m\u0119ski szampon do w\u0142os\u00f3w o dzia\u0142aniu oczyszczaj\u0105cym. Zawieram ekstrakty z czarnego pieprzu, cytryny, mi\u0119ty, rozmarynu i zielonej herbaty. Na dodatek pachn\u0119 seksem, biznesem i m\u0119skimi perfumami.\u00a0<\/span><\/p>\n<p>\ud83d\udc10 1 x <strong><a href=\"https:\/\/laq.pl\/produkt\/zel-pod-prysznic-8-w-1-koziol-z-klasa-2\/\">\u017bel pod prysznic Kozio\u0142 z Klas\u0105 100 ml<\/a><\/strong>\u00a0&#8211; <span style=\"font-weight: 400;\">\u017cel pod prysznic dla m\u0119\u017cczyzn, naturalny, wega\u0144ski, a tak\u017ce genialnie i zdecydowanie kozacko pachn\u0105cy m\u0119skimi perfumami. \u017bel z wyci\u0105giem z chmielu. Ale jednak nadal r\u00f3wnie\u017c po prostu \u017cel do mycia.\u00a0<\/span><\/p>\n<p>\ud83d\udc10<strong> 1 x <a href=\"https:\/\/laq.pl\/produkt\/szampon-dla-facetow-1-w-1-koziol-100-ml\/\">Szampon dla facet\u00f3w 1 w 1 Kozacki 100 ml<\/a><\/strong> &#8211; <span style=\"font-weight: 400;\">m\u0119ski szampon do w\u0142os\u00f3w o dzia\u0142aniu przeciw\u0142upie\u017cowym. Zawieram wyci\u0105g z drzewa herbacianego i kompleks dwunastu zi\u00f3\u0142. Na dodatek pachn\u0119 m\u0119skimi perfumami z klas\u0105.\u00a0<\/span><\/p>\n<p>\ud83d\udc06<strong> 1 x<\/strong> <a href=\"https:\/\/laq.pl\/produkt\/zel-pod-prysznic-ryszard-z-bieszczad-100-ml-dark\/\"><strong>\u017bel pod prysznic Ryszard z Bieszczad 100 ml<\/strong><\/a>\u00a0&#8211; <span style=\"font-weight: 400;\">naturalny i wega\u0144ski \u017cel pod prysznic dla m\u0119\u017cczyzn. jako jedyny w bieszczadach zawieram wyci\u0105g z li\u015bci tytoniu szlachetnego. poza tym jaram si\u0119 tym, \u017ce pachn\u0119 m\u0119skimi perfumami.\u00a0<\/span><\/p>\n<p>\ud83d\udc06<strong> 1 x <a href=\"https:\/\/laq.pl\/produkt\/szampon-dla-facetow-1-w-1-ryszard-z-bieszczad-100-ml\/\">Szampon dla facet\u00f3w 1 w 1 Ryszard z Bieszczad 100 ml<\/a><\/strong> &#8211; <span style=\"font-weight: 400;\">m\u0119ski szampon<\/span> do w\u0142os\u00f3w o dzia\u0142aniu nawil\u017caj\u0105cym. zawieram kompleks sk\u0142adnik\u00f3w nawil\u017caj\u0105cych, pantenol i ekstrakty ro\u015blinne. <span style=\"font-weight: 400;\">na dodatek p<\/span>achn\u0119 m\u0119skimi perfumami, pe\u0142nymi dziko\u015bci i sprytu.<\/p>\n<p><strong>\ud83c\udf81 Zapakowany w kartonik sze\u015bciopak z por\u0119czn\u0105 r\u0105czk\u0105<\/strong><\/p>\n<p>&nbsp;<\/p>\n<h3><strong>KIM JESTEM?<\/strong><\/h3>\n<p>Oto ja, zestaw 6 naturalnych i wega\u0144skich kosmetyk\u00f3w dla m\u0119\u017cczyzn: 3 \u017celi pod prysznic oraz 3 szampon\u00f3w w wersji mini. Ka\u017cdy set &#8220;\u017cel + szampon&#8221; reprezentuje jedn\u0105 z naszych trzech linii zapachowych dla m\u0119\u017cczyzn. Przede wszystkim genialnie sprawdz\u0119 si\u0119 wi\u0119c w roli prezentu dla prawdziwego faceta! Poza tym buteleczki maj\u0105 bardzo praktyczn\u0105 pojemno\u015b\u0107 (100 ml), dzi\u0119ki czemu b\u0119d\u0105 idealne na podr\u00f3\u017c, si\u0142owni\u0119 czy basen.<\/p>\n<p>Je\u015bli jeszcze nie znasz naszych linii zapachowych, to wiedz, \u017ce w szcz\u0119\u015bciopaku m\u0119skim pierwsze skrzypce gra <strong>ZAPACH SEKSU I BIZNESU<\/strong> , wt\u00f3ruje mu odrobin\u0119<strong>\u00a0Kozio\u0142<\/strong> pachn\u0105cy wieczorem przy browarku, a sztafet\u0119 zamyka <strong>Ryszard z Bieszczad<\/strong>, kt\u00f3ry jako jedyny z nich zna zapach g\u00f3rskiego szlaku.<\/p>\n<p>&nbsp;<\/p>\n<h3><strong>CO MOG\u0118 DLA CIEBIE ZROBI\u0106?<\/strong><\/h3>\n<p>Szukasz prezentu dla faceta na urodziny? A mo\u017ce interesuje ci\u0119 pomys\u0142 na niebanalny prezent dla kumpla na imieniny? Upominek na dzie\u0144 ch\u0142opaka, podarunek na \u015bwi\u0119ta? Jeste\u015b we w\u0142a\u015bciwym miejscu, bowiem na prezent dla m\u0119\u017cczyzny nadaj\u0119 si\u0119 idealnie! w szczeg\u00f3lno\u015bci dlatego, \u017ce jestem zapakowany w efektowne pude\u0142ko prezentowe z okienkami i wygodnym uchwytem. Poza tym, z uwagi na r\u00f3\u017cnorodno\u015b\u0107 zapachow\u0105 i praktyczn\u0105 pojemno\u015b\u0107 butelek mog\u0119 \u015bmia\u0142o zapewni\u0107 ci\u0119, \u017ce szale\u0144stwo zmys\u0142\u00f3w i zadowolenie obdarowanego masz murowane!<\/p>\n<p>&nbsp;<\/p>\n<h3><strong>PYTASZ KOTKU, CO MAM W \u015aRODKU?<\/strong><\/h3>\n<p>\ud83d\udc15<strong> <a href=\"https:\/\/laq.pl\/produkt\/zel-pod-prysznic-8w1-ZAPACH SEKSU I BIZNESU-100-ml-dark\/\">\u017bel pod prysznic 8 w 1 ZAPACH SEKSU I BIZNESU 100 ml<\/a><\/strong> &#8211; na zewn\u0105trz jestem twardy, zdecydowany i bezkompromisowy, jednak wewn\u0105trz skrywam prawdziw\u0105 natur\u0119, opart\u0105 na \u0142agodnych substancjach myj\u0105cych pochodzenia ro\u015blinnego. Zawieram gliceryn\u0119 (r\u00f3wnie\u017c pochodzenia ro\u015blinnego), ekstrakt z nasion kardamonu, mocznik oraz niacynamid.<\/p>\n<p>\ud83d\udc15<strong> <a href=\"https:\/\/laq.pl\/produkt\/szampon-dla-facetow-1-w-1-ZAPACH SEKSU I BIZNESU-100-ml\/\">Szampon dla facet\u00f3w 1 w 1 ZAPACH SEKSU I BIZNESU 100 ml<\/a> &#8211; <\/strong>zawiera w sobie wyci\u0105g z li\u015bci rozmarynu lekarskiego oraz ekstrakt z nasion pieprzu czarnego. Dodatkowo znajdziesz tu wyci\u0105g z owoc\u00f3w og\u00f3rka, hamuj\u0105cy wypadanie w\u0142os\u00f3w oraz przyspieszaj\u0105cy ich wzrost.<\/p>\n<p>\ud83d\udc10 <strong><a href=\"https:\/\/laq.pl\/produkt\/zel-pod-prysznic-8-w-1-koziol-z-klasa-2\/\">\u017bel pod prysznic Kozio\u0142 z Klas\u0105 100 ml<\/a> &#8211; <\/strong>przede wszystkim patrz\u0105c trze\u017awym okiem na moj\u0105 receptur\u0119 od razu wida\u0107, \u017ce jest ona oparta na \u0142agodnych substancjach myj\u0105cych pochodzenia ro\u015blinnego. Ponadto zawieram gliceryn\u0119 (r\u00f3wnie\u017c pochodzenia ro\u015blinnego) oraz \u0142agodz\u0105cy ekstrakt z chmielu.<\/p>\n<p>\ud83d\udc10 <strong><a href=\"https:\/\/laq.pl\/produkt\/szampon-dla-facetow-1-w-1-koziol-100-ml\/\">Szampon dla facet\u00f3w 1 w 1 Kozacki 100 ml<\/a><\/strong> &#8211; <span style=\"font-weight: 400;\">pomo\u017ce ci upora\u0107 si\u0119 z \u0142upie\u017cem i przet\u0142uszczaniem si\u0119 w\u0142os\u00f3w. Nast\u0119pnie oczy\u015bci je \u0142agodnie, acz skutecznie, a przy tym je zmi\u0119kczy, wyg\u0142adzi i zregeneruje. Ponadto pobudzi twoje w\u0142osy do wzrostu, nada im zdrowy po\u0142ysk, a tak\u017ce wzmocni ich cebulki.\u00a0<\/span><\/p>\n<p>\ud83d\udc06<strong> <a href=\"https:\/\/laq.pl\/produkt\/zel-pod-prysznic-ryszard-z-bieszczad-100-ml-dark\/\">\u017bel pod prysznic Ryszard z Bieszczad 100 ml<\/a> &#8211; <span style=\"font-weight: 400;\">zawiera w sobie nawil\u017caj\u0105c\u0105 gliceryn\u0119 pochodzenia ro\u015blinnego. Ma dla ciebie r\u00f3wnie\u017c od\u017cywczy wyci\u0105g z li\u015bci tytoniu szlachetnego, a do tego nawil\u017caj\u0105cy mocznik oraz witamin\u0119 b3 (niacynamid).\u00a0<\/span><\/strong><\/p>\n<p>\ud83d\udc06 <strong><a href=\"https:\/\/laq.pl\/produkt\/szampon-dla-facetow-1-w-1-ryszard-z-bieszczad-100-ml\/\">Szampon dla facet\u00f3w 1 w 1 Ryszard z Bieszczad 100 ml<\/a><\/strong> &#8211; zawiera w sobie pantenol i wyci\u0105g z kwiat\u00f3w rumianku, kt\u00f3re wspaniale koj\u0105 i \u0142agodz\u0105 podra\u017cnienia, a tak\u017ce dzia\u0142aj\u0105 przeciwzapalnie. znajdziesz te\u017c niacynamid, kt\u00f3ry wyg\u0142adza w\u0142osy i reguluje prac\u0119 gruczo\u0142\u00f3w \u0142ojowych.<\/p>\n<p>(dok\u0142adne sk\u0142ady INCI poszczeg\u00f3lnych produkt\u00f3w znajdziesz pod powy\u017cszymi linkami)<\/p>\n<p>&nbsp;<\/p>\n<h3><strong>POZNAJ MOJE NUTY ZAPACHOWE:<\/strong><\/h3>\n<p><strong>ZAPACH SEKSU I BIZNESU &#8211; nuty zapachowe:\u00a0<\/strong><\/p>\n<ul>\n<li><strong>g\u0142owy:<\/strong> cytryna, grejpfrut, nuty wodne<\/li>\n<li><strong>serca:<\/strong> jab\u0142ko, mi\u0119ta, r\u00f3\u017cowy pieprz, r\u00f3\u017ca<\/li>\n<li><strong>podstawy:<\/strong> drzewo cedrowe, drzewo sanda\u0142owe, suche drewno, fasola tonka, pi\u017cmo<\/li>\n<\/ul>\n<p><strong>Kozio\u0142 z Klas\u0105 &#8211; nuty zapachowe:\u00a0<\/strong><\/p>\n<ul>\n<li><strong>g\u0142owy:<\/strong> mi\u0119ta lodowa, bergamotka<\/li>\n<li><strong>serca:<\/strong> geranium, jab\u0142ko<\/li>\n<li><strong>podstawy:<\/strong> wanilia, drzewo sanda\u0142owe, cedr<\/li>\n<\/ul>\n<p><strong>Ryszard z Bieszczad &#8211; nuty zapachowe:\u00a0<\/strong><\/p>\n<ul>\n<li><strong>g\u0142owy:<\/strong> bergamotka, cytryna, sza\u0142wia, zio\u0142a<\/li>\n<li><strong>serca: <\/strong>nuty morskie, lawenda, ja\u015bmin, tymianek, irys<\/li>\n<li><strong>podstawy: <\/strong>drewno bursztynowe, paczula, wetyweria, fasola tonka<\/li>\n<\/ul>\n<p>&nbsp;<\/p>\n<h3><strong>A CO M\u00d3WI\u0104 MA MIE\u015aCIE?<\/strong><\/h3>\n<p><em>Sze\u015bciopak zawsze jest dobrym pomys\u0142em na prezent!<\/em><\/p>\n<p>&nbsp;<\/p>\n<p><img loading=\"lazy\" decoding=\"async\" class=\"alignnone wp-image-49200 size-medium\" src=\"https:\/\/laq.pl\/wp-content\/uploads\/2026\/02\/uniwersalny-300x177.jpg\" alt=\"piktogram znaku testowanie dermatologicznie oraz znak produktu wega\u0144skiego\" width=\"300\" height=\"177\" srcset=\"https:\/\/laq.pl\/wp-content\/uploads\/2026\/02\/uniwersalny-300x177.jpg 300w, https:\/\/laq.pl\/wp-content\/uploads\/2026\/02\/uniwersalny-726x429.jpg 726w, https:\/\/laq.pl\/wp-content\/uploads\/2026\/02\/uniwersalny.jpg 769w\" sizes=\"auto, (max-width: 300px) 100vw, 300px\" \/><\/p>\n","protected":false},"excerpt":{"rendered":"<p><strong>Sze\u015bciopak szcz\u0119\u015bcia &#8211; kartonik z por\u0119czn\u0105 r\u0105czk\u0105, a w nim:<\/strong><\/p>\n<p>\ud83d\udc15 <strong>1 x <a href=\"https:\/\/laq.pl\/produkt\/zel-pod-prysznic-8w1-ZAPACH SEKSU I BIZNESU-100-ml-dark\/\">\u017bel pod prysznic 8 w 1 ZAPACH SEKSU I BIZNESU 100 ml<\/a><\/strong><\/p>\n<p>\ud83d\udc15 <strong>1 x <a href=\"https:\/\/laq.pl\/produkt\/szampon-dla-facetow-1-w-1-ZAPACH SEKSU I BIZNESU-100-ml\/\">Szampon dla facet\u00f3w 1 w 1 ZAPACH SEKSU I BIZNESU 100 ml<\/a><\/strong><\/p>\n<p>\ud83d\udc10<strong> 1 x <a href=\"https:\/\/laq.pl\/produkt\/zel-pod-prysznic-8-w-1-koziol-z-klasa-2\/\">\u017bel pod prysznic Kozio\u0142 z Klas\u0105 100 ml<\/a><\/strong><\/p>\n<p>\ud83d\udc10<strong> 1 x <a href=\"https:\/\/laq.pl\/produkt\/szampon-dla-facetow-1-w-1-koziol-100-ml\/\">Szampon dla facet\u00f3w 1 w 1 Kozio\u0142 100 ml<\/a><\/strong><\/p>\n<p>\ud83d\udc06<strong> 1 x<\/strong> <a href=\"https:\/\/laq.pl\/produkt\/zel-pod-prysznic-ryszard-z-bieszczad-100-ml-dark\/\"><strong>\u017bel pod prysznic Ryszard z Bieszczad 100 ml<\/strong><\/a><\/p>\n<p>\ud83d\udc06<strong> 1 x <a href=\"https:\/\/laq.pl\/produkt\/szampon-dla-facetow-1-w-1-ryszard-z-bieszczad-100-ml\/\">Szampon dla facet\u00f3w 1 w 1 Ryszard z Bieszczad 100 ml<\/a><\/strong><\/p>\n","protected":false},"featured_media":39628,"template":"","meta":{"_acf_changed":false},"product_brand":[],"product_cat":[229,233,841,103],"product_tag":[387,839,291,287,893],"class_list":{"0":"post-13363","1":"product","2":"type-product","3":"status-publish","4":"has-post-thumbnail","6":"product_cat-dla-prawdziwego-mezczyzny","7":"product_cat-meskie","8":"product_cat-zele-meskie","9":"product_cat-zestawy-na-prezent","10":"product_tag-dla-niego","11":"product_tag-idealny-prezent","12":"product_tag-koziol","13":"product_tag-ryszard-z-bieszczad","14":"product_tag-zapach-seksu-i-biznesu","17":"first","18":"instock","19":"taxable","20":"shipping-taxable","21":"purchasable","22":"product-type-simple"},"acf":[],"_links":{"self":[{"href":"https:\/\/laq.pl\/en\/wp-json\/wp\/v2\/product\/13363","targetHints":{"allow":["GET"]}}],"collection":[{"href":"https:\/\/laq.pl\/en\/wp-json\/wp\/v2\/product"}],"about":[{"href":"https:\/\/laq.pl\/en\/wp-json\/wp\/v2\/types\/product"}],"wp:featuredmedia":[{"embeddable":true,"href":"https:\/\/laq.pl\/en\/wp-json\/wp\/v2\/media\/39628"}],"wp:attachment":[{"href":"https:\/\/laq.pl\/en\/wp-json\/wp\/v2\/media?parent=13363"}],"wp:term":[{"taxonomy":"product_brand","embeddable":true,"href":"https:\/\/laq.pl\/en\/wp-json\/wp\/v2\/product_brand?post=13363"},{"taxonomy":"product_cat","embeddable":true,"href":"https:\/\/laq.pl\/en\/wp-json\/wp\/v2\/product_cat?post=13363"},{"taxonomy":"product_tag","embeddable":true,"href":"https:\/\/laq.pl\/en\/wp-json\/wp\/v2\/product_tag?post=13363"}],"curies":[{"name":"wp","href":"https:\/\/api.w.org\/{rel}","templated":true}]}}