{"id":13373,"date":"2024-07-17T09:44:19","date_gmt":"2024-07-17T07:44:19","guid":{"rendered":"https:\/\/laq.pl\/?post_type=product&#038;p=13373"},"modified":"2026-04-15T22:14:11","modified_gmt":"2026-04-15T20:14:11","slug":"olej-po-goleniu-i-do-brody-dzikus-z-lasu-dark-30-ml","status":"publish","type":"product","link":"https:\/\/laq.pl\/en\/product\/olej-po-goleniu-i-do-brody-dzikus-z-lasu-dark-30-ml\/","title":{"rendered":"\u0141agodz\u0105cy olejek do brody i po goleniu DZIKUS Z LASU 30 ml"},"content":{"rendered":"<h2 style=\"text-align: center;\"><strong>Zmi\u0119kczanie twardego zarostu i redukcja podra\u017cnie\u0144 sk\u00f3ry<\/strong><\/h2>\n<p>&nbsp;<\/p>\n<h3><strong>KIM JESTEM?<\/strong><\/h3>\n<p>Oto ja, naturalny i wega\u0144ski olejek do brody, stworzony specjalnie do piel\u0119gnacji sk\u00f3ry twarzy oraz pokrywaj\u0105cej j\u0105 zarostu. Mam przyjemn\u0105 w stosowaniu formu\u0142\u0119 i zniewalaj\u0105cy kobiety (i nie tylko!) zapach m\u0119skich perfum.<\/p>\n<p>&nbsp;<\/p>\n<h3><strong>CO MOG\u0118 DLA CIEBIE ZROBI\u0106?<\/strong><\/h3>\n<p>Pomog\u0119 Ci zadba\u0107 o sk\u00f3r\u0119 twarzy, nawil\u017caj\u0105c j\u0105 i \u0142agodz\u0105c wyst\u0119puj\u0105ce na niej podra\u017cnienia. Do tego nawil\u017c\u0119 w\u0142osy Twojej brody, a tak\u017ce nadam im zdrowy i l\u015bni\u0105cy wygl\u0105d. Czy to wszystko? Oczywi\u015bcie, \u017ce nie! U\u0142atwi\u0119 Ci te\u017c ich rozczesywanie, bo w sumie dlaczego nie?<\/p>\n<p>&nbsp;<\/p>\n<h3><strong>PYTASZ KOTKU, CO MAM W \u015aRODKU?<\/strong><\/h3>\n<p>Zawieram w sobie genialne oleje: z pestek arbuza, z pestek winogron oraz ze s\u0142odkich migda\u0142\u00f3w i z nasion malin. Czy wspomina\u0142em o oleju z nasion konopi siewnych? Nie zapominajmy te\u017c o oliwie z oliwek! Je\u015bli my\u015blisz, \u017ce to koniec dobroczynnych substancji, kt\u00f3re dla Ciebie skrywam, to si\u0119 grubo mylisz. Znajdziesz we mnie r\u00f3wnie\u017c witamin\u0119 E, pantenol, alantoin\u0119. Jak widzisz, bogate wn\u0119trze to w moim przypadku eufemizm!<\/p>\n<p><em><strong>Sk\u0142ad<\/strong>: Citrullus Lanatus Seed Oil, Vitis Vinifera Seed Oil, Prunus Amygdalus Dulcis Oil, Parfum, Rubus Idaeus Seed Oil, Cannabis Sativa Seed Oil, Tocopherol, Copaifera Officinalis Resin, Glyceryl Isostearate, Palmitoyl Hydrolyzed Wheat Protein, Potassium Cocoyl Hydrolyzed Wheat Protein, Panthenol, Glycyrrhetinic Acid, Allantoin, Lecithin, Olea Europaea Fruit Oil, Benzyl Benzoate, Benzyl Cinnamate, Beta-Caryophyllene, Citrus Aurantium Peel Oil, Geranyl Acetate, Hexadecanolactone, Limonene, Linalool, Linalyl Acetate, Pinene, Pogostemon Cablin Oil, Terpinolene, Tetramethyl Acetyloctahydronaphthalenes.<\/em><\/p>\n<p>&nbsp;<\/p>\n<h3><strong>POZNAJ MOJE NUTY ZAPACHOWE:<\/strong><\/h3>\n<ul>\n<li>g\u0142owy: bergamotka, czarna porzeczka, ananas, kwiat pomara\u0144czy<\/li>\n<li>serca: paczula, ja\u015bmin, zio\u0142a<\/li>\n<li>podstawy: mech d\u0119bowy, pi\u017cmo, bursztyn<\/li>\n<\/ul>\n<p>&nbsp;<\/p>\n<h3><strong>SPOS\u00d3B U\u017bYCIA OLEJKU DO BRODY\/TWARZY:<\/strong><\/h3>\n<p>Kilka kropli olejku do brody na\u0142\u00f3\u017c na d\u0142onie i wmasuj w twarz\/zarost.<\/p>\n<p>&nbsp;<\/p>\n<h3><strong>A CO M\u00d3WI\u0104 NA MIE\u015aCIE?<\/strong><\/h3>\n<p><em>Co tu pisa\u0107, na\u0142\u00f3\u017c kilka kropel na sw\u00f3j nieokrzesany, m\u0119ski i dziki ryj. <\/em><br \/>\n<em>Nie za du\u017co, bo si\u0119 szyszki b\u0119d\u0105 klei\u0107, gdy b\u0119dziesz si\u0119 w nie wgryza\u0142.<\/em><\/p>\n<p><em>PS Mamy nadziej\u0119, \u017ce nie wymawiasz &#8220;c&#8221; zamiast &#8220;sz&#8221;.<\/em><\/p>\n<p>&nbsp;<\/p>\n<p><img loading=\"lazy\" decoding=\"async\" class=\"alignnone wp-image-49195 size-medium\" src=\"https:\/\/laq.pl\/wp-content\/uploads\/2026\/02\/95-300x120.jpg\" alt=\"piktogramy zank\u00f3w: testowane dermatologicznie, produkt wega\u0144ski oraz 95 procent sk\u0142adnik\u00f3w pochodzenia naturalnego\" width=\"300\" height=\"120\" srcset=\"https:\/\/laq.pl\/wp-content\/uploads\/2026\/02\/95-300x120.jpg 300w, https:\/\/laq.pl\/wp-content\/uploads\/2026\/02\/95-1024x410.jpg 1024w, https:\/\/laq.pl\/wp-content\/uploads\/2026\/02\/95-768x307.jpg 768w, https:\/\/laq.pl\/wp-content\/uploads\/2026\/02\/95-726x290.jpg 726w, https:\/\/laq.pl\/wp-content\/uploads\/2026\/02\/95.jpg 1135w\" sizes=\"auto, (max-width: 300px) 100vw, 300px\" \/><\/p>\n","protected":false},"excerpt":{"rendered":"<p>Czarny jak smo\u0142a, ale nadal <strong>idealnie zadba o Twoj\u0105 sk\u00f3r\u0119<\/strong> i pokrywaj\u0105ce j\u0105 (lub nie) w\u0142osie.<\/p>\n","protected":false},"featured_media":14667,"template":"","meta":{"_acf_changed":false},"product_brand":[],"product_cat":[91,233,115],"product_tag":[292],"class_list":{"0":"post-13373","1":"product","2":"type-product","3":"status-publish","4":"has-post-thumbnail","6":"product_cat-dzikus-z-lasu","7":"product_cat-meskie","8":"product_cat-oleje","9":"product_tag-dzikus-z-lasu","12":"first","13":"instock","14":"taxable","15":"shipping-taxable","16":"purchasable","17":"product-type-simple"},"acf":[],"_links":{"self":[{"href":"https:\/\/laq.pl\/en\/wp-json\/wp\/v2\/product\/13373","targetHints":{"allow":["GET"]}}],"collection":[{"href":"https:\/\/laq.pl\/en\/wp-json\/wp\/v2\/product"}],"about":[{"href":"https:\/\/laq.pl\/en\/wp-json\/wp\/v2\/types\/product"}],"wp:featuredmedia":[{"embeddable":true,"href":"https:\/\/laq.pl\/en\/wp-json\/wp\/v2\/media\/14667"}],"wp:attachment":[{"href":"https:\/\/laq.pl\/en\/wp-json\/wp\/v2\/media?parent=13373"}],"wp:term":[{"taxonomy":"product_brand","embeddable":true,"href":"https:\/\/laq.pl\/en\/wp-json\/wp\/v2\/product_brand?post=13373"},{"taxonomy":"product_cat","embeddable":true,"href":"https:\/\/laq.pl\/en\/wp-json\/wp\/v2\/product_cat?post=13373"},{"taxonomy":"product_tag","embeddable":true,"href":"https:\/\/laq.pl\/en\/wp-json\/wp\/v2\/product_tag?post=13373"}],"curies":[{"name":"wp","href":"https:\/\/api.w.org\/{rel}","templated":true}]}}