{"id":13376,"date":"2024-07-17T09:44:28","date_gmt":"2024-07-17T07:44:28","guid":{"rendered":"https:\/\/laq.pl\/?post_type=product&#038;p=13376"},"modified":"2026-04-20T21:49:13","modified_gmt":"2026-04-20T19:49:13","slug":"zestaw-do-balsamowania-dzikus-z-lasu-dark","status":"publish","type":"product","link":"https:\/\/laq.pl\/en\/product\/zestaw-do-balsamowania-dzikus-z-lasu-dark\/","title":{"rendered":"Zestaw prezentowy dla niego Balsam Dla Duszy (i Cia\u0142a) DZIKUS Z LASU \u2013 \u017bel pod prysznic + Balsam nawil\u017caj\u0105cy do cia\u0142a LaQ"},"content":{"rendered":"<h2 style=\"text-align: center;\"><strong>Mocne od\u015bwie\u017cenie i konkretna piel\u0119gnacja \u2013 bo Twoja sk\u00f3ra zas\u0142uguje na porz\u0105dny serwis<\/strong><\/h2>\n<p>&nbsp;<\/p>\n<p>\ud83d\udc17 <a href=\"https:\/\/laq.pl\/produkt\/zel-pod-prysznic-dzikus-z-lasu-dark-500ml\/\"><strong>\u017bel pod prysznic 8 w 1 DZIKUS Z LASU 500 ml<\/strong><\/a> &#8211; naturalny i wega\u0144ski \u017cel pod prysznic dla m\u0119\u017cczyzn. Myj\u0119 ekspresowo, pachn\u0119 ekskluzywnymi perfumami, zawieram ekstrakt z d\u0119bu i jestem ekstremalnie dziki. Si\u0119gaj\u0105 po mnie nie tylko eksperci, ekscentrycy i ekspaci, ale r\u00f3wnie\u017c ekstrawertycy i eksperymentatorzy.<\/p>\n<p>\ud83d\udc17 <a href=\"https:\/\/laq.pl\/produkt\/balsam-do-ciala-w-tubie-dzikus-z-lasu-200-ml\/\"><strong>Balsam do cia\u0142a w tubie DZIKUS Z LASU 200 ml<\/strong><\/a> &#8211; naturalny i wega\u0144ski balsam do cia\u0142a dla m\u0119\u017cczyzn o dzia\u0142aniu nawil\u017caj\u0105cym. Mam przyjemn\u0105 w stosowaniu lekk\u0105 konsystencj\u0119, dzi\u0119ki kt\u00f3rej \u0142atwo si\u0119 rozprowadzam i szybko si\u0119 wch\u0142aniam. Do tego jestem ekstremalnie dziki, wi\u0119c&#8230; chyba do siebie pasujemy?<\/p>\n<p><strong>\ud83c\udf81 Zapakowany w kartonik z okienkiem wype\u0142niony wk\u0142adk\u0105, ze z\u0142otym wyko\u0144czeniem<\/strong><\/p>\n<p>&nbsp;<\/p>\n<h3><strong>KIM JESTEM?<\/strong><\/h3>\n<p>Oto ja, czyli wega\u0144ski zestaw kosmetyk\u00f3w naturalnych dla m\u0119\u017cczyzny, sk\u0142adaj\u0105cy si\u0119 z \u017celu pod prysznic i balsamu do cia\u0142a w tubie. M\u0119ski \u017cel pod prysznic to legendarny ju\u017c Dzikus z lasu, kt\u00f3ry przede wszystkim ekspresowo myje i pachnie ekskluzywnymi perfumami, ponadto zawiera ekstrakt z d\u0119bu, a dodatkowo jest ekstremalnie dziki. Si\u0119gaj\u0105 po niego zar\u00f3wno eksperci, ekscentrycy i ekspaci, jak r\u00f3wnie\u017c ekstrawertycy i eksperymentatorzy. Z kolei balsam do cia\u0142a dla m\u0119\u017cczyzn wykazuje dzia\u0142anie nawil\u017caj\u0105ce, a do tego ma przyjemn\u0105 w stosowaniu lekk\u0105 konsystencj\u0119, dzi\u0119ki kt\u00f3rej \u0142atwo si\u0119 rozprowadza i szybko si\u0119 wch\u0142ania. Zatem og\u00f3lnie m\u00f3wi\u0105c, jestem idealnym, kompaktowym i dziko pachn\u0105cym Zestawem do Balsamowania.<\/p>\n<p>&nbsp;<\/p>\n<h3><strong>CO MOG\u0118 DLA CIEBIE ZROBI\u0106?<\/strong><\/h3>\n<p>Szukasz prezentu dla faceta na urodziny? A mo\u017ce interesuje Ci\u0119 pomys\u0142 na niebanalny prezent dla kumpla na imieniny? Upominek na Dzie\u0144 Ch\u0142opaka, podarunek na \u015bwi\u0119ta? Jeste\u015b we w\u0142a\u015bciwym miejscu, bowiem na prezent dla m\u0119\u017cczyzny nadaj\u0119 si\u0119 idealnie! Cho\u0107by dlatego, \u017ce jestem zapakowany w gustowne pude\u0142ko prezentowe z okienkiem i kartonow\u0105 wk\u0142adk\u0105. Zapewniam Ci\u0119, \u017ce dzikie szcz\u0119\u015bcie obdarowanego murowane!<\/p>\n<p>&nbsp;<\/p>\n<h3><strong>PYTASZ KOTKU, CO MAM W \u015aRODKU?<\/strong><\/h3>\n<p>\ud83d\udc17 <a href=\"https:\/\/laq.pl\/produkt\/zel-pod-prysznic-dzikus-z-lasu-dark-500ml\/\"><strong>\u017bel pod prysznic 8 w 1 DZIKUS Z LASU 500 ml<\/strong><\/a> &#8211; <span style=\"font-weight: 400;\">Moja receptura bazuje bowiem na delikatnych substancjach myj\u0105cych. Ponadto zawieram w sobie nawil\u017caj\u0105c\u0105 gliceryn\u0119 pochodzenia ro\u015blinnego, a tak\u017ce koj\u0105cy ekstrakt z kory d\u0119bu bezszypu\u0142kowego. Jak widzisz, nie musisz przede mn\u0105 na drzewo pr\u0119dko zmyka\u0107!\u00a0<\/span><\/p>\n<p>\ud83d\udc17 <a href=\"https:\/\/laq.pl\/produkt\/balsam-do-ciala-w-tubie-dzikus-z-lasu-200-ml\/\"><strong>Balsam do cia\u0142a w tubie DZIKUS Z LASU 200 ml<\/strong><\/a> &#8211; gliceryn\u0119, mocznik oraz sok z Yaconu. Dodatkowo czeka u mnie na Ciebie \u0142agodz\u0105cy pantenol i alantoina, a tak\u017ce wyg\u0142adzaj\u0105cy niacynamid. Opr\u00f3cz tego znajdziesz we mnie od\u017cywcze mas\u0142o shea, a tak\u017ce oleje: ze s\u0142odkich migda\u0142\u00f3w oraz z nasion konopi siewnych, a tak\u017ce oliw\u0119 z oliwek.<\/p>\n<p>(dok\u0142adne sk\u0142ady INCI poszczeg\u00f3lnych produkt\u00f3w znajdziesz pod powy\u017cszymi linkami)<\/p>\n<p>&nbsp;<\/p>\n<h3><strong>POZNAJ MOJE NUTY ZAPACHOWE:<\/strong><\/h3>\n<ul>\n<li><strong>g\u0142owy:<\/strong> bergamotka, czarna porzeczka, ananas, kwiat pomara\u0144czy<\/li>\n<li><strong>serca:<\/strong> paczula, ja\u015bmin, zio\u0142a<\/li>\n<li><strong>podstawy:<\/strong> mech d\u0119bowy, pi\u017cmo, bursztyn<\/li>\n<\/ul>\n<p>&nbsp;<\/p>\n<h3><strong>A CO M\u00d3WI\u0104 NA MIE\u015aCIE?<\/strong><\/h3>\n<p><em>Nadaje si\u0119 tak\u017ce do golenia wszystkiego, co golisz, ale my niekoniecznie musimy o tym wiedzie\u0107.<\/em><br \/>\n<em>Co ciekawe \u2013 100% badanych m\u0119\u017cczyzn potwierdzi\u0142o, \u017ce po u\u017cyciu Ekstremalnie Dzikiego \u017belu nie maj\u0105 cellulitu.<\/em><br \/>\n<em>Brak negatywnych komentarzy.<\/em><br \/>\n<em>Ale szczerze, nawet gdyby si\u0119 pojawi\u0142y, to i tak zignorowaliby\u015bmy je, bo wszystkie loszki zgodnie twierdz\u0105, \u017ce \u017cel dziko pachnie.<\/em><br \/>\n<em>100% zadowolonych m\u0119\u017cczyzn*<\/em><\/p>\n<p><em>* Badanie przeprowadzone na celowo do tego wybranej grupie 2 m\u0119\u017cczyzn. Obydwaj o\u015bwiadczyli, \u017ce Ekstremalnie Dziki \u017bel myje.<\/em><\/p>\n<p>&nbsp;<\/p>\n<p><img loading=\"lazy\" decoding=\"async\" class=\"alignnone wp-image-49200 size-medium\" src=\"https:\/\/laq.pl\/wp-content\/uploads\/2026\/02\/uniwersalny-300x177.jpg\" alt=\"piktogram znaku testowanie dermatologicznie oraz znak produktu wega\u0144skiego\" width=\"300\" height=\"177\" srcset=\"https:\/\/laq.pl\/wp-content\/uploads\/2026\/02\/uniwersalny-300x177.jpg 300w, https:\/\/laq.pl\/wp-content\/uploads\/2026\/02\/uniwersalny-726x429.jpg 726w, https:\/\/laq.pl\/wp-content\/uploads\/2026\/02\/uniwersalny.jpg 769w\" sizes=\"auto, (max-width: 300px) 100vw, 300px\" \/><\/p>\n","protected":false},"excerpt":{"rendered":"<p><strong>\u017bel z czarn\u0105 etykiet\u0105 i kartonik z wk\u0142adk\u0105 wyko\u0144czony z\u0142otem? To musi si\u0119 uda\u0107:<\/strong><\/p>\n<p>\ud83d\udc17 <a href=\"https:\/\/laq.pl\/produkt\/zel-pod-prysznic-dzikus-z-lasu-dark-500ml\/\"><strong>\u017bel pod prysznic 8 w 1 DZIKUS Z LASU 500 ml<\/strong><\/a><\/p>\n<p>\ud83d\udc17 <a href=\"https:\/\/laq.pl\/produkt\/balsam-do-ciala-w-tubie-dzikus-z-lasu-200-ml\/\"><strong>Balsam do cia\u0142a w tubie DZIKUS Z LASU 200 ml<\/strong><\/a><\/p>\n","protected":false},"featured_media":36538,"template":"","meta":{"_acf_changed":false},"product_brand":[],"product_cat":[229,91,233,103],"product_tag":[387,292,839],"class_list":{"0":"post-13376","1":"product","2":"type-product","3":"status-publish","4":"has-post-thumbnail","6":"product_cat-dla-prawdziwego-mezczyzny","7":"product_cat-dzikus-z-lasu","8":"product_cat-meskie","9":"product_cat-zestawy-na-prezent","10":"product_tag-dla-niego","11":"product_tag-dzikus-z-lasu","12":"product_tag-idealny-prezent","15":"first","16":"instock","17":"taxable","18":"shipping-taxable","19":"purchasable","20":"product-type-simple"},"acf":[],"_links":{"self":[{"href":"https:\/\/laq.pl\/en\/wp-json\/wp\/v2\/product\/13376","targetHints":{"allow":["GET"]}}],"collection":[{"href":"https:\/\/laq.pl\/en\/wp-json\/wp\/v2\/product"}],"about":[{"href":"https:\/\/laq.pl\/en\/wp-json\/wp\/v2\/types\/product"}],"wp:featuredmedia":[{"embeddable":true,"href":"https:\/\/laq.pl\/en\/wp-json\/wp\/v2\/media\/36538"}],"wp:attachment":[{"href":"https:\/\/laq.pl\/en\/wp-json\/wp\/v2\/media?parent=13376"}],"wp:term":[{"taxonomy":"product_brand","embeddable":true,"href":"https:\/\/laq.pl\/en\/wp-json\/wp\/v2\/product_brand?post=13376"},{"taxonomy":"product_cat","embeddable":true,"href":"https:\/\/laq.pl\/en\/wp-json\/wp\/v2\/product_cat?post=13376"},{"taxonomy":"product_tag","embeddable":true,"href":"https:\/\/laq.pl\/en\/wp-json\/wp\/v2\/product_tag?post=13376"}],"curies":[{"name":"wp","href":"https:\/\/api.w.org\/{rel}","templated":true}]}}