{"id":14863,"date":"2024-09-06T09:40:08","date_gmt":"2024-09-06T07:40:08","guid":{"rendered":"https:\/\/laq.pl\/?post_type=product&#038;p=14863"},"modified":"2026-04-14T10:44:07","modified_gmt":"2026-04-14T08:44:07","slug":"szampon-dla-facetow-1-w-1-ryszard-z-bieszczad-100-ml","status":"publish","type":"product","link":"https:\/\/laq.pl\/en\/product\/szampon-dla-facetow-1-w-1-ryszard-z-bieszczad-100-ml\/","title":{"rendered":"Nawil\u017caj\u0105cy szampon z ekstraktem z tytoniu i aloesem RYSZARD Z BIESZCZAD 100 ml"},"content":{"rendered":"<h2 style=\"text-align: center;\"><strong>Koniec z sianem na g\u0142owie \u2013 tytoniowe nawil\u017cenie i aloes<\/strong><\/h2>\n<p>&nbsp;<\/p>\n<h3><strong>KIM JESTEM?<\/strong><\/h3>\n<p><span style=\"font-weight: 400;\">Oto ja, naturalny i wega\u0144ski m\u0119ski szampon<\/span> do w\u0142os\u00f3w o dzia\u0142aniu nawil\u017caj\u0105cym. Zawieram kompleks sk\u0142adnik\u00f3w nawil\u017caj\u0105cych, pantenol i ekstrakty ro\u015blinne. <span style=\"font-weight: 400;\">Na dodatek p<\/span>achn\u0119 m\u0119skimi perfumami, pe\u0142nymi dziko\u015bci i sprytu.<\/p>\n<p>&nbsp;<\/p>\n<h3><strong>CO MOG\u0118 DLA CIEBIE ZROBI\u0106?<\/strong><\/h3>\n<p><span style=\"font-weight: 400;\">Kr\u00f3tko m\u00f3wi\u0105c, i<\/span>ntensywnie nawil\u017c\u0119 Twoje w\u0142osy, zmi\u0119kcz\u0119 je i wyg\u0142adz\u0119. <span style=\"font-weight: 400;\">Nast\u0119pnie <\/span> zadbam o sk\u00f3r\u0119 Twojej g\u0142owy, \u0142agodz\u0105c wszelkie podra\u017cnienia. Oczyszcz\u0119 Twoje w\u0142osy \u0142agodnie, acz skutecznie, dodaj\u0105c im zdrowego po\u0142ysku.<\/p>\n<p>&nbsp;<\/p>\n<h3 style=\"text-align: left;\"><strong>PYTASZ KOTKU, CO MAM W \u015aRODKU?<\/strong><\/h3>\n<p><span style=\"font-weight: 400;\">Wbrew pozorom moja<\/span> receptura bazuje na delikatnych substancjach myj\u0105cych. Zawieram w sobie pantenol i wyci\u0105g z kwiat\u00f3w rumianku, kt\u00f3re wspaniale koj\u0105 i \u0142agodz\u0105 podra\u017cnienia, a tak\u017ce dzia\u0142aj\u0105 przeciwzapalnie. Znajdziesz te\u017c we mnie niacynamid, kt\u00f3ry wyg\u0142adza w\u0142osy i reguluje prac\u0119 gruczo\u0142\u00f3w \u0142ojowych. Do tego oferuj\u0119 Ci mocznik oraz ekstrakty z aloesu i korzenia prawo\u015blazu lekarskiego, kt\u00f3re nie tylko nawil\u017caj\u0105, \u0142agodz\u0105 i koj\u0105, ale te\u017c dzia\u0142aj\u0105 os\u0142onowo.<\/p>\n<p><em><strong>Sk\u0142ad<\/strong>: Aqua, Sodium Coco-Sulfate, Coco-Glucoside, Cocamidopropyl Betaine, Glycerin, Sodium Cocoyl Isethionate, Glyceryl Oleate, Panthenol, Nicotiana Tabacum Leaf Extract, Sodium Lactate, Sodium PCA, Glycine, Fructose, Urea, Niacinamide, Inositol, Lactic Acid, Aloe Barbadensis Leaf Extract, Chamomilla Recutita Flower Extract, Althaea Officinalis Root Extract, Sodium Chloride, Sodium Benzoate, Potassium Sorbate, Citric Acid, Parfum.<\/em><\/p>\n<p>&nbsp;<\/p>\n<h3><strong>POZNAJ MOJE NUTY ZAPACHOWE:<\/strong><\/h3>\n<ul>\n<li><strong>g\u0142owy:<\/strong> bergamotka, cytryna, sza\u0142wia, zio\u0142a<\/li>\n<li><strong>serca:<\/strong> nuty morskie, lawenda, ja\u015bmin, tymianek, irys<\/li>\n<li><strong>podstawy:<\/strong> drewno bursztynowe, paczula, wetyweria, fasola tonka<\/li>\n<\/ul>\n<p>&nbsp;<\/p>\n<h3><strong>SPOS\u00d3B U\u017bYCIA M\u0118SKIEGO SZAMPONU DO W\u0141OS\u00d3W:<\/strong><\/h3>\n<p>Na\u0142\u00f3\u017c na sier\u015b\u0107, wmasuj i zmyj, byle nie j\u0119zykiem.<\/p>\n<p>&nbsp;<\/p>\n<h3><strong>A CO M\u00d3WI\u0104 NA MIE\u015aCIE?<\/strong><\/h3>\n<p><em>Manager ci\u015bnie, bo manager jego managera chce zobaczy\u0107 rosn\u0105ce s\u0142upki na prezentacji przed zarz\u0105dem?<\/em><br \/>\n<em>A\u017c w\u0142os na g\u0142owie si\u0119 je\u017cy, a k\u0142aczek wchodzi a\u017c do krtani.<\/em><br \/>\n<em>Pi\u0105teczek pi\u0105tunio.<\/em><br \/>\n<em>Niech wszystkie taski sp\u0142yn\u0105 po Twojej sier\u015bci niczym kajak po g\u00f3rskim potoku.<\/em><br \/>\n<em>A przed #$%&amp;! poniedzia\u0142kiem zmyj wszystkie brudy wsz\u0119dzie tam, gdzie Tw\u00f3j j\u0119zyk nie dochodzi.<\/em><br \/>\n<em>Nie m\u00f3wimy oczywi\u015bcie o ty\u0142ku Twojego managera, bo porz\u0105dny Ryszard nie \u0142asi si\u0119 nikomu jak s\u0142odki kociak.<\/em><\/p>\n<p>&nbsp;<\/p>\n<p><img loading=\"lazy\" decoding=\"async\" class=\"alignnone wp-image-49197 size-medium\" src=\"https:\/\/laq.pl\/wp-content\/uploads\/2026\/02\/97-300x120.jpg\" alt=\"piktogramy zank\u00f3w: testowane dermatologicznie, produkt wega\u0144ski oraz 97 procent sk\u0142adnik\u00f3w pochodzenia naturalnego\" width=\"300\" height=\"120\" srcset=\"https:\/\/laq.pl\/wp-content\/uploads\/2026\/02\/97-300x120.jpg 300w, https:\/\/laq.pl\/wp-content\/uploads\/2026\/02\/97-1024x410.jpg 1024w, https:\/\/laq.pl\/wp-content\/uploads\/2026\/02\/97-768x307.jpg 768w, https:\/\/laq.pl\/wp-content\/uploads\/2026\/02\/97-726x290.jpg 726w, https:\/\/laq.pl\/wp-content\/uploads\/2026\/02\/97.jpg 1135w\" sizes=\"auto, (max-width: 300px) 100vw, 300px\" \/><\/p>\n","protected":false},"excerpt":{"rendered":"<p><strong>Nawil\u017caj\u0105cy<\/strong> &#8211; zawiera kompleks sk\u0142adnik\u00f3w nawil\u017caj\u0105cych, pantenol i ekstrakty ro\u015blinne.<\/p>\n","protected":false},"featured_media":14862,"template":"","meta":{"_acf_changed":false},"product_brand":[],"product_cat":[284,233,93,113,843],"product_tag":[326,287],"class_list":{"0":"post-14863","1":"product","2":"type-product","3":"status-publish","4":"has-post-thumbnail","6":"product_cat-100-ml","7":"product_cat-meskie","8":"product_cat-ryszard-z-bieszczad","9":"product_cat-szampony","10":"product_cat-szampony-meskie","11":"product_tag-malpeczki","12":"product_tag-ryszard-z-bieszczad","15":"first","16":"instock","17":"taxable","18":"shipping-taxable","19":"purchasable","20":"product-type-simple"},"acf":[],"_links":{"self":[{"href":"https:\/\/laq.pl\/en\/wp-json\/wp\/v2\/product\/14863","targetHints":{"allow":["GET"]}}],"collection":[{"href":"https:\/\/laq.pl\/en\/wp-json\/wp\/v2\/product"}],"about":[{"href":"https:\/\/laq.pl\/en\/wp-json\/wp\/v2\/types\/product"}],"wp:featuredmedia":[{"embeddable":true,"href":"https:\/\/laq.pl\/en\/wp-json\/wp\/v2\/media\/14862"}],"wp:attachment":[{"href":"https:\/\/laq.pl\/en\/wp-json\/wp\/v2\/media?parent=14863"}],"wp:term":[{"taxonomy":"product_brand","embeddable":true,"href":"https:\/\/laq.pl\/en\/wp-json\/wp\/v2\/product_brand?post=14863"},{"taxonomy":"product_cat","embeddable":true,"href":"https:\/\/laq.pl\/en\/wp-json\/wp\/v2\/product_cat?post=14863"},{"taxonomy":"product_tag","embeddable":true,"href":"https:\/\/laq.pl\/en\/wp-json\/wp\/v2\/product_tag?post=14863"}],"curies":[{"name":"wp","href":"https:\/\/api.w.org\/{rel}","templated":true}]}}