{"id":19239,"date":"2024-11-15T11:43:32","date_gmt":"2024-11-15T10:43:32","guid":{"rendered":"https:\/\/laq.pl\/?post_type=product&#038;p=19239"},"modified":"2026-04-02T13:29:18","modified_gmt":"2026-04-02T11:29:18","slug":"zestaw-ich-troje-dzikus-bad-boy-ryszard","status":"publish","type":"product","link":"https:\/\/laq.pl\/en\/product\/zestaw-ich-troje-dzikus-bad-boy-ryszard\/","title":{"rendered":"Zestaw prezentowy dla m\u0119\u017cczyzn Ich Troje PROSTO Z LASU \u2013 3 \u017cele pod prysznic"},"content":{"rendered":"<h2 style=\"text-align: center;\">M\u0119ski zestaw prezentowy Ich Troje \u2013 3 \u017cele pod prysznic z serii LaQ<\/h2>\n<p>&nbsp;<\/p>\n<p>\ud83d\udc17 <a href=\"https:\/\/laq.pl\/produkt\/zel-pod-prysznic-dzikus-z-lasu-dark-500ml\/\"><strong>\u017bel pod prysznic 8 w 1 DZIKUS Z LASU 500 ml<\/strong><\/a> &#8211; naturalny i wega\u0144ski \u017cel pod prysznic dla m\u0119\u017cczyzn. Myj\u0119 ekspresowo, pachn\u0119 ekskluzywnymi perfumami, zawieram ekstrakt z d\u0119bu i jestem ekstremalnie dziki. Si\u0119gaj\u0105 po mnie nie tylko eksperci, ekscentrycy i ekspaci, ale r\u00f3wnie\u017c ekstrawertycy i eksperymentatorzy.<\/p>\n<p><strong>\ud83d\udc3a <a href=\"https:\/\/laq.pl\/produkt\/zel-pod-prysznic-8-w-1-bad-boy-500-ml\/\">\u017bel pod prysznic 8 w 1 BAD BOY 500 ml<\/a>\u00a0<\/strong>&#8211; <span style=\"font-weight: 400;\">naturalny i wega\u0144ski \u017cel pod prysznic dla m\u0119\u017cczyzn. Kawa\u0142 ze mnie drania, ale takiego do kochania. Ci\u0105gnie mnie czasem do lasu, z kt\u00f3rego wracam g\u0142odny jak wilk i brudny jak&#8230; jak to facet. Wi\u0119c kiedy id\u0119 si\u0119 wreszcie umy\u0107, nie wywo\u0142uj wilka z \u0142azienki!\u00a0<\/span><\/p>\n<p><strong>\ud83d\udc06 <a href=\"https:\/\/laq.pl\/produkt\/zel-pod-prysznic-ryszard-z-bieszczad-z-ciemnej-strony-laq-500ml\/\">\u017bel pod prysznic RYSZARD Z BIESZCZAD 500 ml<\/a><\/strong> &#8211; <span style=\"font-weight: 400;\">naturalny i wega\u0144ski \u017cel pod prysznic dla m\u0119\u017cczyzn. Jako jedyny w Bieszczadach zawieram wyci\u0105g z li\u015bci tytoniu szlachetnego. Poza tym jaram si\u0119 tym, \u017ce pachn\u0119 m\u0119skimi perfumami.\u00a0<\/span><\/p>\n<p><strong>\ud83c\udf81 Zapakowany w kartonik z por\u0119czn\u0105 r\u0105czk\u0105<\/strong><\/p>\n<p>&nbsp;<\/p>\n<h3><strong>KIM JESTEM?<\/strong><\/h3>\n<p>Oto ja, zestaw 3 naturalnych i wega\u0144skich \u017celi pod prysznic. Jak wida\u0107, znajdziesz we mnie \u017cele z naszych 3 linii zapachowych dla m\u0119\u017cczyzn. Przede wszystkim genialnie sprawdz\u0119 si\u0119 wi\u0119c w roli prezentu dla prawdziwego faceta! W szczeg\u00f3lno\u015bci dla dzikiego drania z lasu, kt\u00f3ry lubi odpocz\u0105\u0107 w Bieszczadach.<\/p>\n<p>Je\u015bli jeszcze nie znasz naszych linii zapachowych, to wiedz, \u017ce w Zestawie Ich Troje pierwsze skrzypce gra <b>DZIKUS Z LASU o<\/b> zapachu walki o szyszki, wt\u00f3ruje mu odrobin\u0119 <strong>BAD BOY<\/strong> pachn\u0105cy draniem do kochania, a sztafet\u0119 zamyka <strong>RYSZARD Z BIESZCZAD<\/strong>, kt\u00f3ry jako jedyny z nich zna zapach g\u00f3rskiego szlaku.<\/p>\n<p>&nbsp;<\/p>\n<h3><strong>CO MOG\u0118 DLA CIEBIE ZROBI\u0106?<\/strong><\/h3>\n<p>Co jest lepsze na prezent ni\u017c p\u00f3\u0142 litra? P\u00f3\u0142tora litra! Szukasz prezentu dla faceta na urodziny? A mo\u017ce interesuje Ci\u0119 pomys\u0142 na niebanalny prezent dla kumpla na imieniny? Upominek na Dzie\u0144 Ch\u0142opaka, podarunek na \u015bwi\u0119ta? Jeste\u015b we w\u0142a\u015bciwym miejscu, bowiem na prezent dla m\u0119\u017cczyzny nadaj\u0119 si\u0119 idealnie! W szczeg\u00f3lno\u015bci dlatego, \u017ce jestem zapakowany w efektowne pude\u0142ko prezentowe z okienkami i wygodnym uchwytem. Poza tym, z uwagi na r\u00f3\u017cnorodno\u015b\u0107 zapachow\u0105 i zabawne etykiety mog\u0119 \u015bmia\u0142o zapewni\u0107 Ci\u0119, \u017ce szale\u0144stwo zmys\u0142\u00f3w i zadowolenie obdarowanego masz murowane!<\/p>\n<p>&nbsp;<\/p>\n<h3><strong>PYTASZ KOTKU, CO MAM W \u015aRODKU?<\/strong><\/h3>\n<p>\ud83d\udc17 <a href=\"https:\/\/laq.pl\/produkt\/zel-pod-prysznic-dzikus-z-lasu-dark-500ml\/\"><strong>\u017bel pod prysznic 8 w 1 DZIKUS Z LASU 500 ml<\/strong><\/a> &#8211; <span style=\"font-weight: 400;\">Moja receptura bazuje bowiem na delikatnych substancjach myj\u0105cych. Ponadto zawieram w sobie nawil\u017caj\u0105c\u0105 gliceryn\u0119 pochodzenia ro\u015blinnego, a tak\u017ce koj\u0105cy ekstrakt z kory d\u0119bu bezszypu\u0142kowego. Jak widzisz, nie musisz przede mn\u0105 na drzewo pr\u0119dko zmyka\u0107!\u00a0<\/span><\/p>\n<p>\ud83d\udc3a <strong><a href=\"https:\/\/laq.pl\/produkt\/zel-pod-prysznic-8-w-1-bad-boy-500-ml\/\">\u017bel pod prysznic 8 w 1 BAD BOY 500 ml<\/a> <\/strong>&#8211; sk\u0142ad opiera si\u0119 na delikatnych substancjach myj\u0105cych. Znajdziesz we mnie nawil\u017caj\u0105c\u0105 gliceryn\u0119 pochodzenia ro\u015blinnego oraz kompleks dobroczynnych aminokwas\u00f3w, w sk\u0142ad kt\u00f3rego wchodzi arginina, alanina, seryna, walina, prolina i treonina. Zawieram r\u00f3wnie\u017c ekstrakt z li\u015bci tytoniu szlachetnego, kt\u00f3ry dzia\u0142a antyoksydacyjnie i chroni przed wolnymi rodnikami.<\/p>\n<p><strong>\ud83d\udc06 <a href=\"https:\/\/laq.pl\/produkt\/zel-pod-prysznic-ryszard-z-bieszczad-z-ciemnej-strony-laq-500ml\/\">\u017bel pod prysznic RYSZARD Z BIESZCZAD 500 ml<\/a> &#8211; <span style=\"font-weight: 400;\">Zawieram w sobie nawil\u017caj\u0105c\u0105 gliceryn\u0119 pochodzenia ro\u015blinnego. Mam dla Ciebie r\u00f3wnie\u017c od\u017cywczy wyci\u0105g z li\u015bci tytoniu szlachetnego, a do tego nawil\u017caj\u0105cy mocznik oraz witamin\u0119 B3 (niacynamid).\u00a0<\/span><\/strong><\/p>\n<p>(dok\u0142adne sk\u0142ady INCI poszczeg\u00f3lnych produkt\u00f3w znajdziesz pod powy\u017cszymi linkami)<\/p>\n<p>&nbsp;<\/p>\n<h3><strong>POZNAJ MOJE NUTY ZAPACHOWE:<\/strong><\/h3>\n<p><strong>Dzikus &#8211; nuty zapachowe:\u00a0<\/strong><\/p>\n<ul>\n<li><strong>g\u0142owy:<\/strong> bergamotka, czarna porzeczka, ananas, kwiat pomara\u0144czy<\/li>\n<li><strong>serca:<\/strong> paczula, ja\u015bmin, zio\u0142a<\/li>\n<li><strong>podstawy:<\/strong> mech d\u0119bowy, pi\u017cmo, bursztyn<\/li>\n<\/ul>\n<p><strong>Bad Boy &#8211; nuty zapachowe:\u00a0<\/strong><\/p>\n<ul>\n<li><strong>g\u0142owy: <\/strong>kardamon, bergamotka<\/li>\n<li><strong>serca: <\/strong>lawenda, kwiat pomara\u0144czy, r\u00f3\u017ca<\/li>\n<li><strong>podstawy: <\/strong>fasola tonka, wanilia, pi\u017cmo<\/li>\n<\/ul>\n<p><strong>Ryszard &#8211; nuty zapachowe:\u00a0<\/strong><\/p>\n<ul>\n<li><strong>g\u0142owy:<\/strong> bergamotka, cytryna, sza\u0142wia, zio\u0142a<\/li>\n<li><strong>serca: <\/strong>nuty morskie, lawenda, ja\u015bmin, tymianek, irys<\/li>\n<li><strong>podstawy: <\/strong>drewno bursztynowe, paczula, wetyweria, fasola tonka<\/li>\n<\/ul>\n<p>&nbsp;<\/p>\n<h3><strong>A CO M\u00d3WI\u0104 NA MIE\u015aCIE?<\/strong><\/h3>\n<p><em>P\u00f3\u0142tora litra szcz\u0119\u015bcia!<\/em><br \/>\n<em>Z pewno\u015bci\u0105 lepsze na prezent ni\u017c p\u00f3\u0142 litra!<\/em><\/p>\n<p>&nbsp;<\/p>\n<p><img loading=\"lazy\" decoding=\"async\" class=\"alignnone size-full wp-image-11144\" src=\"https:\/\/laq.pl\/wp-content\/uploads\/2024\/03\/weganski100.jpg\" alt=\"\" width=\"100\" height=\"100\" srcset=\"https:\/\/laq.pl\/wp-content\/uploads\/2024\/03\/weganski100.jpg 100w, https:\/\/laq.pl\/wp-content\/uploads\/2024\/03\/weganski100-50x50.jpg 50w\" sizes=\"auto, (max-width: 100px) 100vw, 100px\" \/> <img loading=\"lazy\" decoding=\"async\" class=\"alignnone size-full wp-image-11143\" src=\"https:\/\/laq.pl\/wp-content\/uploads\/2024\/03\/derma-100.jpg\" alt=\"\" width=\"100\" height=\"100\" srcset=\"https:\/\/laq.pl\/wp-content\/uploads\/2024\/03\/derma-100.jpg 100w, https:\/\/laq.pl\/wp-content\/uploads\/2024\/03\/derma-100-50x50.jpg 50w\" sizes=\"auto, (max-width: 100px) 100vw, 100px\" \/><\/p>\n","protected":false},"excerpt":{"rendered":"<p><strong>Por\u0119czny kartonik z r\u0105czk\u0105, a w nim:<\/strong><\/p>\n<p>\ud83d\udc17 <a href=\"https:\/\/laq.pl\/produkt\/zel-pod-prysznic-dzikus-z-lasu-dark-500ml\/\"><strong>\u017bel pod prysznic 8 w 1 DZIKUS Z LASU 500 ml<\/strong><\/a><\/p>\n<p><strong>\ud83d\udc3a <a href=\"https:\/\/laq.pl\/produkt\/zel-pod-prysznic-8-w-1-bad-boy-500-ml\/\">\u017bel pod prysznic 8 w 1 BAD BOY 500 ml<\/a><\/strong><\/p>\n<p><strong>\ud83d\udc06 <a href=\"https:\/\/laq.pl\/produkt\/zel-pod-prysznic-ryszard-z-bieszczad-z-ciemnej-strony-laq-500ml\/\">\u017bel pod prysznic RYSZARD Z BIESZCZAD 500 ml<\/a><\/strong><\/p>\n","protected":false},"featured_media":51779,"template":"","meta":{"_acf_changed":false},"product_brand":[],"product_cat":[103,229,233],"product_tag":[285,292,294,287],"class_list":{"0":"post-19239","1":"product","2":"type-product","3":"status-publish","4":"has-post-thumbnail","6":"product_cat-zestawy-na-prezent","7":"product_cat-dla-prawdziwego-mezczyzny","8":"product_cat-meskie","9":"product_tag-bad-boy","10":"product_tag-dzikus-z-lasu","11":"product_tag-ich-troje","12":"product_tag-ryszard-z-bieszczad","15":"first","16":"instock","17":"taxable","18":"shipping-taxable","19":"purchasable","20":"product-type-simple"},"acf":[],"_links":{"self":[{"href":"https:\/\/laq.pl\/en\/wp-json\/wp\/v2\/product\/19239","targetHints":{"allow":["GET"]}}],"collection":[{"href":"https:\/\/laq.pl\/en\/wp-json\/wp\/v2\/product"}],"about":[{"href":"https:\/\/laq.pl\/en\/wp-json\/wp\/v2\/types\/product"}],"wp:featuredmedia":[{"embeddable":true,"href":"https:\/\/laq.pl\/en\/wp-json\/wp\/v2\/media\/51779"}],"wp:attachment":[{"href":"https:\/\/laq.pl\/en\/wp-json\/wp\/v2\/media?parent=19239"}],"wp:term":[{"taxonomy":"product_brand","embeddable":true,"href":"https:\/\/laq.pl\/en\/wp-json\/wp\/v2\/product_brand?post=19239"},{"taxonomy":"product_cat","embeddable":true,"href":"https:\/\/laq.pl\/en\/wp-json\/wp\/v2\/product_cat?post=19239"},{"taxonomy":"product_tag","embeddable":true,"href":"https:\/\/laq.pl\/en\/wp-json\/wp\/v2\/product_tag?post=19239"}],"curies":[{"name":"wp","href":"https:\/\/api.w.org\/{rel}","templated":true}]}}