{"id":19242,"date":"2024-11-15T11:43:38","date_gmt":"2024-11-15T10:43:38","guid":{"rendered":"https:\/\/laq.pl\/?post_type=product&#038;p=19242"},"modified":"2026-03-31T19:52:19","modified_gmt":"2026-03-31T17:52:19","slug":"zestaw-ich-troje-meskie-trio","status":"publish","type":"product","link":"https:\/\/laq.pl\/en\/product\/zestaw-ich-troje-meskie-trio\/","title":{"rendered":"Zestaw prezentowy dla m\u0119\u017cczyzn Ich Troje M\u0118SKIE TRIO \u2013 3 \u017cele pod prysznic"},"content":{"rendered":"<h2 style=\"text-align: center;\">M\u0119ski zestaw prezentowy Ich Troje \u2013 3 \u017cele pod prysznic z serii LaQ<\/h2>\n<p>&nbsp;<\/p>\n<p><strong>\ud83d\udc06 <a href=\"https:\/\/laq.pl\/produkt\/zel-pod-prysznic-8w1-ryszard-z-bieszczad-500-ml\/\">\u017bel pod prysznic Ryszard z Bieszczad 500 ml<\/a><\/strong> &#8211; <span style=\"font-weight: 400;\">naturalny i wega\u0144ski \u017cel pod prysznic dla m\u0119\u017cczyzn. jako jedyny w bieszczadach zawieram wyci\u0105g z li\u015bci tytoniu szlachetnego. poza tym jaram si\u0119 tym, \u017ce pachn\u0119 m\u0119skimi perfumami.\u00a0<\/span><\/p>\n<p>\ud83d\udc02 <a href=\"https:\/\/laq.pl\/produkt\/zel-pod-prysznic-kawal-byka-500-ml\/\"><strong>\u017bel pod prysznic Kawa\u0142 Byka 500 ml<\/strong><\/a> &#8211; naturalny i wega\u0144ski \u017cel pod prysznic <span style=\"font-weight: 400;\">dla m\u0119\u017cczyzn<\/span>, w szczeg\u00f3lno\u015bci dla niez\u0142ych byk\u00f3w. dzi\u0119ki jego formule nawet po najci\u0119\u017cszym dniu wr\u00f3cisz na aren\u0119 \u015bwie\u017cy, pachn\u0105cy i gotowy do dzia\u0142ania! to co, gotowy na bycze wyzwania?<\/p>\n<p>\ud83d\udc15<a href=\"https:\/\/laq.pl\/produkt\/zel-pod-prysznic-8w1-ZAPACH SEKSU I BIZNESU-500-ml\/\"><strong> \u017bel pod prysznic ZAPACH SEKSU I BIZNESU 500 ml<\/strong><\/a> &#8211; wega\u0144ski i niezwykle m\u0119ski \u017cel pod prysznic. pachn\u0119 dobrym seksem i udanym biznesem, a odwracaj\u0105c psa ogonem &#8211; udanym seksem i dobrym biznesem. sam nie wiem, czym bardziej. dobry nos wyczuje te\u017c u mnie m\u0119skie perfumy z nut\u0105 kardamonu i czarnego pieprzu. kto\u015b kiedy\u015b powiedzia\u0142 o mnie &#8220;najlepszy&#8221; i jak dot\u0105d tego nie odszczeka\u0142.<\/p>\n<p><strong>\ud83c\udf81 Zapakowany w kartonik z por\u0119czn\u0105 r\u0105czk\u0105<\/strong><\/p>\n<p>&nbsp;<\/p>\n<h3><strong>KIM JESTEM?<\/strong><\/h3>\n<p>Oto ja, zestaw 3 naturalnych i wega\u0144skich \u017celi pod prysznic. jak wida\u0107, znajdziesz we mnie \u017cele z naszych 3 linii zapachowych dla m\u0119\u017cczyzn. przede wszystkim genialnie sprawdz\u0119 si\u0119 wi\u0119c w roli prezentu dla prawdziwego faceta! w szczeg\u00f3lno\u015bci dla byczka, kt\u00f3ry robi biznesy w wielkim mie\u015bcie, ale lubi odpocz\u0105\u0107 w bieszczadach.<\/p>\n<p>Je\u015bli jeszcze nie znasz naszych linii zapachowych, to wiedz, \u017ce w zestawie ich troje pierwsze skrzypce gra R<strong>yszard z Bieszczad<\/strong>, kt\u00f3ry jako jedyny z nich zna zapach g\u00f3rskiego szlaku, wt\u00f3ruje mu odrobin\u0119 K<strong>awa\u0142 Byka <\/strong>dla facet\u00f3w z jajami, a sztafet\u0119 zamyka <strong>ZAPACH SEKSU I BIZNESU<\/strong>.<\/p>\n<p>&nbsp;<\/p>\n<h3><strong>CO MOG\u0118 DLA CIEBIE ZROBI\u0106?<\/strong><\/h3>\n<p>Co jest lepsze na prezent ni\u017c p\u00f3\u0142 litra? p\u00f3\u0142tora litra! szukasz prezentu dla faceta na urodziny? A mo\u017ce interesuje ci\u0119 pomys\u0142 na niebanalny prezent dla kumpla na imieniny? Upominek na dzie\u0144 ch\u0142opaka, podarunek na \u015bwi\u0119ta? Jeste\u015b we w\u0142a\u015bciwym miejscu, bowiem na prezent dla m\u0119\u017cczyzny nadaj\u0119 si\u0119 idealnie! W szczeg\u00f3lno\u015bci dlatego, \u017ce jestem zapakowany w efektowne pude\u0142ko prezentowe z okienkami i wygodnym uchwytem. Poza tym, z uwagi na r\u00f3\u017cnorodno\u015b\u0107 zapachow\u0105 i zabawne etykiety mog\u0119 \u015bmia\u0142o zapewni\u0107 ci\u0119, \u017ce szale\u0144stwo zmys\u0142\u00f3w i zadowolenie obdarowanego masz murowane!<\/p>\n<p>&nbsp;<\/p>\n<h3><strong>PYTASZ KOTKU, CO MAM W \u015aRODKU?<\/strong><\/h3>\n<p><strong>\ud83d\udc06 <a href=\"https:\/\/laq.pl\/produkt\/zel-pod-prysznic-8w1-ryszard-z-bieszczad-500-ml\/\">\u017bel pod prysznic Ryszard z Bieszczad 500 ml<\/a><\/strong> &#8211; <strong><span style=\"font-weight: 400;\">zawieram w sobie nawil\u017caj\u0105c\u0105 gliceryn\u0119 pochodzenia ro\u015blinnego. mam dla ciebie r\u00f3wnie\u017c od\u017cywczy wyci\u0105g z li\u015bci tytoniu szlachetnego, a do tego nawil\u017caj\u0105cy mocznik oraz witamin\u0119 b3 (niacynamid).\u00a0<\/span><\/strong><\/p>\n<p>\ud83d\udc02 <a href=\"https:\/\/laq.pl\/produkt\/zel-pod-prysznic-kawal-byka-500-ml\/\"><strong>\u017bel pod prysznic Kawa\u0142 Byka 500 ml<\/strong><\/a> &#8211; ekstrakty z korzenia \u017ce\u0144-szenia syberyjskiego, skrzypu polnego oraz \u0142opianu, kt\u00f3re wzmocni\u0105 i od\u017cywi\u0105 twoj\u0105 sk\u00f3r\u0119. ponadto zawiera proteiny ro\u015blinne (z kukurydzy, pszenicy i soi), kt\u00f3re odbuduj\u0105 j\u0105 i nawil\u017c\u0105, natomiast gliceryna pochodzenia ro\u015blinnego zapewni jej mi\u0119kko\u015b\u0107 i g\u0142adko\u015b\u0107.<\/p>\n<p>\ud83d\udc15<a href=\"https:\/\/laq.pl\/produkt\/zel-pod-prysznic-8w1-ZAPACH SEKSU I BIZNESU-500-ml\/\"><strong> \u017bel pod prysznic ZAPACH SEKSU I BIZNESU 500 ml<\/strong><\/a> &#8211; na zewn\u0105trz jestem twardy, zdecydowany i bezkompromisowy, jednak wewn\u0105trz skrywam prawdziw\u0105 natur\u0119, opart\u0105 na \u0142agodnych substancjach myj\u0105cych pochodzenia ro\u015blinnego. zawieram gliceryn\u0119 (r\u00f3wnie\u017c pochodzenia ro\u015blinnego), ekstrakt z nasion kardamonu, mocznik oraz niacynamid.<\/p>\n<p>(dok\u0142adne sk\u0142ady inci poszczeg\u00f3lnych produkt\u00f3w znajdziesz pod powy\u017cszymi linkami)<\/p>\n<p>&nbsp;<\/p>\n<h3><strong>POZNAJ MOJE NUTY ZAPACHOWE:<\/strong><\/h3>\n<p><strong>Ryszard z Bieszczad &#8211; nuty zapachowe:\u00a0<\/strong><\/p>\n<ul>\n<li><strong>g\u0142owy:<\/strong> bergamotka, cytryna, sza\u0142wia, zio\u0142a<\/li>\n<li><strong>serca: <\/strong>nuty morskie, lawenda, ja\u015bmin, tymianek, irys<\/li>\n<li><strong>podstawy: <\/strong>drewno bursztynowe, paczula, wetyweria, fasola tonka<\/li>\n<\/ul>\n<p><strong>Kawa\u0142 Byka &#8211; nuty zapachowe:\u00a0<\/strong><\/p>\n<ul>\n<li><strong>g\u0142owy: <\/strong>czarny pieprz, drzewo cedrowe, piment, bergamotka<\/li>\n<li><strong>serca: <\/strong>lawenda, go\u017adzik, paczula, werbena<\/li>\n<li><strong>podstawy: <\/strong>drzewo cedrowe, drzewo gwajakowe, kadzid\u0142o, fasola tonka, ambra<\/li>\n<\/ul>\n<p><strong>ZAPACH SEKSU I BIZNESU &#8211; nuty zapachowe:\u00a0<\/strong><\/p>\n<ul>\n<li><strong>g\u0142owy:<\/strong> cytryna, grejpfrut, nuty wodne<\/li>\n<li><strong>serca:<\/strong> jab\u0142ko, mi\u0119ta, r\u00f3\u017cowy pieprz, r\u00f3\u017ca<\/li>\n<li><strong>podstawy:<\/strong> drzewo cedrowe, drzewo sanda\u0142owe, suche drewno, fasola tonka, pi\u017cmo<\/li>\n<\/ul>\n<p>&nbsp;<\/p>\n<h3><strong>A CO M\u00d3WI\u0104 NA MIE\u015aCIE?<\/strong><\/h3>\n<p><em>p\u00f3\u0142tora litra szcz\u0119\u015bcia!<\/em><br \/>\n<em>z pewno\u015bci\u0105 lepsze na prezent ni\u017c p\u00f3\u0142 litra!<\/em><\/p>\n<p>&nbsp;<\/p>\n<p><img loading=\"lazy\" decoding=\"async\" class=\"alignnone size-full wp-image-11144\" src=\"https:\/\/laq.pl\/wp-content\/uploads\/2024\/03\/weganski100.jpg\" alt=\"\" width=\"100\" height=\"100\" srcset=\"https:\/\/laq.pl\/wp-content\/uploads\/2024\/03\/weganski100.jpg 100w, https:\/\/laq.pl\/wp-content\/uploads\/2024\/03\/weganski100-50x50.jpg 50w\" sizes=\"auto, (max-width: 100px) 100vw, 100px\" \/> <img loading=\"lazy\" decoding=\"async\" class=\"alignnone size-full wp-image-11143\" src=\"https:\/\/laq.pl\/wp-content\/uploads\/2024\/03\/derma-100.jpg\" alt=\"\" width=\"100\" height=\"100\" srcset=\"https:\/\/laq.pl\/wp-content\/uploads\/2024\/03\/derma-100.jpg 100w, https:\/\/laq.pl\/wp-content\/uploads\/2024\/03\/derma-100-50x50.jpg 50w\" sizes=\"auto, (max-width: 100px) 100vw, 100px\" \/><\/p>\n","protected":false},"excerpt":{"rendered":"<p><strong>Por\u0119czny kartonik z r\u0105czk\u0105, a w nim:<\/strong><\/p>\n<p><strong>\ud83d\udc06 <a href=\"https:\/\/laq.pl\/produkt\/zel-pod-prysznic-8w1-ryszard-z-bieszczad-500-ml\/\">\u017bel pod prysznic Ryszard z Bieszczad 500 ml<\/a><\/strong><\/p>\n<p>\ud83d\udc02 <a href=\"https:\/\/laq.pl\/produkt\/zel-pod-prysznic-kawal-byka-500-ml\/\"><strong>\u017bel pod prysznic Kawa\u0142 Byka 500 ml<\/strong><\/a><\/p>\n<p>\ud83d\udc15<a href=\"https:\/\/laq.pl\/produkt\/zel-pod-prysznic-8w1-ZAPACH SEKSU I BIZNESU-500-ml\/\"><strong> \u017bel pod prysznic ZAPACH SEKSU I BIZNESU 500 ml<\/strong><\/a><\/p>\n","protected":false},"featured_media":28140,"template":"","meta":{"_acf_changed":false},"product_brand":[],"product_cat":[103,229,233],"product_tag":[294,289,287],"class_list":{"0":"post-19242","1":"product","2":"type-product","3":"status-publish","4":"has-post-thumbnail","6":"product_cat-zestawy-na-prezent","7":"product_cat-dla-prawdziwego-mezczyzny","8":"product_cat-meskie","9":"product_tag-ich-troje","10":"product_tag-kawal-byka","11":"product_tag-ryszard-z-bieszczad","14":"first","15":"instock","16":"taxable","17":"shipping-taxable","18":"purchasable","19":"product-type-simple"},"acf":[],"_links":{"self":[{"href":"https:\/\/laq.pl\/en\/wp-json\/wp\/v2\/product\/19242","targetHints":{"allow":["GET"]}}],"collection":[{"href":"https:\/\/laq.pl\/en\/wp-json\/wp\/v2\/product"}],"about":[{"href":"https:\/\/laq.pl\/en\/wp-json\/wp\/v2\/types\/product"}],"wp:featuredmedia":[{"embeddable":true,"href":"https:\/\/laq.pl\/en\/wp-json\/wp\/v2\/media\/28140"}],"wp:attachment":[{"href":"https:\/\/laq.pl\/en\/wp-json\/wp\/v2\/media?parent=19242"}],"wp:term":[{"taxonomy":"product_brand","embeddable":true,"href":"https:\/\/laq.pl\/en\/wp-json\/wp\/v2\/product_brand?post=19242"},{"taxonomy":"product_cat","embeddable":true,"href":"https:\/\/laq.pl\/en\/wp-json\/wp\/v2\/product_cat?post=19242"},{"taxonomy":"product_tag","embeddable":true,"href":"https:\/\/laq.pl\/en\/wp-json\/wp\/v2\/product_tag?post=19242"}],"curies":[{"name":"wp","href":"https:\/\/api.w.org\/{rel}","templated":true}]}}