{"id":19245,"date":"2024-11-15T11:43:43","date_gmt":"2024-11-15T10:43:43","guid":{"rendered":"https:\/\/laq.pl\/?post_type=product&#038;p=19245"},"modified":"2026-04-03T09:46:41","modified_gmt":"2026-04-03T07:46:41","slug":"zestaw-myj-i-klep-ryszard-z-bieszczad","status":"publish","type":"product","link":"https:\/\/laq.pl\/en\/product\/zestaw-myj-i-klep-ryszard-z-bieszczad\/","title":{"rendered":"Zestaw m\u0119ski do piel\u0119gnacji Myj i Klep RYSZARD Z BIESZCZAD \u2013 \u017bel pod prysznic + Balsam po goleniu LaQ"},"content":{"rendered":"<h2 style=\"text-align: center;\"><strong>Dwa kroki do perfekcyjnego wygl\u0105du: umyj cia\u0142o, wklep balsam i ruszaj na podb\u00f3j \u015bwiata<\/strong><\/h2>\n<p>&nbsp;<\/p>\n<p><strong>\ud83d\udc06 <a href=\"https:\/\/laq.pl\/produkt\/zel-pod-prysznic-8w1-ryszard-z-bieszczad-500-ml\/\">\u017bel pod prysznic RYSZARD Z BIESZCZAD 500 ml<\/a><\/strong> &#8211; <span style=\"font-weight: 400;\">naturalny i wega\u0144ski \u017cel pod prysznic dla m\u0119\u017cczyzn. Jako jedyny w Bieszczadach zawieram wyci\u0105g z li\u015bci tytoniu szlachetnego. Poza tym jaram si\u0119 tym, \u017ce pachn\u0119 m\u0119skimi perfumami.\u00a0<\/span><\/p>\n<p><strong>\ud83d\udc06 <a href=\"https:\/\/laq.pl\/produkt\/balsam-po-goleniu-ryszard-z-bieszczad\/\">Balsam po goleniu RYSZARD Z BIESZCZAD 150 ml<\/a> &#8211;<\/strong> naturalny i wega\u0144ski balsam po goleniu dla m\u0119\u017cczyzn. Moja krew p\u0142ynie w tempie g\u00f3rskich potok\u00f3w, a dusza pachnie \u015bwie\u017co\u015bci\u0105 bieszczadzkich las\u00f3w. Jestem tu dla Ciebie, by po ci\u0119\u017ckim dniu na szlaku czy w miejskiej d\u017cungli ukoi\u0107 Twoj\u0105 sk\u00f3r\u0119.<\/p>\n<p><strong>\ud83c\udf81 Zapakowany w kartonik z okienkiem wype\u0142niony siankiem<\/strong><\/p>\n<p>&nbsp;<\/p>\n<h3><strong>KIM JESTEM?<\/strong><\/h3>\n<p>Oto ja, czyli wega\u0144ski zestaw kosmetyk\u00f3w naturalnych dla m\u0119\u017cczyzny, sk\u0142adaj\u0105cy si\u0119 z \u017celu pod prysznic i balsamu po goleniu. Ryszard z Bieszczad ma oryginalny zapach g\u00f3rskiego szlaku, kt\u00f3ry przenika si\u0119 z ekskluzywnymi m\u0119skimi perfumami. Seria ta jest idealna dla facet\u00f3w dzikich i sprytnych, kt\u00f3rzy lubi\u0105 chodzi\u0107 w\u0142asnymi \u015bcie\u017ckami. Receptura \u017celu pod prysznic bazuje na delikatnych substancjach myj\u0105cych. Zawiera on nawil\u017caj\u0105c\u0105 gliceryn\u0119, a tak\u017ce wyci\u0105g z li\u015bci tytoniu szlachetnego, mocznik oraz witamin\u0119 B3 (niacynamid). Z kolei balsam przynosi Twojej sk\u00f3rze ulg\u0119, nawil\u017cenie i regeneracj\u0119! Dzi\u0119ki lekkiej formule szybko si\u0119 wch\u0142aniam, nie pozostawiaj\u0105c t\u0142ustej warstwy. Ponadto ochroni\u0119 sk\u00f3r\u0119 Twojej twarzy przed podra\u017cnieniami i zaczerwienieniami, pozostawiaj\u0105c j\u0105 mi\u0119kk\u0105 i g\u0142adk\u0105.<\/p>\n<p>&nbsp;<\/p>\n<h3><strong>CO MOG\u0118 DLA CIEBIE ZROBI\u0106?<\/strong><\/h3>\n<p>Szukasz prezentu dla faceta na urodziny? A mo\u017ce interesuje Ci\u0119 pomys\u0142 na niebanalny prezent dla kumpla na imieniny? Upominek na Dzie\u0144 Ch\u0142opaka, podarunek na \u015bwi\u0119ta? Jeste\u015b we w\u0142a\u015bciwym miejscu, bowiem na prezent dla m\u0119\u017cczyzny u\u017cywaj\u0105cego maszynki nadaj\u0119 si\u0119 idealnie! W szczeg\u00f3lno\u015bci dlatego, \u017ce jestem zapakowany w gustowne pude\u0142ko prezentowe z okienkiem i wygodnym siankiem. Zapewniam Ci\u0119, \u017ce rado\u015b\u0107 i dzikie skoki obdarowanego murowane!<\/p>\n<p>&nbsp;<\/p>\n<h3><strong>PYTASZ KOTKU, CO MAM W \u015aRODKU?<\/strong><\/h3>\n<p><strong>\ud83d\udc06 <a href=\"https:\/\/laq.pl\/produkt\/zel-pod-prysznic-8w1-ryszard-z-bieszczad-500-ml\/\">\u017bel pod prysznic RYSZARD Z BIESZCZAD 500 ml<\/a> &#8211; <span style=\"font-weight: 400;\">Zawieram w sobie nawil\u017caj\u0105c\u0105 gliceryn\u0119 pochodzenia ro\u015blinnego. Mam dla Ciebie r\u00f3wnie\u017c od\u017cywczy wyci\u0105g z li\u015bci tytoniu szlachetnego, a do tego nawil\u017caj\u0105cy mocznik oraz witamin\u0119 B3 (niacynamid).\u00a0<\/span><\/strong><\/p>\n<p><strong>\ud83d\udc06 <a href=\"https:\/\/laq.pl\/produkt\/balsam-po-goleniu-ryszard-z-bieszczad\/\">Balsam po goleniu RYSZARD Z BIESZCZAD 150 ml<\/a> <\/strong>&#8211;\u00a0olej z pestek winogron, kt\u00f3ry nawil\u017ca i od\u017cywia sk\u00f3r\u0119. Z kolei pantenol \u0142agodzi podra\u017cnienia, a ekstrakt z li\u015bci tytoniu szlachetnego dzia\u0142a antyoksydacyjnie.<\/p>\n<p>(dok\u0142adne sk\u0142ady INCI poszczeg\u00f3lnych produkt\u00f3w znajdziesz pod powy\u017cszymi linkami)<\/p>\n<p>&nbsp;<\/p>\n<h3><strong>POZNAJ MOJE NUTY ZAPACHOWE:<\/strong><\/h3>\n<ul>\n<li><strong>g\u0142owy: <\/strong>bergamotka, cytryna, sza\u0142wia, zio\u0142a<\/li>\n<li><strong>serca: <\/strong>nuty morskie, lawenda, ja\u015bmin, tymianek, irys<\/li>\n<li><strong>podstawy:<\/strong> drewno bursztynowe, paczula, wetyweria, fasola tonka<\/li>\n<\/ul>\n<p>&nbsp;<\/p>\n<h3><strong>A CO M\u00d3WI\u0104 NA MIE\u015aCIE?<\/strong><\/h3>\n<p><em>Je\u017celi jutro masz kolejny dedlajn, a task\u00f3w do sfiniszowania asapem ca\u0142e mn\u00f3stwo&#8230;<\/em><br \/>\n<em>Gdy od swojego menad\u017cera otrzymujesz kolejne cele do czelend\u017cowania&#8230;<\/em><br \/>\n<em>Gdy szef m\u00f3wi, \u017ce masz by\u0107 odwa\u017cny jak lew, zwinny jak ry\u015b, wytrwa\u0142y jak Tommy Lee Jones w \u015aciganym, rilaks, tejk it izi.<\/em><br \/>\n<em>Uprawiaj mo\u017cliwie szerok\u0105 spychologi\u0119 stosowan\u0105.<\/em><br \/>\n<em>W ko\u0144cu problem od\u0142o\u017cony, to problem w po\u0142owie rozwi\u0105zany.<\/em><br \/>\n<em>A to, co mo\u017cesz zrobi\u0107 dzisiaj, zr\u00f3b pojutrze, w ten spos\u00f3b b\u0119dziesz mia\u0142 dwa dni wolnego.<\/em><br \/>\n<em>W sam raz, aby rzuci\u0107 wszystko i wyjecha\u0107 w Bieszczady.<\/em><br \/>\n<em>A przed powrotem z d\u0142ugiej wyprawy nie zapomnij umy\u0107 n\u00f3g,<\/em><br \/>\n<em>zanim zdejmiesz buty w biurze.<\/em><\/p>\n<p>&nbsp;<\/p>\n<p><img loading=\"lazy\" decoding=\"async\" class=\"alignnone wp-image-49200 size-medium\" src=\"https:\/\/laq.pl\/wp-content\/uploads\/2026\/02\/uniwersalny-300x177.jpg\" alt=\"piktogram znaku testowanie dermatologicznie oraz znak produktu wega\u0144skiego\" width=\"300\" height=\"177\" srcset=\"https:\/\/laq.pl\/wp-content\/uploads\/2026\/02\/uniwersalny-300x177.jpg 300w, https:\/\/laq.pl\/wp-content\/uploads\/2026\/02\/uniwersalny-726x429.jpg 726w, https:\/\/laq.pl\/wp-content\/uploads\/2026\/02\/uniwersalny.jpg 769w\" sizes=\"auto, (max-width: 300px) 100vw, 300px\" \/><\/p>\n","protected":false},"excerpt":{"rendered":"<p><strong>Kartonik prezentowy z siankiem, a w nim:<\/strong><\/p>\n<p><strong>\ud83d\udc06 <a href=\"https:\/\/laq.pl\/produkt\/zel-pod-prysznic-8w1-ryszard-z-bieszczad-500-ml\/\">\u017bel pod prysznic RYSZARD Z BIESZCZAD 500 ml<\/a><\/strong><\/p>\n<p><strong>\ud83d\udc06 <a href=\"https:\/\/laq.pl\/produkt\/balsam-po-goleniu-ryszard-z-bieszczad\/\">Balsam po goleniu RYSZARD Z BIESZCZAD 150 ml<\/a><\/strong><\/p>\n","protected":false},"featured_media":51783,"template":"","meta":{"_acf_changed":false},"product_brand":[],"product_cat":[93,103,229,233],"product_tag":[387,839,287],"class_list":{"0":"post-19245","1":"product","2":"type-product","3":"status-publish","4":"has-post-thumbnail","6":"product_cat-ryszard-z-bieszczad","7":"product_cat-zestawy-na-prezent","8":"product_cat-dla-prawdziwego-mezczyzny","9":"product_cat-meskie","10":"product_tag-dla-niego","11":"product_tag-idealny-prezent","12":"product_tag-ryszard-z-bieszczad","15":"first","16":"instock","17":"taxable","18":"shipping-taxable","19":"purchasable","20":"product-type-simple"},"acf":[],"_links":{"self":[{"href":"https:\/\/laq.pl\/en\/wp-json\/wp\/v2\/product\/19245","targetHints":{"allow":["GET"]}}],"collection":[{"href":"https:\/\/laq.pl\/en\/wp-json\/wp\/v2\/product"}],"about":[{"href":"https:\/\/laq.pl\/en\/wp-json\/wp\/v2\/types\/product"}],"wp:featuredmedia":[{"embeddable":true,"href":"https:\/\/laq.pl\/en\/wp-json\/wp\/v2\/media\/51783"}],"wp:attachment":[{"href":"https:\/\/laq.pl\/en\/wp-json\/wp\/v2\/media?parent=19245"}],"wp:term":[{"taxonomy":"product_brand","embeddable":true,"href":"https:\/\/laq.pl\/en\/wp-json\/wp\/v2\/product_brand?post=19245"},{"taxonomy":"product_cat","embeddable":true,"href":"https:\/\/laq.pl\/en\/wp-json\/wp\/v2\/product_cat?post=19245"},{"taxonomy":"product_tag","embeddable":true,"href":"https:\/\/laq.pl\/en\/wp-json\/wp\/v2\/product_tag?post=19245"}],"curies":[{"name":"wp","href":"https:\/\/api.w.org\/{rel}","templated":true}]}}