{"id":19246,"date":"2024-11-15T11:43:45","date_gmt":"2024-11-15T10:43:45","guid":{"rendered":"https:\/\/laq.pl\/?post_type=product&#038;p=19246"},"modified":"2026-04-03T09:46:46","modified_gmt":"2026-04-03T07:46:46","slug":"zestaw-myj-i-klep-koziol-z-klasa","status":"publish","type":"product","link":"https:\/\/laq.pl\/en\/product\/zestaw-myj-i-klep-koziol-z-klasa\/","title":{"rendered":"Zestaw m\u0119ski do piel\u0119gnacji Myj i Klep KOZIO\u0141 Z KLAS\u0104 \u2013 \u017bel pod prysznic + Balsam po goleniu LaQ"},"content":{"rendered":"<h2 style=\"text-align: center;\"><strong>Dwa kroki do perfekcyjnego wygl\u0105du: umyj cia\u0142o, wklep balsam i ruszaj na podb\u00f3j \u015bwiata<\/strong><\/h2>\n<p>&nbsp;<\/p>\n<p><strong>\ud83d\udc10 <a href=\"https:\/\/laq.pl\/produkt\/koziol-z-klasa-zel-pod-prysznic-8-w-1-500-ml\/\">\u017bel pod prysznic KOZIO\u0141 Z KLAS\u0104 500 ml<\/a><\/strong> &#8211; <span style=\"font-weight: 400;\">\u017cel pod prysznic dla m\u0119\u017cczyzn, naturalny, wega\u0144ski, a tak\u017ce genialnie i zdecydowanie kozacko pachn\u0105cy m\u0119skimi perfumami. \u017bel z wyci\u0105giem z chmielu. Ale jednak nadal r\u00f3wnie\u017c po prostu \u017cel do mycia.\u00a0<\/span><\/p>\n<p><strong>\ud83d\udc10 <a href=\"https:\/\/laq.pl\/produkt\/balsam-po-goleniu-koziol-z-klasa\/\">Balsam po goleniu KOZIO\u0141 Z KLAS\u0104 150 ml<\/a><\/strong>&#8211; naturalny i wega\u0144ski balsam po goleniu <span style=\"font-weight: 400;\">dla m\u0119\u017cczyzn.<\/span> Moje imi\u0119 m\u00f3wi wszystko: mam klas\u0119 i charakter, kt\u00f3rymi m\u00f3g\u0142bym obdzieli\u0107 ca\u0142\u0105 stajni\u0119. Przygotuj si\u0119 na dzie\u0144 pe\u0142en stylu i \u015bwie\u017co\u015bci!<\/p>\n<p><strong>\ud83c\udf81 Zapakowany w kartonik z okienkiem wype\u0142niony siankiem<\/strong><\/p>\n<p>&nbsp;<\/p>\n<h3><strong>KIM JESTEM?<\/strong><\/h3>\n<p>Oto ja, czyli wega\u0144ski zestaw kosmetyk\u00f3w naturalnych dla m\u0119\u017cczyzny, sk\u0142adaj\u0105cy si\u0119 z \u017celu pod prysznic i balsamu po goleniu. Kozio\u0142 z klas\u0105 to facet, kt\u00f3ry pachnie kas\u0105, a jego zapach przenika si\u0119 z ekskluzywnymi m\u0119skimi perfumami. Seria ta jest idealna dla facet\u00f3w co maj\u0105 klas\u0119 i nie mam tu na my\u015bli nauczycieli. Receptura \u017celu pod prysznic bazuje na delikatnych substancjach myj\u0105cych. Zawiera on nawil\u017caj\u0105c\u0105 gliceryn\u0119, a tak\u017ce \u0142agodz\u0105cy ekstrakt z chmielu. Z kolei balsam przynosi Twojej sk\u00f3rze ulg\u0119, nawil\u017cenie i regeneracj\u0119! Dzi\u0119ki lekkiej formule szybko si\u0119 wch\u0142aniam, nie pozostawiaj\u0105c t\u0142ustej warstwy. Ponadto ochroni\u0119 sk\u00f3r\u0119 Twojej twarzy przed podra\u017cnieniami i zaczerwienieniami, pozostawiaj\u0105c j\u0105 mi\u0119kk\u0105 i g\u0142adk\u0105.<\/p>\n<p>&nbsp;<\/p>\n<h3><strong>CO MOG\u0118 DLA CIEBIE ZROBI\u0106?<\/strong><\/h3>\n<p>Szukasz prezentu dla faceta na urodziny? A mo\u017ce interesuje Ci\u0119 pomys\u0142 na niebanalny prezent dla kumpla na imieniny? Upominek na Dzie\u0144 Ch\u0142opaka, podarunek na \u015bwi\u0119ta? Jeste\u015b we w\u0142a\u015bciwym miejscu, bowiem na prezent dla m\u0119\u017cczyzny, kt\u00f3remu maszynka dobrze w r\u0119ku le\u017cy, nadaj\u0119 si\u0119 idealnie! W szczeg\u00f3lno\u015bci dlatego, \u017ce jestem zapakowany w gustowne pude\u0142ko prezentowe z okienkiem i wygodnym siankiem. Zapewniam Ci\u0119, \u017ce rado\u015b\u0107 i dzikie skoki obdarowanego murowane!<\/p>\n<p>&nbsp;<\/p>\n<h3><strong>PYTASZ KOTKU, CO MAM W \u015aRODKU?<\/strong><\/h3>\n<p><strong>\ud83d\udc10 <a href=\"https:\/\/laq.pl\/produkt\/koziol-z-klasa-zel-pod-prysznic-8-w-1-500-ml\/\">\u017bel pod prysznic KOZIO\u0141 Z KLAS\u0104 500 ml<\/a><\/strong> &#8211; <span style=\"font-weight: 400;\">\u017cel pod prysznic dla m\u0119\u017cczyzn, naturalny, wega\u0144ski, a tak\u017ce genialnie i zdecydowanie kozacko pachn\u0105cy m\u0119skimi perfumami. \u017bel z wyci\u0105giem z chmielu. Ale jednak nadal r\u00f3wnie\u017c po prostu \u017cel do mycia.\u00a0<\/span><\/p>\n<p><strong>\ud83d\udc10 <\/strong> &#8211; olej z pestek winogron, kt\u00f3ry nawil\u017ca i od\u017cywia sk\u00f3r\u0119, a tak\u017ce pantenol, kt\u00f3ry \u0142agodzi podra\u017cnienia. Ekstrakt z szyszek chmielu dzia\u0142a koj\u0105co i regeneruj\u0105co, a ekstrakty z ostropestu plamistego i bazylii indyjskiej wspieraj\u0105 regeneracj\u0119 sk\u00f3ry i chroni\u0105 j\u0105 przed szkodliwymi czynnikami zewn\u0119trznymi.<\/p>\n<p>(dok\u0142adne sk\u0142ady INCI poszczeg\u00f3lnych produkt\u00f3w znajdziesz pod powy\u017cszymi linkami)<\/p>\n<p>&nbsp;<\/p>\n<h3><strong>POZNAJ MOJE NUTY ZAPACHOWE:<\/strong><\/h3>\n<ul>\n<li><strong>g\u0142owy:<\/strong> mi\u0119ta lodowa, bergamotka<\/li>\n<li><strong>serca:<\/strong> geranium, jab\u0142ko<\/li>\n<li><strong>podstawy:<\/strong> wanilia, drzewo sanda\u0142owe, cedr<\/li>\n<\/ul>\n<p>&nbsp;<\/p>\n<h3><strong>A CO M\u00d3WI\u0104 NA MIE\u015aCIE?<\/strong><\/h3>\n<p><em>Zasiad\u0142 Kozio\u0142 w Internecie,<\/em><br \/>\n<em>co zam\u00f3wi\u0142? Dobrze wiecie!<\/em><br \/>\n<em>Z LaQ zestaw do mordeczki<\/em><br \/>\n<em>w\u0119sz\u0105 kozy i owieczki.<\/em><br \/>\n<em>A Kozio\u0142ek nie wybrzydza,<\/em><br \/>\n<em>mord\u0105 pi\u0119kn\u0105 a\u017c zawstydza!<\/em><\/p>\n<p>&nbsp;<\/p>\n<p><img loading=\"lazy\" decoding=\"async\" class=\"alignnone wp-image-49200 size-medium\" src=\"https:\/\/laq.pl\/wp-content\/uploads\/2026\/02\/uniwersalny-300x177.jpg\" alt=\"piktogram znaku testowanie dermatologicznie oraz znak produktu wega\u0144skiego\" width=\"300\" height=\"177\" srcset=\"https:\/\/laq.pl\/wp-content\/uploads\/2026\/02\/uniwersalny-300x177.jpg 300w, https:\/\/laq.pl\/wp-content\/uploads\/2026\/02\/uniwersalny-726x429.jpg 726w, https:\/\/laq.pl\/wp-content\/uploads\/2026\/02\/uniwersalny.jpg 769w\" sizes=\"auto, (max-width: 300px) 100vw, 300px\" \/><\/p>\n","protected":false},"excerpt":{"rendered":"<p><strong>Kartonik z siankiem, a w nim:<\/strong><\/p>\n<p><strong>\ud83d\udc10 <a href=\"https:\/\/laq.pl\/produkt\/koziol-z-klasa-zel-pod-prysznic-8-w-1-500-ml\/\">\u017bel pod prysznic KOZIO\u0141 Z KLAS\u0104 500 ml<\/a><\/strong><\/p>\n<p><strong>\ud83d\udc10 <a href=\"https:\/\/laq.pl\/produkt\/balsam-po-goleniu-koziol-z-klasa\/\">Balsam po goleniu KOZIO\u0141 Z KLAS\u0104 150 ml<\/a><\/strong><\/p>\n","protected":false},"featured_media":37442,"template":"","meta":{"_acf_changed":false},"product_brand":[],"product_cat":[94,103,229,233],"product_tag":[387,839,291,290],"class_list":{"0":"post-19246","1":"product","2":"type-product","3":"status-publish","4":"has-post-thumbnail","6":"product_cat-koziol","7":"product_cat-zestawy-na-prezent","8":"product_cat-dla-prawdziwego-mezczyzny","9":"product_cat-meskie","10":"product_tag-dla-niego","11":"product_tag-idealny-prezent","12":"product_tag-koziol","13":"product_tag-koziol-z-klasa","16":"first","17":"instock","18":"taxable","19":"shipping-taxable","20":"purchasable","21":"product-type-simple"},"acf":[],"_links":{"self":[{"href":"https:\/\/laq.pl\/en\/wp-json\/wp\/v2\/product\/19246","targetHints":{"allow":["GET"]}}],"collection":[{"href":"https:\/\/laq.pl\/en\/wp-json\/wp\/v2\/product"}],"about":[{"href":"https:\/\/laq.pl\/en\/wp-json\/wp\/v2\/types\/product"}],"wp:featuredmedia":[{"embeddable":true,"href":"https:\/\/laq.pl\/en\/wp-json\/wp\/v2\/media\/37442"}],"wp:attachment":[{"href":"https:\/\/laq.pl\/en\/wp-json\/wp\/v2\/media?parent=19246"}],"wp:term":[{"taxonomy":"product_brand","embeddable":true,"href":"https:\/\/laq.pl\/en\/wp-json\/wp\/v2\/product_brand?post=19246"},{"taxonomy":"product_cat","embeddable":true,"href":"https:\/\/laq.pl\/en\/wp-json\/wp\/v2\/product_cat?post=19246"},{"taxonomy":"product_tag","embeddable":true,"href":"https:\/\/laq.pl\/en\/wp-json\/wp\/v2\/product_tag?post=19246"}],"curies":[{"name":"wp","href":"https:\/\/api.w.org\/{rel}","templated":true}]}}