{"id":24431,"date":"2025-01-15T08:01:25","date_gmt":"2025-01-15T07:01:25","guid":{"rendered":"https:\/\/laq.pl\/?post_type=product&#038;p=24431"},"modified":"2026-04-20T12:37:58","modified_gmt":"2026-04-20T10:37:58","slug":"olej-po-goleniu-i-do-brody-kawal-byka-black-30-ml","status":"publish","type":"product","link":"https:\/\/laq.pl\/en\/product\/olej-po-goleniu-i-do-brody-kawal-byka-black-30-ml\/","title":{"rendered":"\u0141agodz\u0105cy olejek do brody i po goleniu KAWA\u0141 BYKA 30 ml"},"content":{"rendered":"<h2 style=\"text-align: center;\"><strong>Zmi\u0119kczanie twardego zarostu i redukcja podra\u017cnie\u0144 sk\u00f3ry<\/strong><\/h2>\n<p>&nbsp;<\/p>\n<h3><strong>KIM JESTEM?<\/strong><\/h3>\n<p>Jestem naturalnym i wega\u0144skim olejem do brody i na pysk. Piel\u0119gnuj\u0119 sk\u00f3r\u0119, zarost, klat\u0119 i ego. Mam wypasion\u0105 formu\u0142\u0119, bogat\u0105 w naturalne sk\u0142adniki, poci\u0105gaj\u0105cy zapach korzennych, m\u0119skich perfum i skuteczno\u015b\u0107, kt\u00f3r\u0105 docenisz ju\u017c po pierwszym u\u017cyciu. Pewnie my\u015blisz, \u017ce to kolejny produkt do codziennej piel\u0119gnacji brody, ale wiesz co? Sprawd\u017a go! Bo taki dorodny byk, zas\u0142uguje na wszystko, co najlepsze.<\/p>\n<p>&nbsp;<\/p>\n<h3><strong>CO MOG\u0118 DLA CIEBIE ZROBI\u0106?<\/strong><\/h3>\n<p>Je\u015bli lubisz nawil\u017con\u0105 sk\u00f3r\u0119 i brod\u0119, to jeste\u015bmy dla siebie stworzeni. Moja formu\u0142a \u0142agodzi podra\u017cnienia po goleniu, nawil\u017ca wszystko, co mn\u0105 posmarujesz i sprawia, \u017ce broda b\u0119dzie l\u015bni\u0105ca i g\u0142adka jak od barbera. Nadaje si\u0119 tak\u017ce do rozczesania zmierzwionego zarostu \u2013 p\u00f3jdzie \u0142atwo, szybko i przyjemnie. Stworzony do piel\u0119gnacji brody, uwielbiany za wp\u0142yw na sk\u00f3r\u0119, w\u0142osy i samice.<\/p>\n<p>&nbsp;<\/p>\n<h3><strong>PYTASZ KOTKU, CO MAM W \u015aRODKU?<\/strong><\/h3>\n<p>Nie musisz by\u0107 romantykiem, by doceni\u0107 moje bogate wn\u0119trze! Docenisz mnie przede wszystkim za oleje: ten ze s\u0142odkich migda\u0142\u00f3w od\u017cywia, nawil\u017ca i \u0142agodzi podra\u017cnienia. Olej z pestek arbuza ma dzia\u0142anie antyoksydacyjne, a olej z pestek winogron \u2013 regeneracyjne. Dodatkowo zawieram olej z pestek malin, chroni\u0105cy sk\u00f3r\u0119 przed utrat\u0105 wilgoci oraz olej z konopi, dzi\u0119ki kt\u00f3remu sk\u00f3ra jest nawil\u017cona i zregenerowana, a\u00a0 podra\u017cnienia z\u0142agodzone. Oliwa z oliwek to ju\u017c pieszczota dla sk\u00f3ry \u2013 zmi\u0119kcza j\u0105 i nawil\u017ca, co w towarzystwie alantoiny, pantenolu, witaminy E i hydrolizowanego bia\u0142ka pszenicy sprawia, \u017ce b\u0119dziesz chcia\u0142 si\u0119 olejowa\u0107 przy ka\u017cdej mo\u017cliwej okazji! To nie jest kosmetyk, po kt\u00f3rym nie poczujesz r\u00f3\u017cnicy! Ten olejek do brody mo\u017cesz stosowa\u0107 zar\u00f3wno do zarostu, jak i sk\u00f3ry twarzy.<\/p>\n<p><em><strong>Sk\u0142ad:<\/strong> Prunus Amygdalus Dulcis Oil, Citrullus Lanatus Seed Oil, Vitis Vinifera Seed Oil, Parfum, Tocopherol, Cannabis Sativa Seed Oil, Rubus Idaeus Seed Oil, Copaifera Officinalis Resin, Glyceryl Isostearate, Palmitoyl Hydrolyzed Wheat Protein, Potassium Cocoyl Hydrolyzed Wheat Protein, Panthenol, Glycyrrhetinic Acid, Allantoin, Lecithin, Olea Europaea Fruit Oil, Beta- Caryophyllene, Camphor, Citrus Aurantium Peel Oil, Coumarin, Eugenia Caryophyllus Oil, Eugenol, Geraniol, Hexamethylindanopyran, Hexyl Cinnamal, Isoeugenyl Acetate, Lavandula Oil\/Extract, Lemongrass Oil, Limonene, Linalool, Linalyl Acetate, Pinene, Pogostemon Cablin Oil, Tetramethyl Acetyloctahydronaphthalenes, Vanillin.<\/em><\/p>\n<p>&nbsp;<\/p>\n<h3><strong>POZNAJ MOJE NUTY ZAPACHOWE:<\/strong><\/h3>\n<ul>\n<li><strong>g\u0142owy:<\/strong> czarny pieprz, drzewo cedrowe, piment, bergamotka<\/li>\n<li><strong>serca:<\/strong> lawenda, go\u017adzik, paczula, werbena<\/li>\n<li><strong>podstawy:<\/strong> drzewo cedrowe, drzewo gwajakowe, kadzid\u0142o, fasola tonka, ambra<\/li>\n<\/ul>\n<p>&nbsp;<\/p>\n<h3><strong>SPOS\u00d3B U\u017bYCIA OLEJKU DO BRODY\/TWARZY:<\/strong><\/h3>\n<p>Kilka kropli olejku do brody na\u0142\u00f3\u017c na d\u0142onie i wmasuj w twarz\/zarost\/klat\u0119 i co tylko chcesz.<\/p>\n<p>&nbsp;<\/p>\n<h3><strong>A CO M\u00d3WI\u0104 NA MIE\u015aCIE?<\/strong><\/h3>\n<p><em>Prawdziwy facet nie robi pompek, prawdziwy facet odpycha ziemi\u0119! <\/em><br \/>\n<em>A skoro bicki s\u0105 ju\u017c twarde, to niech zarost b\u0119dzie mi\u0119kki! <\/em><br \/>\n<em>U\u017cyj paru kropel gdzie trzeba \u2013 Tobie zmi\u0119knie zarost, a jej \u2013 kolana.<\/em><\/p>\n<p><img loading=\"lazy\" decoding=\"async\" class=\"alignnone wp-image-49197 size-medium\" src=\"https:\/\/laq.pl\/wp-content\/uploads\/2026\/02\/97-300x120.jpg\" alt=\"piktogramy zank\u00f3w: testowane dermatologicznie, produkt wega\u0144ski oraz 97 procent sk\u0142adnik\u00f3w pochodzenia naturalnego\" width=\"300\" height=\"120\" srcset=\"https:\/\/laq.pl\/wp-content\/uploads\/2026\/02\/97-300x120.jpg 300w, https:\/\/laq.pl\/wp-content\/uploads\/2026\/02\/97-1024x410.jpg 1024w, https:\/\/laq.pl\/wp-content\/uploads\/2026\/02\/97-768x307.jpg 768w, https:\/\/laq.pl\/wp-content\/uploads\/2026\/02\/97-726x290.jpg 726w, https:\/\/laq.pl\/wp-content\/uploads\/2026\/02\/97.jpg 1135w\" sizes=\"auto, (max-width: 300px) 100vw, 300px\" \/><\/p>\n","protected":false},"excerpt":{"rendered":"<p><strong>Piel\u0119gnuj\u0119 sk\u00f3r\u0119, zarost, klat\u0119 i ego.<\/strong> niekoniecznie Twoje!<\/p>\n","protected":false},"featured_media":27860,"template":"","meta":{"_acf_changed":false},"product_brand":[],"product_cat":[279,233,115,90],"product_tag":[289],"class_list":{"0":"post-24431","1":"product","2":"type-product","3":"status-publish","4":"has-post-thumbnail","6":"product_cat-kawal-byka","7":"product_cat-meskie","8":"product_cat-oleje","9":"product_cat-serie","10":"product_tag-kawal-byka","13":"first","14":"instock","15":"taxable","16":"shipping-taxable","17":"purchasable","18":"product-type-simple"},"acf":[],"_links":{"self":[{"href":"https:\/\/laq.pl\/en\/wp-json\/wp\/v2\/product\/24431","targetHints":{"allow":["GET"]}}],"collection":[{"href":"https:\/\/laq.pl\/en\/wp-json\/wp\/v2\/product"}],"about":[{"href":"https:\/\/laq.pl\/en\/wp-json\/wp\/v2\/types\/product"}],"wp:featuredmedia":[{"embeddable":true,"href":"https:\/\/laq.pl\/en\/wp-json\/wp\/v2\/media\/27860"}],"wp:attachment":[{"href":"https:\/\/laq.pl\/en\/wp-json\/wp\/v2\/media?parent=24431"}],"wp:term":[{"taxonomy":"product_brand","embeddable":true,"href":"https:\/\/laq.pl\/en\/wp-json\/wp\/v2\/product_brand?post=24431"},{"taxonomy":"product_cat","embeddable":true,"href":"https:\/\/laq.pl\/en\/wp-json\/wp\/v2\/product_cat?post=24431"},{"taxonomy":"product_tag","embeddable":true,"href":"https:\/\/laq.pl\/en\/wp-json\/wp\/v2\/product_tag?post=24431"}],"curies":[{"name":"wp","href":"https:\/\/api.w.org\/{rel}","templated":true}]}}