{"id":24808,"date":"2025-01-21T09:57:19","date_gmt":"2025-01-21T08:57:19","guid":{"rendered":"https:\/\/laq.pl\/?post_type=product&#038;p=24808"},"modified":"2026-04-08T21:38:30","modified_gmt":"2026-04-08T19:38:30","slug":"krem-do-twarzy-i-po-goleniu-kawal-byka-150-ml","status":"publish","type":"product","link":"https:\/\/laq.pl\/en\/product\/krem-do-twarzy-i-po-goleniu-kawal-byka-150-ml\/","title":{"rendered":"M\u0119ski krem do twarzy i po goleniu 2w1 \u2013 KAWA\u0141 BYKA 150ml"},"content":{"rendered":"<h2 style=\"text-align: center;\">Formu\u0142a bogata w sk\u0142adniki aktywne \u2013 idealna po goleniu i na co dzie\u0144<\/h2>\n<p>&nbsp;<\/p>\n<h3><strong>KIM JESTEM?<\/strong><\/h3>\n<p>To nie jest krem dla byle rogacza z obory \u2013 to wega\u0144skie cude\u0144ko dla zadbanego bysiora. Ty robisz mas\u0119 i rze\u017ab\u0119, a ja wra\u017cenie na wo\u0142owinkach. Oferuj\u0119 ci nawil\u017cony, g\u0142adki i wypiel\u0119gnowany pysk, na co dzie\u0144 i po goleniu. Gwarantuj\u0119 ci, \u017ce nawet najdorodniejsze samice zrobi\u0105 na tw\u00f3j widok ciel\u0119ce oczy.<\/p>\n<p>&nbsp;<\/p>\n<h3><strong>CO MOG\u0118 DLA CIEBIE ZROBI\u0106?<\/strong><\/h3>\n<p>Ty robisz trening, ja piel\u0119gnacj\u0119. Ty robisz \u0142aweczk\u0119 i kettle, a ja seri\u0119: nawil\u017cenie, ulga, regeneracja. Pysk nie b\u0119dzie si\u0119 klei\u0142, bo jestem lekki i niet\u0142usty \u2013 wch\u0142aniam si\u0119 szybciej ni\u017c Ty odk\u0142adasz sztang\u0119. A gdy chronisz to m\u0119skie cia\u0142o przed sflaczeniem, ja zapewniam twojej sk\u00f3rze ochron\u0119 przed czynnikami zewn\u0119trznymi i podra\u017cnieniami. Jestem doskona\u0142ym kompresem \u0142agodz\u0105cym po goleniu, wi\u0119c nie zapominaj o mnie tam, gdzie by\u0142o golone, tak jak nie zapominasz o dniu n\u00f3g. I pami\u0119taj: jedyna z\u0142a piel\u0119gnacja to taka, kt\u00f3rej nie wykona\u0142e\u015b!<\/p>\n<p>&nbsp;<\/p>\n<h3><strong>PYTASZ KOTKU, CO MAM W \u015aRODKU?<\/strong><\/h3>\n<p>W moim sk\u0142adzie znajdziesz \u0142agodz\u0105cy podra\u017cnienia pantenol. Zawieram te\u017c proteiny ro\u015blinne z kukurydzy, pszenicy i soi, odbudowuj\u0105ce oraz nawil\u017caj\u0105ce sk\u00f3r\u0119, a tak\u017ce gliceryn\u0119 pochodzenia ro\u015blinnego, kt\u00f3ra zmi\u0119kczy i wyg\u0142adzi nawet najwi\u0119kszego twardziela. Ekstrakty z ostropestu plamistego i bazylii indyjskiej wspieraj\u0105 regeneracj\u0119 i ochron\u0119 sk\u00f3ry. Imponuj\u0105ce? No raczej! Koledzy z si\u0142ki spuchn\u0105 z zazdro\u015bci.<\/p>\n<p><em><strong>Sk\u0142ad:<\/strong> \u00a0Aqua, Isopropyl Myristate, Ricinus Communis Seed Oil, Polyglyceryl-6 Stearate, Citrullus Lanatus Seed Oil, Isoamyl Laurate, Panthenol, Glyceryl Stearate, Cetearyl Alcohol, Eleutherococcus Senticosus Root Extract, Galium Aparine Extract, Equisetum Arvense Leaf Extract, Arctium Lappa Root Extract, Hydrolyzed Corn Protein, Hydrolyzed Wheat Protein, Hydrolyzed Soy Protein, Enteromorpha Compressa Extract, Silybum Marianum Fruit Extract, Ocimum Sanctum Leaf Extract, Leuconostoc\/Radish Root Ferment Filtrate, Tocopherol,\u00a0Helianthus Annuus Seed Oil,\u00a0Sodium Gluconate, Xanthan Gum, Hydrolyzed Caesalpinia Spinosa Gum, Caesalpinia Spinosa Gum, Propanediol, Glycerin, Polyglyceryl-6 Behenate, Citric Acid, Phenoxyethanol, Ethylhexylglycerin, Sodium Benzoate, Potassium Sorbate, Parfum, Beta-Caryophyllene, Coumarin, Eugenia Caryophyllus Oil, Eugenol, Geraniol, Hexamethylindanopyran, Hexyl Cinnamal, Isoeugenyl Acetate, Limonene, Linalool, Linalyl Acetate, Pinene, Pogostemon Cablin Oil, Tetramethyl Acetyloctahydronaphthalenes, Vanillin.<\/em><\/p>\n<p>&nbsp;<\/p>\n<h3><strong>POZNAJ MOJE NUTY ZAPACHOWE:<\/strong><\/h3>\n<ul>\n<li><strong>g\u0142owy: <\/strong>czarny pieprz, drzewo cedrowe, piment, bergamotka<\/li>\n<li><strong>serca: <\/strong>lawenda, go\u017adzik, paczula, werbena<\/li>\n<li><strong>podstawy: <\/strong>drzewo cedrowe, drzewo gwajakowe, kadzid\u0142o, fasola tonka, ambra<\/li>\n<\/ul>\n<p>&nbsp;<\/p>\n<h3><strong>SPOS\u00d3B U\u017bYCIA:<\/strong><\/h3>\n<p>Krem wsmaruj w pysk, klat\u0119 i co tylko chcesz rano, wieczorem lub bezpo\u015brednio po goleniu. Omi\u0144 okolice oczu.<\/p>\n<p>&nbsp;<\/p>\n<h3><strong>A CO M\u00d3WI\u0104 NA MIE\u015aCIE?<\/strong><\/h3>\n<p><em>Przyj\u0105\u0142e\u015b st\u00f3wk\u0119 na klat\u0119? <\/em><br \/>\n<em>Teraz przyjmij co\u015b na pysk!<\/em><br \/>\n<em>Krem do twarzy i po goleniu z proteinkami to mus dla ka\u017cdego dorodnego buhaja. <\/em><br \/>\n<em>Bo w obyciu mo\u017cesz by\u0107 szorstki, ale pysk musi by\u0107 g\u0142adki. <\/em><br \/>\n<em>Ten krem nie sprawi, \u017ce wi\u0119cej wyci\u015bniesz na \u0142aweczce, ale jak ogolisz klat\u0119, to samice zemdlej\u0105. <\/em><br \/>\n<em>Produkt dla facet\u00f3w z jajami (tam po goleniu te\u017c si\u0119 sprawdzi).<\/em><\/p>\n<p>&nbsp;<\/p>\n<p><img loading=\"lazy\" decoding=\"async\" class=\"alignnone wp-image-49326 size-medium\" src=\"https:\/\/laq.pl\/wp-content\/uploads\/2026\/02\/93-300x120.jpg\" alt=\"\" width=\"300\" height=\"120\" srcset=\"https:\/\/laq.pl\/wp-content\/uploads\/2026\/02\/93-300x120.jpg 300w, https:\/\/laq.pl\/wp-content\/uploads\/2026\/02\/93-1024x410.jpg 1024w, https:\/\/laq.pl\/wp-content\/uploads\/2026\/02\/93-768x307.jpg 768w, https:\/\/laq.pl\/wp-content\/uploads\/2026\/02\/93-726x290.jpg 726w, https:\/\/laq.pl\/wp-content\/uploads\/2026\/02\/93.jpg 1135w\" sizes=\"auto, (max-width: 300px) 100vw, 300px\" \/><\/p>\n","protected":false},"excerpt":{"rendered":"<p>U\u017cywasz? Wygrywasz! Twoja sk\u00f3ra poczuje ulg\u0119, nawil\u017cenie i regeneracj\u0119. <strong>Krem szybko si\u0119 wch\u0142ania, nie pozostawiaj\u0105c na twarzy t\u0142ustej warstwy.<\/strong><\/p>\n","protected":false},"featured_media":24940,"template":"","meta":{"_acf_changed":false},"product_brand":[],"product_cat":[279,844,233,90],"product_tag":[289],"class_list":{"0":"post-24808","1":"product","2":"type-product","3":"status-publish","4":"has-post-thumbnail","6":"product_cat-kawal-byka","7":"product_cat-kremy-i-balsamy-meskie","8":"product_cat-meskie","9":"product_cat-serie","10":"product_tag-kawal-byka","13":"first","14":"instock","15":"featured","16":"taxable","17":"shipping-taxable","18":"purchasable","19":"product-type-simple"},"acf":[],"_links":{"self":[{"href":"https:\/\/laq.pl\/en\/wp-json\/wp\/v2\/product\/24808","targetHints":{"allow":["GET"]}}],"collection":[{"href":"https:\/\/laq.pl\/en\/wp-json\/wp\/v2\/product"}],"about":[{"href":"https:\/\/laq.pl\/en\/wp-json\/wp\/v2\/types\/product"}],"wp:featuredmedia":[{"embeddable":true,"href":"https:\/\/laq.pl\/en\/wp-json\/wp\/v2\/media\/24940"}],"wp:attachment":[{"href":"https:\/\/laq.pl\/en\/wp-json\/wp\/v2\/media?parent=24808"}],"wp:term":[{"taxonomy":"product_brand","embeddable":true,"href":"https:\/\/laq.pl\/en\/wp-json\/wp\/v2\/product_brand?post=24808"},{"taxonomy":"product_cat","embeddable":true,"href":"https:\/\/laq.pl\/en\/wp-json\/wp\/v2\/product_cat?post=24808"},{"taxonomy":"product_tag","embeddable":true,"href":"https:\/\/laq.pl\/en\/wp-json\/wp\/v2\/product_tag?post=24808"}],"curies":[{"name":"wp","href":"https:\/\/api.w.org\/{rel}","templated":true}]}}