{"id":25412,"date":"2025-02-06T11:01:15","date_gmt":"2025-02-06T10:01:15","guid":{"rendered":"https:\/\/laq.pl\/?post_type=product&#038;p=25412"},"modified":"2026-04-05T07:28:11","modified_gmt":"2026-04-05T05:28:11","slug":"kula-kapielowa-z-niespodzianka-niebieska","status":"publish","type":"product","link":"https:\/\/laq.pl\/en\/product\/kula-kapielowa-z-niespodzianka-niebieska\/","title":{"rendered":"Kula k\u0105pielowa z niespodziank\u0105 niebieska"},"content":{"rendered":"<h2 style=\"text-align: center;\"><strong>Kula do k\u0105pieli z niespodziank\u0105 niebieska 120 g<\/strong><\/h2>\n<p>&nbsp;<\/p>\n<h3><strong>KIM JESTEM?<\/strong><\/h3>\n<p>Oto ja, r\u0119cznie wykonana musuj\u0105ca kula do k\u0105pieli dla dzieci, w dodatku w \u017cywym niebieskim kolorze. Co wi\u0119cej, ja i moje bli\u017aniacze kolorowe siostry (pomara\u0144czowa i r\u00f3\u017cowa) mamy ukryte w sobie ma\u0142e myde\u0142ka-niespodzianki. Wypr\u00f3buj zatem nas wszystkie i zbierz ca\u0142\u0105 ich kolekcj\u0119!<\/p>\n<p>&nbsp;<\/p>\n<h3><strong>CO MOG\u0118 DLA CIEBIE ZROBI\u0106?<\/strong><\/h3>\n<p>Czy Tw\u00f3j maluch nie lubi k\u0105pa\u0107 si\u0119 w wannie, zapieraj\u0105c si\u0119 przy tym r\u0105czkami i n\u00f3\u017ckami? Zmie\u0144 to i zapro\u015bcie mnie do wsp\u00f3lnej k\u0105pieli! Zobaczcie, jak \u015bwietnie musuj\u0119, a jednocze\u015bnie barwi\u0119 wod\u0119 na intensywnie niebieski kolor, dzi\u0119ki czemu zwyk\u0142e mycie zamieniam w relaksuj\u0105c\u0105 i pachn\u0105c\u0105 zabaw\u0119. Co wi\u0119cej, dodatkowo mog\u0119 by\u0107 stosowana r\u00f3wnie\u017c jako element domowej piel\u0119gnacji st\u00f3p i d\u0142oni.<\/p>\n<p>&nbsp;<\/p>\n<h3><strong>PYTASZ KOTKU, CO MAM W \u015aRODKU?<\/strong><\/h3>\n<p>Moja receptura zosta\u0142a wzbogacona mas\u0142em shea, olejem ze s\u0142odkich migda\u0142\u00f3w i witamin\u0105 E.<\/p>\n<p><em><strong>Sk\u0142ad kuli:<\/strong> Sodium Bicarbonate, Citric Acid, Polysorbate 80, Prunus Amygdalus Dulcis Oil, Butyrospermum Parkii Butter, Tocopherol, Parfum, [\u00b1 CI 17200, CI 15510, CI 42090].<\/em><\/p>\n<p><em><strong>Sk\u0142ad myde\u0142ka:<\/strong> Aqua, Glycerin, Sorbitol, Sodium Stearate, Sodium Laurate, Propylene Glycol, Sodium Oleate, Sodium Myristate, Sodium Chloride, Glyceryl Laurate, Cocamidopropyl Betaine, Theobroma Cacao Seed Butter, Butyrospermum Parkii Butter, Mangifera Indica Seed Butter, SodiumThiosulfate, Sodium Citrate, Titanium Dioxide, Citric Acid, Tetrasodium Iminodisuccinate, Tetrasodium Etidronate, Parfum, [\u00b1 Cl 19140, Cl 17200, Cl 15510, Cl 42090, Cl 16035].<\/em><\/p>\n<h3><strong>POZNAJ MOJE NUTY ZAPACHOWE:<\/strong><\/h3>\n<ul>\n<li><strong>g\u0142owy:<\/strong> grejpfrut<\/li>\n<li><strong>serca<\/strong>: marakuja, truskawka<\/li>\n<li><strong>podstawy:<\/strong> wanilia<\/li>\n<\/ul>\n<h3><strong>SPOS\u00d3B U\u017bYCIA MUSUJ\u0104CEJ KULI DO K\u0104PIELI:<\/strong><\/h3>\n<p>Wyci\u0105gnij kul\u0119 z folii ochronnej i wrzu\u0107 j\u0105 do wanny wype\u0142nionej ciep\u0142\u0105 wod\u0105. Baw si\u0119 dobrze!<\/p>\n<p>&nbsp;<\/p>\n<h3><strong>A CO M\u00d3WI\u0104 NA MIE\u015aCIE?<\/strong><\/h3>\n<p><em>K\u0105piel w niebieskiej wodzie pachn\u0105cej owocami.<\/em><br \/>\n<em>Frajda dla ka\u017cdego &#8211; ma\u0142ego i du\u017cego!<\/em><\/p>\n<p>&nbsp;<\/p>\n<p><img loading=\"lazy\" decoding=\"async\" class=\"alignnone wp-image-49200 size-medium\" src=\"https:\/\/laq.pl\/wp-content\/uploads\/2026\/02\/uniwersalny-300x177.jpg\" alt=\"piktogram znaku testowanie dermatologicznie oraz znak produktu wega\u0144skiego\" width=\"300\" height=\"177\" srcset=\"https:\/\/laq.pl\/wp-content\/uploads\/2026\/02\/uniwersalny-300x177.jpg 300w, https:\/\/laq.pl\/wp-content\/uploads\/2026\/02\/uniwersalny-726x429.jpg 726w, https:\/\/laq.pl\/wp-content\/uploads\/2026\/02\/uniwersalny.jpg 769w\" sizes=\"auto, (max-width: 300px) 100vw, 300px\" \/><\/p>\n","protected":false},"excerpt":{"rendered":"<p><strong>Musuj\u0105ca kula do k\u0105pieli z ukrytym w sobie uroczym myde\u0142kiem-niespodziank\u0105.<\/strong><\/p>\n","protected":false},"featured_media":28483,"template":"","meta":{"_acf_changed":false},"product_brand":[],"product_cat":[848,765,119,234],"product_tag":[330,331,763],"class_list":{"0":"post-25412","1":"product","2":"type-product","3":"status-publish","4":"has-post-thumbnail","6":"product_cat-piaski-i-kule-do-kapieli-dla-dzieci","7":"product_cat-stworki","8":"product_cat-kule-kapielowe","9":"product_cat-dla-dzieci","10":"product_tag-kula-kapielowa","11":"product_tag-marakuja","12":"product_tag-stworki","15":"first","16":"instock","17":"taxable","18":"shipping-taxable","19":"purchasable","20":"product-type-simple"},"acf":[],"_links":{"self":[{"href":"https:\/\/laq.pl\/en\/wp-json\/wp\/v2\/product\/25412","targetHints":{"allow":["GET"]}}],"collection":[{"href":"https:\/\/laq.pl\/en\/wp-json\/wp\/v2\/product"}],"about":[{"href":"https:\/\/laq.pl\/en\/wp-json\/wp\/v2\/types\/product"}],"wp:featuredmedia":[{"embeddable":true,"href":"https:\/\/laq.pl\/en\/wp-json\/wp\/v2\/media\/28483"}],"wp:attachment":[{"href":"https:\/\/laq.pl\/en\/wp-json\/wp\/v2\/media?parent=25412"}],"wp:term":[{"taxonomy":"product_brand","embeddable":true,"href":"https:\/\/laq.pl\/en\/wp-json\/wp\/v2\/product_brand?post=25412"},{"taxonomy":"product_cat","embeddable":true,"href":"https:\/\/laq.pl\/en\/wp-json\/wp\/v2\/product_cat?post=25412"},{"taxonomy":"product_tag","embeddable":true,"href":"https:\/\/laq.pl\/en\/wp-json\/wp\/v2\/product_tag?post=25412"}],"curies":[{"name":"wp","href":"https:\/\/api.w.org\/{rel}","templated":true}]}}