{"id":25930,"date":"2025-02-17T19:56:18","date_gmt":"2025-02-17T18:56:18","guid":{"rendered":"https:\/\/laq.pl\/?post_type=product&#038;p=25930"},"modified":"2026-04-03T09:39:09","modified_gmt":"2026-04-03T07:39:09","slug":"hoppy-goat-shower-gel","status":"publish","type":"product","link":"https:\/\/laq.pl\/en\/product\/hoppy-goat-shower-gel\/","title":{"rendered":"HOPPY GOAT Shower gel"},"content":{"rendered":"<h2 style=\"text-align: center;\"><strong>\u017bel pod prysznic HOPPY GOAT 100 ml<\/strong><\/h2>\n<p>&nbsp;<\/p>\n<h3><strong>KIM JESTEM?<\/strong><\/h3>\n<p><span style=\"font-weight: 400;\">Oto ja, \u017cel pod prysznic dla m\u0119\u017cczyzn, naturalny, wega\u0144ski i &#8211; mimo miniaturowej wersji &#8211; kozacko pachn\u0105cy m\u0119skimi perfumami. \u017bel z wyci\u0105giem z chmielu. Ale jednak nadal r\u00f3wnie\u017c po prostu \u017cel do mycia.\u00a0<\/span><\/p>\n<p>Dzi\u0119ki miniaturowej butelce idealnie sprawdz\u0119 si\u0119 w podr\u00f3\u017cy, na si\u0142owni czy na basenie.\u00a0B\u0119d\u0119 te\u017c super dodatkiem do prezentu!<\/p>\n<p>&nbsp;<\/p>\n<h3><strong>CO MOG\u0118 DLA CIEBIE ZROBI\u0106?<\/strong><\/h3>\n<p><span style=\"font-weight: 400;\">Prawd\u0119 m\u00f3wi\u0105c, umyj\u0119 Ci wszystko, co sobie tylko zamarzysz. Chcesz umy\u0107 cia\u0142o? Bardzo prosz\u0119. Pragniesz umy\u0107 w\u0142osy? Ale\u017c nie kr\u0119puj si\u0119. Sam\u0105 twarz, tylko r\u0119ce albo wy\u0142\u0105cznie stopy? Tak, jestem dobrym wyborem! <\/span><span style=\"font-weight: 400;\">Je\u015bli jeszcze si\u0119 zastanawiasz, to tak &#8211; umyjesz mn\u0105 r\u00f3wnie\u017c jajka i pozosta\u0142e elementy hydrauliki. W sumie mo\u017cesz wyszorowa\u0107 mn\u0105 r\u00f3wnie\u017c swojego psa (o ile wyrazi zgod\u0119), a nawet ukochane auto lub motor. Motocykl zreszt\u0105 te\u017c.\u00a0<\/span><\/p>\n<p>&nbsp;<\/p>\n<h3><strong>PYTASZ KOTKU, CO MAM W \u015aRODKU?<\/strong><\/h3>\n<p>Przede wszystkim patrz\u0105c trze\u017awym okiem na moj\u0105 receptur\u0119 od razu wida\u0107, \u017ce jest ona oparta na \u0142agodnych substancjach myj\u0105cych pochodzenia ro\u015blinnego. Ponadto zawieram gliceryn\u0119 (r\u00f3wnie\u017c pochodzenia ro\u015blinnego) oraz \u0142agodz\u0105cy ekstrakt z chmielu.<\/p>\n<p><em><strong>Sk\u0142ad:<\/strong> Aqua, Glycerin, Cocamidopropyl Betaine, Sodium Lauroyl Methyl Isethionate, Sodium Methyl Oleoyl Taurate, Lauryl Glucoside, Coco-Glucoside, Humulus Lupulus Extract, Guar Hydroxypropyltrimonium Chloride, Citric Acid, Sodium Benzoate, Potassium Sorbate, Sodium Chloride, Parfum, Linalool.<\/em><\/p>\n<p>&nbsp;<\/p>\n<h3><strong>POZNAJ MOJE NUTY ZAPACHOWE:<\/strong><\/h3>\n<ul>\n<li><strong>g\u0142owy:<\/strong> mi\u0119ta lodowa, bergamotka<\/li>\n<li><strong>serca:<\/strong> geranium, jab\u0142ko<\/li>\n<li><strong>podstawy:<\/strong> wanilia, drzewo sanda\u0142owe, cedr<\/li>\n<\/ul>\n<p>&nbsp;<\/p>\n<h3><strong>SPOS\u00d3B U\u017bYCIA M\u0118SKIEGO \u017bELU POD PRYSZNIC:<\/strong><\/h3>\n<p>Na\u0142\u00f3\u017c na sier\u015b\u0107, wmasuj i zmyj, byle nie j\u0119zykiem.<\/p>\n<p>&nbsp;<\/p>\n<h3><strong>A CO M\u00d3WI\u0104 NA MIE\u015aCIE?<\/strong><\/h3>\n<p><em>Zasiad\u0142 Kozio\u0142 w Internecie,<\/em><br \/>\n<em>co zam\u00f3wi\u0142? Dobrze wiecie!<\/em><br \/>\n<em>Z LaQ \u017celik do mordeczki<\/em><br \/>\n<em>w\u0119sz\u0105 kozy i owieczki.<\/em><br \/>\n<em>A Kozio\u0142ek nie wybrzydza,<\/em><br \/>\n<em>mord\u0105 pi\u0119kn\u0105 a\u017c zawstydza!<\/em><\/p>\n<p>&nbsp;<\/p>\n<p><img loading=\"lazy\" decoding=\"async\" class=\"alignnone size-full wp-image-11144\" src=\"https:\/\/laq.pl\/wp-content\/uploads\/2024\/03\/weganski100.jpg\" alt=\"\" width=\"100\" height=\"100\" srcset=\"https:\/\/laq.pl\/wp-content\/uploads\/2024\/03\/weganski100.jpg 100w, https:\/\/laq.pl\/wp-content\/uploads\/2024\/03\/weganski100-50x50.jpg 50w\" sizes=\"auto, (max-width: 100px) 100vw, 100px\" \/> <img loading=\"lazy\" decoding=\"async\" class=\"alignnone size-full wp-image-11143\" src=\"https:\/\/laq.pl\/wp-content\/uploads\/2024\/03\/derma-100.jpg\" alt=\"\" width=\"100\" height=\"100\" srcset=\"https:\/\/laq.pl\/wp-content\/uploads\/2024\/03\/derma-100.jpg 100w, https:\/\/laq.pl\/wp-content\/uploads\/2024\/03\/derma-100-50x50.jpg 50w\" sizes=\"auto, (max-width: 100px) 100vw, 100px\" \/> <img loading=\"lazy\" decoding=\"async\" class=\"alignnone wp-image-25425 size-full\" src=\"https:\/\/laq.pl\/wp-content\/uploads\/2025\/02\/procent-nat-skladnikow2.png\" alt=\"\" width=\"100\" height=\"100\" srcset=\"https:\/\/laq.pl\/wp-content\/uploads\/2025\/02\/procent-nat-skladnikow2.png 100w, https:\/\/laq.pl\/wp-content\/uploads\/2025\/02\/procent-nat-skladnikow2-50x50.png 50w\" sizes=\"auto, (max-width: 100px) 100vw, 100px\" \/><\/p>\n","protected":false},"excerpt":{"rendered":"<p>Miniaturowa wersja naturalnego i wega\u0144skiego <strong>\u017celu pod prysznic<\/strong> dla m\u0119\u017cczyzn. Kozacko pachn\u0105cego m\u0119skimi perfumami. \u017belu z wyci\u0105giem z chmielu. Ale jednak nadal r\u00f3wnie\u017c po prostu \u017celu do mycia. Mini butelka jest idealna na podr\u00f3\u017c, si\u0142owni\u0119 czy basen, b\u0119dzie te\u017c super dodatkiem do prezentu! <strong>Hello! Etykieta m\u00f3wi po angielsku.<\/strong><\/p>\n","protected":false},"featured_media":26069,"template":"","meta":{"_acf_changed":false},"product_brand":[],"product_cat":[874,773,774],"product_tag":[383,293],"class_list":{"0":"post-25930","1":"product","2":"type-product","3":"status-publish","4":"has-post-thumbnail","6":"product_cat-mens-body","7":"product_cat-english-line","8":"product_cat-mens-2","9":"product_tag-english-label","10":"product_tag-podchmielony-koziol","13":"first","14":"instock","15":"taxable","16":"shipping-taxable","17":"purchasable","18":"product-type-simple"},"acf":[],"_links":{"self":[{"href":"https:\/\/laq.pl\/en\/wp-json\/wp\/v2\/product\/25930","targetHints":{"allow":["GET"]}}],"collection":[{"href":"https:\/\/laq.pl\/en\/wp-json\/wp\/v2\/product"}],"about":[{"href":"https:\/\/laq.pl\/en\/wp-json\/wp\/v2\/types\/product"}],"wp:featuredmedia":[{"embeddable":true,"href":"https:\/\/laq.pl\/en\/wp-json\/wp\/v2\/media\/26069"}],"wp:attachment":[{"href":"https:\/\/laq.pl\/en\/wp-json\/wp\/v2\/media?parent=25930"}],"wp:term":[{"taxonomy":"product_brand","embeddable":true,"href":"https:\/\/laq.pl\/en\/wp-json\/wp\/v2\/product_brand?post=25930"},{"taxonomy":"product_cat","embeddable":true,"href":"https:\/\/laq.pl\/en\/wp-json\/wp\/v2\/product_cat?post=25930"},{"taxonomy":"product_tag","embeddable":true,"href":"https:\/\/laq.pl\/en\/wp-json\/wp\/v2\/product_tag?post=25930"}],"curies":[{"name":"wp","href":"https:\/\/api.w.org\/{rel}","templated":true}]}}