{"id":25931,"date":"2025-02-17T19:56:20","date_gmt":"2025-02-17T18:56:20","guid":{"rendered":"https:\/\/laq.pl\/?post_type=product&#038;p=25931"},"modified":"2026-04-03T09:39:11","modified_gmt":"2026-04-03T07:39:11","slug":"lynx-face-and-beard-oil","status":"publish","type":"product","link":"https:\/\/laq.pl\/en\/product\/lynx-face-and-beard-oil\/","title":{"rendered":"LYNX Face and beard oil"},"content":{"rendered":"<h2 style=\"text-align: center;\"><strong>Olej po goleniu i do brody LYNX 30 ml<\/strong><\/h2>\n<p>&nbsp;<\/p>\n<h3><strong>KIM JESTEM?<\/strong><\/h3>\n<p>Oto ja, naturalny i wega\u0144ski olejek do brody, stworzony specjalnie do piel\u0119gnacji sk\u00f3ry twarzy oraz pokrywaj\u0105cej j\u0105 zarostu. Mam przyjemn\u0105 w stosowaniu formu\u0142\u0119 i zniewalaj\u0105cy kobiety (i nie tylko!) zapach m\u0119skich perfum.<\/p>\n<p>&nbsp;<\/p>\n<h3><strong>CO MOG\u0118 DLA CIEBIE ZROBI\u0106?<\/strong><\/h3>\n<p>Pomog\u0119 Ci zadba\u0107 o sk\u00f3r\u0119 twarzy, nawil\u017caj\u0105c j\u0105 i \u0142agodz\u0105c wyst\u0119puj\u0105ce na niej podra\u017cnienia. Do tego nawil\u017c\u0119 w\u0142osy Twojej brody, a tak\u017ce nadam im zdrowy i l\u015bni\u0105cy wygl\u0105d. Czy to wszystko? Oczywi\u015bcie, \u017ce nie! U\u0142atwi\u0119 Ci te\u017c ich rozczesywanie, bo w sumie dlaczego nie?<\/p>\n<p>&nbsp;<\/p>\n<h3><strong>PYTASZ KOTKU, CO MAM W \u015aRODKU?<\/strong><\/h3>\n<p>Zawieram w sobie genialne oleje: z pestek arbuza, z pestek winogron oraz ze s\u0142odkich migda\u0142\u00f3w i z nasion malin. Czy wspomina\u0142em o oleju z nasion konopi siewnych? Nie zapominajmy te\u017c o oliwie z oliwek! Je\u015bli my\u015blisz, \u017ce to koniec dobroczynnych substancji, kt\u00f3re dla Ciebie skrywam, to si\u0119 grubo mylisz. Znajdziesz we mnie r\u00f3wnie\u017c witamin\u0119 E, pantenol, alantoin\u0119. Jak widzisz, bogate wn\u0119trze to w moim przypadku eufemizm!<\/p>\n<p><em><strong>Sk\u0142ad:<\/strong> Citrullus Vulgaris Seed Oil, Vitis Vinifera Seed Oil, Prunus Amygdalus Dulcis Oil, Parfum, Rubus Idaeus Seed Oil, Tocopherol, Cannabis Sativa Seed Oil, Copaifera Officinalis Resin, Glyceryl Isostearate, Palmitoyl Hydrolyzed Wheat Protein, Potassium Cocoyl Hydrolyzed Wheat Protein, Panthenol, Glycyrrhetinic Acid, Allantoin, Lecithin, Olea Europaea Fruit Oil, Benzyl Salicylate, Citral, Citronellol, Coumarin, Eugenol, Geraniol, Limonene, Linalool<\/em>.<\/p>\n<p>&nbsp;<\/p>\n<h3><strong>POZNAJ MOJE NUTY ZAPACHOWE:<\/strong><\/h3>\n<ul>\n<li><strong>g\u0142owy:<\/strong> bergamotka, cytryna, sza\u0142wia, zio\u0142a<\/li>\n<li><strong>serca:<\/strong> nuty morskie, lawenda, ja\u015bmin, tymianek, irys<\/li>\n<li><strong>podstawy:<\/strong> drewno bursztynowe, paczula, wetyweria, fasola tonka<\/li>\n<\/ul>\n<p>&nbsp;<\/p>\n<h3><strong>SPOS\u00d3B U\u017bYCIA OLEJKU DO BRODY\/TWARZY:<\/strong><\/h3>\n<p>Kilka kropli olejku do brody na\u0142\u00f3\u017c na d\u0142onie i wmasuj w twarz\/zarost.<\/p>\n<p>&nbsp;<\/p>\n<h3><strong>A CO M\u00d3WI\u0104 NA MIE\u015aCIE?<\/strong><\/h3>\n<p><em>Dzika natura tu\u017c pod nosem?<\/em><br \/>\n<em>Nie musisz rzuca\u0107 wszystkiego i wyje\u017cd\u017ca\u0107 w Bieszczady.<\/em><br \/>\n<em>Ten olejek to gatunek pod ochron\u0105!<\/em><br \/>\n<em>Czego Ry\u015b nie wyhoduje, tego Ryszard nie wypiel\u0119gnuje, wi\u0119c smaruj od pierwszego mchu pod nosem.<\/em><br \/>\n<em>Jak ten nasz olej Ci nie wystarczy, to serio olej wszystko i wyje\u017cd\u017caj.<\/em><\/p>\n<p>&nbsp;<\/p>\n<p><img loading=\"lazy\" decoding=\"async\" class=\"alignnone size-full wp-image-11144\" src=\"https:\/\/laq.pl\/wp-content\/uploads\/2024\/03\/weganski100.jpg\" alt=\"\" width=\"100\" height=\"100\" srcset=\"https:\/\/laq.pl\/wp-content\/uploads\/2024\/03\/weganski100.jpg 100w, https:\/\/laq.pl\/wp-content\/uploads\/2024\/03\/weganski100-50x50.jpg 50w\" sizes=\"auto, (max-width: 100px) 100vw, 100px\" \/> <img loading=\"lazy\" decoding=\"async\" class=\"alignnone size-full wp-image-11143\" src=\"https:\/\/laq.pl\/wp-content\/uploads\/2024\/03\/derma-100.jpg\" alt=\"\" width=\"100\" height=\"100\" srcset=\"https:\/\/laq.pl\/wp-content\/uploads\/2024\/03\/derma-100.jpg 100w, https:\/\/laq.pl\/wp-content\/uploads\/2024\/03\/derma-100-50x50.jpg 50w\" sizes=\"auto, (max-width: 100px) 100vw, 100px\" \/> <img loading=\"lazy\" decoding=\"async\" class=\"alignnone wp-image-25425 size-full\" src=\"https:\/\/laq.pl\/wp-content\/uploads\/2025\/02\/procent-nat-skladnikow2.png\" alt=\"okr\u0105gl czarny znaczek z napisem 95 % sk\u0142adnik\u00f3w naturalnego pochodzenia naturalnego\" width=\"100\" height=\"100\" srcset=\"https:\/\/laq.pl\/wp-content\/uploads\/2025\/02\/procent-nat-skladnikow2.png 100w, https:\/\/laq.pl\/wp-content\/uploads\/2025\/02\/procent-nat-skladnikow2-50x50.png 50w\" sizes=\"auto, (max-width: 100px) 100vw, 100px\" \/><\/p>\n","protected":false},"excerpt":{"rendered":"<p>Idealnie<strong> zadba o Twoj\u0105 sk\u00f3r\u0119 i pokrywaj\u0105ce j\u0105 (lub nie) w\u0142osie.<\/strong> Odpowiednio dobrane sk\u0142adniki z\u0142agodz\u0105 wszelkie podra\u017cnienia i zmi\u0119kcz\u0105, co trzeba (i tylko to, co trzeba). <strong>Etykieta w j\u0119zyku angielskim.<\/strong><\/p>\n","protected":false},"featured_media":26207,"template":"","meta":{"_acf_changed":false},"product_brand":[],"product_cat":[773,780,774],"product_tag":[383,287],"class_list":{"0":"post-25931","1":"product","2":"type-product","3":"status-publish","4":"has-post-thumbnail","6":"product_cat-english-line","7":"product_cat-mens-face","8":"product_cat-mens-2","9":"product_tag-english-label","10":"product_tag-ryszard-z-bieszczad","13":"first","14":"instock","15":"taxable","16":"shipping-taxable","17":"purchasable","18":"product-type-simple"},"acf":[],"_links":{"self":[{"href":"https:\/\/laq.pl\/en\/wp-json\/wp\/v2\/product\/25931","targetHints":{"allow":["GET"]}}],"collection":[{"href":"https:\/\/laq.pl\/en\/wp-json\/wp\/v2\/product"}],"about":[{"href":"https:\/\/laq.pl\/en\/wp-json\/wp\/v2\/types\/product"}],"wp:featuredmedia":[{"embeddable":true,"href":"https:\/\/laq.pl\/en\/wp-json\/wp\/v2\/media\/26207"}],"wp:attachment":[{"href":"https:\/\/laq.pl\/en\/wp-json\/wp\/v2\/media?parent=25931"}],"wp:term":[{"taxonomy":"product_brand","embeddable":true,"href":"https:\/\/laq.pl\/en\/wp-json\/wp\/v2\/product_brand?post=25931"},{"taxonomy":"product_cat","embeddable":true,"href":"https:\/\/laq.pl\/en\/wp-json\/wp\/v2\/product_cat?post=25931"},{"taxonomy":"product_tag","embeddable":true,"href":"https:\/\/laq.pl\/en\/wp-json\/wp\/v2\/product_tag?post=25931"}],"curies":[{"name":"wp","href":"https:\/\/api.w.org\/{rel}","templated":true}]}}