{"id":25935,"date":"2025-02-17T19:56:28","date_gmt":"2025-02-17T18:56:28","guid":{"rendered":"https:\/\/laq.pl\/?post_type=product&#038;p=25935"},"modified":"2026-04-03T09:42:23","modified_gmt":"2026-04-03T07:42:23","slug":"natural-washing-gel-and-shampoo-2in1-llama","status":"publish","type":"product","link":"https:\/\/laq.pl\/en\/product\/natural-washing-gel-and-shampoo-2in1-llama\/","title":{"rendered":"LLAMA Natural washing gel and shampoo 2in1"},"content":{"rendered":"<h2 style=\"text-align: center;\"><strong>\u017bel pod prysznic i szampon 2 w 1 LAMA 300 ml<\/strong><\/h2>\n<p>&nbsp;<\/p>\n<h3><strong>KIM JESTEM?<\/strong><\/h3>\n<p>Pluciem nie domyjesz! Oto ja, naturalny i wega\u0144ski kosmetyk 2 w 1: \u017cel do mycia cia\u0142a i szampon do w\u0142os\u00f3w. Jestem wprost idealnym kosmetykiem do ma\u0142ej \u0142azienki i w ka\u017cdej podr\u00f3\u017cy. Genialnie sprawdzam si\u0119 w internacie, bursie i akademiku. Nie mam sobie r\u00f3wnych na wakacjach i feriach, na obozie i koloniach, na zlocie i zje\u017adzie, a tak\u017ce na festiwalu. Kapitalnie sprawdzam si\u0119 te\u017c na delegacji i na szkoleniu. I jak to m\u00f3wi\u0105 &#8211; last but not least: nie mam sobie r\u00f3wnych na si\u0142owni i na basenie! Ponadto mam energetyczny zapach \u015bwie\u017cych owoc\u00f3w.<\/p>\n<p>&nbsp;<\/p>\n<h3><strong>CO MOG\u0118 DLA CIEBIE ZROBI\u0106?<\/strong><\/h3>\n<p>Kr\u00f3tko m\u00f3wi\u0105c: umyj\u0119 Ci\u0119 &#8211; jak to m\u00f3wi\u0105 &#8211; od st\u00f3p do g\u0142\u00f3w. I to dos\u0142ownie, poniewa\u017c jestem sprytnym kosmetykiem \u0142\u0105cz\u0105cym w sobie w\u0142a\u015bciwo\u015bci \u017celu do mycia i szamponu do w\u0142os\u00f3w. Umyj\u0119 zatem ca\u0142e Twoje cia\u0142o, a tak\u017ce czupryn\u0119.<\/p>\n<p>&nbsp;<\/p>\n<h3><strong>PYTASZ KOTKU, CO MAM W \u015aRODKU?<\/strong><\/h3>\n<p>Moja formu\u0142a oparta jest na \u0142agodnych substancjach myj\u0105cych. Ponadto znajdziesz we mnie kompleks postbiotyk\u00f3w.<\/p>\n<p><em><strong>Sk\u0142ad:<\/strong> Aqua, Sodium Coco-Sulfate, Coco-Glucoside, Cocamidopropyl Betaine, Glycerin, Lactobacillus, Bacillus Ferment Filtrate Extract, Lactobacillus Ferment Lysate, Bifida Ferment Lysate, Lactococcus Ferment Lysate, Alpha-Glucan Oligosaccharide, Polymnia Sonchifolia Root Juice, Glyceryl Oleate, Maltodextrin, Citric Acid, Sodium Chloride, 1,2-Hexanediol, Sodium Benzoate, Potassium Sorbate, Parfum, Citrus Aurantium Peel Oil, Hexamethylindanopyran, Hexyl Cinnamal, Limonene.<\/em><\/p>\n<p>&nbsp;<\/p>\n<h3><strong>POZNAJ MOJE NUTY ZAPACHOWE:<\/strong><\/h3>\n<ul>\n<li><strong>g\u0142owy: <\/strong>cytrusy, jab\u0142ko, mi\u0119ta, imbir<\/li>\n<li><strong>serca: <\/strong>marakuja, ananas, r\u00f3\u017ca<\/li>\n<li><strong>podstawy: <\/strong>d\u017cem truskawkowy, karmel, wanilia<\/li>\n<\/ul>\n<p>&nbsp;<\/p>\n<h3><strong>SPOS\u00d3B U\u017bYCIA \u017bELU I SZAMPONU 2 W 1:<\/strong><\/h3>\n<p>Nanie\u015b na wilgotn\u0105 sk\u00f3r\u0119\/w\u0142osy do wytworzenia piany i sp\u0142ucz.<\/p>\n<p>&nbsp;<\/p>\n<h3><strong>A CO M\u00d3WI\u0104 NA MIE\u015aCIE?<\/strong><\/h3>\n<p><em>Plujesz jadem? Czas troch\u0119 odpocz\u0105\u0107. Od plucia of course. Jad te\u017c nale\u017cy zmy\u0107!<\/em><br \/>\n<em>Lama otuli Ci\u0119 zapachem tropikalnych owoc\u00f3w, niczym ciep\u0142y koc z alpaki. Pomo\u017ce doprowadzi\u0107 do \u0142adu i czysto\u015bci zar\u00f3wno cia\u0142o jak i w\u0142osy.<\/em><\/p>\n<p>&nbsp;<\/p>\n<p><img loading=\"lazy\" decoding=\"async\" class=\"alignnone size-full wp-image-11144\" src=\"https:\/\/laq.pl\/wp-content\/uploads\/2024\/03\/weganski100.jpg\" alt=\"\" width=\"100\" height=\"100\" srcset=\"https:\/\/laq.pl\/wp-content\/uploads\/2024\/03\/weganski100.jpg 100w, https:\/\/laq.pl\/wp-content\/uploads\/2024\/03\/weganski100-50x50.jpg 50w\" sizes=\"auto, (max-width: 100px) 100vw, 100px\" \/> <img loading=\"lazy\" decoding=\"async\" class=\"alignnone size-full wp-image-11143\" src=\"https:\/\/laq.pl\/wp-content\/uploads\/2024\/03\/derma-100.jpg\" alt=\"\" width=\"100\" height=\"100\" srcset=\"https:\/\/laq.pl\/wp-content\/uploads\/2024\/03\/derma-100.jpg 100w, https:\/\/laq.pl\/wp-content\/uploads\/2024\/03\/derma-100-50x50.jpg 50w\" sizes=\"auto, (max-width: 100px) 100vw, 100px\" \/> <img loading=\"lazy\" decoding=\"async\" class=\"alignnone wp-image-25427 size-full\" src=\"https:\/\/laq.pl\/wp-content\/uploads\/2025\/02\/procent-nat-skladnikow4.png\" alt=\"okr\u0105gl czarny znaczek z napisem 97 % sk\u0142adnik\u00f3w naturalnego pochodzenia naturalnego\" width=\"100\" height=\"100\" srcset=\"https:\/\/laq.pl\/wp-content\/uploads\/2025\/02\/procent-nat-skladnikow4.png 100w, https:\/\/laq.pl\/wp-content\/uploads\/2025\/02\/procent-nat-skladnikow4-50x50.png 50w\" sizes=\"auto, (max-width: 100px) 100vw, 100px\" \/><\/p>\n","protected":false},"excerpt":{"rendered":"<p>Praktyczny <strong>kosmetyk 2 w 1,<\/strong> \u0142\u0105cz\u0105cy w sobie w\u0142a\u015bciwo\u015bci <strong>\u017celu do mycia cia\u0142a i szamponu do w\u0142os\u00f3w<\/strong>. Energetycznie pachnie \u015bwie\u017cymi owocami. <strong> A do tego..Hello! Etykieta m\u00f3wi po angielsku.<\/strong><\/p>\n","protected":false},"featured_media":26104,"template":"","meta":{"_acf_changed":false},"product_brand":[],"product_cat":[773,776],"product_tag":[383],"class_list":{"0":"post-25935","1":"product","2":"type-product","3":"status-publish","4":"has-post-thumbnail","6":"product_cat-english-line","7":"product_cat-kids-and-teens","8":"product_tag-english-label","11":"first","12":"instock","13":"taxable","14":"shipping-taxable","15":"purchasable","16":"product-type-simple"},"acf":[],"_links":{"self":[{"href":"https:\/\/laq.pl\/en\/wp-json\/wp\/v2\/product\/25935","targetHints":{"allow":["GET"]}}],"collection":[{"href":"https:\/\/laq.pl\/en\/wp-json\/wp\/v2\/product"}],"about":[{"href":"https:\/\/laq.pl\/en\/wp-json\/wp\/v2\/types\/product"}],"wp:featuredmedia":[{"embeddable":true,"href":"https:\/\/laq.pl\/en\/wp-json\/wp\/v2\/media\/26104"}],"wp:attachment":[{"href":"https:\/\/laq.pl\/en\/wp-json\/wp\/v2\/media?parent=25935"}],"wp:term":[{"taxonomy":"product_brand","embeddable":true,"href":"https:\/\/laq.pl\/en\/wp-json\/wp\/v2\/product_brand?post=25935"},{"taxonomy":"product_cat","embeddable":true,"href":"https:\/\/laq.pl\/en\/wp-json\/wp\/v2\/product_cat?post=25935"},{"taxonomy":"product_tag","embeddable":true,"href":"https:\/\/laq.pl\/en\/wp-json\/wp\/v2\/product_tag?post=25935"}],"curies":[{"name":"wp","href":"https:\/\/api.w.org\/{rel}","templated":true}]}}