{"id":25936,"date":"2025-02-17T19:56:30","date_gmt":"2025-02-17T18:56:30","guid":{"rendered":"https:\/\/laq.pl\/?post_type=product&#038;p=25936"},"modified":"2026-04-03T09:42:26","modified_gmt":"2026-04-03T07:42:26","slug":"monkey-natural-washing-gel-and-shampoo-2in1","status":"publish","type":"product","link":"https:\/\/laq.pl\/en\/product\/monkey-natural-washing-gel-and-shampoo-2in1\/","title":{"rendered":"MONKEY Natural washing gel and shampoo 2in1"},"content":{"rendered":"<h2 style=\"text-align: center;\"><strong>\u017bel pod prysznic i szampon 2 w 1 MONKEY 300 ml<\/strong><\/h2>\n<p>&nbsp;<\/p>\n<h3><strong>KIM JESTEM?<\/strong><\/h3>\n<p>Umyj si\u0119! Nie ma\u0142puj! Oto ja, naturalny i wega\u0144ski kosmetyk 2 w 1: \u017cel do mycia cia\u0142a i szampon do w\u0142os\u00f3w. Jestem wprost idealnym kosmetykiem do ma\u0142ej \u0142azienki i w ka\u017cdej podr\u00f3\u017cy. Genialnie sprawdzam si\u0119 w internacie, bursie i akademiku. Nie mam sobie r\u00f3wnych na wakacjach i feriach, na obozie i koloniach, na zlocie i zje\u017adzie, a tak\u017ce na festiwalu. Kapitalnie sprawdzam si\u0119 te\u017c na delegacji i na szkoleniu. I jak to m\u00f3wi\u0105 &#8211; last but not least: nie mam sobie r\u00f3wnych na si\u0142owni i na basenie! Ponadto mam energetyczny zapach \u015bwie\u017cego grejpfruta i zielonej herbaty.<\/p>\n<p>&nbsp;<\/p>\n<h3><strong>CO MOG\u0118 DLA CIEBIE ZROBI\u0106?<\/strong><\/h3>\n<p>Kr\u00f3tko m\u00f3wi\u0105c: umyj\u0119 Ci\u0119 &#8211; jak to m\u00f3wi\u0105 &#8211; od st\u00f3p do g\u0142\u00f3w. I to dos\u0142ownie, poniewa\u017c jestem sprytnym kosmetykiem \u0142\u0105cz\u0105cym w sobie w\u0142a\u015bciwo\u015bci \u017celu do mycia i szamponu do w\u0142os\u00f3w. Umyj\u0119 zatem ca\u0142e Twoje cia\u0142o, a tak\u017ce czupryn\u0119.<\/p>\n<p>&nbsp;<\/p>\n<h3><strong>PYTASZ KOTKU, CO MAM W \u015aRODKU?<\/strong><\/h3>\n<p>Moja formu\u0142a oparta jest na \u0142agodnych substancjach myj\u0105cych. Ponadto znajdziesz we mnie kompleks postbiotyk\u00f3w.<\/p>\n<p><em>Sk\u0142ad: Aqua, Sodium Coco-Sulfate, Coco-Glucoside, Cocamidopropyl Betaine, Glycerin, Lactobacillus, Bacillus Ferment Filtrate Extract, Lactobacillus Ferment Lysate, Bifida Ferment Lysate, Lactococcus Ferment Lysate, Alpha-Glucan Oligosaccharide, Polymnia Sonchifolia Root Juice, Glyceryl Oleate, Maltodextrin, Citric Acid, Sodium Chloride, 1,2-Hexanediol, Sodium Benzoate, Potassium Sorbate, Parfum, Citrus Aurantium Peel Oil, Hexyl Cinnamal, Limonene.<\/em><\/p>\n<p>&nbsp;<\/p>\n<h3><strong>POZNAJ MOJE NUTY ZAPACHOWE:<\/strong><\/h3>\n<ul>\n<li><strong>g\u0142owy: <\/strong>cytryna, grejpfrut, zielone li\u015bcie<\/li>\n<li><strong>serca: <\/strong>ja\u015bmin, konwalia<\/li>\n<li><strong>podstawy:<\/strong> pi\u017cmo, ambra<\/li>\n<\/ul>\n<p>&nbsp;<\/p>\n<h3><strong>SPOS\u00d3B U\u017bYCIA \u017bELU I SZAMPONU 2 W 1:<\/strong><\/h3>\n<p>Nanie\u015b na wilgotn\u0105 sk\u00f3r\u0119\/w\u0142osy do wytworzenia piany i sp\u0142ucz.<\/p>\n<p>&nbsp;<\/p>\n<h3><strong>A CO M\u00d3WI\u0104 NA MIE\u015aCIE?<\/strong><\/h3>\n<p><em>Ma\u0142pa w k\u0105pieli? <\/em><br \/>\n<em>Ka\u017cda ma\u0142peczka potrzebuje b\u0105belk\u00f3w, \u017ceby poczu\u0107 si\u0119 jak w ma\u0142pim gaju! <\/em><br \/>\n<em>Bierz \u017cel o zapachu grejpfruta i zielonej herbaty. <\/em><br \/>\n<em>A czysta sier\u015b\u0107 niech b\u0119dzie efektem ubocznym! <\/em><br \/>\n<em>\u017bel do mycia cia\u0142a i w\u0142os\u00f3w \u015bwietnie si\u0119 do tego nada.<\/em><\/p>\n<p>&nbsp;<\/p>\n<p><img loading=\"lazy\" decoding=\"async\" class=\"alignnone size-full wp-image-11144\" src=\"https:\/\/laq.pl\/wp-content\/uploads\/2024\/03\/weganski100.jpg\" alt=\"\" width=\"100\" height=\"100\" srcset=\"https:\/\/laq.pl\/wp-content\/uploads\/2024\/03\/weganski100.jpg 100w, https:\/\/laq.pl\/wp-content\/uploads\/2024\/03\/weganski100-50x50.jpg 50w\" sizes=\"auto, (max-width: 100px) 100vw, 100px\" \/> <img loading=\"lazy\" decoding=\"async\" class=\"alignnone size-full wp-image-11143\" src=\"https:\/\/laq.pl\/wp-content\/uploads\/2024\/03\/derma-100.jpg\" alt=\"\" width=\"100\" height=\"100\" srcset=\"https:\/\/laq.pl\/wp-content\/uploads\/2024\/03\/derma-100.jpg 100w, https:\/\/laq.pl\/wp-content\/uploads\/2024\/03\/derma-100-50x50.jpg 50w\" sizes=\"auto, (max-width: 100px) 100vw, 100px\" \/> <img loading=\"lazy\" decoding=\"async\" class=\"alignnone wp-image-25427 size-full\" src=\"https:\/\/laq.pl\/wp-content\/uploads\/2025\/02\/procent-nat-skladnikow4.png\" alt=\"okr\u0105gl czarny znaczek z napisem 97 % sk\u0142adnik\u00f3w naturalnego pochodzenia naturalnego\" width=\"100\" height=\"100\" srcset=\"https:\/\/laq.pl\/wp-content\/uploads\/2025\/02\/procent-nat-skladnikow4.png 100w, https:\/\/laq.pl\/wp-content\/uploads\/2025\/02\/procent-nat-skladnikow4-50x50.png 50w\" sizes=\"auto, (max-width: 100px) 100vw, 100px\" \/><\/p>\n","protected":false},"excerpt":{"rendered":"<p>Praktyczny <strong>kosmetyk 2 w 1<\/strong>, \u0142\u0105cz\u0105cy w sobie w\u0142a\u015bciwo\u015bci <strong>\u017celu do mycia cia\u0142a i szamponu do w\u0142os\u00f3w.<\/strong> Energetycznie pachnie \u015bwie\u017cym grejpfrutem i zielon\u0105 herbat\u0105. A do tego&#8230;<strong>Hello! Etykieta m\u00f3wi po angielsku.<\/strong><\/p>\n","protected":false},"featured_media":26385,"template":"","meta":{"_acf_changed":false},"product_brand":[],"product_cat":[773,776],"product_tag":[383],"class_list":{"0":"post-25936","1":"product","2":"type-product","3":"status-publish","4":"has-post-thumbnail","6":"product_cat-english-line","7":"product_cat-kids-and-teens","8":"product_tag-english-label","11":"first","12":"instock","13":"taxable","14":"shipping-taxable","15":"purchasable","16":"product-type-simple"},"acf":[],"_links":{"self":[{"href":"https:\/\/laq.pl\/en\/wp-json\/wp\/v2\/product\/25936","targetHints":{"allow":["GET"]}}],"collection":[{"href":"https:\/\/laq.pl\/en\/wp-json\/wp\/v2\/product"}],"about":[{"href":"https:\/\/laq.pl\/en\/wp-json\/wp\/v2\/types\/product"}],"wp:featuredmedia":[{"embeddable":true,"href":"https:\/\/laq.pl\/en\/wp-json\/wp\/v2\/media\/26385"}],"wp:attachment":[{"href":"https:\/\/laq.pl\/en\/wp-json\/wp\/v2\/media?parent=25936"}],"wp:term":[{"taxonomy":"product_brand","embeddable":true,"href":"https:\/\/laq.pl\/en\/wp-json\/wp\/v2\/product_brand?post=25936"},{"taxonomy":"product_cat","embeddable":true,"href":"https:\/\/laq.pl\/en\/wp-json\/wp\/v2\/product_cat?post=25936"},{"taxonomy":"product_tag","embeddable":true,"href":"https:\/\/laq.pl\/en\/wp-json\/wp\/v2\/product_tag?post=25936"}],"curies":[{"name":"wp","href":"https:\/\/api.w.org\/{rel}","templated":true}]}}