{"id":30892,"date":"2025-05-27T14:55:34","date_gmt":"2025-05-27T12:55:34","guid":{"rendered":"https:\/\/laq.pl\/?post_type=product&#038;p=30892"},"modified":"2026-04-05T13:21:09","modified_gmt":"2026-04-05T11:21:09","slug":"zestaw-ich-troje-top-shelf","status":"publish","type":"product","link":"https:\/\/laq.pl\/en\/product\/zestaw-ich-troje-top-shelf\/","title":{"rendered":"Zestaw prezentowy dla m\u0119\u017cczyzn Ich Troje TOP SHELF \u2013 3 \u017cele pod prysznic"},"content":{"rendered":"<h2 style=\"text-align: center;\"><strong>M\u0119ski zestaw prezentowy Ich Troje \u2013 3 \u017cele pod prysznic z serii LaQ<\/strong><\/h2>\n<p>&nbsp;<\/p>\n<p>\ud83d\udcb3<a href=\"https:\/\/laq.pl\/produkt\/zel-pod-prysznic-habibi-z-dubaju\/\"><strong>\u017bel pod prysznic Habibi z Dubaju 500 ml<\/strong><\/a> &#8211; <span style=\"font-weight: 400;\">naturalny i wega\u0144ski \u017cel pod prysznic dla m\u0119\u017cczyzn. Niewa\u017cne, czy pokry\u0142 ci\u0119 pustynny py\u0142, czy odczuwasz skutki s\u0142o\u0144ca nad radomiem \u2013 od\u015bwie\u017c\u0119 twoje cia\u0142o, w\u0142osy, a je\u015bli trzeba \u2013 nawet wielb\u0142\u0105da. pachn\u0119 cytrusami, s\u0142odkimi przyprawami, cedrem i pi\u017cmem \u2013 kr\u00f3tko m\u00f3wi\u0105c: czu\u0107 pini\u0105dz.\u00a0<\/span><\/p>\n<p>\ud83d\udc15<a href=\"https:\/\/laq.pl\/produkt\/zel-pod-prysznic-ZAPACH SEKSU I BIZNESU-dark-500-ml\/\"><strong> \u017bel pod prysznic ZAPACH SEKSU I BIZNESU 500 ml<\/strong><\/a> &#8211; wega\u0144ski i niezwykle m\u0119ski \u017cel pod prysznic. Pachn\u0119 dobrym seksem i udanym biznesem, a odwracaj\u0105c psa ogonem &#8211; udanym seksem i dobrym biznesem. sam nie wiem, czym bardziej. Dobry nos wyczuje te\u017c u mnie m\u0119skie perfumy z nut\u0105 kardamonu i czarnego pieprzu. Kto\u015b kiedy\u015b powiedzia\u0142 o mnie &#8220;najlepszy&#8221; i jak dot\u0105d tego nie odszczeka\u0142.<\/p>\n<p>\ud83d\udc10 <a href=\"https:\/\/laq.pl\/produkt\/koziol-z-klasa-zel-pod-prysznic-8-w-1-dark-500-ml\/\"><strong>\u017bel pod prysznic Kozio\u0142 z Klas\u0105 500 ml<\/strong><\/a> &#8211; <span style=\"font-weight: 400;\">\u017cel pod prysznic dla m\u0119\u017cczyzn, naturalny, wega\u0144ski, a tak\u017ce genialnie i zdecydowanie kozacko pachn\u0105cy m\u0119skimi perfumami. \u017cel z wyci\u0105giem z chmielu. ale jednak nadal r\u00f3wnie\u017c po prostu \u017cel do mycia.\u00a0<\/span><\/p>\n<p><strong>\ud83c\udf81 Zapakowany w kartonik z por\u0119czn\u0105 r\u0105czk\u0105<\/strong><\/p>\n<p>&nbsp;<\/p>\n<h3><strong>KIM JESTEM?<\/strong><\/h3>\n<p>Oto ja, zestaw 3 naturalnych i wega\u0144skich \u017celi pod prysznic. jak wida\u0107, znajdziesz we mnie \u017cele z naszych 3 linii zapachowych dla m\u0119\u017cczyzn. przede wszystkim genialnie sprawdz\u0119 si\u0119 wi\u0119c w roli prezentu dla prawdziwego faceta! W szczeg\u00f3lno\u015bci dla tego, kt\u00f3ry robi biznesy w wielkim mie\u015bcie a jak wchodzi do windy to nawet powietrze nabiera presti\u017cu.<br \/>\nJe\u015bli jeszcze nie znasz naszych linii zapachowych, to wiedz, \u017ce w zestawie ich troje pierwsze skrzypce gra H<strong>abibi<\/strong> o zapachu z\u0142otej karty kredytowej, wt\u00f3ruje mu <strong>ZAPACH SEKSU I BIZNESU<\/strong> , a g\u00f3rn\u0105 p\u00f3\u0142k\u0119 zamyka K<strong>ozio\u0142 z Klas\u0105<\/strong>, kt\u00f3ry nie beczy, on negocjuje. Ich zapach? G\u00f3rna p\u00f3\u0142ka, zero kompromis\u00f3w.<\/p>\n<p>&nbsp;<\/p>\n<h3><strong>CO MOG\u0118 DLA CIEBIE ZROBI\u0106?<\/strong><\/h3>\n<p>Co jest lepsze na prezent ni\u017c p\u00f3\u0142 litra? P\u00f3\u0142tora litra! szukasz prezentu dla faceta na urodziny? A mo\u017ce interesuje ci\u0119 pomys\u0142 na niebanalny prezent dla kumpla na imieniny? Upominek na dzie\u0144 ch\u0142opaka, podarunek na \u015bwi\u0119ta? Jeste\u015b we w\u0142a\u015bciwym miejscu, bowiem na prezent dla m\u0119\u017cczyzny nadaj\u0119 si\u0119 idealnie! W szczeg\u00f3lno\u015bci dlatego, \u017ce jestem zapakowany w efektowne pude\u0142ko prezentowe z okienkami i wygodnym uchwytem. Poza tym, z uwagi na r\u00f3\u017cnorodno\u015b\u0107 zapachow\u0105 i zabawne etykiety mog\u0119 \u015bmia\u0142o zapewni\u0107 ci\u0119, \u017ce szale\u0144stwo zmys\u0142\u00f3w i zadowolenie obdarowanego masz murowane!<\/p>\n<p>&nbsp;<\/p>\n<h3><strong>PYTASZ KOTKU, CO MAM W \u015aRODKU?<\/strong><\/h3>\n<p>\ud83d\udcb3<a href=\"https:\/\/laq.pl\/produkt\/zel-pod-prysznic-habibi-z-dubaju\/\"><strong>\u017bel pod prysznic Habibi z Dubaju 500 ml<\/strong><\/a> &#8211; <span style=\"font-weight: 400;\">znajdziesz u mnie \u0142agodne substancje myj\u0105ce, pochodz\u0105ce z kokosa i kilka smaczk\u00f3w kondycjonuj\u0105cych twoj\u0105 drogocenn\u0105 sk\u00f3r\u0119. Po pierwsze gliceryna, kt\u00f3ra zmi\u0119kcza sk\u00f3r\u0119 i chroni j\u0105 przed przesuszeniem. Po drugie emolient, kt\u00f3ry eliminuje uczucie \u015bci\u0105gni\u0119cia sk\u00f3ry po myciu. Po trzecie, kompleks cukr\u00f3w nawil\u017caj\u0105cych aquaxyl, kt\u00f3ry wspiera barier\u0119 hydrolipidow\u0105 twojej sk\u00f3ry oraz sk\u0142adniki nawil\u017caj\u0105ce i zapewniaj\u0105ce jej mi\u0119kko\u015b\u0107. Jednak tym, co ka\u017cdy habibi lubi najbardziej, jest ekstrakt z pistacji, kt\u00f3ry ma dzia\u0142anie od\u017cywcze, przeciwutleniaj\u0105ce i ochronne.\u00a0<\/span><\/p>\n<p>\ud83d\udc15<a href=\"https:\/\/laq.pl\/produkt\/zel-pod-prysznic-ZAPACH SEKSU I BIZNESU-dark-500-ml\/\"><strong> \u017bel pod prysznic ZAPACH SEKSU I BIZNESU 500 ml<\/strong><\/a> &#8211; na zewn\u0105trz jestem twardy, zdecydowany i bezkompromisowy, jednak wewn\u0105trz skrywam prawdziw\u0105 natur\u0119, opart\u0105 na \u0142agodnych substancjach myj\u0105cych pochodzenia ro\u015blinnego. Zawieram gliceryn\u0119 (r\u00f3wnie\u017c pochodzenia ro\u015blinnego), ekstrakt z nasion kardamonu, mocznik oraz niacynamid.<\/p>\n<p>\ud83d\udc10 <a href=\"https:\/\/laq.pl\/produkt\/koziol-z-klasa-zel-pod-prysznic-8-w-1-dark-500-ml\/\"><strong>\u017bel pod prysznic Kozio\u0142 z Klas\u0105 laq 500 ml<\/strong><\/a> &#8211; przede wszystkim patrz\u0105c z g\u00f3rnej p\u00f3\u0142ki na moj\u0105 receptur\u0119 od razu wida\u0107, \u017ce jest ona oparta na \u0142agodnych substancjach myj\u0105cych pochodzenia ro\u015blinnego. Ponadto zawieram gliceryn\u0119 (r\u00f3wnie\u017c pochodzenia ro\u015blinnego) oraz \u0142agodz\u0105cy ekstrakt z chmielu.<\/p>\n<p>(dok\u0142adne sk\u0142ady INCI poszczeg\u00f3lnych produkt\u00f3w znajdziesz pod powy\u017cszymi linkami)<\/p>\n<p>&nbsp;<\/p>\n<h3><strong>POZNAJ MOJE NUTY ZAPACHOWE:<\/strong><\/h3>\n<p><strong>Habibi z Dubaju &#8211; nuty zapachowe:\u00a0<\/strong><\/p>\n<ul>\n<li style=\"list-style-type: none;\">\n<ul>\n<li><strong>g\u0142owy: <\/strong>\u015bwie\u017ce cytrusy, owocowe, kremowe<\/li>\n<li><strong>serca: <\/strong>s\u0142odkie przyprawy, ja\u015bmin, r\u00f3\u017ca<\/li>\n<li><strong>podstawy: <\/strong>wanilia, fasola tonka, pi\u017cmo, mech d\u0119bowy, paczula, bursztyn, drzewo cedrowe<\/li>\n<\/ul>\n<p><strong>ZAPACH SEKSU I BIZNESU &#8211; nuty zapachowe:\u00a0<\/strong><\/p>\n<ul>\n<li><strong>g\u0142owy:<\/strong> cytryna, grejpfrut, nuty wodne<\/li>\n<li><strong>serca:<\/strong> jab\u0142ko, mi\u0119ta, r\u00f3\u017cowy pieprz, r\u00f3\u017ca<\/li>\n<li><strong>podstawy:<\/strong> drzewo cedrowe, drzewo sanda\u0142owe, suche drewno, fasola tonka, pi\u017cmo<\/li>\n<\/ul>\n<p><strong>Kozio\u0142 z Klas\u0105- nuty zapachowe:\u00a0<\/strong><\/p>\n<ul>\n<li><strong>g\u0142owy:<\/strong> mi\u0119ta lodowa, bergamotka<\/li>\n<li><strong>serca:<\/strong> geranium, jab\u0142ko<\/li>\n<li><strong>podstawy:<\/strong> wanilia, drzewo sanda\u0142owe, cedr<\/li>\n<\/ul>\n<p>&nbsp;<\/p>\n<h3><strong>A co m\u00f3wi\u0105 na mie\u015bcie?<\/strong><\/h3>\n<p><em>P\u00f3\u0142tora litra szcz\u0119\u015bcia!<\/em><br \/>\n<em>Z pewno\u015bci\u0105 lepsze na prezent ni\u017c p\u00f3\u0142 litra!<\/em><\/p>\n<p>&nbsp;<\/p>\n<p><img loading=\"lazy\" decoding=\"async\" class=\"alignnone size-full wp-image-11144\" src=\"https:\/\/laq.pl\/wp-content\/uploads\/2024\/03\/weganski100.jpg\" alt=\"\" width=\"100\" height=\"100\" srcset=\"https:\/\/laq.pl\/wp-content\/uploads\/2024\/03\/weganski100.jpg 100w, https:\/\/laq.pl\/wp-content\/uploads\/2024\/03\/weganski100-50x50.jpg 50w\" sizes=\"auto, (max-width: 100px) 100vw, 100px\" \/> <img loading=\"lazy\" decoding=\"async\" class=\"alignnone size-full wp-image-11143\" src=\"https:\/\/laq.pl\/wp-content\/uploads\/2024\/03\/derma-100.jpg\" alt=\"\" width=\"100\" height=\"100\" srcset=\"https:\/\/laq.pl\/wp-content\/uploads\/2024\/03\/derma-100.jpg 100w, https:\/\/laq.pl\/wp-content\/uploads\/2024\/03\/derma-100-50x50.jpg 50w\" sizes=\"auto, (max-width: 100px) 100vw, 100px\" \/><\/li>\n<\/ul>\n","protected":false},"excerpt":{"rendered":"<p><strong>Kartonik prezentowy z por\u0119czn\u0105 r\u0105czk\u0105, a w nim:<\/strong><\/p>\n<p>\ud83d\udcb3<a href=\"https:\/\/laq.pl\/produkt\/zel-pod-prysznic-habibi-z-dubaju\/\"><strong> \u017cel pod prysznic Habibi z Dubaju 500 ml<\/strong><\/a><\/p>\n<p>\ud83d\udc15 <a href=\"https:\/\/laq.pl\/produkt\/zel-pod-prysznic-ZAPACH SEKSU I BIZNESU-dark-500-ml\/\"><strong>\u017cel pod prysznic ZAPACH SEKSU I BIZNESU 500 ml<\/strong><\/a><\/p>\n<p>\ud83d\udc10 <a href=\"https:\/\/laq.pl\/produkt\/koziol-z-klasa-zel-pod-prysznic-8-w-1-dark-500-ml\/\"><strong>\u017cel pod prysznic Kozio\u0142 Klas\u0105 500 ml<\/strong><\/a><\/p>\n","protected":false},"featured_media":30947,"template":"","meta":{"_acf_changed":false},"product_brand":[],"product_cat":[103,229,233],"product_tag":[353,801],"class_list":{"0":"post-30892","1":"product","2":"type-product","3":"status-publish","4":"has-post-thumbnail","6":"product_cat-zestawy-na-prezent","7":"product_cat-dla-prawdziwego-mezczyzny","8":"product_cat-meskie","9":"product_tag-czysciopak","10":"product_tag-top-shelf","13":"first","14":"instock","15":"taxable","16":"shipping-taxable","17":"purchasable","18":"product-type-simple"},"acf":[],"_links":{"self":[{"href":"https:\/\/laq.pl\/en\/wp-json\/wp\/v2\/product\/30892","targetHints":{"allow":["GET"]}}],"collection":[{"href":"https:\/\/laq.pl\/en\/wp-json\/wp\/v2\/product"}],"about":[{"href":"https:\/\/laq.pl\/en\/wp-json\/wp\/v2\/types\/product"}],"wp:featuredmedia":[{"embeddable":true,"href":"https:\/\/laq.pl\/en\/wp-json\/wp\/v2\/media\/30947"}],"wp:attachment":[{"href":"https:\/\/laq.pl\/en\/wp-json\/wp\/v2\/media?parent=30892"}],"wp:term":[{"taxonomy":"product_brand","embeddable":true,"href":"https:\/\/laq.pl\/en\/wp-json\/wp\/v2\/product_brand?post=30892"},{"taxonomy":"product_cat","embeddable":true,"href":"https:\/\/laq.pl\/en\/wp-json\/wp\/v2\/product_cat?post=30892"},{"taxonomy":"product_tag","embeddable":true,"href":"https:\/\/laq.pl\/en\/wp-json\/wp\/v2\/product_tag?post=30892"}],"curies":[{"name":"wp","href":"https:\/\/api.w.org\/{rel}","templated":true}]}}