{"id":30911,"date":"2024-01-10T21:49:31","date_gmt":"2024-01-10T20:49:31","guid":{"rendered":"https:\/\/laq.pl\/produkt\/shots-shower-gel-natural-hedonist\/"},"modified":"2026-03-11T21:55:54","modified_gmt":"2026-03-11T20:55:54","slug":"shots-shower-gel-natural-hedonist","status":"publish","type":"product","link":"https:\/\/laq.pl\/en\/product\/shots-shower-gel-natural-hedonist\/","title":{"rendered":"Shots! Shower Gel B\u0141\u0118KIT PARY\u017bA 500 ml (Parisian Blue)"},"content":{"rendered":"<h2 style=\"text-align: center;\"><strong>Shots! Shower Gel \u2013 Cleanliness, lather, and a heavy dose of humor<\/strong><\/h2>\n<p>&nbsp;<\/p>\n<h3><strong>WHO AM I?<\/strong><\/h3>\n<p>Here I am, vegan and natural Shots shower gel! &#8211; so nice, denatured alcohol purple. And &#8211; perhaps despite everything you see and read on its label &#8211; it smells great.<\/p>\n<p>&nbsp;<\/p>\n<h3><strong>WHAT CAN I DO FOR YOU?<\/strong><\/h3>\n<p>In short, I&#8217;ll wash this and that for you. Besides, I might even make you laugh a little, as long as you maintain a distance from everything you can (including yourself). Plus, I&#8217;m also good at beating the foam. The one in the bathtub, of course!<\/p>\n<p>&nbsp;<\/p>\n<h3><strong>BABE, WONDERING WHAT\u2019S INSIDE?<\/strong><\/h3>\n<p>But jokes aside, let&#8217;s talk about the composition! First of all, the recipe of this natural shower gel is based on mild cleansing substances. Secondly, you will find plant-based glycerin and the power of plant extracts: from rosemary leaves, common sage and common ivy, and from chamomile flowers, mountain arnica, marigold and white deadnettle. In addition, the gel contains extracts from Scots pine needles, burdock root, watercress, nasturtium and lemon peel. As you can see, there is no shortage of things!<\/p>\n<p><em>Ingredients: Aqua, Sodium Coco-Sulfate, Coco-Glucoside, Cocamidopropyl Betaine, Glycerin, Glyceryl Oleate, Rosmarinus Officinalis Leaf Extract, Chamomilla Recutita Flower Extract, Arnica Montana Flower Extract, Lamium Album Extract, Salvia Officinalis Leaf Extract, Pinus Sylvestris Bud Extract, Nasturtium Officinale Extract, Arctium Majus Root Extract, Citrus Limon Peel Extract, Hedera Helix Leaf Extract, Calendula Officinalis Flower Extract, Tropaeolum Majus Flower Extract, Sodium Chloride, Sodium Gluconate, Sodium Benzoate, Potassium Sorbate, Citric Acid, Parfum, Coumarin, Limonene, Linalool, Linalyl Acetate, Tetramethyl Acetyloctahydronaphthalenes, CI 60730<span data-sheets-root=\"1\" data-sheets-value=\"{\"1\":2,\"2\":\"Ingredients: Aqua, Sodium Coco-Sulfate, Coco-Glucoside, Cocamidopropyl Betaine, Glycerin, Glyceryl Oleate, Rosmarinus Officinalis Leaf Extract, Chamomilla Recutita Flower Extract, Arnica Montana Flower Extract, Lamium Album Extract, Salvia Officinalis Leaf Extract, Pinus Sylvestris Bud Extract, Nasturtium Officinale Extract, Arctium Majus Root Extract, Citrus Limon Peel Extract, Hedera Helix Leaf Extract, Calendula Officinalis Flower Extract, Tropaeolum Majus Flower Extract, Sodium Chloride, Sodium Gluconate, Sodium Benzoate, Potassium Sorbate, Citric Acid, Parfum, Coumarin, Limonene, Linalool, CI 51319, Sodium Laureth Sulfate*, O-Phenyl Phenol.*sk\u0142adnik barwnika, zawarto\u015b\u0107 w \u017celu: 0,00028%.\"}\" data-sheets-userformat=\"{\"2\":15311,\"3\":{\"1\":0},\"4\":{\"1\":2,\"2\":14872538},\"5\":{\"1\":[{\"1\":2,\"2\":0,\"5\":{\"1\":2,\"2\":11128974}},{\"1\":0,\"2\":0,\"3\":3},{\"1\":1,\"2\":0,\"4\":1}]},\"6\":{\"1\":[{\"1\":2,\"2\":0,\"5\":{\"1\":2,\"2\":11128974}},{\"1\":0,\"2\":0,\"3\":3},{\"1\":1,\"2\":0,\"4\":1}]},\"9\":0,\"10\":1,\"11\":4,\"12\":0,\"14\":{\"1\":2,\"2\":0},\"15\":\"Calibri, sans-serif\",\"16\":11}\"><br \/>\n<\/span><\/em><\/p>\n<p>&nbsp;<\/p>\n<h3><strong>CHECK OUT MY FRAGRANCE NOTES:<\/strong><\/h3>\n<ul>\n<li><strong>Top notes:<\/strong> lemon, rosemary, spicy notes<\/li>\n<li><strong>Heart notes:<\/strong> almond, tonka bean<\/li>\n<li><strong>Base notes: <\/strong>notes of leather, patchouli, cedar<\/li>\n<\/ul>\n<p>&nbsp;<\/p>\n<h3><strong>HOW TO USE THE NATURAL SHOWER GEL:<\/strong><\/h3>\n<p>Apply a small amount of gel to your skin, lather up, then rinse off.<\/p>\n<p>&nbsp;<\/p>\n<h3><strong>WHAT\u2019S THE WORD ON THE STREET?<\/strong><\/h3>\n<p><em>Paris Blue \u2013 purple, men&#8217;s&#8230; It pounds with plywood.<\/em><br \/>\n<em>Bon jour!<\/em><br \/>\n<em>Eggs go best with sour rye soup, and our bottle goes best with eggs.<\/em><br \/>\n<em>Alcohol content just as high* as in that famously strong box wine. <br \/>*You know the one.<\/em><br \/>\n<em>Pierre Joncy from Paris (the one between Pozna\u0144 and Bydgoszcz) told us a story that inspired us.<\/em><br \/>\n<em>One day, Pierre Joncy walked into a barn and suddenly\u2014Gone with the Wind! The roof flew off, and before his eyes appeared a magnificent blue, straight out of Paris.<\/em><br \/>\n<em>Colored or not, it&#8217;s better to stand with our box in the shower than lie with one outside the store.<\/em><br \/>\n<em>Highly recommended for those who bathe asymptomatically.<\/em><br \/>\n<em>As tempting as it may be\u2014don\u2019t drink it.<\/em><br \/>\n<em>Avoid the eye area.<\/em><br \/>\n<em>There is no need to filter through bread crust.<\/em><\/p>\n<p>&nbsp;<\/p>\n<p><img loading=\"lazy\" decoding=\"async\" class=\"alignnone wp-image-49197 size-medium\" src=\"https:\/\/laq.pl\/wp-content\/uploads\/2026\/02\/97-300x120.jpg\" alt=\"Pictograms for: dermatologically tested, vegan product, and 97 percent ingredients of natural origin\" width=\"300\" height=\"120\" srcset=\"https:\/\/laq.pl\/wp-content\/uploads\/2026\/02\/97-300x120.jpg 300w, https:\/\/laq.pl\/wp-content\/uploads\/2026\/02\/97-1024x410.jpg 1024w, https:\/\/laq.pl\/wp-content\/uploads\/2026\/02\/97-768x307.jpg 768w, https:\/\/laq.pl\/wp-content\/uploads\/2026\/02\/97-726x290.jpg 726w, https:\/\/laq.pl\/wp-content\/uploads\/2026\/02\/97.jpg 1135w\" sizes=\"auto, (max-width: 300px) 100vw, 300px\" \/><\/p>\n","protected":false},"excerpt":{"rendered":"<p>That classic <strong>meths-purple<\/strong>. There&#8217;s also a high probability that the label will get a laugh out of you and anyone else who uses your bathroom.<\/p>\n","protected":false},"featured_media":30912,"template":"","meta":{"_acf_changed":false},"product_brand":[],"product_cat":[910,730,587,588,552],"product_tag":[685],"class_list":{"0":"post-30911","1":"product","2":"type-product","3":"status-publish","4":"has-post-thumbnail","6":"product_cat-the-big-shot","7":"product_cat-shots-en","8":"product_cat-shower-gels","9":"product_cat-500-ml","10":"product_cat-mens","11":"product_tag-shots-en","14":"first","15":"instock","16":"taxable","17":"shipping-taxable","18":"purchasable","19":"product-type-simple"},"acf":[],"_links":{"self":[{"href":"https:\/\/laq.pl\/en\/wp-json\/wp\/v2\/product\/30911","targetHints":{"allow":["GET"]}}],"collection":[{"href":"https:\/\/laq.pl\/en\/wp-json\/wp\/v2\/product"}],"about":[{"href":"https:\/\/laq.pl\/en\/wp-json\/wp\/v2\/types\/product"}],"wp:featuredmedia":[{"embeddable":true,"href":"https:\/\/laq.pl\/en\/wp-json\/wp\/v2\/media\/30912"}],"wp:attachment":[{"href":"https:\/\/laq.pl\/en\/wp-json\/wp\/v2\/media?parent=30911"}],"wp:term":[{"taxonomy":"product_brand","embeddable":true,"href":"https:\/\/laq.pl\/en\/wp-json\/wp\/v2\/product_brand?post=30911"},{"taxonomy":"product_cat","embeddable":true,"href":"https:\/\/laq.pl\/en\/wp-json\/wp\/v2\/product_cat?post=30911"},{"taxonomy":"product_tag","embeddable":true,"href":"https:\/\/laq.pl\/en\/wp-json\/wp\/v2\/product_tag?post=30911"}],"curies":[{"name":"wp","href":"https:\/\/api.w.org\/{rel}","templated":true}]}}