{"id":31435,"date":"2025-06-07T09:05:46","date_gmt":"2025-06-07T07:05:46","guid":{"rendered":"https:\/\/laq.pl\/?post_type=product&#038;p=31435"},"modified":"2026-04-21T11:24:50","modified_gmt":"2026-04-21T09:24:50","slug":"balsam-po-goleniu-dzikus-z-lasu","status":"publish","type":"product","link":"https:\/\/laq.pl\/en\/product\/balsam-po-goleniu-dzikus-z-lasu\/","title":{"rendered":"Balsam po goleniu DZIKUS Z LASU"},"content":{"rendered":"<h2 style=\"text-align: center;\">Balsam po goleniu DZIKUS Z LASU 150 ml<\/h2>\n<p>&nbsp;<\/p>\n<h3><strong>KIM JESTEM?<\/strong><\/h3>\n<p>Oto ja, naturalny i wega\u0144ski balsam po goleniu <span style=\"font-weight: 400;\">dla m\u0119\u017cczyzn.\u00a0<\/span>Znam las jak w\u0142asn\u0105 kiesze\u0144 i pachn\u0119 tak m\u0119sko, \u017ce wilki wyj\u0105 z zazdro\u015bci. <span style=\"font-weight: 400;\">Jestem tutaj, by do Twojej codziennej piel\u0119gnacji wprowadzi\u0107 odrobin\u0119 dziko\u015bci i ogrom \u015bwie\u017co\u015bci.<\/span><\/p>\n<p>&nbsp;<\/p>\n<h3><strong>CO MOG\u0118 DLA CIEBIE ZROBI\u0106?<\/strong><\/h3>\n<p>Ty si\u0119 golisz, ja przynosz\u0119 Twojej sk\u00f3rze ulg\u0119, nawil\u017cenie i regeneracj\u0119! Dzi\u0119ki lekkiej formule szybko si\u0119 wch\u0142aniam, nie pozostawiaj\u0105c na twarzy t\u0142ustej warstwy. Dodatkowo zapewni\u0119 Ci ochron\u0119 przed szkodliwymi czynnikami zewn\u0119trznymi, a m\u00f3j zapach doda Ci pewno\u015bci siebie na ca\u0142y dzie\u0144. Ponadto dodam Twojej sk\u00f3rze energii i ochroni\u0105 j\u0105 przed podra\u017cnieniami. A to wszystko po to, aby\u015b zawsze czu\u0142 si\u0119 jak Dzikus z Lasu \u2013 silny, pewny siebie i gotowy na p\u00f3j\u015bcie w \u017co\u0142\u0119dzie!<\/p>\n<p>&nbsp;<\/p>\n<h3><strong>PYTASZ KOTKU, CO MAM W \u015aRODKU?<\/strong><\/h3>\n<p>W moim sk\u0142adzie znajdziesz olej z pestek winogron, kt\u00f3ry nawil\u017ca i od\u017cywia sk\u00f3r\u0119, a tak\u017ce pantenol, kt\u00f3ry \u0142agodzi podra\u017cnienia. Zawieram r\u00f3wnie\u017c ekstrakt z kory d\u0119bu, kt\u00f3ry wzmacnia sk\u00f3r\u0119, z kolei ekstrakty z ostropestu plamistego i bazylii indyjskiej wspieraj\u0105 jej regeneracj\u0119 i ochron\u0119.<\/p>\n<p><em><strong>Sk\u0142ad:<\/strong> Aqua, Vitis Vinifera Seed Oil, Isopropyl Myristate, Polyglyceryl-6 Stearate, Panthenol, Isoamyl Laurate, Glyceryl Stearate, Cetearyl Alcohol, Quercus Petraea Bark Extract, Enteromorpha Compressa Extract, Silybum Marianum Fruit Extract, Ocimum Sanctum Leaf Extract, Sodium Gluconate, Xanthan Gum, Hydrolyzed Caesalpinia Spinosa Gum, Caesalpinia Spinosa Gum, Propanediol, Glycerin, Polyglyceryl-6 Behenate, Citric Acid, Phenoxyethanol, Ethylhexylglycerin, Sodium Benzoate, Potassium Sorbate, Parfum, Limonene.<\/em><\/p>\n<p>&nbsp;<\/p>\n<h3><strong>POZNAJ MOJE NUTY ZAPACHOWE:<\/strong><\/h3>\n<ul>\n<li><strong>g\u0142owy: <\/strong>bergamotka, czarna porzeczka, ananas, kwiat pomara\u0144czy<\/li>\n<li><strong>serca: <\/strong>paczula, ja\u015bmin, zio\u0142a<\/li>\n<li><strong>podstawy: <\/strong>mech d\u0119bowy, pi\u017cmo, ambra<\/li>\n<\/ul>\n<p>&nbsp;<\/p>\n<h3><strong>SPOS\u00d3B U\u017bYCIA M\u0118SKIEGO BALSAMU PO GOLENIU:<\/strong><\/h3>\n<p>Balsam wsmaruj w dziki ryj bezpo\u015brednio po goleniu, omi\u0144 jednak okolice oczu.<\/p>\n<p>&nbsp;<\/p>\n<h3><strong>A CO M\u00d3WI\u0104 NA MIE\u015aCIE?<\/strong><\/h3>\n<p><em>Nie ma co si\u0119 du\u017co rozwodzi\u0107, temat jest prosty. Jak ju\u017c ogolisz sw\u00f3j nieokrzesany dziki ryj to wklep balsam i przez chwil\u0119 poczuj si\u0119 jak rasowy odyniec. Zapach mchu i pi\u017cma na Twoim ju\u017c okrzesanym ryju doceni ka\u017cda loszka.<\/em><\/p>\n<p>&nbsp;<\/p>\n<p><img loading=\"lazy\" decoding=\"async\" class=\"alignnone wp-image-49194 size-medium\" src=\"https:\/\/laq.pl\/wp-content\/uploads\/2026\/02\/94-300x120.jpg\" alt=\"piktogramy zank\u00f3w: testowane dermatologicznie, produkt wega\u0144ski oraz 94 procent sk\u0142adnik\u00f3w pochodzenia naturalnego\" width=\"300\" height=\"120\" srcset=\"https:\/\/laq.pl\/wp-content\/uploads\/2026\/02\/94-300x120.jpg 300w, https:\/\/laq.pl\/wp-content\/uploads\/2026\/02\/94-1024x410.jpg 1024w, https:\/\/laq.pl\/wp-content\/uploads\/2026\/02\/94-768x307.jpg 768w, https:\/\/laq.pl\/wp-content\/uploads\/2026\/02\/94-726x290.jpg 726w, https:\/\/laq.pl\/wp-content\/uploads\/2026\/02\/94.jpg 1135w\" sizes=\"auto, (max-width: 300px) 100vw, 300px\" \/><\/p>\n","protected":false},"excerpt":{"rendered":"<p>Ty si\u0119 golisz, on przynosi Twojej sk\u00f3rze <strong>ulg\u0119, nawil\u017cenie i regeneracj\u0119<\/strong> &#8211; szybko si\u0119 wch\u0142ania, nie pozostawiaj\u0105c na twarzy t\u0142ustej warstwy.<\/p>\n","protected":false},"featured_media":48099,"template":"","meta":{"_acf_changed":false},"product_brand":[],"product_cat":[91,844,233],"product_tag":[292],"class_list":{"0":"post-31435","1":"product","2":"type-product","3":"status-publish","4":"has-post-thumbnail","6":"product_cat-dzikus-z-lasu","7":"product_cat-kremy-i-balsamy-meskie","8":"product_cat-meskie","9":"product_tag-dzikus-z-lasu","12":"first","13":"instock","14":"taxable","15":"shipping-taxable","16":"purchasable","17":"product-type-simple"},"acf":[],"_links":{"self":[{"href":"https:\/\/laq.pl\/en\/wp-json\/wp\/v2\/product\/31435","targetHints":{"allow":["GET"]}}],"collection":[{"href":"https:\/\/laq.pl\/en\/wp-json\/wp\/v2\/product"}],"about":[{"href":"https:\/\/laq.pl\/en\/wp-json\/wp\/v2\/types\/product"}],"wp:featuredmedia":[{"embeddable":true,"href":"https:\/\/laq.pl\/en\/wp-json\/wp\/v2\/media\/48099"}],"wp:attachment":[{"href":"https:\/\/laq.pl\/en\/wp-json\/wp\/v2\/media?parent=31435"}],"wp:term":[{"taxonomy":"product_brand","embeddable":true,"href":"https:\/\/laq.pl\/en\/wp-json\/wp\/v2\/product_brand?post=31435"},{"taxonomy":"product_cat","embeddable":true,"href":"https:\/\/laq.pl\/en\/wp-json\/wp\/v2\/product_cat?post=31435"},{"taxonomy":"product_tag","embeddable":true,"href":"https:\/\/laq.pl\/en\/wp-json\/wp\/v2\/product_tag?post=31435"}],"curies":[{"name":"wp","href":"https:\/\/api.w.org\/{rel}","templated":true}]}}