{"id":31872,"date":"2025-02-17T19:56:13","date_gmt":"2025-02-17T18:56:13","guid":{"rendered":"https:\/\/laq.pl\/produkt\/shots-shower-gel-pink-as-f\/"},"modified":"2026-03-11T21:43:08","modified_gmt":"2026-03-11T20:43:08","slug":"shots-shower-gel-pink-as-f","status":"publish","type":"product","link":"https:\/\/laq.pl\/en\/product\/shots-shower-gel-pink-as-f\/","title":{"rendered":"Shots! Shower Gel PINK AS F*** 100 ml"},"content":{"rendered":"<h2 style=\"text-align: center;\"><strong>Shots! Shower Gel \u2013 Cleanliness, lather, and a heavy dose of humor<\/strong><\/h2>\n<p>&nbsp;<\/p>\n<h3><strong>WHO AM I?<\/strong><\/h3>\n<p>Oto ja, wega\u0144ski i naturalny \u017cel pod prysznic Shots! w wersji mini &#8211; taki fajny, r\u00f3\u017cowy. And &#8211; perhaps despite everything you see and read on its label &#8211; it smells great. Thanks to my travel-friendly 100ml size, I\u2019m perfect for the gym, the pool, or any trip.<br \/>I also make a great add-on to any gift! <\/p>\n<p>&nbsp;<\/p>\n<h3><strong>WHAT CAN I DO FOR YOU?<\/strong><\/h3>\n<p>I\u2019ll wash this and that, keep things fresh, and maybe even make you laugh \u2013 if you\u2019ve got a healthy sense of humor (especially about yourself).<br \/>Oh, and let\u2019s not forget \u2013 I\u2019m great at making foam. In the shower, of course!   <\/p>\n<p>&nbsp;<\/p>\n<h3><strong>BABE, WONDERING WHAT\u2019S INSIDE?<\/strong><\/h3>\n<p>But jokes aside, let&#8217;s talk about the composition! The recipe of this natural shower gel is based on mild cleansing substances. Here you will find plant-based glycerin and the power of plant extracts: from rosemary leaves, common sage and common ivy, and from chamomile flowers, mountain arnica, marigold and white deadnettle. In addition, the gel contains extracts from Scots pine needles, burdock root, watercress, nasturtium and lemon peel. As you can see, there is no shortage of things!<\/p>\n<p><strong>Ingredients:<\/strong> <em>Aqua, Sodium Coco-Sulfate, Coco-Glucoside, Cocamidopropyl Betaine, Glycerin, Glyceryl Oleate, Rosmarinus Officinalis Leaf Extract, Chamomilla Recutita Flower Extract, Arnica Montana Flower Extract, Lamium Album Extract, Salvia Officinalis Leaf Extract, Pinus Sylvestris Bud Extract, Nasturtium Officinale Extract, Arctium Majus Root Extract, Citrus Limon Peel Extract, Hedera Helix Leaf Extract, Calendula Officinalis Flower Extract, Tropaeolum Majus Flower Extract, Sodium Chloride, Sodium Gluconate, Sodium Benzoate, Potassium Sorbate, Citric Acid, Parfum, Acetyl Cedrene, Tetramethyl Acetyloctahydronaphthalenes, CI 17200.<\/em><\/p>\n<p>&nbsp;<\/p>\n<h3><strong>CHECK OUT MY FRAGRANCE NOTES:<\/strong><\/h3>\n<ul>\n<li><strong>Top notes:<\/strong> clean, slightly citrusy<\/li>\n<li><strong>Heart notes:<\/strong> herbs, spices<\/li>\n<li><strong>Base notes:<\/strong> cedarwood, vetiver, musk, patchouli, labdanum, leather<\/li>\n<\/ul>\n<p>&nbsp;<\/p>\n<h3><strong>HOW TO USE THE NATURAL SHOWER GEL:<\/strong><\/h3>\n<p>Apply a small amount of gel to your skin, lather up, then rinse off.<\/p>\n<p>&nbsp;<\/p>\n<h3><strong>WHAT\u2019S THE WORD ON THE STREET?<\/strong><\/h3>\n<p><em>Pink as f**k &#8211; pink, women&#8217;s&#8230; For those who look at washing through rose-tinted glasses.<\/em><br \/>\n<em>What is there to speculate about?<\/em><br \/>\n<em>The gel is pink as f**k and smells like f**k!<\/em><br \/>\n<em>Supposedly feminine, but apparently a real man is not afraid of pink.<\/em><br \/>\n<em>And so it&#8217;s obvious that if you buy it, your guy will steal it.<\/em><br \/>\n<em>It doesn&#8217;t cost a fortune, so you won&#8217;t feel sorry for it like you did when he rubbed his feet with your three hundred dollar face cream.<\/em><br \/>\n<em>After all, it&#8217;s not the same when you take a small sip of his beer or use his razor to epilate your bikini area.<\/em><br \/>\n<em>But that&#8217;s what true love is!<\/em><\/p>\n<p>&nbsp;<\/p>\n<p><img loading=\"lazy\" decoding=\"async\" class=\"alignnone size-full wp-image-11144\" src=\"https:\/\/laq.pl\/wp-content\/uploads\/2024\/03\/weganski100.jpg\" alt=\"\" width=\"100\" height=\"100\" srcset=\"https:\/\/laq.pl\/wp-content\/uploads\/2024\/03\/weganski100.jpg 100w, https:\/\/laq.pl\/wp-content\/uploads\/2024\/03\/weganski100-50x50.jpg 50w\" sizes=\"auto, (max-width: 100px) 100vw, 100px\" \/> <img loading=\"lazy\" decoding=\"async\" class=\"alignnone size-full wp-image-11143\" src=\"https:\/\/laq.pl\/wp-content\/uploads\/2024\/03\/derma-100.jpg\" alt=\"\" width=\"100\" height=\"100\" srcset=\"https:\/\/laq.pl\/wp-content\/uploads\/2024\/03\/derma-100.jpg 100w, https:\/\/laq.pl\/wp-content\/uploads\/2024\/03\/derma-100-50x50.jpg 50w\" sizes=\"auto, (max-width: 100px) 100vw, 100px\" \/> <img loading=\"lazy\" decoding=\"async\" class=\"alignnone wp-image-25427 size-full\" src=\"https:\/\/laq.pl\/wp-content\/uploads\/2025\/02\/procent-nat-skladnikow4.png\" alt=\"round black stamp with the inscription 97% natural ingredients of natural origin\" width=\"100\" height=\"100\" srcset=\"https:\/\/laq.pl\/wp-content\/uploads\/2025\/02\/procent-nat-skladnikow4.png 100w, https:\/\/laq.pl\/wp-content\/uploads\/2025\/02\/procent-nat-skladnikow4-50x50.png 50w\" sizes=\"auto, (max-width: 100px) 100vw, 100px\" \/><\/p>\n","protected":false},"excerpt":{"rendered":"<p>Natural and vegan <strong>shower gel<\/strong> Shots! <strong>In a travel-sized version. Plus&#8230; Hello! The label even speaks English.  <\/strong> As pink as it gets. It washes great, produces good foam, and smells amazing. There is also a certain chance that its label will provide some amusement to you and other users of your bathroom. The miniature bottle is perfect for travel, the gym or the pool, and will also make a great gift!<\/p>\n","protected":false},"featured_media":31873,"template":"","meta":{"_acf_changed":false},"product_brand":[],"product_cat":[803,788],"product_tag":[590,685,678],"class_list":{"0":"post-31872","1":"product","2":"type-product","3":"status-publish","4":"has-post-thumbnail","6":"product_cat-shots-en-2","7":"product_cat-english-line-en","8":"product_tag-english-label-en","9":"product_tag-shots-en","10":"product_tag-travel-size","13":"first","14":"instock","15":"taxable","16":"shipping-taxable","17":"purchasable","18":"product-type-simple"},"acf":[],"_links":{"self":[{"href":"https:\/\/laq.pl\/en\/wp-json\/wp\/v2\/product\/31872","targetHints":{"allow":["GET"]}}],"collection":[{"href":"https:\/\/laq.pl\/en\/wp-json\/wp\/v2\/product"}],"about":[{"href":"https:\/\/laq.pl\/en\/wp-json\/wp\/v2\/types\/product"}],"wp:featuredmedia":[{"embeddable":true,"href":"https:\/\/laq.pl\/en\/wp-json\/wp\/v2\/media\/31873"}],"wp:attachment":[{"href":"https:\/\/laq.pl\/en\/wp-json\/wp\/v2\/media?parent=31872"}],"wp:term":[{"taxonomy":"product_brand","embeddable":true,"href":"https:\/\/laq.pl\/en\/wp-json\/wp\/v2\/product_brand?post=31872"},{"taxonomy":"product_cat","embeddable":true,"href":"https:\/\/laq.pl\/en\/wp-json\/wp\/v2\/product_cat?post=31872"},{"taxonomy":"product_tag","embeddable":true,"href":"https:\/\/laq.pl\/en\/wp-json\/wp\/v2\/product_tag?post=31872"}],"curies":[{"name":"wp","href":"https:\/\/api.w.org\/{rel}","templated":true}]}}