{"id":34177,"date":"2024-01-10T22:38:02","date_gmt":"2024-01-10T21:38:02","guid":{"rendered":"https:\/\/laq.pl\/produkt\/six-pack-men\/"},"modified":"2024-01-10T22:38:02","modified_gmt":"2024-01-10T21:38:02","slug":"six-pack-men","status":"publish","type":"product","link":"https:\/\/laq.pl\/en\/product\/six-pack-men\/","title":{"rendered":"Six Pack MEN"},"content":{"rendered":"<h2 style=\"text-align: center;\"><strong>Six Pack MEN<\/strong><\/h2>\n<p>&nbsp;<\/p>\n<p>\ud83d\udc15 <strong>2 x <a href=\"https:\/\/laq.pl\/produkt\/zel-pod-prysznic-8w1-SEKS%20I%20BIZNES-100-ml\/\">SEX AND BUSINESS 8 in 1 Shower Gel 100 ml <\/a><\/strong>\u2013 a vegan and irresistibly masculine shower gel.<br \/>I smell of great sex and successful business \u2014 or, turning the tables, successful sex and great business. I\u2019m not even sure which one more. A keen nose will also catch masculine perfume with notes of cardamom and black pepper. Someone once called me \u201cthe best,\u201d and so far, they haven\u2019t taken it back.    <\/p>\n<p><strong>\ud83d\udc10 2 x <a href=\"https:\/\/laq.pl\/en\/product\/koziol-goat-8-in-1-shower-gel\/\">PODCHMIELONY KOZIO\u0141 Shoer Gel 100 ml<\/a><\/strong> &#8211; <span style=\"font-weight: 400;\">shower gel for men, natural, vegan, and also brilliantly and definitely with a cool scent of men&#8217;s perfume. Gel with hop extract. But it is still just a cleansing gel. <\/span><\/p>\n<p><strong>\ud83d\udc062 x<\/strong> <a href=\"https:\/\/laq.pl\/en\/product\/ryszard-8-in-1-shower-gel\/\"><strong>RYSZARD Z BIESZCZAD Shower Gel 100 ml<\/strong><\/a> &#8211; <span style=\"font-weight: 400;\">a natural and vegan shower gel for men. It is the only one in the Mountains that contains tobacco leaf extract. Besides, I&#8217;m excited that I smell like men&#8217;s perfume. <\/span><\/p>\n<p><strong>\ud83c\udf81 Packed in a six-pack box with a handy handle<\/strong><\/p>\n<p>&nbsp;<\/p>\n<h3><strong>WHO AM I?<\/strong><\/h3>\n<p>Here I am, a set of 6 natural and vegan mini shower gels. As you can see, you&#8217;ll find gels from our 3 fragrance lines for men, two of each. Above all, they&#8217;ll make a fantastic gift for a real man! Plus, the bottles have a very practical capacity (100 ml), making them perfect for travel, the gym, or the pool.   <\/p>\n<p>If you haven\u2019t yet discovered our fragrance lines, here\u2019s the deal: in the Men\u2019s Lucky Pack, the lead role goes to <strong>SEX &amp; BUSINESS<\/strong>, with the scent of, well\u2026 sex and business. It\u2019s joined by <strong>PODCHMIELONY KOZIO\u0141<\/strong>, carrying the aroma of an evening with a cold beer, and rounding off the relay is <strong>RYSZARD Z BIESZCZAD<\/strong>, the only one who knows the scent of a mountain trail.<\/p>\n<p>&nbsp;<\/p>\n<h3><strong>WHAT CAN I DO FOR YOU?<\/strong><\/h3>\n<p>Looking for a birthday gift for a guy? Or maybe you&#8217;re interested in an idea for an original name day gift for a friend? A gift for Boy&#8217;s Day, a gift for the holidays? You&#8217;ve come to the right place, because it&#8217;s perfect as a gift for a man! Particularly because I am packed in an attractive gift box with windows and a comfortable handle. Besides, thanks to the variety of scents and the practical bottle size, I can confidently assure you that a sensory delight and the recipient\u2019s satisfaction are guaranteed!<\/p>\n<p>&nbsp;<\/p>\n<h3><strong>BABE, WONDERING WHAT\u2019S INSIDE?<\/strong><\/h3>\n<p>\ud83d\udc15<a href=\"https:\/\/laq.pl\/produkt\/zel-pod-prysznic-8w1-SEKS%20I%20BIZNES-100-ml\/\"><strong> SEX AND BUSINESS 8 in 1 Shower Gel 100 ml <\/strong><\/a> &#8211; On the outside, I\u2019m tough, confident, and uncompromising \u2014 yet inside, I hide my true nature, based on gentle, plant-derived cleansing agents. I contain glycerin (also of plant origin), cardamom seed extract, urea, and niacinamide. <\/p>\n<p><strong>\ud83d\udc10 <a href=\"https:\/\/laq.pl\/en\/product\/koziol-goat-8-in-1-shower-gel\/\">PODCHMIELONY KOZIO\u0141 Shoer Gel 100 ml<\/a> <\/strong>&#8211; First and foremost, a clear look at my formula shows that it\u2019s based on gentle, plant-derived cleansing agents. I also contain glycerin (also plant-based) and soothing hop extract. <\/p>\n<p><strong>\ud83d\udc06 <a href=\"https:\/\/laq.pl\/en\/product\/ryszard-8-in-1-shower-gel\/\">RYSZARD Z BIESZCZAD Shower Gel 100 ml<\/a> &#8211; <span style=\"font-weight: 400;\">Contains moisturizing glycerin of plant origin. I also have for you a nourishing extract of noble tobacco leaves, as well as moisturizing urea and vitamin B3 (niacinamide). <\/span><\/strong><\/p>\n<p>(The exact INCI ingredients for each product can be found under the links above.)<\/p>\n<p>&nbsp;<\/p>\n<h3><strong>CHECK OUT MY FRAGRANCE NOTES:<\/strong><\/h3>\n<p><strong>SEKS &amp; BIZNES &#8211; fragrance notes: <\/strong><\/p>\n<ul>\n<li><strong>Top Notes:<\/strong> lemon, grapefruit, aquatic notes<\/li>\n<li><strong>Heart Notes:<\/strong> apple, mint, pink pepper, rose<\/li>\n<li><strong>Base notes:<\/strong> cedarwood, sandalwood, dry wood, tonka bean, musk<\/li>\n<\/ul>\n<p><strong>Podchmielony Kozio\u0142 &#8211; fragrance notes: <\/strong><\/p>\n<ul>\n<li><strong>Top notes:<\/strong> ice mint, bergamot<\/li>\n<li><strong>Heart notes:<\/strong> geranium, apple<\/li>\n<li><strong>Base notes:<\/strong> vanilla, sandalwood, cedar<\/li>\n<\/ul>\n<p><strong>Ryszard z Bieszczad &#8211; fragrance notes: <\/strong><\/p>\n<ul>\n<li><strong>Top notes:<\/strong>Bergamot, lemon, sage, herbs<\/li>\n<li><strong>Heart notes:<\/strong> marine notes, lavender, jasmine, thyme, iris<\/li>\n<li><strong>Base notes:<\/strong> amber wood, patchouli, vetiver, tonka bean<\/li>\n<\/ul>\n<p>&nbsp;<\/p>\n<h3><strong>WHAT\u2019S THE WORD ON THE STREET?<\/strong><\/h3>\n<p><em>A six-pack is always a good gift idea!<\/em><\/p>\n<p>&nbsp;<\/p>\n<p><img loading=\"lazy\" decoding=\"async\" class=\"alignnone size-full wp-image-11144\" src=\"https:\/\/laq.pl\/wp-content\/uploads\/2024\/03\/weganski100.jpg\" alt=\"\" width=\"100\" height=\"100\" srcset=\"https:\/\/laq.pl\/wp-content\/uploads\/2024\/03\/weganski100.jpg 100w, https:\/\/laq.pl\/wp-content\/uploads\/2024\/03\/weganski100-50x50.jpg 50w\" sizes=\"auto, (max-width: 100px) 100vw, 100px\" \/> <img loading=\"lazy\" decoding=\"async\" class=\"alignnone size-full wp-image-11143\" src=\"https:\/\/laq.pl\/wp-content\/uploads\/2024\/03\/derma-100.jpg\" alt=\"\" width=\"100\" height=\"100\" srcset=\"https:\/\/laq.pl\/wp-content\/uploads\/2024\/03\/derma-100.jpg 100w, https:\/\/laq.pl\/wp-content\/uploads\/2024\/03\/derma-100-50x50.jpg 50w\" sizes=\"auto, (max-width: 100px) 100vw, 100px\" \/><\/p>\n","protected":false},"excerpt":{"rendered":"<p><strong>Kartonik z por\u0119czn\u0105 r\u0105czk\u0105, a w nim:<\/strong><\/p>\n<p>\ud83d\udc15 <strong>2 x <a href=\"https:\/\/laq.pl\/produkt\/zel-pod-prysznic-8w1-SEKS%20I%20BIZNES-100-ml\/\">SEX AND BUSINESS 8 in 1 Shower Gel 100 ml<\/a><\/strong><\/p>\n<p><strong>\ud83d\udc10 2 x <a href=\"https:\/\/laq.pl\/en\/product\/koziol-goat-8-in-1-shower-gel\/\">PODCHMIELONY KOZIO\u0141 Shoer Gel 100 ml<\/a><\/strong><\/p>\n<p><strong>\ud83d\udc062 x<\/strong> <a href=\"https:\/\/laq.pl\/en\/product\/ryszard-8-in-1-shower-gel\/\"><strong>RYSZARD Z BIESZCZAD Shower Gel 100 ml<\/strong><\/a><\/p>\n","protected":false},"featured_media":39517,"template":"","meta":{"_acf_changed":false},"product_brand":[],"product_cat":[762,735,552,891],"product_tag":[635,618,626,919,957],"class_list":{"0":"post-34177","1":"product","2":"type-product","3":"status-publish","4":"has-post-thumbnail","6":"product_cat-for-a-real-man","7":"product_cat-gift-sets","8":"product_cat-mens","9":"product_cat-mens-shower-gels","10":"product_tag-for-him","11":"product_tag-goat","12":"product_tag-lynx","13":"product_tag-the-perfect-gift","14":"product_tag-zapach-seksu-i-biznesu","17":"first","18":"instock","19":"taxable","20":"shipping-taxable","21":"purchasable","22":"product-type-simple"},"acf":[],"_links":{"self":[{"href":"https:\/\/laq.pl\/en\/wp-json\/wp\/v2\/product\/34177","targetHints":{"allow":["GET"]}}],"collection":[{"href":"https:\/\/laq.pl\/en\/wp-json\/wp\/v2\/product"}],"about":[{"href":"https:\/\/laq.pl\/en\/wp-json\/wp\/v2\/types\/product"}],"wp:featuredmedia":[{"embeddable":true,"href":"https:\/\/laq.pl\/en\/wp-json\/wp\/v2\/media\/39517"}],"wp:attachment":[{"href":"https:\/\/laq.pl\/en\/wp-json\/wp\/v2\/media?parent=34177"}],"wp:term":[{"taxonomy":"product_brand","embeddable":true,"href":"https:\/\/laq.pl\/en\/wp-json\/wp\/v2\/product_brand?post=34177"},{"taxonomy":"product_cat","embeddable":true,"href":"https:\/\/laq.pl\/en\/wp-json\/wp\/v2\/product_cat?post=34177"},{"taxonomy":"product_tag","embeddable":true,"href":"https:\/\/laq.pl\/en\/wp-json\/wp\/v2\/product_tag?post=34177"}],"curies":[{"name":"wp","href":"https:\/\/api.w.org\/{rel}","templated":true}]}}