{"id":34225,"date":"2025-08-14T07:47:44","date_gmt":"2025-08-14T05:47:44","guid":{"rendered":"https:\/\/laq.pl\/?post_type=product&#038;p=34225"},"modified":"2026-04-03T10:18:15","modified_gmt":"2026-04-03T08:18:15","slug":"zestaw-prezentowy-ich-troje-bad-guys-z-naklejka-dla-najlepszego-faceta","status":"publish","type":"product","link":"https:\/\/laq.pl\/en\/product\/zestaw-prezentowy-ich-troje-bad-guys-z-naklejka-dla-najlepszego-faceta\/","title":{"rendered":"Zestaw prezentowy dla m\u0119\u017cczyzn Ich Troje FACECI Z KLAS\u0104 &#8211; 3 \u017cele pod prysznic+ Naklejka"},"content":{"rendered":"<h2 style=\"text-align: center;\"><strong>M\u0119ski zestaw prezentowy Ich Troje \u2013 3 \u017cele pod prysznic z serii LaQ:<\/strong><\/h2>\n<p>\ud83d\udc15<a href=\"https:\/\/laq.pl\/produkt\/zel-pod-prysznic-ZAPACH SEKSU I BIZNESU-z-ciemnej-strony-laq-500-ml\/\"><strong> \u017bel pod prysznic ZAPACH SEKSU I BIZNESU 500 ml<\/strong><\/a> &#8211; wega\u0144ski i niezwykle m\u0119ski \u017cel pod prysznic. Pachn\u0119 dobrym seksem i udanym biznesem, a odwracaj\u0105c psa ogonem &#8211; udanym seksem i dobrym biznesem. Sam nie wiem, czym bardziej. Dobry nos wyczuje te\u017c u mnie m\u0119skie perfumy z nut\u0105 kardamonu i czarnego pieprzu. Kto\u015b kiedy\u015b powiedzia\u0142 o mnie &#8220;najlepszy&#8221; i jak dot\u0105d tego nie odszczeka\u0142.<\/p>\n<p>\ud83d\udc06 <a href=\"https:\/\/laq.pl\/produkt\/zel-pod-prysznic-ryszard-z-bieszczad-z-ciemnej-strony-laq-500ml\/\"><strong>\u017bel pod prysznic Ryszard z Bieszczad 500 ml<\/strong><\/a> &#8211; <span style=\"font-weight: 400;\">naturalny i wega\u0144ski \u017cel pod prysznic dla m\u0119\u017cczyzn. Jako jedyny w bieszczadach zawieram wyci\u0105g z li\u015bci tytoniu szlachetnego. Poza tym jaram si\u0119 tym, \u017ce pachn\u0119 m\u0119skimi perfumami.\u00a0<\/span><\/p>\n<p>\ud83d\udc10 <a href=\"https:\/\/laq.pl\/produkt\/koziol-z-klasa-zel-pod-prysznic-8-w-1-dark-500-ml\/\"><strong>\u017bel pod prysznic Kozio\u0142 z Klas\u0105 500 ml<\/strong><\/a> &#8211; <span style=\"font-weight: 400;\">\u017cel pod prysznic dla m\u0119\u017cczyzn, naturalny, wega\u0144ski, a tak\u017ce genialnie i zdecydowanie kozacko pachn\u0105cy m\u0119skimi perfumami. \u017bel z wyci\u0105giem z chmielu. ale jednak nadal r\u00f3wnie\u017c po prostu \u017cel do mycia.\u00a0<\/span><\/p>\n<p><strong>\ud83c\udf81 Zapakowany w kartonik z por\u0119czn\u0105 r\u0105czk\u0105<\/strong><\/p>\n<p>&nbsp;<\/p>\n<h3><strong>KIM JESTEM?<\/strong><\/h3>\n<p>Oto ja, zestaw 3 naturalnych i wega\u0144skich \u017celi pod prysznic. jak wida\u0107, znajdziesz we mnie \u017cele z naszych 3 linii zapachowych dla m\u0119\u017cczyzn. przede wszystkim genialnie sprawdz\u0119 si\u0119 wi\u0119c w roli prezentu dla prawdziwego faceta! W szczeg\u00f3lno\u015bci dla tego, kt\u00f3ry robi biznesy w wielkim mie\u015bcie, ale lubi odpocz\u0105\u0107 w bieszczadach.<\/p>\n<p>Je\u015bli jeszcze nie znasz naszych linii zapachowych, to wiedz, \u017ce w zestawie ich troje pierwsze skrzypce gra <strong>ZAPACH SEKSU I BIZNESU<\/strong>, wt\u00f3ruje mu odrobin\u0119 <strong>Kozio\u0142 z Klas\u0105<\/strong> pachn\u0105cy wieczorem przy browarku, a sztafet\u0119 zamyka <strong>Ryszard z Bieszczad<\/strong>, kt\u00f3ry jako jedyny z nich zna zapach g\u00f3rskiego szlaku.<\/p>\n<p>&nbsp;<\/p>\n<h3><strong>CO MOG\u0118 DLA CIEBIE ZROBI\u0106?<\/strong><\/h3>\n<p>Co jest lepsze na prezent ni\u017c p\u00f3\u0142 litra? p\u00f3\u0142tora litra! szukasz prezentu dla faceta na urodziny? A mo\u017ce interesuje ci\u0119 pomys\u0142 na niebanalny prezent dla kumpla na imieniny? Upominek na dzie\u0144 ch\u0142opaka, podarunek na \u015bwi\u0119ta? Jeste\u015b we w\u0142a\u015bciwym miejscu, bowiem na prezent dla m\u0119\u017cczyzny nadaj\u0119 si\u0119 idealnie! W szczeg\u00f3lno\u015bci dlatego, \u017ce jestem zapakowany w efektowne pude\u0142ko prezentowe z okienkami i wygodnym uchwytem. Poza tym, z uwagi na r\u00f3\u017cnorodno\u015b\u0107 zapachow\u0105 i zabawne etykiety mog\u0119 \u015bmia\u0142o zapewni\u0107 ci\u0119, \u017ce szale\u0144stwo zmys\u0142\u00f3w i zadowolenie obdarowanego masz murowane!<\/p>\n<p>&nbsp;<\/p>\n<h3><strong>PYTASZ KOTKU, CO MAM W \u015aRODKU?<\/strong><\/h3>\n<p>\ud83d\udc15<a href=\"https:\/\/laq.pl\/produkt\/zel-pod-prysznic-ZAPACH SEKSU I BIZNESU-z-ciemnej-strony-laq-500-ml\/\"><strong> \u017bel pod prysznic ZAPACH SEKSU I BIZNESU 500 ml<\/strong><\/a> &#8211; na zewn\u0105trz jestem twardy, zdecydowany i bezkompromisowy, jednak wewn\u0105trz skrywam prawdziw\u0105 natur\u0119, opart\u0105 na \u0142agodnych substancjach myj\u0105cych pochodzenia ro\u015blinnego. Zawieram gliceryn\u0119 (r\u00f3wnie\u017c pochodzenia ro\u015blinnego), ekstrakt z nasion kardamonu, mocznik oraz niacynamid.<\/p>\n<p>\ud83d\udc06 <a href=\"https:\/\/laq.pl\/produkt\/zel-pod-prysznic-ryszard-z-bieszczad-z-ciemnej-strony-laq-500ml\/\"><strong>\u017bel pod prysznic Ryszard z Bieszczad 500 ml<\/strong><\/a> &#8211; <span style=\"font-weight: 400;\">zawieram w sobie nawil\u017caj\u0105c\u0105 gliceryn\u0119 pochodzenia ro\u015blinnego. Mam dla ciebie r\u00f3wnie\u017c od\u017cywczy wyci\u0105g z li\u015bci tytoniu szlachetnego, a do tego nawil\u017caj\u0105cy mocznik oraz witamin\u0119 b3 (niacynamid).\u00a0<\/span><\/p>\n<p>\ud83d\udc10 <a href=\"https:\/\/laq.pl\/produkt\/koziol-z-klasa-zel-pod-prysznic-8-w-1-dark-500-ml\/\"><strong>\u017bel pod prysznic Kozio\u0142 z Klas\u0105 500 ml<\/strong><\/a> &#8211; przede wszystkim patrz\u0105c trze\u017awym okiem na moj\u0105 receptur\u0119 od razu wida\u0107, \u017ce jest ona oparta na \u0142agodnych substancjach myj\u0105cych pochodzenia ro\u015blinnego. Ponadto zawieram gliceryn\u0119 (r\u00f3wnie\u017c pochodzenia ro\u015blinnego) oraz \u0142agodz\u0105cy ekstrakt z chmielu.<\/p>\n<p>(dok\u0142adne sk\u0142ady INCI poszczeg\u00f3lnych produkt\u00f3w znajdziesz pod powy\u017cszymi linkami)<\/p>\n<p>&nbsp;<\/p>\n<h3><strong>POZNAJ MOJE NUTY ZAPACHOWE:<\/strong><\/h3>\n<p><strong>ZAPACH SEKSU I BIZNESU &#8211; nuty zapachowe:\u00a0<\/strong><\/p>\n<ul>\n<li><strong>g\u0142owy:<\/strong> cytryna, grejpfrut, nuty wodne<\/li>\n<li><strong>serca:<\/strong> jab\u0142ko, mi\u0119ta, r\u00f3\u017cowy pieprz, r\u00f3\u017ca<\/li>\n<li><strong>podstawy:<\/strong> drzewo cedrowe, drzewo sanda\u0142owe, suche drewno, fasola tonka, pi\u017cmo<\/li>\n<\/ul>\n<p><strong>Ryszard z Bieszczad- nuty zapachowe:\u00a0<\/strong><\/p>\n<ul>\n<li><strong>g\u0142owy:<\/strong> bergamotka, cytryna, sza\u0142wia, zio\u0142a<\/li>\n<li><strong>serca: <\/strong>nuty morskie, lawenda, ja\u015bmin, tymianek, irys<\/li>\n<li><strong>podstawy: <\/strong>drewno bursztynowe, paczula, wetyweria, fasola tonka<\/li>\n<\/ul>\n<p><strong>Kozio\u0142 z Klas\u0105 &#8211; nuty zapachowe:\u00a0<\/strong><\/p>\n<ul>\n<li><strong>g\u0142owy:<\/strong> mi\u0119ta lodowa, bergamotka<\/li>\n<li><strong>serca:<\/strong> geranium, jab\u0142ko<\/li>\n<li><strong>podstawy:<\/strong> wanilia, drzewo sanda\u0142owe, cedr<\/li>\n<\/ul>\n<p>&nbsp;<\/p>\n<h3><strong>A CO M\u00d3WI\u0104 NA MIE\u015aCIE?<\/strong><\/h3>\n<p><em>P\u00f3\u0142tora litra szcz\u0119\u015bcia!<\/em><br \/>\n<em>Z pewno\u015bci\u0105 lepsze na prezent ni\u017c p\u00f3\u0142 litra!<\/em><\/p>\n<p>&nbsp;<\/p>\n<p><img loading=\"lazy\" decoding=\"async\" class=\"alignnone size-full wp-image-11144\" src=\"https:\/\/laq.pl\/wp-content\/uploads\/2024\/03\/weganski100.jpg\" alt=\"\" width=\"100\" height=\"100\" srcset=\"https:\/\/laq.pl\/wp-content\/uploads\/2024\/03\/weganski100.jpg 100w, https:\/\/laq.pl\/wp-content\/uploads\/2024\/03\/weganski100-50x50.jpg 50w\" sizes=\"auto, (max-width: 100px) 100vw, 100px\" \/> <img loading=\"lazy\" decoding=\"async\" class=\"alignnone size-full wp-image-11143\" src=\"https:\/\/laq.pl\/wp-content\/uploads\/2024\/03\/derma-100.jpg\" alt=\"\" width=\"100\" height=\"100\" srcset=\"https:\/\/laq.pl\/wp-content\/uploads\/2024\/03\/derma-100.jpg 100w, https:\/\/laq.pl\/wp-content\/uploads\/2024\/03\/derma-100-50x50.jpg 50w\" sizes=\"auto, (max-width: 100px) 100vw, 100px\" \/><\/p>\n","protected":false},"excerpt":{"rendered":"<p><b>Kartonik z por\u0119czn\u0105 r\u0105czk\u0105 plus naklejka dla nejlepszego faceta na \u015bwiecie, a w nim:<\/b><\/p>\n<p>\ud83d\udc15<a href=\"https:\/\/laq.pl\/produkt\/zel-pod-prysznic-ZAPACH SEKSU I BIZNESU-z-ciemnej-strony-laq-500-ml\/\"><strong> \u017bel pod prysznic ZAPACH SEKSU I BIZNESU 500 ml<\/strong><\/a><\/p>\n<p>\ud83d\udc06 <a href=\"https:\/\/laq.pl\/produkt\/zel-pod-prysznic-ryszard-z-bieszczad-z-ciemnej-strony-laq-500ml\/\"><strong>\u017bel pod prysznic ryszard z bieszczad 500 ml<\/strong><\/a><\/p>\n<p>\ud83d\udc10 <a href=\"https:\/\/laq.pl\/produkt\/koziol-z-klasa-zel-pod-prysznic-8-w-1-dark-500-ml\/\"><strong>\u017bel pod prysznic Kozio\u0142 z Klas\u0105 500 ml<\/strong><\/a><\/p>\n","protected":false},"featured_media":51780,"template":"","meta":{"_acf_changed":false},"product_brand":[],"product_cat":[103,229,233],"product_tag":[294,839,819],"class_list":{"0":"post-34225","1":"product","2":"type-product","3":"status-publish","4":"has-post-thumbnail","6":"product_cat-zestawy-na-prezent","7":"product_cat-dla-prawdziwego-mezczyzny","8":"product_cat-meskie","9":"product_tag-ich-troje","10":"product_tag-idealny-prezent","11":"product_tag-na-prezent","14":"first","15":"instock","16":"taxable","17":"shipping-taxable","18":"purchasable","19":"product-type-simple"},"acf":[],"_links":{"self":[{"href":"https:\/\/laq.pl\/en\/wp-json\/wp\/v2\/product\/34225","targetHints":{"allow":["GET"]}}],"collection":[{"href":"https:\/\/laq.pl\/en\/wp-json\/wp\/v2\/product"}],"about":[{"href":"https:\/\/laq.pl\/en\/wp-json\/wp\/v2\/types\/product"}],"wp:featuredmedia":[{"embeddable":true,"href":"https:\/\/laq.pl\/en\/wp-json\/wp\/v2\/media\/51780"}],"wp:attachment":[{"href":"https:\/\/laq.pl\/en\/wp-json\/wp\/v2\/media?parent=34225"}],"wp:term":[{"taxonomy":"product_brand","embeddable":true,"href":"https:\/\/laq.pl\/en\/wp-json\/wp\/v2\/product_brand?post=34225"},{"taxonomy":"product_cat","embeddable":true,"href":"https:\/\/laq.pl\/en\/wp-json\/wp\/v2\/product_cat?post=34225"},{"taxonomy":"product_tag","embeddable":true,"href":"https:\/\/laq.pl\/en\/wp-json\/wp\/v2\/product_tag?post=34225"}],"curies":[{"name":"wp","href":"https:\/\/api.w.org\/{rel}","templated":true}]}}