{"id":34236,"date":"2026-01-12T10:54:21","date_gmt":"2026-01-12T09:54:21","guid":{"rendered":"https:\/\/laq.pl\/?post_type=product&#038;p=34236"},"modified":"2026-04-02T07:07:12","modified_gmt":"2026-04-02T05:07:12","slug":"zestaw-prezentowy-ich-troje-meski-wieczor-z-naklejka-dla-najlepszego-faceta","status":"publish","type":"product","link":"https:\/\/laq.pl\/en\/product\/zestaw-prezentowy-ich-troje-meski-wieczor-z-naklejka-dla-najlepszego-faceta\/","title":{"rendered":"Zestaw prezentowy Ich Troje M\u0118SKI WIECZ\u00d3R + NAKLEJKA \u2013 3 \u017cele pod prysznic"},"content":{"rendered":"<h2 style=\"text-align: center;\"><strong>M\u0119ski zestaw prezentowy Ich Troje \u2013 3 \u017cele pod prysznic z serii LaQ<\/strong><\/h2>\n<p>&nbsp;<\/p>\n<p>\ud83d\udc10 <a href=\"https:\/\/laq.pl\/produkt\/koziol-z-klasa-zel-pod-prysznic-8-w-1-dark-500-ml\/\"><strong>\u017bel pod prysznic KOZIO\u0141 Z KLAS\u0104 500 ml<\/strong><\/a> &#8211; <span style=\"font-weight: 400;\">\u017cel pod prysznic dla m\u0119\u017cczyzn, naturalny, wega\u0144ski, a tak\u017ce genialnie i zdecydowanie kozacko pachn\u0105cy m\u0119skimi perfumami. \u017bel z wyci\u0105giem z chmielu. Ale jednak nadal r\u00f3wnie\u017c po prostu \u017cel do mycia.\u00a0<\/span><\/p>\n<p>\ud83d\udc15 <a href=\"https:\/\/laq.pl\/produkt\/zel-pod-prysznic-kawal-byka-dark-500-ml\/\"><strong>\u017bel pod prysznic 8 w 1 KAWA\u0141 BYKA 500 ml<\/strong><\/a> &#8211; naturalny i wega\u0144ski \u017cel pod prysznic <span style=\"font-weight: 400;\">dla m\u0119\u017cczyzn<\/span>, w szczeg\u00f3lno\u015bci dla niez\u0142ych byk\u00f3w. Dzi\u0119ki jego formule nawet po najci\u0119\u017cszym dniu wr\u00f3cisz na aren\u0119 \u015bwie\u017cy, pachn\u0105cy i gotowy do dzia\u0142ania! To co, gotowy na bycze wyzwania?<\/p>\n<p>\ud83d\udc3a <a href=\"https:\/\/laq.pl\/produkt\/zel-pod-prysznic-8-w-1-bad-boy-500-ml\/\"><strong>\u017bel pod prysznic 8 w 1 BAD BOY 500 ml<\/strong><\/a>\u00a0&#8211; <span style=\"font-weight: 400;\">naturalny i wega\u0144ski \u017cel pod prysznic dla m\u0119\u017cczyzn. Kawa\u0142 ze mnie drania, ale takiego do kochania. Ci\u0105gnie mnie czasem do lasu, z kt\u00f3rego wracam g\u0142odny jak wilk i brudny jak&#8230; jak to facet. Wi\u0119c kiedy id\u0119 si\u0119 wreszcie umy\u0107, nie wywo\u0142uj wilka z \u0142azienki!\u00a0<\/span><\/p>\n<p><strong>\ud83c\udf81 Zapakowany w kartonik z por\u0119czn\u0105 r\u0105czk\u0105<\/strong><\/p>\n<p>&nbsp;<\/p>\n<h3><strong>KIM JESTEM?<\/strong><\/h3>\n<p>Oto ja, zestaw 3 naturalnych i wega\u0144skich \u017celi pod prysznic. Jak wida\u0107, znajdziesz we mnie \u017cele z naszych 3 linii zapachowych dla m\u0119\u017cczyzn. Przede wszystkim genialnie sprawdz\u0119 si\u0119 wi\u0119c w roli prezentu dla prawdziwego faceta! W szczeg\u00f3lno\u015bci dla tego, kt\u00f3ry robi biznesy w wielkim mie\u015bcie, ale lubi odpocz\u0105\u0107 w Bieszczadach.<\/p>\n<p>Je\u015bli jeszcze nie znasz naszych linii zapachowych, to wiedz, \u017ce w Zestawie Ich Troje pierwsze skrzypce gra\u00a0<strong>KOZIO\u0141 Z KLAS\u0104<\/strong> pachn\u0105cy wieczorem przy browarku, wt\u00f3ruje mu odrobin\u0119 <strong>KAWA\u0141 BYKA<\/strong> dla facet\u00f3w z jajami, sztafet\u0119 zamyka <strong>BAD BOY<\/strong> pachn\u0105cy draniem do kochania<\/p>\n<h3><strong>CO MOG\u0118 DLA CIEBIE ZROBI\u0106?<\/strong><\/h3>\n<p>Co jest lepsze na prezent ni\u017c p\u00f3\u0142 litra? P\u00f3\u0142tora litra! Szukasz prezentu dla faceta na urodziny? A mo\u017ce interesuje Ci\u0119 pomys\u0142 na niebanalny prezent dla kumpla na imieniny? Upominek na Dzie\u0144 Ch\u0142opaka, podarunek na \u015bwi\u0119ta? Jeste\u015b we w\u0142a\u015bciwym miejscu, bowiem na prezent dla m\u0119\u017cczyzny nadaj\u0119 si\u0119 idealnie! W szczeg\u00f3lno\u015bci dlatego, \u017ce jestem zapakowany w efektowne pude\u0142ko prezentowe z okienkami i wygodnym uchwytem. Poza tym, z uwagi na r\u00f3\u017cnorodno\u015b\u0107 zapachow\u0105 i zabawne etykiety mog\u0119 \u015bmia\u0142o zapewni\u0107 Ci\u0119, \u017ce szale\u0144stwo zmys\u0142\u00f3w i zadowolenie obdarowanego masz murowane!<\/p>\n<p>&nbsp;<\/p>\n<h3><strong>PYTASZ KOTKU, CO MAM W \u015aRODKU?<\/strong><\/h3>\n<p>\ud83d\udc10 <a href=\"https:\/\/laq.pl\/produkt\/koziol-z-klasa-zel-pod-prysznic-8-w-1-dark-500-ml\/\"><strong>\u017bel pod prysznic KOZIO\u0141 Z KLAS\u0104 500 ml<\/strong><\/a> &#8211; Przede wszystkim patrz\u0105c trze\u017awym okiem na moj\u0105 receptur\u0119 od razu wida\u0107, \u017ce jest ona oparta na \u0142agodnych substancjach myj\u0105cych pochodzenia ro\u015blinnego. Ponadto zawieram gliceryn\u0119 (r\u00f3wnie\u017c pochodzenia ro\u015blinnego) oraz \u0142agodz\u0105cy ekstrakt z chmielu.<\/p>\n<p>\ud83d\udc02 <a href=\"https:\/\/laq.pl\/produkt\/zel-pod-prysznic-kawal-byka-dark-500-ml\/\"><strong>\u017bel pod prysznic 8 w 1 KAWA\u0141 BYKA 500 ml<\/strong><\/a> &#8211; ekstrakty z korzenia \u017ce\u0144-szenia syberyjskiego, skrzypu polnego oraz \u0142opianu, kt\u00f3re wzmocni\u0105 i od\u017cywi\u0105 Twoj\u0105 sk\u00f3r\u0119. Ponadto zawieram proteiny ro\u015blinne (z kukurydzy, pszenicy i soi), kt\u00f3re odbuduj\u0105 j\u0105 i nawil\u017c\u0105, natomiast gliceryna pochodzenia ro\u015blinnego zapewni jej mi\u0119kko\u015b\u0107 i g\u0142adko\u015b\u0107.<\/p>\n<p>\ud83d\udc3a<a href=\"https:\/\/laq.pl\/produkt\/zel-pod-prysznic-8-w-1-bad-boy-500-ml\/\"><strong>\u017bel pod prysznic 8 w 1 BAD BOY 500 ml<\/strong><\/a> &#8211; sk\u0142ad opiera si\u0119 na delikatnych substancjach myj\u0105cych. Znajdziesz we mnie nawil\u017caj\u0105c\u0105 gliceryn\u0119 pochodzenia ro\u015blinnego oraz kompleks dobroczynnych aminokwas\u00f3w, w sk\u0142ad kt\u00f3rego wchodzi arginina, alanina, seryna, walina, prolina i treonina. Zawieram r\u00f3wnie\u017c ekstrakt z li\u015bci tytoniu szlachetnego, kt\u00f3ry dzia\u0142a antyoksydacyjnie i chroni przed wolnymi rodnikami.<\/p>\n<p>(dok\u0142adne sk\u0142ady INCI poszczeg\u00f3lnych produkt\u00f3w znajdziesz pod powy\u017cszymi linkami)<\/p>\n<p>&nbsp;<\/p>\n<h3><strong>POZNAJ MOJE NUTY ZAPACHOWE:<\/strong><\/h3>\n<p><strong>Kozio\u0142 &#8211; nuty zapachowe:\u00a0<\/strong><\/p>\n<ul>\n<li><strong>g\u0142owy:<\/strong> mi\u0119ta lodowa, bergamotka<\/li>\n<li><strong>serca:<\/strong> geranium, jab\u0142ko<\/li>\n<li><strong>podstawy:<\/strong> wanilia, drzewo sanda\u0142owe, cedr<\/li>\n<\/ul>\n<p><strong>Kawa\u0142 Byka &#8211; nuty zapachowe:<\/strong><\/p>\n<ul>\n<li><strong>g\u0142owy: <\/strong>czarny pieprz, drzewo cedrowe, piment, bergamotka<\/li>\n<li><strong>serca: <\/strong>lawenda, go\u017adzik, paczula, werbena<\/li>\n<li><strong>podstawy: <\/strong>drzewo cedrowe, drzewo gwajakowe, kadzid\u0142o, fasola tonka, ambra<\/li>\n<\/ul>\n<p><strong>Bad Boy &#8211; nuty zapachowe:\u00a0<\/strong><\/p>\n<ul>\n<li><strong>g\u0142owy: <\/strong>kardamon, bergamotka<\/li>\n<li><strong>serca: <\/strong>lawenda, kwiat pomara\u0144czy, r\u00f3\u017ca<\/li>\n<li><strong>podstawy: <\/strong>fasola tonka, wanilia, pi\u017cmo<\/li>\n<\/ul>\n<p>&nbsp;<\/p>\n<h3><strong>A CO M\u00d3WI\u0104 NA MIE\u015aCIE?<\/strong><\/h3>\n<p><em>P\u00f3\u0142tora litra szcz\u0119\u015bcia!<\/em><br \/>\n<em>Z pewno\u015bci\u0105 lepsze na prezent ni\u017c p\u00f3\u0142 litra!<\/em><\/p>\n<p>&nbsp;<\/p>\n<p><img loading=\"lazy\" decoding=\"async\" class=\"alignnone size-full wp-image-11144\" src=\"https:\/\/laq.pl\/wp-content\/uploads\/2024\/03\/weganski100.jpg\" alt=\"\" width=\"100\" height=\"100\" srcset=\"https:\/\/laq.pl\/wp-content\/uploads\/2024\/03\/weganski100.jpg 100w, https:\/\/laq.pl\/wp-content\/uploads\/2024\/03\/weganski100-50x50.jpg 50w\" sizes=\"auto, (max-width: 100px) 100vw, 100px\" \/> <img loading=\"lazy\" decoding=\"async\" class=\"alignnone size-full wp-image-11143\" src=\"https:\/\/laq.pl\/wp-content\/uploads\/2024\/03\/derma-100.jpg\" alt=\"\" width=\"100\" height=\"100\" srcset=\"https:\/\/laq.pl\/wp-content\/uploads\/2024\/03\/derma-100.jpg 100w, https:\/\/laq.pl\/wp-content\/uploads\/2024\/03\/derma-100-50x50.jpg 50w\" sizes=\"auto, (max-width: 100px) 100vw, 100px\" \/><\/p>\n","protected":false},"excerpt":{"rendered":"<p><strong>Kartonik z por\u0119czn\u0105 r\u0105czk\u0105 plus naklejka DLA NEJLEPSZEGO FACETA NA \u015aWIECIE, a w nim:<\/strong><\/p>\n<p>\ud83d\udc10 <a href=\"https:\/\/laq.pl\/produkt\/koziol-z-klasa-zel-pod-prysznic-8-w-1-dark-500-ml\/\"><strong>\u017bel pod prysznic KOZIO\u0141 Z KLAS\u0104 500 ml<\/strong><\/a><\/p>\n<p>\ud83d\udc15 <a href=\"https:\/\/laq.pl\/produkt\/zel-pod-prysznic-kawal-byka-dark-500-ml\/\"><strong>\u017bel pod prysznic 8 w 1 KAWA\u0141 BYKA 500 ml<\/strong><\/a><\/p>\n<p>\ud83d\udc3a <a href=\"https:\/\/laq.pl\/produkt\/zel-pod-prysznic-8-w-1-bad-boy-500-ml\/\"><strong>\u017bel pod prysznic 8 w 1 BAD BOY 500 ml<\/strong><\/a><\/p>\n","protected":false},"featured_media":39498,"template":"","meta":{"_acf_changed":false},"product_brand":[],"product_cat":[103,229,233],"product_tag":[294,839,819],"class_list":{"0":"post-34236","1":"product","2":"type-product","3":"status-publish","4":"has-post-thumbnail","6":"product_cat-zestawy-na-prezent","7":"product_cat-dla-prawdziwego-mezczyzny","8":"product_cat-meskie","9":"product_tag-ich-troje","10":"product_tag-idealny-prezent","11":"product_tag-na-prezent","14":"first","15":"instock","16":"taxable","17":"shipping-taxable","18":"purchasable","19":"product-type-simple"},"acf":[],"_links":{"self":[{"href":"https:\/\/laq.pl\/en\/wp-json\/wp\/v2\/product\/34236","targetHints":{"allow":["GET"]}}],"collection":[{"href":"https:\/\/laq.pl\/en\/wp-json\/wp\/v2\/product"}],"about":[{"href":"https:\/\/laq.pl\/en\/wp-json\/wp\/v2\/types\/product"}],"wp:featuredmedia":[{"embeddable":true,"href":"https:\/\/laq.pl\/en\/wp-json\/wp\/v2\/media\/39498"}],"wp:attachment":[{"href":"https:\/\/laq.pl\/en\/wp-json\/wp\/v2\/media?parent=34236"}],"wp:term":[{"taxonomy":"product_brand","embeddable":true,"href":"https:\/\/laq.pl\/en\/wp-json\/wp\/v2\/product_brand?post=34236"},{"taxonomy":"product_cat","embeddable":true,"href":"https:\/\/laq.pl\/en\/wp-json\/wp\/v2\/product_cat?post=34236"},{"taxonomy":"product_tag","embeddable":true,"href":"https:\/\/laq.pl\/en\/wp-json\/wp\/v2\/product_tag?post=34236"}],"curies":[{"name":"wp","href":"https:\/\/api.w.org\/{rel}","templated":true}]}}