{"id":34245,"date":"2026-01-12T10:54:26","date_gmt":"2026-01-12T09:54:26","guid":{"rendered":"https:\/\/laq.pl\/?post_type=product&#038;p=34245"},"modified":"2026-04-02T11:13:27","modified_gmt":"2026-04-02T09:13:27","slug":"zestaw-z-mycia-wziety-koziol-z-naklejka-dla-najlepszego-faceta","status":"publish","type":"product","link":"https:\/\/laq.pl\/en\/product\/zestaw-z-mycia-wziety-koziol-z-naklejka-dla-najlepszego-faceta\/","title":{"rendered":"M\u0119ski zestaw prezentowy Z Mycia Wzi\u0119ty KOZIO\u0141 \u2013 Szampon i \u017bel pod prysznic LaQ + NAKLEJKA"},"content":{"rendered":"<h2 style=\"text-align: center;\"><strong>Legendarny duet dla m\u0119\u017cczyzn, kt\u00f3rzy sukces maj\u0105 we krwi, a zapach na sk\u00f3rze<br \/>\n<\/strong><\/h2>\n<p>&nbsp;<\/p>\n<p><strong>\ud83d\udc10 <a href=\"https:\/\/laq.pl\/produkt\/zel-pod-prysznic-podchmielony-koziol-500-ml\/\">\u017bel pod prysznic PODCHMIELONY KOZIO\u0141 500 ml<\/a><\/strong> &#8211; <span style=\"font-weight: 400;\">\u017cel pod prysznic dla m\u0119\u017cczyzn, naturalny, wega\u0144ski, a tak\u017ce genialnie i zdecydowanie kozacko pachn\u0105cy m\u0119skimi perfumami. \u017bel z wyci\u0105giem z chmielu. Ale jednak nadal r\u00f3wnie\u017c po prostu \u017cel do mycia.\u00a0<\/span><\/p>\n<p><strong>\ud83d\udc10 <a href=\"https:\/\/laq.pl\/produkt\/szampon-dla-facetow-1-w-1-koziol-300-ml\/\">Szampon dla facet\u00f3w 1 w 1 KOZIO\u0141 300 ml<\/a><\/strong> &#8211; <span style=\"font-weight: 400;\">naturalny i wega\u0144ski m\u0119ski szampon do w\u0142os\u00f3w o dzia\u0142aniu przeciw\u0142upie\u017cowym. Zawieram wyci\u0105g z drzewa herbacianego i kompleks dwunastu zi\u00f3\u0142. Na dodatek pachn\u0119 m\u0119skimi perfumami z klas\u0105.\u00a0<\/span><\/p>\n<p><strong>\ud83c\udf81 Zapakowany w kartonik z okienkiem wype\u0142niony wk\u0142adk\u0105<\/strong><\/p>\n<p>&nbsp;<\/p>\n<h3><strong>KIM JESTEM?<\/strong><\/h3>\n<p>Oto ja, czyli wega\u0144ski zestaw kosmetyk\u00f3w naturalnych dla m\u0119\u017cczyzny, sk\u0142adaj\u0105cy si\u0119 z \u017celu pod prysznic oraz szamponu do w\u0142os\u00f3w. Pochodz\u0105cy z Poznania Kozio\u0142 ma oryginalny zapach wieczoru przy browarku, kt\u00f3ry przenika si\u0119 z ekskluzywnymi m\u0119skimi perfumami. Seria ta jest idealna dla tych, kt\u00f3rzy lubi\u0105 sobie czasem pokozaczy\u0107. Receptura \u017celu pod prysznic bazuje na delikatnych substancjach myj\u0105cych. Zawiera on nawil\u017caj\u0105c\u0105 gliceryn\u0119, a tak\u017ce \u0142agodz\u0105cy ekstrakt z chmielu. Z kolei szampon o dzia\u0142aniu przeciw\u0142upie\u017cowym zawiera wyci\u0105g z drzewa herbacianego i kompleks dwunastu zi\u00f3\u0142 oraz ekstrakt z chmielu. Dzi\u0119ki nim \u0142agodnie, ale i skutecznie oczyszcza w\u0142osy, przy okazji pomagaj\u0105c upora\u0107 si\u0119 z \u0142upie\u017cem i przet\u0142uszczaniem si\u0119 w\u0142os\u00f3w.<\/p>\n<p>&nbsp;<\/p>\n<h3><strong>CO MOG\u0118 DLA CIEBIE ZROBI\u0106?<\/strong><\/h3>\n<p>Szukasz prezentu dla faceta na urodziny? A mo\u017ce interesuje Ci\u0119 pomys\u0142 na niebanalny prezent dla kumpla na imieniny? Upominek na Dzie\u0144 Ch\u0142opaka, podarunek na \u015bwi\u0119ta? Jeste\u015b we w\u0142a\u015bciwym miejscu, bowiem na prezent dla m\u0119\u017cczyzny nadaj\u0119 si\u0119 idealnie! W szczeg\u00f3lno\u015bci dlatego, \u017ce jestem zapakowany w gustowne pude\u0142ko prezentowe z okienkiem i kartonow\u0105 wk\u0142adk\u0105. Zapewniam Ci\u0119, \u017ce rado\u015b\u0107 i dzikie skoki obdarowanego murowane!<\/p>\n<p>&nbsp;<\/p>\n<h3><strong>PYTASZ KOTKU, CO MAM W \u015aRODKU?<\/strong><\/h3>\n<p>\ud83d\udc10 <a href=\"https:\/\/laq.pl\/produkt\/zel-pod-prysznic-podchmielony-koziol-500-ml\/\"><strong>\u017bel pod prysznic PODCHMIELONY KOZIO\u0141 500 ml<\/strong><\/a> &#8211; Przede wszystkim patrz\u0105c trze\u017awym okiem na moj\u0105 receptur\u0119 od razu wida\u0107, \u017ce jest ona oparta na \u0142agodnych substancjach myj\u0105cych pochodzenia ro\u015blinnego. Ponadto zawieram gliceryn\u0119 (r\u00f3wnie\u017c pochodzenia ro\u015blinnego) oraz \u0142agodz\u0105cy ekstrakt z chmielu.<\/p>\n<p><strong>\ud83d\udc10 <a href=\"https:\/\/laq.pl\/produkt\/szampon-dla-facetow-1-w-1-koziol-300-ml\/\">Szampon dla facet\u00f3w 1 w 1 KOZIO\u0141 300 ml <\/a><\/strong>&#8211; <span style=\"font-weight: 400;\">zawieram w sobie wyci\u0105g z drzewa herbacianego, kt\u00f3ry \u015bwietnie oczyszcza sk\u00f3r\u0119, reguluje prac\u0119 gruczo\u0142\u00f3w \u0142ojowych i hamuje proces wypadania w\u0142os\u00f3w. Ponadto znajdziesz te\u017c we mnie kompleks 12 nieocenionych ekstrakt\u00f3w, kt\u00f3re pomog\u0105 Ci skutecznie pozby\u0107 si\u0119 \u0142upie\u017cu.<\/span><\/p>\n<p>(dok\u0142adne sk\u0142ady INCI poszczeg\u00f3lnych produkt\u00f3w znajdziesz pod powy\u017cszymi linkami)<\/p>\n<p>&nbsp;<\/p>\n<h3><strong>POZNAJ MOJE NUTY ZAPACHOWE:<\/strong><\/h3>\n<ul>\n<li><strong>g\u0142owy:<\/strong> mi\u0119ta lodowa, bergamotka<\/li>\n<li><strong>serca:<\/strong> geranium, jab\u0142ko<\/li>\n<li><strong>podstawy:<\/strong> wanilia, drzewo sanda\u0142owe, cedr<\/li>\n<\/ul>\n<h3><strong>A CO M\u00d3WI\u0104 NA MIE\u015aCIE?<\/strong><\/h3>\n<p><em>Zasiad\u0142 Kozio\u0142 w Internecie,<\/em><br \/>\n<em>co zam\u00f3wi\u0142? Dobrze wiecie!<\/em><br \/>\n<em>Z LaQ zestaw do mordeczki<\/em><br \/>\n<em>w\u0119sz\u0105 kozy i owieczki.<\/em><br \/>\n<em>A Kozio\u0142ek nie wybrzydza,<\/em><br \/>\n<em>mord\u0105 pi\u0119kn\u0105 a\u017c zawstydza!<\/em><\/p>\n<p>&nbsp;<\/p>\n<p><img loading=\"lazy\" decoding=\"async\" class=\"alignnone wp-image-49200 size-medium\" src=\"https:\/\/laq.pl\/wp-content\/uploads\/2026\/02\/uniwersalny-300x177.jpg\" alt=\"piktogram znaku testowanie dermatologicznie oraz znak produktu wega\u0144skiego\" width=\"300\" height=\"177\" srcset=\"https:\/\/laq.pl\/wp-content\/uploads\/2026\/02\/uniwersalny-300x177.jpg 300w, https:\/\/laq.pl\/wp-content\/uploads\/2026\/02\/uniwersalny-726x429.jpg 726w, https:\/\/laq.pl\/wp-content\/uploads\/2026\/02\/uniwersalny.jpg 769w\" sizes=\"auto, (max-width: 300px) 100vw, 300px\" \/><\/p>\n","protected":false},"excerpt":{"rendered":"<p><strong>Zestaw prezentowy z wk\u0142adk\u0105 plus naklejka DLA NEJLEPSZEGO FACETA NA \u015aWIECIE, a w nim:<br \/>\n<\/strong><\/p>\n<p><strong>\ud83d\udc10 <a href=\"https:\/\/laq.pl\/produkt\/zel-pod-prysznic-podchmielony-koziol-500-ml\/\">\u017bel pod prysznic PODCHMIELONY KOZIO\u0141 500 ml<\/a><\/strong><\/p>\n<p><strong>\ud83d\udc10 <a href=\"https:\/\/laq.pl\/produkt\/szampon-dla-facetow-1-w-1-koziol-300-ml\/\">Szampon dla facet\u00f3w 1 w 1 KOZIO\u0141 300 ml<\/a><\/strong><\/p>\n","protected":false},"featured_media":48112,"template":"","meta":{"_acf_changed":false},"product_brand":[],"product_cat":[94,103,229,233],"product_tag":[387,839,291,819,293],"class_list":{"0":"post-34245","1":"product","2":"type-product","3":"status-publish","4":"has-post-thumbnail","6":"product_cat-koziol","7":"product_cat-zestawy-na-prezent","8":"product_cat-dla-prawdziwego-mezczyzny","9":"product_cat-meskie","10":"product_tag-dla-niego","11":"product_tag-idealny-prezent","12":"product_tag-koziol","13":"product_tag-na-prezent","14":"product_tag-podchmielony-koziol","17":"first","18":"instock","19":"taxable","20":"shipping-taxable","21":"purchasable","22":"product-type-simple"},"acf":[],"_links":{"self":[{"href":"https:\/\/laq.pl\/en\/wp-json\/wp\/v2\/product\/34245","targetHints":{"allow":["GET"]}}],"collection":[{"href":"https:\/\/laq.pl\/en\/wp-json\/wp\/v2\/product"}],"about":[{"href":"https:\/\/laq.pl\/en\/wp-json\/wp\/v2\/types\/product"}],"wp:featuredmedia":[{"embeddable":true,"href":"https:\/\/laq.pl\/en\/wp-json\/wp\/v2\/media\/48112"}],"wp:attachment":[{"href":"https:\/\/laq.pl\/en\/wp-json\/wp\/v2\/media?parent=34245"}],"wp:term":[{"taxonomy":"product_brand","embeddable":true,"href":"https:\/\/laq.pl\/en\/wp-json\/wp\/v2\/product_brand?post=34245"},{"taxonomy":"product_cat","embeddable":true,"href":"https:\/\/laq.pl\/en\/wp-json\/wp\/v2\/product_cat?post=34245"},{"taxonomy":"product_tag","embeddable":true,"href":"https:\/\/laq.pl\/en\/wp-json\/wp\/v2\/product_tag?post=34245"}],"curies":[{"name":"wp","href":"https:\/\/api.w.org\/{rel}","templated":true}]}}