{"id":34254,"date":"2026-01-12T10:54:26","date_gmt":"2026-01-12T09:54:26","guid":{"rendered":"https:\/\/laq.pl\/?post_type=product&#038;p=34254"},"modified":"2026-03-31T19:52:23","modified_gmt":"2026-03-31T17:52:23","slug":"zestaw-z-mycia-wziety-kawal-byka-z-naklejka-dla-najlepszego-faceta","status":"publish","type":"product","link":"https:\/\/laq.pl\/en\/product\/zestaw-z-mycia-wziety-kawal-byka-z-naklejka-dla-najlepszego-faceta\/","title":{"rendered":"M\u0119ski zestaw prezentowy Z Mycia Wzi\u0119ty KAWA\u0141 BYKA \u2013 Szampon i \u017bel pod prysznic LaQ + NAKLEJKA"},"content":{"rendered":"<h2 style=\"text-align: center;\"><strong>Legendarny duet dla m\u0119\u017cczyzn, kt\u00f3rzy sukces maj\u0105 we krwi, a zapach na sk\u00f3rze<br \/>\n<\/strong><\/h2>\n<p>&nbsp;<\/p>\n<p>\ud83d\udc02 <a href=\"https:\/\/laq.pl\/produkt\/zel-pod-prysznic-kawal-byka-500-ml\/\"><strong>\u017bel pod prysznic KAWA\u0141 BYKA 500 ml<\/strong><\/a> &#8211; naturalny i wega\u0144ski \u017cel pod prysznic <span style=\"font-weight: 400;\">dla m\u0119\u017cczyzn<\/span>, w szczeg\u00f3lno\u015bci dla niez\u0142ych byk\u00f3w. Dzi\u0119ki jego formule nawet po najci\u0119\u017cszym dniu wr\u00f3cisz na aren\u0119 \u015bwie\u017cy, pachn\u0105cy i gotowy do dzia\u0142ania! To co, gotowy na bycze wyzwania?<\/p>\n<p>\ud83d\udc02 <a href=\"https:\/\/laq.pl\/produkt\/szampon-dla-facetow-1-w-1-kawal-byka-300-ml\/\"><strong>Szampon dla facet\u00f3w 1 w 1 KAWA\u0141 BYKA 300 ml<\/strong><\/a> &#8211; <span style=\"font-weight: 400;\">naturalny i wega\u0144ski m\u0119ski szampon do w\u0142os\u00f3w o dzia\u0142aniu od\u015bwie\u017caj\u0105cym. Przede wszystkim zawiera ekstrakt z sze\u0144-szenia oraz bia\u0142kooo (znaczy si\u0119: proteiny). Jako niez\u0142y<\/span> kawa\u0142 byka jest zawsze gotowy do akcji!<\/p>\n<p><strong>\ud83c\udf81 Zapakowany w kartonik z okienkiem wype\u0142niony wk\u0142adk\u0105<\/strong><\/p>\n<p>&nbsp;<\/p>\n<h3><strong>KIM JESTEM?<\/strong><\/h3>\n<p>Oto ja, czyli wega\u0144ski zestaw kosmetyk\u00f3w naturalnych dla m\u0119\u017cczyzny, sk\u0142adaj\u0105cy si\u0119 z \u017celu pod prysznic oraz szamponu do w\u0142os\u00f3w o dzia\u0142aniu regeneruj\u0105cym. Seria ta jest idealna dla facet\u00f3w z jajami, kt\u00f3rzy nawet po najci\u0119\u017cszym dniu wracaj\u0105 na aren\u0119 \u015bwie\u017cy, pachn\u0105cy i gotowi na bycze wyzwania! Receptura \u017celu pod prysznic bazuje na delikatnych substancjach myj\u0105cych. Zawiera on nawil\u017caj\u0105c\u0105 gliceryn\u0119, a tak\u017ce regeneruj\u0105ce proteiny ro\u015blinne oraz wzmacniaj\u0105ce ekstrakty z korzenia \u017ce\u0144-szenia syberyjskiego, skrzypu polnego oraz \u0142opianu. Z kolei szampon regeneruj\u0105cy zawiera od\u015bwie\u017caj\u0105cy mleczan mentylu oraz orze\u017awiaj\u0105cy ekstrakt z mi\u0119ty. Ekstrakty z korzenia \u017ce\u0144-szenia syberyjskiego oraz skrzypu polnego pomagaj\u0105 w regeneracji w\u0142os\u00f3w i sk\u00f3ry g\u0142owy, a bia\u0142ka ro\u015blinne wzmacniaj\u0105 i odbudowuj\u0105 struktur\u0119 w\u0142os\u00f3w.<\/p>\n<p>&nbsp;<\/p>\n<h3><strong>CO MOG\u0118 DLA CIEBIE ZROBI\u0106?<\/strong><\/h3>\n<p>Szukasz prezentu dla faceta na urodziny? A mo\u017ce interesuje Ci\u0119 pomys\u0142 na niebanalny prezent dla kumpla na imieniny? Upominek na Dzie\u0144 Ch\u0142opaka, podarunek na \u015bwi\u0119ta? Jeste\u015b we w\u0142a\u015bciwym miejscu, bowiem na prezent dla m\u0119\u017cczyzny nadaj\u0119 si\u0119 idealnie! W szczeg\u00f3lno\u015bci dlatego, \u017ce jestem zapakowany w gustowne pude\u0142ko prezentowe z okienkiem i kartonow\u0105 wk\u0142adk\u0105. Zapewniam Ci\u0119, \u017ce bycza rado\u015b\u0107 i szcz\u0119\u015bcie obdarowanego murowane!<\/p>\n<p>&nbsp;<\/p>\n<h3><strong>PYTASZ KOTKU, CO MAM W \u015aRODKU?<\/strong><\/h3>\n<p>\ud83d\udc02 <a href=\"https:\/\/laq.pl\/produkt\/zel-pod-prysznic-kawal-byka-500-ml\/\"><strong>\u017bel pod prysznic KAWA\u0141 BYKA 500 ml<\/strong><\/a> &#8211; ekstrakty z korzenia \u017ce\u0144-szenia syberyjskiego, skrzypu polnego oraz \u0142opianu, kt\u00f3re wzmocni\u0105 i od\u017cywi\u0105 Twoj\u0105 sk\u00f3r\u0119. Ponadto zawiera proteiny ro\u015blinne (z kukurydzy, pszenicy i soi), kt\u00f3re odbuduj\u0105 j\u0105 i nawil\u017c\u0105, natomiast gliceryna pochodzenia ro\u015blinnego zapewni jej mi\u0119kko\u015b\u0107 i g\u0142adko\u015b\u0107.<\/p>\n<p>\ud83d\udc02 <a href=\"https:\/\/laq.pl\/produkt\/szampon-dla-facetow-1-w-1-kawal-byka-300-ml\/\"><strong>Szampon dla facet\u00f3w 1 w 1 KAWA\u0141 BYKA 300 ml<\/strong><\/a> &#8211; mleczan mentylu, kt\u00f3ry od\u015bwie\u017ca i ch\u0142odzi, oraz ekstrakt z mi\u0119ty, kt\u00f3ry orze\u017awia i dodaje energii. Bia\u0142ka ro\u015blinne z kukurydzy, pszenicy oraz soi wzmacniaj\u0105 i odbudowuj\u0105 struktur\u0119 w\u0142os\u00f3w. Ponadto zawiera r\u00f3wnie\u017c ekstrakty z korzenia \u017ce\u0144-szenia syberyjskiego oraz skrzypu polnego, kt\u00f3re pomagaj\u0105 w regeneracji w\u0142os\u00f3w i sk\u00f3ry g\u0142owy.<\/p>\n<p>(dok\u0142adne sk\u0142ady INCI poszczeg\u00f3lnych produkt\u00f3w znajdziesz pod powy\u017cszymi linkami)<\/p>\n<p>&nbsp;<\/p>\n<h3><strong>POZNAJ MOJE NUTY ZAPACHOWE:<\/strong><\/h3>\n<ul>\n<li><strong>g\u0142owy: <\/strong>czarny pieprz, drzewo cedrowe, piment, bergamotka<\/li>\n<li><strong>serca: <\/strong>lawenda, go\u017adzik, paczula, werbena<\/li>\n<li><strong>podstawy: <\/strong>drzewo cedrowe, drzewo gwajakowe, kadzid\u0142o, fasola tonka, ambra<\/li>\n<\/ul>\n<p>&nbsp;<\/p>\n<h3><strong>A CO M\u00d3WI\u0104 NA MIE\u015aCIE?<\/strong><\/h3>\n<p><em>Chcia\u0142by\u015b by\u0107 silny jak byk, mie\u0107 golenie jak Lewy, a antrykot jak delfinista? <\/em><br \/>\n<em>Bicki wielko\u015bci arbuz\u00f3w pokryte tatua\u017cami? <\/em><br \/>\n<em>Chcia\u0142by\u015b budzi\u0107 podziw w\u015br\u00f3d samc\u00f3w beta, gamma, a nawet omega? <\/em><br \/>\n<em>Bo w \u017cyciu chodzi o to, by wyzwoli\u0107 w sobie zwierz\u0119, \u0142apa\u0107 \u017cycie za rogi i dokarmia\u0107 swojego wewn\u0119trznego skurczybyka! <\/em><br \/>\n<em>Tymczasem ten \u017cel myje ka\u017cde cia\u0142o, niezale\u017cnie od zawarto\u015bci mi\u0119cha i t\u0142uszczyku. <\/em><br \/>\n<em>Od rogu, przez g\u0142ow\u0119, a\u017c po racice. Idealny dla du\u017cych facet\u00f3w*.<\/em><br \/>\n<em>*m\u00f3wi\u0105, \u017ce rozmiar nie ma znaczenia, ale wiemy, jak jest&#8230;<\/em><\/p>\n<p>&nbsp;<\/p>\n<p><img loading=\"lazy\" decoding=\"async\" class=\"alignnone size-full wp-image-11144\" src=\"https:\/\/laq.pl\/wp-content\/uploads\/2024\/03\/weganski100.jpg\" alt=\"\" width=\"100\" height=\"100\" srcset=\"https:\/\/laq.pl\/wp-content\/uploads\/2024\/03\/weganski100.jpg 100w, https:\/\/laq.pl\/wp-content\/uploads\/2024\/03\/weganski100-50x50.jpg 50w\" sizes=\"auto, (max-width: 100px) 100vw, 100px\" \/> <img loading=\"lazy\" decoding=\"async\" class=\"alignnone size-full wp-image-11143\" src=\"https:\/\/laq.pl\/wp-content\/uploads\/2024\/03\/derma-100.jpg\" alt=\"\" width=\"100\" height=\"100\" srcset=\"https:\/\/laq.pl\/wp-content\/uploads\/2024\/03\/derma-100.jpg 100w, https:\/\/laq.pl\/wp-content\/uploads\/2024\/03\/derma-100-50x50.jpg 50w\" sizes=\"auto, (max-width: 100px) 100vw, 100px\" \/><\/p>\n","protected":false},"excerpt":{"rendered":"<p><strong>Kawa\u0142 byka w prezencie? Dla kogo? DLA NEJLEPSZEGO FACETA NA \u015aWIECIE!<\/strong><\/p>\n<p>\ud83d\udc02\u00a0<a href=\"https:\/\/laq.pl\/produkt\/zel-pod-prysznic-kawal-byka-500-ml\/\"><strong>\u017bel pod prysznic KAWA\u0141 BYKA 500 ml<\/strong><\/a><\/p>\n<p>\ud83d\udc02\u00a0<a href=\"https:\/\/laq.pl\/produkt\/szampon-dla-facetow-1-w-1-kawal-byka-300-ml\/\"><strong>Szampon dla facet\u00f3w 1 w 1 KAWA\u0141 BYKA 300 ml<\/strong><\/a><\/p>\n","protected":false},"featured_media":48095,"template":"","meta":{"_acf_changed":false},"product_brand":[],"product_cat":[279,103,229,233],"product_tag":[839,289,819],"class_list":{"0":"post-34254","1":"product","2":"type-product","3":"status-publish","4":"has-post-thumbnail","6":"product_cat-kawal-byka","7":"product_cat-zestawy-na-prezent","8":"product_cat-dla-prawdziwego-mezczyzny","9":"product_cat-meskie","10":"product_tag-idealny-prezent","11":"product_tag-kawal-byka","12":"product_tag-na-prezent","15":"first","16":"instock","17":"taxable","18":"shipping-taxable","19":"purchasable","20":"product-type-simple"},"acf":[],"_links":{"self":[{"href":"https:\/\/laq.pl\/en\/wp-json\/wp\/v2\/product\/34254","targetHints":{"allow":["GET"]}}],"collection":[{"href":"https:\/\/laq.pl\/en\/wp-json\/wp\/v2\/product"}],"about":[{"href":"https:\/\/laq.pl\/en\/wp-json\/wp\/v2\/types\/product"}],"wp:featuredmedia":[{"embeddable":true,"href":"https:\/\/laq.pl\/en\/wp-json\/wp\/v2\/media\/48095"}],"wp:attachment":[{"href":"https:\/\/laq.pl\/en\/wp-json\/wp\/v2\/media?parent=34254"}],"wp:term":[{"taxonomy":"product_brand","embeddable":true,"href":"https:\/\/laq.pl\/en\/wp-json\/wp\/v2\/product_brand?post=34254"},{"taxonomy":"product_cat","embeddable":true,"href":"https:\/\/laq.pl\/en\/wp-json\/wp\/v2\/product_cat?post=34254"},{"taxonomy":"product_tag","embeddable":true,"href":"https:\/\/laq.pl\/en\/wp-json\/wp\/v2\/product_tag?post=34254"}],"curies":[{"name":"wp","href":"https:\/\/api.w.org\/{rel}","templated":true}]}}