{"id":34272,"date":"2026-01-12T10:54:23","date_gmt":"2026-01-12T09:54:23","guid":{"rendered":"https:\/\/laq.pl\/?post_type=product&#038;p=34272"},"modified":"2026-04-04T07:05:10","modified_gmt":"2026-04-04T05:05:10","slug":"zestaw-z-mycia-wziety-seks-i-biznes-z-naklejka-dla-najlepszego-faceta","status":"publish","type":"product","link":"https:\/\/laq.pl\/en\/product\/zestaw-z-mycia-wziety-seks-i-biznes-z-naklejka-dla-najlepszego-faceta\/","title":{"rendered":"M\u0119ski zestaw prezentowy Z Mycia Wzi\u0119ty ZAPACH SEKSU I BIZNESU \u2013 Szampon i \u017bel pod prysznic LaQ + NAKLEJKA"},"content":{"rendered":"<h2 style=\"text-align: center;\"><strong>Legendarny duet dla m\u0119\u017cczyzn, kt\u00f3rzy sukces maj\u0105 we krwi, a zapach na sk\u00f3rze<\/strong><\/h2>\n<p>&nbsp;<\/p>\n<p>\ud83d\udc15 <a href=\"https:\/\/laq.pl\/produkt\/zel-pod-prysznic-8w1-SEKS I BIZNES-500-ml\/\"><strong>\u017bel pod prysznic 8 w 1 ZAPACH SEKSU I BIZNESU 500 ml<\/strong><\/a> &#8211; wega\u0144ski i niezwykle m\u0119ski \u017cel pod prysznic. Pachn\u0119 dobrym seksem i udanym biznesem, a odwracaj\u0105c psa ogonem &#8211; udanym seksem i dobrym biznesem. Sam nie wiem, czym bardziej. Dobry nos wyczuje te\u017c u mnie m\u0119skie perfumy z nut\u0105 kardamonu i czarnego pieprzu. Kto\u015b kiedy\u015b powiedzia\u0142 o mnie &#8220;najlepszy&#8221; i jak dot\u0105d tego nie odszczeka\u0142.<\/p>\n<p>\ud83d\udc15 <a href=\"https:\/\/laq.pl\/produkt\/szampon-dla-facetow-1-w-1-SEKS I BIZNES-300-ml\/\"><strong>Szampon dla facet\u00f3w 1 w 1 ZAPACH SEKSU I BIZNESU 300 ml<\/strong><\/a> &#8211; naturalny i wega\u0144ski m\u0119ski szampon do w\u0142os\u00f3w o dzia\u0142aniu energetyzuj\u0105cym. Zawieram ekstrakty z czarnego pieprzu, cytryny, mi\u0119ty, rozmarynu i zielonej herbaty. Na dodatek pachn\u0119 seksem, biznesem i m\u0119skimi perfumami.<\/p>\n<p><strong>\ud83c\udf81 Zapakowany w kartonik z okienkiem wype\u0142niony wk\u0142adk\u0105<\/strong><\/p>\n<p>&nbsp;<\/p>\n<h3><strong>KIM JESTEM?<\/strong><\/h3>\n<p>Oto ja, czyli wega\u0144ski zestaw kosmetyk\u00f3w naturalnych dla m\u0119\u017cczyzny, sk\u0142adaj\u0105cy si\u0119 z \u017celu pod prysznic oraz szamponu do w\u0142os\u00f3w. Kto\u015b kiedy\u015b powiedzia\u0142 o SEKSIE I BIZNESIE &#8220;najlepszy&#8221; i jak dot\u0105d tego nie odszczeka\u0142. Dobry nos wyczuje w nim m\u0119skie perfumy z nut\u0105 kardamonu i czarnego pieprzu. Seria ta jest idealna dla tych, kt\u00f3rzy lubi\u0105 dobry seks i udany biznes, jak r\u00f3wnie\u017c udany seks i dobry biznes. Receptura \u017celu pod prysznic bazuje na delikatnych substancjach myj\u0105cych. Znajdziesz w nim nawil\u017caj\u0105c\u0105 gliceryn\u0119, a tak\u017ce ekstrakt z nasion kardamonu, mocznik oraz niacynamid. Z kolei szampon o dzia\u0142aniu energetyzuj\u0105cym zawiera ekstrakty z czarnego pieprzu, cytryny, mi\u0119ty, rozmarynu i zielonej herbaty. Dzi\u0119ki nim \u0142agodnie, ale i skutecznie oczyszcza w\u0142osy, zapobiegaj\u0105c ich przet\u0142uszczaniu.<\/p>\n<p>&nbsp;<\/p>\n<h3><strong>CO MOG\u0118 DLA CIEBIE ZROBI\u0106?<\/strong><\/h3>\n<p>Szukasz prezentu dla faceta na urodziny? A mo\u017ce interesuje Ci\u0119 pomys\u0142 na niebanalny prezent dla kumpla na imieniny? Upominek na Dzie\u0144 Ch\u0142opaka, podarunek na \u015bwi\u0119ta? Jeste\u015b we w\u0142a\u015bciwym miejscu, bowiem na prezent dla m\u0119\u017cczyzny nadaj\u0119 si\u0119 idealnie! W szczeg\u00f3lno\u015bci dlatego, \u017ce jestem zapakowany w gustowne pude\u0142ko prezentowe z okienkiem i kartonow\u0105 wk\u0142adk\u0105. Zapewniam Ci\u0119, \u017ce rado\u015b\u0107 i dzikie skoki obdarowanego murowane!<\/p>\n<p>&nbsp;<\/p>\n<h3><strong>PYTASZ KOTKU, CO MAM W \u015aRODKU?<\/strong><\/h3>\n<p>\ud83d\udc15<a href=\"https:\/\/laq.pl\/produkt\/zel-pod-prysznic-8w1-SEKS I BIZNES-500-ml\/\"><strong> \u017bel pod prysznic 8 w 1 ZAPACH SEKSU I BIZNESU 500 ml<\/strong><\/a> &#8211; Na zewn\u0105trz jestem twardy, zdecydowany i bezkompromisowy, jednak wewn\u0105trz skrywam prawdziw\u0105 natur\u0119, opart\u0105 na \u0142agodnych substancjach myj\u0105cych pochodzenia ro\u015blinnego. Zawieram gliceryn\u0119 (r\u00f3wnie\u017c pochodzenia ro\u015blinnego), ekstrakt z nasion kardamonu, mocznik oraz niacynamid.<\/p>\n<p>\ud83d\udc15 <a href=\"https:\/\/laq.pl\/produkt\/szampon-dla-facetow-1-w-1-SEKS I BIZNES-300-ml\/\"><strong>Szampon dla facet\u00f3w 1 w 1 ZAPACH SEKSU I BIZNESU 300 ml<\/strong><\/a> &#8211; Zawieram w sobie wyci\u0105g z li\u015bci rozmarynu lekarskiego oraz ekstrakt z nasion pieprzu czarnego. Dodatkowo znajdziesz we mnie wyci\u0105g z owoc\u00f3w og\u00f3rka, hamuj\u0105cy wypadanie w\u0142os\u00f3w oraz przyspieszaj\u0105cy ich wzrost. Mam dla Ciebie r\u00f3wnie\u017c ekstrakty z zielonej herbaty, li\u015bci mi\u0119ty pieprzowej i cytryny, kt\u00f3re \u015bwietnie oczyszczaj\u0105 i daj\u0105 efekt przyjemnego od\u015bwie\u017cenia.<\/p>\n<p>(dok\u0142adne sk\u0142ady INCI poszczeg\u00f3lnych produkt\u00f3w znajdziesz pod powy\u017cszymi linkami)<\/p>\n<p>&nbsp;<\/p>\n<h3><strong>POZNAJ MOJE NUTY ZAPACHOWE:<\/strong><\/h3>\n<ul>\n<li><strong>g\u0142owy:<\/strong> cytryna, grejpfrut, nuty wodne<\/li>\n<li><strong>serca:<\/strong> jab\u0142ko, mi\u0119ta, r\u00f3\u017cowy pieprz, r\u00f3\u017ca<\/li>\n<li><strong>podstawy:<\/strong> drzewo cedrowe, drzewo sanda\u0142owe, suche drewno, fasola tonka, pi\u017cmo<\/li>\n<\/ul>\n<p>&nbsp;<\/p>\n<h3><strong>A CO M\u00d3WI\u0104 NA MIE\u015aCIE?<\/strong><\/h3>\n<p><em>Pr\u00f3ba zarobienia pieni\u0119dzy, a mo\u017ce dziki seks sprawi\u0142y, \u017ce Twoja sk\u00f3ra pachnie niczym sier\u015b\u0107 mokrego psa?<\/em><br \/>\n<em>Taki jest zapach seksu i biznesu?!<\/em><br \/>\n<em>Panowie\u2026 Nie!<br \/>\nTo trzeba przecie\u017c zmy\u0107!<br \/>\nZAPACH SEKSU I BIZNESU to klasa sama w sobie!<\/em><br \/>\n<em>Pozostawi na Tobie niesamowity zapach pieni\u0119dzy ju\u017c zarobionych i zadowoli Twoj\u0105 kobiet\u0119 jeszcze po stokro\u0107 bardziej!<\/em><br \/>\n<em>Nieokie\u0142znanym osobnikom pomo\u017ce usun\u0105\u0107 nut\u0119 wstydu, gdy zostan\u0105 przy\u0142apani na uganianiu si\u0119 za innymi suczkami,<br \/>\na co najwa\u017cniejsze zmyje nawet plam\u0119 z honoru i wyma\u017ce ka\u017cdy szczeni\u0119cy wybryk z pami\u0119ci.<\/em><\/p>\n<p>&nbsp;<\/p>\n<p><img loading=\"lazy\" decoding=\"async\" class=\"alignnone wp-image-49200 size-medium\" src=\"https:\/\/laq.pl\/wp-content\/uploads\/2026\/02\/uniwersalny-300x177.jpg\" alt=\"piktogram znaku testowanie dermatologicznie oraz znak produktu wega\u0144skiego\" width=\"300\" height=\"177\" srcset=\"https:\/\/laq.pl\/wp-content\/uploads\/2026\/02\/uniwersalny-300x177.jpg 300w, https:\/\/laq.pl\/wp-content\/uploads\/2026\/02\/uniwersalny-726x429.jpg 726w, https:\/\/laq.pl\/wp-content\/uploads\/2026\/02\/uniwersalny.jpg 769w\" sizes=\"auto, (max-width: 300px) 100vw, 300px\" \/><\/p>\n","protected":false},"excerpt":{"rendered":"<p><strong>Zestaw prezentowy z wk\u0142adk\u0105 plus naklejka dla nejlepszego faceta na \u015bwiecie, a w nim:<\/strong><\/p>\n<p>\ud83d\udc15 <a href=\"https:\/\/laq.pl\/produkt\/zel-pod-prysznic-8w1-ZAPACH SEKSU I BIZNESU-500-ml\/\"><strong>\u017cel pod prysznic 8 w 1 ZAPACH SEKSU I BIZNESU 500 ml<\/strong><\/a><\/p>\n<p>\ud83d\udc15 <a href=\"https:\/\/laq.pl\/produkt\/szampon-dla-facetow-1-w-1-ZAPACH SEKSU I BIZNESU-300-ml\/\"><strong>szampon dla facet\u00f3w 1 w 1 ZAPACH SEKSU I BIZNESU 300 ml<\/strong><\/a><\/p>\n","protected":false},"featured_media":48113,"template":"","meta":{"_acf_changed":false},"product_brand":[],"product_cat":[92,103,229,233],"product_tag":[839,819,893],"class_list":{"0":"post-34272","1":"product","2":"type-product","3":"status-publish","4":"has-post-thumbnail","6":"product_cat-zapach-seksu-i-biznesu","7":"product_cat-zestawy-na-prezent","8":"product_cat-dla-prawdziwego-mezczyzny","9":"product_cat-meskie","10":"product_tag-idealny-prezent","11":"product_tag-na-prezent","12":"product_tag-zapach-seksu-i-biznesu","15":"first","16":"instock","17":"taxable","18":"shipping-taxable","19":"purchasable","20":"product-type-simple"},"acf":[],"_links":{"self":[{"href":"https:\/\/laq.pl\/en\/wp-json\/wp\/v2\/product\/34272","targetHints":{"allow":["GET"]}}],"collection":[{"href":"https:\/\/laq.pl\/en\/wp-json\/wp\/v2\/product"}],"about":[{"href":"https:\/\/laq.pl\/en\/wp-json\/wp\/v2\/types\/product"}],"wp:featuredmedia":[{"embeddable":true,"href":"https:\/\/laq.pl\/en\/wp-json\/wp\/v2\/media\/48113"}],"wp:attachment":[{"href":"https:\/\/laq.pl\/en\/wp-json\/wp\/v2\/media?parent=34272"}],"wp:term":[{"taxonomy":"product_brand","embeddable":true,"href":"https:\/\/laq.pl\/en\/wp-json\/wp\/v2\/product_brand?post=34272"},{"taxonomy":"product_cat","embeddable":true,"href":"https:\/\/laq.pl\/en\/wp-json\/wp\/v2\/product_cat?post=34272"},{"taxonomy":"product_tag","embeddable":true,"href":"https:\/\/laq.pl\/en\/wp-json\/wp\/v2\/product_tag?post=34272"}],"curies":[{"name":"wp","href":"https:\/\/api.w.org\/{rel}","templated":true}]}}