{"id":34281,"date":"2025-08-14T07:49:45","date_gmt":"2025-08-14T05:49:45","guid":{"rendered":"https:\/\/laq.pl\/?post_type=product&#038;p=34281"},"modified":"2026-04-03T09:50:23","modified_gmt":"2026-04-03T07:50:23","slug":"zestaw-z-mycia-wziety-ryszard-z-bieszczad-z-naklejka-dla-najlepszego-faceta","status":"publish","type":"product","link":"https:\/\/laq.pl\/en\/product\/zestaw-z-mycia-wziety-ryszard-z-bieszczad-z-naklejka-dla-najlepszego-faceta\/","title":{"rendered":"M\u0119ski zestaw prezentowy Z Mycia Wzi\u0119ty RYSZARD Z BIESZCZAD +NAKLEJKA"},"content":{"rendered":"<h2 style=\"text-align: center;\"><strong>Legendarny duet dla m\u0119\u017cczyzn, kt\u00f3rzy sukces maj\u0105 we krwi, a zapach na sk\u00f3rze<br \/>\n<\/strong><\/h2>\n<p>&nbsp;<\/p>\n<p><strong>\ud83d\udc06 <a href=\"https:\/\/laq.pl\/produkt\/zel-pod-prysznic-8w1-ryszard-z-bieszczad-500-ml\/\">\u017bel pod prysznic RYSZARD Z BIESZCZAD 500 ml<\/a><\/strong> &#8211; <span style=\"font-weight: 400;\">naturalny i wega\u0144ski \u017cel pod prysznic dla m\u0119\u017cczyzn. Jako jedyny w Bieszczadach zawieram wyci\u0105g z li\u015bci tytoniu szlachetnego. Poza tym jaram si\u0119 tym, \u017ce pachn\u0119 m\u0119skimi perfumami.\u00a0<\/span><\/p>\n<p><strong>\ud83d\udc06<\/strong> <a href=\"https:\/\/laq.pl\/produkt\/szampon-dla-facetow-1-w-1-ryszard-z-bieszczad-300-ml\/\"><strong>Szampon dla facet\u00f3w 1 w 1 RYSZARD Z BIESZCZAD 300 ml<\/strong><\/a> &#8211; <span style=\"font-weight: 400;\">naturalny i wega\u0144ski m\u0119ski szampon<\/span> do w\u0142os\u00f3w o dzia\u0142aniu nawil\u017caj\u0105cym. Zawieram kompleks sk\u0142adnik\u00f3w nawil\u017caj\u0105cych, pantenol i ekstrakty ro\u015blinne. <span style=\"font-weight: 400;\">Na dodatek p<\/span>achn\u0119 m\u0119skimi perfumami, pe\u0142nymi dziko\u015bci i sprytu.<\/p>\n<p><strong>\ud83c\udf81 Zapakowany w kartonik z okienkiem wype\u0142niony wk\u0142adk\u0105<\/strong><\/p>\n<p>&nbsp;<\/p>\n<h3><strong>KIM JESTEM?<\/strong><\/h3>\n<p>Oto ja, czyli wega\u0144ski zestaw kosmetyk\u00f3w naturalnych dla m\u0119\u017cczyzny, sk\u0142adaj\u0105cy si\u0119 z \u017celu pod prysznic oraz szamponu do w\u0142os\u00f3w. Ryszard z Bieszczad ma oryginalny zapach g\u00f3rskiego szlaku, kt\u00f3ry przenika si\u0119 z ekskluzywnymi m\u0119skimi perfumami. Seria ta jest idealna dla facet\u00f3w dzikich i sprytnych, kt\u00f3rzy lubi\u0105 chodzi\u0107 w\u0142asnymi \u015bcie\u017ckami. Receptura \u017celu pod prysznic bazuje na delikatnych substancjach myj\u0105cych. Zawiera on nawil\u017caj\u0105c\u0105 gliceryn\u0119, a tak\u017ce wyci\u0105g z li\u015bci tytoniu szlachetnego, mocznik oraz witamin\u0119 B3 (niacynamid). Z kolei szampon o dzia\u0142aniu nawil\u017caj\u0105cym zawiera m.in. pantenol, niacynamid, mocznik oraz ekstrakty ro\u015blinne. Dzi\u0119ki nim \u0142agodnie, ale i skutecznie oczyszcza w\u0142osy, dodaj\u0105c im zdrowego po\u0142ysku.<\/p>\n<p>&nbsp;<\/p>\n<h3><strong>CO MOG\u0118 DLA CIEBIE ZROBI\u0106?<\/strong><\/h3>\n<p>Szukasz prezentu dla faceta na urodziny? A mo\u017ce interesuje Ci\u0119 pomys\u0142 na niebanalny prezent dla kumpla na imieniny? Upominek na Dzie\u0144 Ch\u0142opaka, podarunek na \u015bwi\u0119ta? Jeste\u015b we w\u0142a\u015bciwym miejscu, bowiem na prezent dla m\u0119\u017cczyzny nadaj\u0119 si\u0119 idealnie! W szczeg\u00f3lno\u015bci dlatego, \u017ce jestem zapakowany w gustowne pude\u0142ko prezentowe z okienkiem i wygodnym siankiem. Zapewniam Ci\u0119, \u017ce rado\u015b\u0107 i dzikie skoki obdarowanego murowane!<\/p>\n<p>&nbsp;<\/p>\n<h3><strong>PYTASZ KOTKU, CO MAM W \u015aRODKU?<\/strong><\/h3>\n<p><strong>\ud83d\udc06 <a href=\"https:\/\/laq.pl\/produkt\/zel-pod-prysznic-8w1-ryszard-z-bieszczad-500-ml\/\">\u017bel pod prysznic RYSZARD Z BIESZCZAD 500 ml<\/a> &#8211; <span style=\"font-weight: 400;\">Zawieram w sobie nawil\u017caj\u0105c\u0105 gliceryn\u0119 pochodzenia ro\u015blinnego. Mam dla Ciebie r\u00f3wnie\u017c od\u017cywczy wyci\u0105g z li\u015bci tytoniu szlachetnego, a do tego nawil\u017caj\u0105cy mocznik oraz witamin\u0119 B3 (niacynamid).\u00a0<\/span><\/strong><\/p>\n<p><strong>\ud83d\udc06 <a href=\"https:\/\/laq.pl\/produkt\/szampon-dla-facetow-1-w-1-ryszard-z-bieszczad-300-ml\/\">Szampon dla facet\u00f3w 1 w 1 RYSZARD Z BIESZCZAD 300 ml<\/a><\/strong> &#8211; Zawieram w sobie pantenol i wyci\u0105g z kwiat\u00f3w rumianku, kt\u00f3re wspaniale koj\u0105 i \u0142agodz\u0105 podra\u017cnienia, a tak\u017ce dzia\u0142aj\u0105 przeciwzapalnie. Znajdziesz te\u017c we mnie niacynamid, kt\u00f3ry wyg\u0142adza w\u0142osy i reguluje prac\u0119 gruczo\u0142\u00f3w \u0142ojowych.<\/p>\n<p>(dok\u0142adne sk\u0142ady INCI poszczeg\u00f3lnych produkt\u00f3w znajdziesz pod powy\u017cszymi linkami)<\/p>\n<p>&nbsp;<\/p>\n<h3><strong>POZNAJ MOJE NUTY ZAPACHOWE:<\/strong><\/h3>\n<ul>\n<li><strong>g\u0142owy: <\/strong>bergamotka, cytryna, sza\u0142wia, zio\u0142a<\/li>\n<li><strong>serca: <\/strong>nuty morskie, lawenda, ja\u015bmin, tymianek, irys<\/li>\n<li><strong>podstawy:<\/strong> drewno bursztynowe, paczula, wetyweria, fasola tonka<\/li>\n<\/ul>\n<h3><strong>A CO M\u00d3WI\u0104 NA MIE\u015aCIE?<\/strong><\/h3>\n<p><em>Gdy jeste\u015b najwi\u0119kszym kotem w Europie,<br \/>\na wszystkie oczy skierowane s\u0105 na Ciebie,<br \/>\nwarto zadba\u0107 o sw\u00f3j wizerunek.<\/em><br \/>\n<em>Niewa\u017cne czy Twoja twarz jest w logo Bieszczadzkiego PN,<br \/>\nczy w\u0142a\u015bnie nie\u015bwiadomie pozujesz do zdj\u0119cia podczas znakowania terenu.<\/em><\/p>\n<p>&nbsp;<\/p>\n<p><img loading=\"lazy\" decoding=\"async\" class=\"alignnone wp-image-49200 size-medium\" src=\"https:\/\/laq.pl\/wp-content\/uploads\/2026\/02\/uniwersalny-300x177.jpg\" alt=\"piktogram znaku testowanie dermatologicznie oraz znak produktu wega\u0144skiego\" width=\"300\" height=\"177\" srcset=\"https:\/\/laq.pl\/wp-content\/uploads\/2026\/02\/uniwersalny-300x177.jpg 300w, https:\/\/laq.pl\/wp-content\/uploads\/2026\/02\/uniwersalny-726x429.jpg 726w, https:\/\/laq.pl\/wp-content\/uploads\/2026\/02\/uniwersalny.jpg 769w\" sizes=\"auto, (max-width: 300px) 100vw, 300px\" \/><\/p>\n","protected":false},"excerpt":{"rendered":"<p><strong>Zestaw prezentowy z wk\u0142adk\u0105 plus naklejka DLA NEJLEPSZEGO FACETA NA \u015aWIECIE, a w nim:<\/strong><\/p>\n<p><strong>\ud83d\udc06 <a href=\"https:\/\/laq.pl\/produkt\/zel-pod-prysznic-8w1-ryszard-z-bieszczad-500-ml\/\">\u017bel pod prysznic RYSZARD Z BIESZCZAD 500 ml<\/a><\/strong><\/p>\n<p><strong>\ud83d\udc06<\/strong> <a href=\"https:\/\/laq.pl\/produkt\/szampon-dla-facetow-1-w-1-ryszard-z-bieszczad-300-ml\/\"><strong>Szampon dla facet\u00f3w 1 w 1 RYSZARD Z BIESZCZAD 300 ml<\/strong><\/a><\/p>\n","protected":false},"featured_media":48300,"template":"","meta":{"_acf_changed":false},"product_brand":[],"product_cat":[93,103,229,233],"product_tag":[839,819,287],"class_list":{"0":"post-34281","1":"product","2":"type-product","3":"status-publish","4":"has-post-thumbnail","6":"product_cat-ryszard-z-bieszczad","7":"product_cat-zestawy-na-prezent","8":"product_cat-dla-prawdziwego-mezczyzny","9":"product_cat-meskie","10":"product_tag-idealny-prezent","11":"product_tag-na-prezent","12":"product_tag-ryszard-z-bieszczad","15":"first","16":"instock","17":"taxable","18":"shipping-taxable","19":"purchasable","20":"product-type-simple"},"acf":[],"_links":{"self":[{"href":"https:\/\/laq.pl\/en\/wp-json\/wp\/v2\/product\/34281","targetHints":{"allow":["GET"]}}],"collection":[{"href":"https:\/\/laq.pl\/en\/wp-json\/wp\/v2\/product"}],"about":[{"href":"https:\/\/laq.pl\/en\/wp-json\/wp\/v2\/types\/product"}],"wp:featuredmedia":[{"embeddable":true,"href":"https:\/\/laq.pl\/en\/wp-json\/wp\/v2\/media\/48300"}],"wp:attachment":[{"href":"https:\/\/laq.pl\/en\/wp-json\/wp\/v2\/media?parent=34281"}],"wp:term":[{"taxonomy":"product_brand","embeddable":true,"href":"https:\/\/laq.pl\/en\/wp-json\/wp\/v2\/product_brand?post=34281"},{"taxonomy":"product_cat","embeddable":true,"href":"https:\/\/laq.pl\/en\/wp-json\/wp\/v2\/product_cat?post=34281"},{"taxonomy":"product_tag","embeddable":true,"href":"https:\/\/laq.pl\/en\/wp-json\/wp\/v2\/product_tag?post=34281"}],"curies":[{"name":"wp","href":"https:\/\/api.w.org\/{rel}","templated":true}]}}