{"id":34290,"date":"2026-01-12T10:54:24","date_gmt":"2026-01-12T09:54:24","guid":{"rendered":"https:\/\/laq.pl\/?post_type=product&#038;p=34290"},"modified":"2026-04-03T09:50:27","modified_gmt":"2026-04-03T07:50:27","slug":"zestaw-z-mycia-wziety-dzikus-z-lasu-z-naklejka-dla-najlepszego-faceta","status":"publish","type":"product","link":"https:\/\/laq.pl\/en\/product\/zestaw-z-mycia-wziety-dzikus-z-lasu-z-naklejka-dla-najlepszego-faceta\/","title":{"rendered":"M\u0119ski zestaw prezentowy Z Mycia Wzi\u0119ty DZIKUS Z LASU \u2013 Szampon i \u017bel pod prysznic LaQ + NAKLEJKA"},"content":{"rendered":"<h2 style=\"text-align: center;\"><strong>Legendarny duet dla m\u0119\u017cczyzn, kt\u00f3rzy sukces maj\u0105 we krwi, a zapach na sk\u00f3rze<br \/>\n<\/strong><\/h2>\n<p>&nbsp;<\/p>\n<p>\ud83d\udc17 <a href=\"https:\/\/laq.pl\/produkt\/zel-pod-prysznic-8-w-1-dzikus-z-lasu-500-ml\/\"><strong>\u017bel pod prysznic 8 w 1 DZIKUS Z LASU 500 ml<\/strong><\/a> &#8211; naturalny i wega\u0144ski \u017cel pod prysznic dla m\u0119\u017cczyzn. Myj\u0119 ekspresowo, pachn\u0119 ekskluzywnymi perfumami, zawieram ekstrakt z d\u0119bu i jestem ekstremalnie dziki. Si\u0119gaj\u0105 po mnie nie tylko eksperci, ekscentrycy i ekspaci, ale r\u00f3wnie\u017c ekstrawertycy i eksperymentatorzy.<\/p>\n<p><strong>\ud83d\udc17 <a href=\"https:\/\/laq.pl\/produkt\/szampon-dla-facetow-1-w-1-dzikus-z-lasu-300-ml\/\">Szampon dla facet\u00f3w 1 w 1 DZIKUS Z LASU 300 ml<\/a> &#8211;<\/strong> naturalny i wega\u0144ski m\u0119ski szampon do w\u0142os\u00f3w o dzia\u0142aniu wzmacniaj\u0105cym. Przede wszystkim zawieram kompleks z sze\u0144-szenia, \u0142opianu, skrzypu i przytulii. Na dodatek pachn\u0119 ekstremalnie dziko m\u0119skimi perfumami.<\/p>\n<p><strong>\ud83c\udf81 Zapakowany w kartonik z okienkiem wype\u0142niony wk\u0142adk\u0105<\/strong><\/p>\n<p>&nbsp;<\/p>\n<h3><strong>KIM JESTEM?<\/strong><\/h3>\n<p>Oto ja, czyli wega\u0144ski zestaw kosmetyk\u00f3w naturalnych dla m\u0119\u017cczyzny, sk\u0142adaj\u0105cy si\u0119 z \u017celu pod prysznic oraz szamponu do w\u0142os\u00f3w. Legendarny Dzikus z Lasu ma oryginalny zapach walki o szyszki, kt\u00f3ry przenika si\u0119 z ekskluzywnymi m\u0119skimi perfumami. Seria ta jest idealna dla ekstremalnego dzika, ale tak\u017ce dla eksperta, ekscentryka i ekspata, jak r\u00f3wnie\u017c dla ekstrawertyka i eksperymentatora. Receptura \u017celu pod prysznic bazuje na delikatnych substancjach myj\u0105cych. Zawiera on nawil\u017caj\u0105c\u0105 gliceryn\u0119, a tak\u017ce koj\u0105cy ekstrakt z kory d\u0119bu bezszypu\u0142kowego. Z kolei szampon o dzia\u0142aniu wzmacniaj\u0105cym zawiera kompleks z sze\u0144-szenia, \u0142opianu, skrzypu i przytulii. Dzi\u0119ki niemu \u0142agodnie, ale i skutecznie oczyszcza w\u0142osy, przy okazji wyg\u0142adzaj\u0105c je i regeneruj\u0105c.<\/p>\n<p>&nbsp;<\/p>\n<h3><strong>CO MOG\u0118 DLA CIEBIE ZROBI\u0106?<\/strong><\/h3>\n<p>Szukasz prezentu dla faceta na urodziny? A mo\u017ce interesuje Ci\u0119 pomys\u0142 na niebanalny prezent dla kumpla na imieniny? Upominek na Dzie\u0144 Ch\u0142opaka, podarunek na \u015bwi\u0119ta? Jeste\u015b we w\u0142a\u015bciwym miejscu, bowiem na prezent dla m\u0119\u017cczyzny nadaj\u0119 si\u0119 idealnie! W szczeg\u00f3lno\u015bci dlatego, \u017ce jestem zapakowany w gustowne pude\u0142ko prezentowe z okienkiem i kartonow\u0105 wk\u0142adk\u0105. Zapewniam Ci\u0119, \u017ce dzika rado\u015b\u0107 i szcz\u0119\u015bcie obdarowanego murowane!<\/p>\n<p>&nbsp;<\/p>\n<h3><strong>PYTASZ KOTKU, CO MAM W \u015aRODKU?<\/strong><\/h3>\n<p>\ud83d\udc17 <a href=\"https:\/\/laq.pl\/produkt\/zel-pod-prysznic-8-w-1-dzikus-z-lasu-500-ml\/\"><strong>\u017bel pod prysznic 8 w 1 DZIKUS Z LASU 500 ml<\/strong><\/a> &#8211; <span style=\"font-weight: 400;\">Moja receptura bazuje bowiem na delikatnych substancjach myj\u0105cych. Ponadto zawieram w sobie nawil\u017caj\u0105c\u0105 gliceryn\u0119 pochodzenia ro\u015blinnego, a tak\u017ce koj\u0105cy ekstrakt z kory d\u0119bu bezszypu\u0142kowego. Jak widzisz, nie musisz przede mn\u0105 na drzewo pr\u0119dko zmyka\u0107!\u00a0<\/span><\/p>\n<p><strong>\ud83d\udc17 <a href=\"https:\/\/laq.pl\/produkt\/szampon-dla-facetow-1-w-1-dzikus-z-lasu-300-ml\/\">Szampon dla facet\u00f3w 1 w 1 DZIKUS Z LASU 300 ml<\/a> &#8211; <\/strong>Zawieram w sobie ekstrakt z kory d\u0119bu, kt\u00f3ry dzia\u0142a \u015bci\u0105gaj\u0105co. Dodatkowo znajdziesz we mnie wyci\u0105g z korzenia \u017ce\u0144-szenia, kt\u00f3ry od\u017cywia cebulki oraz zauwa\u017calnie wzmacnia w\u0142osy. Ponadto mam dla Ciebie r\u00f3wnie\u017c ekstrakt z korzenia \u0142opianu wi\u0119kszego, od\u017cywiaj\u0105cy w\u0142osy i pobudzaj\u0105cy je do wzrostu. Do tego oferuj\u0119 Ci wyci\u0105g ze skrzypu polnego, kt\u00f3ry zmi\u0119kcza w\u0142osy i zapobiega ich wypadaniu.<\/p>\n<p>(dok\u0142adne sk\u0142ady INCI poszczeg\u00f3lnych produkt\u00f3w znajdziesz pod powy\u017cszymi linkami)<\/p>\n<p>&nbsp;<\/p>\n<h3><strong>POZNAJ MOJE NUTY ZAPACHOWE:<\/strong><\/h3>\n<ul>\n<li><strong>g\u0142owy:<\/strong> bergamotka, czarna porzeczka, ananas, kwiat pomara\u0144czy<\/li>\n<li><strong>serca:<\/strong> paczula, ja\u015bmin, zio\u0142a<\/li>\n<li><strong>podstawy:<\/strong> mech d\u0119bowy, pi\u017cmo, bursztyn<\/li>\n<\/ul>\n<p>&nbsp;<\/p>\n<h3><strong>A CO M\u00d3WI\u0104 NA MIE\u015aCIE?<\/strong><\/h3>\n<p><em>Dzik jest dziki, Dzik jest z\u0142y,<\/em><br \/>\n<em>Dzik ma bardzo ostre k\u0142y,<\/em><br \/>\n<em>Kto spotyka w lesie dzika,<\/em><br \/>\n<em>Ten do LaQ szybko zmyka.<\/em><\/p>\n<p>&nbsp;<\/p>\n<p><img loading=\"lazy\" decoding=\"async\" class=\"alignnone wp-image-49200 size-medium\" src=\"https:\/\/laq.pl\/wp-content\/uploads\/2026\/02\/uniwersalny-300x177.jpg\" alt=\"piktogram znaku testowanie dermatologicznie oraz znak produktu wega\u0144skiego\" width=\"300\" height=\"177\" srcset=\"https:\/\/laq.pl\/wp-content\/uploads\/2026\/02\/uniwersalny-300x177.jpg 300w, https:\/\/laq.pl\/wp-content\/uploads\/2026\/02\/uniwersalny-726x429.jpg 726w, https:\/\/laq.pl\/wp-content\/uploads\/2026\/02\/uniwersalny.jpg 769w\" sizes=\"auto, (max-width: 300px) 100vw, 300px\" \/><\/p>\n","protected":false},"excerpt":{"rendered":"<p><strong>Zestaw prezentowy z wk\u0142adk\u0105 plus naklejka DLA NEJLEPSZEGO FACETA NA \u015aWIECIE, a w nim:<\/strong><\/p>\n<p>\ud83d\udc17 <a href=\"https:\/\/laq.pl\/produkt\/zel-pod-prysznic-8-w-1-dzikus-z-lasu-500-ml\/\"><strong>\u017bel pod prysznic 8 w 1 DZIKUS Z LASU 500 ml<\/strong><\/a><\/p>\n<p><strong>\ud83d\udc17 <a href=\"https:\/\/laq.pl\/produkt\/szampon-dla-facetow-1-w-1-dzikus-z-lasu-300-ml\/\">Szampon dla facet\u00f3w 1 w 1 DZIKUS Z LASU 300 ml<\/a><\/strong><\/p>\n","protected":false},"featured_media":48110,"template":"","meta":{"_acf_changed":false},"product_brand":[],"product_cat":[91,103,229,233],"product_tag":[292,839,819],"class_list":{"0":"post-34290","1":"product","2":"type-product","3":"status-publish","4":"has-post-thumbnail","6":"product_cat-dzikus-z-lasu","7":"product_cat-zestawy-na-prezent","8":"product_cat-dla-prawdziwego-mezczyzny","9":"product_cat-meskie","10":"product_tag-dzikus-z-lasu","11":"product_tag-idealny-prezent","12":"product_tag-na-prezent","15":"first","16":"instock","17":"taxable","18":"shipping-taxable","19":"purchasable","20":"product-type-simple"},"acf":[],"_links":{"self":[{"href":"https:\/\/laq.pl\/en\/wp-json\/wp\/v2\/product\/34290","targetHints":{"allow":["GET"]}}],"collection":[{"href":"https:\/\/laq.pl\/en\/wp-json\/wp\/v2\/product"}],"about":[{"href":"https:\/\/laq.pl\/en\/wp-json\/wp\/v2\/types\/product"}],"wp:featuredmedia":[{"embeddable":true,"href":"https:\/\/laq.pl\/en\/wp-json\/wp\/v2\/media\/48110"}],"wp:attachment":[{"href":"https:\/\/laq.pl\/en\/wp-json\/wp\/v2\/media?parent=34290"}],"wp:term":[{"taxonomy":"product_brand","embeddable":true,"href":"https:\/\/laq.pl\/en\/wp-json\/wp\/v2\/product_brand?post=34290"},{"taxonomy":"product_cat","embeddable":true,"href":"https:\/\/laq.pl\/en\/wp-json\/wp\/v2\/product_cat?post=34290"},{"taxonomy":"product_tag","embeddable":true,"href":"https:\/\/laq.pl\/en\/wp-json\/wp\/v2\/product_tag?post=34290"}],"curies":[{"name":"wp","href":"https:\/\/api.w.org\/{rel}","templated":true}]}}