{"id":34629,"date":"2024-01-10T21:27:27","date_gmt":"2024-01-10T20:27:27","guid":{"rendered":"https:\/\/laq.pl\/produkt\/goat-bath-bomb\/"},"modified":"2024-01-10T21:27:27","modified_gmt":"2024-01-10T20:27:27","slug":"goat-bath-bomb","status":"publish","type":"product","link":"https:\/\/laq.pl\/en\/product\/goat-bath-bomb\/","title":{"rendered":"GOAT bath bomb"},"content":{"rendered":"<h2 style=\"text-align: center;\"><strong>GOAT bath bomb 120 g<\/strong><\/h2>\n<p>&nbsp;<\/p>\n<h3><strong>WHO AM I?<\/strong><\/h3>\n<p>Here I am, a handmade fizzy bath bomb. As the name suggests, it fizzes wonderfully when thrown into the bathtub, and because it was created in the LaQ laboratory, it also smells amazing. I smell like the entire GOAT men&#8217;s line &#8211; an evening with a beer, but also exclusive men&#8217;s perfumes.<\/p>\n<p>&nbsp;<\/p>\n<h3><strong>WHAT CAN I DO FOR YOU?<\/strong><\/h3>\n<p>With wild delight I will join you in your evening bath, helping you relax and pampering your body and senses with the exclusive aroma of men&#8217;s perfume. Wskocz zatem ze mn\u0105 do wanny, a wype\u0142ni\u0119 j\u0105 licznymi b\u0105belkami, a do tego zabarwi\u0119 wod\u0119 na przyjemny kolor. What&#8217;s more, in addition to traditional bath time fun, you can also use me in your home foot and hand care routine.<\/p>\n<p>&nbsp;<\/p>\n<h3><strong>BABE, WONDERING WHAT\u2019S INSIDE?<\/strong><\/h3>\n<p>My formula is enriched with shea butter, sweet almond oil, and vitamin E \u2013 all working to keep your skin silky smooth and beautifully moisturized. I also include cleansing activated carbon.<\/p>\n<p><em><strong>Ingredients: <\/strong>Sodium Bicarbonate, Citric Acid, Polysorbate 80, Prunus Amygdalus Dulcis Oil, Butyrospermum Parkii Buer, Charcoal Powder, Tocopherol, Parfum, Linalool.<\/em><\/p>\n<p>&nbsp;<\/p>\n<h3><strong>CHECK OUT MY FRAGRANCE NOTES:<\/strong><\/h3>\n<ul>\n<li><strong>Top notes:<\/strong> ice mint, bergamot<\/li>\n<li><strong>Heart notes:<\/strong> geranium, apple<\/li>\n<li><strong>Base notes:<\/strong> vanilla, sandalwood, cedar<\/li>\n<\/ul>\n<p>&nbsp;<\/p>\n<h3><strong>HOW TO USE THE FIZZING BATH BOMB:<\/strong><\/h3>\n<p>Remove me from the protective foil, then drop me into a bathtub filled with warm water.<\/p>\n<p>&nbsp;<\/p>\n<h3><strong>WHAT\u2019S THE WORD ON THE STREET?<\/strong><\/h3>\n<p><em>Every Goat knows that bath bombs are awesome and fun to play with.<\/em><br \/>\n<em>Especially in the bath!<\/em><br \/>\n<em>You lie in the bathtub and relax.<\/em><br \/>\n<em>What more could you want?<\/em><\/p>\n<p>&nbsp;<\/p>\n<p><img loading=\"lazy\" decoding=\"async\" class=\"alignnone size-full wp-image-11144\" src=\"https:\/\/laq.pl\/wp-content\/uploads\/2024\/03\/weganski100.jpg\" alt=\"\" width=\"100\" height=\"100\" srcset=\"https:\/\/laq.pl\/wp-content\/uploads\/2024\/03\/weganski100.jpg 100w, https:\/\/laq.pl\/wp-content\/uploads\/2024\/03\/weganski100-50x50.jpg 50w\" sizes=\"auto, (max-width: 100px) 100vw, 100px\" \/> <img loading=\"lazy\" decoding=\"async\" class=\"alignnone size-full wp-image-11143\" src=\"https:\/\/laq.pl\/wp-content\/uploads\/2024\/03\/derma-100.jpg\" alt=\"\" width=\"100\" height=\"100\" srcset=\"https:\/\/laq.pl\/wp-content\/uploads\/2024\/03\/derma-100.jpg 100w, https:\/\/laq.pl\/wp-content\/uploads\/2024\/03\/derma-100-50x50.jpg 50w\" sizes=\"auto, (max-width: 100px) 100vw, 100px\" \/><\/p>\n","protected":false},"excerpt":{"rendered":"<p>When thrown into the bathtub, it <strong>fizzes wonderfully<\/strong> and can also be used for home care of feet and hands.<\/p>\n","protected":false},"featured_media":34630,"template":"","meta":{"_acf_changed":false},"product_brand":[],"product_cat":[601,920,750,552],"product_tag":[641,618],"class_list":{"0":"post-34629","1":"product","2":"type-product","3":"status-publish","4":"has-post-thumbnail","6":"product_cat-bath-bombs","7":"product_cat-bath-bombs-men","8":"product_cat-goat","9":"product_cat-mens","10":"product_tag-bath-bomb","11":"product_tag-goat","14":"first","15":"instock","16":"taxable","17":"shipping-taxable","18":"purchasable","19":"product-type-simple"},"acf":[],"_links":{"self":[{"href":"https:\/\/laq.pl\/en\/wp-json\/wp\/v2\/product\/34629","targetHints":{"allow":["GET"]}}],"collection":[{"href":"https:\/\/laq.pl\/en\/wp-json\/wp\/v2\/product"}],"about":[{"href":"https:\/\/laq.pl\/en\/wp-json\/wp\/v2\/types\/product"}],"wp:featuredmedia":[{"embeddable":true,"href":"https:\/\/laq.pl\/en\/wp-json\/wp\/v2\/media\/34630"}],"wp:attachment":[{"href":"https:\/\/laq.pl\/en\/wp-json\/wp\/v2\/media?parent=34629"}],"wp:term":[{"taxonomy":"product_brand","embeddable":true,"href":"https:\/\/laq.pl\/en\/wp-json\/wp\/v2\/product_brand?post=34629"},{"taxonomy":"product_cat","embeddable":true,"href":"https:\/\/laq.pl\/en\/wp-json\/wp\/v2\/product_cat?post=34629"},{"taxonomy":"product_tag","embeddable":true,"href":"https:\/\/laq.pl\/en\/wp-json\/wp\/v2\/product_tag?post=34629"}],"curies":[{"name":"wp","href":"https:\/\/api.w.org\/{rel}","templated":true}]}}