{"id":35601,"date":"2025-09-10T14:08:16","date_gmt":"2025-09-10T12:08:16","guid":{"rendered":"https:\/\/laq.pl\/?post_type=product&#038;p=35601"},"modified":"2026-04-08T16:21:25","modified_gmt":"2026-04-08T14:21:25","slug":"balsam-po-goleniu-ryszard-z-bieszczad","status":"publish","type":"product","link":"https:\/\/laq.pl\/en\/product\/balsam-po-goleniu-ryszard-z-bieszczad\/","title":{"rendered":"Balsam po goleniu RYSZARD Z BIESZCZAD"},"content":{"rendered":"<h2 style=\"text-align: center;\">Balsam po goleniu RYSZARD Z BIESZCZAD 150 ml<\/h2>\n<p>&nbsp;<\/p>\n<h3><strong>KIM JESTEM?<\/strong><\/h3>\n<p>Oto ja, naturalny i wega\u0144ski balsam po goleniu <span style=\"font-weight: 400;\">dla m\u0119\u017cczyzn.<\/span> Moja krew p\u0142ynie w tempie g\u00f3rskich potok\u00f3w, a dusza pachnie \u015bwie\u017co\u015bci\u0105 bieszczadzkich las\u00f3w. Jestem tu dla Ciebie, by po ci\u0119\u017ckim dniu na szlaku czy w miejskiej d\u017cungli ukoi\u0107 Twoj\u0105 sk\u00f3r\u0119.<\/p>\n<p>&nbsp;<\/p>\n<h3><strong>CO MOG\u0118 DLA CIEBIE ZROBI\u0106?<\/strong><\/h3>\n<p>Ty si\u0119 golisz, ja przynosz\u0119 Twojej sk\u00f3rze ulg\u0119, nawil\u017cenie i regeneracj\u0119! Dzi\u0119ki lekkiej formule szybko si\u0119 wch\u0142aniam, nie pozostawiaj\u0105c t\u0142ustej warstwy. Ponadto ochroni\u0119 sk\u00f3r\u0119 Twojej twarzy przed podra\u017cnieniami i zaczerwienieniami, pozostawiaj\u0105c j\u0105 mi\u0119kk\u0105 i g\u0142adk\u0105. Dodatkowo ekstrakty ro\u015blinne zapewni\u0105 ochron\u0119 przed szkodliwymi czynnikami zewn\u0119trznymi, natomiast Ty poczujesz si\u0119 jak prawdziwy bieszczadzki ry\u015b: silny i niezale\u017cny.<\/p>\n<p>&nbsp;<\/p>\n<h3><strong>PYTASZ KOTKU, CO MAM W \u015aRODKU?<\/strong><\/h3>\n<p>W moim sk\u0142adzie znajdziesz olej z pestek winogron, kt\u00f3ry nawil\u017ca i od\u017cywia sk\u00f3r\u0119. Z kolei pantenol \u0142agodzi podra\u017cnienia, a ekstrakt z li\u015bci tytoniu szlachetnego dzia\u0142a antyoksydacyjnie. Ponadto zawieram ekstrakty z ostropestu plamistego i bazylii indyjskiej, kt\u00f3re wspieraj\u0105 regeneracj\u0119 sk\u00f3ry, chroni\u0105c j\u0105 przed szkodliwymi czynnikami zewn\u0119trznymi. A to wszystko po to, by\u015b na swoim szlaku czu\u0142 si\u0119 zawsze \u015bwie\u017co i pewnie.<\/p>\n<p><em><strong>Sk\u0142ad:<\/strong> Aqua, Vitis Vinifera Seed Oil, Isopropyl Myristate, Polyglyceryl-6 Stearate, Panthenol, Isoamyl Laurate, Glyceryl Stearate, Cetearyl Alcohol, Nicotiana Tabacum Leaf Extract, Enteromorpha Compressa Extract, Silybum Marianum Fruit Extract, Ocimum Sanctum Leaf Extract, Sodium Gluconate, Xanthan Gum, Hydrolyzed Caesalpinia Spinosa Gum, Caesalpinia Spinosa Gum, Propanediol, Glycerin, Polyglyceryl-6 Behenate, Citric Acid, Phenoxyethanol, Ethylhexylglycerin, Sodium Benzoate, Potassium Sorbate, Parfum, Benzyl Salicylate, Citronellol, Coumarin, Limonene, Linalool.<\/em><\/p>\n<p>&nbsp;<\/p>\n<h3><strong>POZNAJ MOJE NUTY ZAPACHOWE:<\/strong><\/h3>\n<ul>\n<li><strong>g\u0142owy: <\/strong>bergamotka, cytryna, sza\u0142wia, zio\u0142a<\/li>\n<li><strong>serca: <\/strong>nuty morskie, lawenda, ja\u015bmin, tymianek, irys<\/li>\n<li><strong>podstawy: <\/strong>drewno bursztynowe, paczula, wetyweria, fasola tonka<\/li>\n<\/ul>\n<p>&nbsp;<\/p>\n<h3><strong>SPOS\u00d3B U\u017bYCIA M\u0118SKIEGO BALSAMU PO GOLENIU:<\/strong><\/h3>\n<p>Balsam wsmaruj w pysk bezpo\u015brednio po goleniu, omi\u0144 jednak okolice oczu.<\/p>\n<p>&nbsp;<\/p>\n<h3><strong>A CO M\u00d3WI\u0104 NA MIE\u015aCIE?<\/strong><\/h3>\n<p><em>Gdy jeste\u015b najwi\u0119kszym kotem w Europie, warto zadba\u0107 o sw\u00f3j wizerunek. <\/em><br \/>\n<em>Chcesz czy nie chcesz, po pysku nas oceniaj\u0105. <\/em><br \/>\n<em>Naszym balsamem przyklepiesz odrastaj\u0105cego w\u0105sa po porannej higienie, <\/em><br \/>\n<em>albo z\u0142agodzisz podra\u017cnienia po jego zgoleniu,<\/em><br \/>\n<em> po tym jak kolejna poznana niewiasta nie doceni\u0142a uroku osadzonej na nich piany <\/em><br \/>\n<em>po zamoczeniu pyska w piwku.<\/em><\/p>\n<p>&nbsp;<\/p>\n<p><img loading=\"lazy\" decoding=\"async\" class=\"alignnone wp-image-49194 size-medium\" src=\"https:\/\/laq.pl\/wp-content\/uploads\/2026\/02\/94-300x120.jpg\" alt=\"piktogramy zank\u00f3w: testowane dermatologicznie, produkt wega\u0144ski oraz 94 procent sk\u0142adnik\u00f3w pochodzenia naturalnego\" width=\"300\" height=\"120\" srcset=\"https:\/\/laq.pl\/wp-content\/uploads\/2026\/02\/94-300x120.jpg 300w, https:\/\/laq.pl\/wp-content\/uploads\/2026\/02\/94-1024x410.jpg 1024w, https:\/\/laq.pl\/wp-content\/uploads\/2026\/02\/94-768x307.jpg 768w, https:\/\/laq.pl\/wp-content\/uploads\/2026\/02\/94-726x290.jpg 726w, https:\/\/laq.pl\/wp-content\/uploads\/2026\/02\/94.jpg 1135w\" sizes=\"auto, (max-width: 300px) 100vw, 300px\" \/><\/p>\n","protected":false},"excerpt":{"rendered":"<p>Ty si\u0119 golisz, on przynosi Twojej sk\u00f3rze <strong>ulg\u0119, nawil\u017cenie i regeneracj\u0119<\/strong> &#8211; szybko si\u0119 wch\u0142ania, nie pozostawiaj\u0105c na twarzy t\u0142ustej warstwy.<\/p>\n","protected":false},"featured_media":35618,"template":"","meta":{"_acf_changed":false},"product_brand":[],"product_cat":[844,233,93],"product_tag":[287],"class_list":{"0":"post-35601","1":"product","2":"type-product","3":"status-publish","4":"has-post-thumbnail","6":"product_cat-kremy-i-balsamy-meskie","7":"product_cat-meskie","8":"product_cat-ryszard-z-bieszczad","9":"product_tag-ryszard-z-bieszczad","12":"first","13":"instock","14":"taxable","15":"shipping-taxable","16":"purchasable","17":"product-type-simple"},"acf":[],"_links":{"self":[{"href":"https:\/\/laq.pl\/en\/wp-json\/wp\/v2\/product\/35601","targetHints":{"allow":["GET"]}}],"collection":[{"href":"https:\/\/laq.pl\/en\/wp-json\/wp\/v2\/product"}],"about":[{"href":"https:\/\/laq.pl\/en\/wp-json\/wp\/v2\/types\/product"}],"wp:featuredmedia":[{"embeddable":true,"href":"https:\/\/laq.pl\/en\/wp-json\/wp\/v2\/media\/35618"}],"wp:attachment":[{"href":"https:\/\/laq.pl\/en\/wp-json\/wp\/v2\/media?parent=35601"}],"wp:term":[{"taxonomy":"product_brand","embeddable":true,"href":"https:\/\/laq.pl\/en\/wp-json\/wp\/v2\/product_brand?post=35601"},{"taxonomy":"product_cat","embeddable":true,"href":"https:\/\/laq.pl\/en\/wp-json\/wp\/v2\/product_cat?post=35601"},{"taxonomy":"product_tag","embeddable":true,"href":"https:\/\/laq.pl\/en\/wp-json\/wp\/v2\/product_tag?post=35601"}],"curies":[{"name":"wp","href":"https:\/\/api.w.org\/{rel}","templated":true}]}}