{"id":35603,"date":"2025-09-10T14:08:31","date_gmt":"2025-09-10T12:08:31","guid":{"rendered":"https:\/\/laq.pl\/?post_type=product&#038;p=35603"},"modified":"2026-04-03T09:48:36","modified_gmt":"2026-04-03T07:48:36","slug":"balsam-po-goleniu-koziol-z-klasa","status":"publish","type":"product","link":"https:\/\/laq.pl\/en\/product\/balsam-po-goleniu-koziol-z-klasa\/","title":{"rendered":"M\u0119ski krem do twarzy i po goleniu 2w1 \u2013 KOZIO\u0141 Z KLAS\u0104 150ml"},"content":{"rendered":"<h2 style=\"text-align: center;\">Formu\u0142a bogata w sk\u0142adniki aktywne \u2013 idealna po goleniu i na co dzie\u0144<\/h2>\n<p>&nbsp;<\/p>\n<h3><strong>KIM JESTEM?<\/strong><\/h3>\n<p>Oto ja, naturalny i wega\u0144ski krem do twarzy i po goleniu <span style=\"font-weight: 400;\">dla m\u0119\u017cczyzn.<\/span> Moje imi\u0119 m\u00f3wi wszystko: mam klas\u0119 i charakter, kt\u00f3rymi m\u00f3g\u0142bym obdzieli\u0107 ca\u0142\u0105 stajni\u0119. Przygotuj si\u0119 na dzie\u0144 pe\u0142en stylu i \u015bwie\u017co\u015bci!<\/p>\n<p>&nbsp;<\/p>\n<h3><strong>CO MOG\u0118 DLA CIEBIE ZROBI\u0106?<\/strong><\/h3>\n<p>Ty si\u0119 golisz, ja przynosz\u0119 Twojej sk\u00f3rze ulg\u0119, nawil\u017cenie i regeneracj\u0119! Dzi\u0119ki lekkiej formule szybko si\u0119 wch\u0142aniam, nie pozostawiaj\u0105c na twarzy t\u0142ustej warstwy. Dodatkowo zapewni\u0119 Ci ochron\u0119 przed szkodliwymi czynnikami zewn\u0119trznymi, a m\u00f3j zapach doda Ci pewno\u015bci siebie na ca\u0142y dzie\u0144. Ponadto dodam Twojej sk\u00f3rze energii i ochroni\u0105 j\u0105 przed podra\u017cnieniami. A to wszystko po to, aby\u015b zawsze czu\u0142 si\u0119 jak Kozio\u0142 \u2013 silny, pewny siebie, no i z klas\u0105!<\/p>\n<p>&nbsp;<\/p>\n<h3><strong>PYTASZ KOTKU, CO MAM W \u015aRODKU?<\/strong><\/h3>\n<p>W moim sk\u0142adzie znajdziesz olej z pestek winogron, kt\u00f3ry nawil\u017ca i od\u017cywia sk\u00f3r\u0119, a tak\u017ce pantenol, kt\u00f3ry \u0142agodzi podra\u017cnienia. Ekstrakt z szyszek chmielu dzia\u0142a koj\u0105co i regeneruj\u0105co, a ekstrakty z ostropestu plamistego i bazylii indyjskiej wspieraj\u0105 regeneracj\u0119 sk\u00f3ry i chroni\u0105 j\u0105 przed szkodliwymi czynnikami zewn\u0119trznymi. Dzi\u0119ki temu Twoja sk\u00f3ra b\u0119dzie zdrowa, zadbana i gotowa na ka\u017cdy dzie\u0144 pe\u0142en wyzwa\u0144.<\/p>\n<p><em><strong>Sk\u0142ad:<\/strong> Aqua, Vitis Vinifera Seed Oil, Isopropyl Myristate, Polyglyceryl-6 Stearate, Panthenol, Isoamyl Laurate, Glyceryl Stearate, Cetearyl Alcohol, Humulus Lupulus Extract, Enteromorpha Compressa Extract, Silybum Marianum Fruit Extract, Ocimum Sanctum Leaf Extract, Sodium Gluconate, Xanthan Gum, Hydrolyzed Caesalpinia Spinosa Gum, Caesalpinia Spinosa Gum, Propanediol, Glycerin, Polyglyceryl-6 Behenate, Citric Acid, Phenoxyethanol, Ethylhexylglycerin, Sodium Benzoate, Potassium Sorbate, Parfum, Limonene Linalool.<\/em><\/p>\n<p>&nbsp;<\/p>\n<h3><strong>POZNAJ MOJE NUTY ZAPACHOWE:<\/strong><\/h3>\n<ul>\n<li><strong>g\u0142owy: <\/strong>mi\u0119ta lodowa, bergamotka<\/li>\n<li><strong>serca: <\/strong>geranium, jab\u0142ko<\/li>\n<li><strong>podstawy: <\/strong>wanilia, drzewo sanda\u0142owe, cedr<\/li>\n<\/ul>\n<p>&nbsp;<\/p>\n<h3><strong>SPOS\u00d3B U\u017bYCIA M\u0118SKIEGO BALSAMU PO GOLENIU:<\/strong><\/h3>\n<p>Balsam wsmaruj w pysk bezpo\u015brednio po goleniu, omi\u0144 jednak okolice oczu.<\/p>\n<p>&nbsp;<\/p>\n<h3><strong>A CO M\u00d3WI\u0104 NA MIE\u015aCIE?<\/strong><\/h3>\n<p><em>Balsam tak kozacki, \u017ce wyg\u0142adzi ka\u017cdy pysk, nawet ten, kt\u00f3remu ju\u017c nikt nie dawa\u0142 nadziei. Balsam tak dobry, \u017ce Twoja osobista domowa koza b\u0119dzie Ci go regularnie podbiera\u0107 po goleniu racic. Pilnuj tylko \u017ceby go nie z\u017car\u0142a.<\/em><\/p>\n<p>&nbsp;<\/p>\n<p><img loading=\"lazy\" decoding=\"async\" class=\"alignnone wp-image-49326 size-medium\" src=\"https:\/\/laq.pl\/wp-content\/uploads\/2026\/02\/93-300x120.jpg\" alt=\"\" width=\"300\" height=\"120\" srcset=\"https:\/\/laq.pl\/wp-content\/uploads\/2026\/02\/93-300x120.jpg 300w, https:\/\/laq.pl\/wp-content\/uploads\/2026\/02\/93-1024x410.jpg 1024w, https:\/\/laq.pl\/wp-content\/uploads\/2026\/02\/93-768x307.jpg 768w, https:\/\/laq.pl\/wp-content\/uploads\/2026\/02\/93-726x290.jpg 726w, https:\/\/laq.pl\/wp-content\/uploads\/2026\/02\/93.jpg 1135w\" sizes=\"auto, (max-width: 300px) 100vw, 300px\" \/><\/p>\n","protected":false},"excerpt":{"rendered":"<p>Ty si\u0119 golisz, on jest Twoim kremem do twarzy i po goleniu \u2013 przynosi Twojej sk\u00f3rze <strong>ulg\u0119, nawil\u017cenie i regeneracj\u0119<\/strong>. Szybko si\u0119 wch\u0142ania, nie pozostawiaj\u0105c na twarzy t\u0142ustej warstwy.<\/p>\n","protected":false},"featured_media":52136,"template":"","meta":{"_acf_changed":false},"product_brand":[],"product_cat":[94,844,233],"product_tag":[291,290],"class_list":{"0":"post-35603","1":"product","2":"type-product","3":"status-publish","4":"has-post-thumbnail","6":"product_cat-koziol","7":"product_cat-kremy-i-balsamy-meskie","8":"product_cat-meskie","9":"product_tag-koziol","10":"product_tag-koziol-z-klasa","13":"first","14":"instock","15":"taxable","16":"shipping-taxable","17":"purchasable","18":"product-type-simple"},"acf":[],"_links":{"self":[{"href":"https:\/\/laq.pl\/en\/wp-json\/wp\/v2\/product\/35603","targetHints":{"allow":["GET"]}}],"collection":[{"href":"https:\/\/laq.pl\/en\/wp-json\/wp\/v2\/product"}],"about":[{"href":"https:\/\/laq.pl\/en\/wp-json\/wp\/v2\/types\/product"}],"wp:featuredmedia":[{"embeddable":true,"href":"https:\/\/laq.pl\/en\/wp-json\/wp\/v2\/media\/52136"}],"wp:attachment":[{"href":"https:\/\/laq.pl\/en\/wp-json\/wp\/v2\/media?parent=35603"}],"wp:term":[{"taxonomy":"product_brand","embeddable":true,"href":"https:\/\/laq.pl\/en\/wp-json\/wp\/v2\/product_brand?post=35603"},{"taxonomy":"product_cat","embeddable":true,"href":"https:\/\/laq.pl\/en\/wp-json\/wp\/v2\/product_cat?post=35603"},{"taxonomy":"product_tag","embeddable":true,"href":"https:\/\/laq.pl\/en\/wp-json\/wp\/v2\/product_tag?post=35603"}],"curies":[{"name":"wp","href":"https:\/\/api.w.org\/{rel}","templated":true}]}}