{"id":37652,"date":"2025-09-26T09:23:41","date_gmt":"2025-09-26T07:23:41","guid":{"rendered":"https:\/\/laq.pl\/?post_type=product&#038;p=37652"},"modified":"2026-04-08T13:54:26","modified_gmt":"2026-04-08T11:54:26","slug":"zestaw-ich-troje-kobieca-moc","status":"publish","type":"product","link":"https:\/\/laq.pl\/en\/product\/zestaw-ich-troje-kobieca-moc\/","title":{"rendered":"Zestaw prezentowy dla kobiet Ich Troje KOBIECA MOC \u2013 3 \u017cele pod prysznic"},"content":{"rendered":"<h2 style=\"text-align: center;\">Trzy wyj\u0105tkowe zapachy na ka\u017cd\u0105 por\u0119 dnia i nastr\u00f3j<\/h2>\n<p>\ud83c\udf3c <a href=\"https:\/\/laq.pl\/produkt\/zel-pod-prysznic-niezapominajka-krolowa-zycia\/\"><strong>\u017bel pod prysznic NIEZAPOMINAJKA 500 ml<\/strong><\/a> &#8211; naturalny i wega\u0144ski \u017cel pod prysznic o subtelnym zapachu ekskluzywnych perfum ze zmys\u0142ow\u0105 nut\u0105 niezapominajki. Stworzono mnie dla kobiet przebojowych i kusz\u0105co powabnych, a tak\u017ce dla tych pozornie nie\u015bmia\u0142ych, kt\u00f3re lubi\u0105 zaskakiwa\u0107 i &#8211; gdy mo\u017cna &#8211; potrafi\u0105 te\u017c da\u0107 czadu.<\/p>\n<p>\ud83e\udd5d <a href=\"https:\/\/laq.pl\/produkt\/zel-pod-prysznic-kiwi-i-winogrona-zapach-zakupow-bez-limitu\/\"><strong>\u017bel pod prysznic KIWI I WINOGRONA 500 ml<\/strong><\/a> &#8211; naturalny i wega\u0144ski \u017cel do mycia cia\u0142a i r\u0105k o soczystym zapachu \u015bwie\u017cych owoc\u00f3w kiwi i winogron. Zabawa to Twoje drugie imi\u0119? To doskonale si\u0119 sk\u0142ada, bo ja w\u0142a\u015bnie zosta\u0142em stworzony dla kobiet aktywnych, \u017cywio\u0142owych i towarzyskich, kt\u00f3re swoj\u0105 pozytywn\u0105 energi\u0105 umilaj\u0105 nudne spotkania i rozkr\u0119caj\u0105 kiepskie imprezy.<\/p>\n<p><strong>\ud83d\udcae <a href=\"https:\/\/laq.pl\/produkt\/zel-pod-prysznic-magnolia-zapach-klasy-i-sukcesu\/\">\u017bel pod prysznic MAGNOLIA I R\u00d3\u017bOWY PIEPRZ 500 ml<\/a><\/strong> &#8211; naturalny i wega\u0144ski \u017cel pod prysznic o intryguj\u0105cym zapachu ekskluzywnych perfum ze zmys\u0142owymi nutami magnolii i r\u00f3\u017cowego pieprzu. Stworzono mnie dla kobiet pewnych siebie i charyzmatycznych. Tych, kt\u00f3re za dnia intryguj\u0105 s\u0142odk\u0105 tajemnic\u0105, a nocami oczarowuj\u0105 nieokie\u0142znan\u0105 zmys\u0142owo\u015bci\u0105.<\/p>\n<p>&nbsp;<\/p>\n<h3>KIM JESTEM?<\/h3>\n<p>Oto ja, zestaw 3 naturalnych i wega\u0144skich \u017celi pod prysznic dla kobiet. Jak wida\u0107, znajdziesz we mnie \u017cele z naszych 3 damskich linii zapachowych. Dzi\u0119ki temu \u015bwietnie sprawdz\u0119 si\u0119 wi\u0119c w roli prezentu!<\/p>\n<p>W zestawie znajdziesz \u017cel <strong>KIWI I WINOGRONA Zapach Zakup\u00f3w Bez Limitu<\/strong>, o soczystym zapachu \u015bwie\u017cych owoc\u00f3w kiwi i winogron. Seria ta jest idealna dla kobiet aktywnych, \u017cywio\u0142owych i towarzyskich. Takich, kt\u00f3re swoj\u0105 pozytywn\u0105 energi\u0105 umilaj\u0105 nudne spotkania i rozkr\u0119caj\u0105 kiepskie imprezy. Natomiast linia <strong>MAGNOLIA Zapach Klasy i Sukcesu<\/strong>\u00a0ma intryguj\u0105cy zapach ekskluzywnych perfum ze zmys\u0142owymi nutami magnolii i r\u00f3\u017cowego pieprzu. Powsta\u0142a ona dla kobiet pewnych siebie i charyzmatycznych. Tych, kt\u00f3re za dnia intryguj\u0105 s\u0142odk\u0105 tajemnic\u0105, a nocami oczarowuj\u0105 nieokie\u0142znan\u0105 zmys\u0142owo\u015bci\u0105. Z kolei seria <strong>NIEZAPOMINAJKA Kr\u00f3lowa \u017bycia<\/strong> ma subtelny zapach ekskluzywnych perfum ze zmys\u0142ow\u0105 nut\u0105&#8230; Brawo, niezapominajki. Zosta\u0142a ona stworzona dla kobiet przebojowych i kusz\u0105co powabnych. Jednak nie tylko, r\u00f3wnie\u017c dla tych pozornie nie\u015bmia\u0142ych, kt\u00f3re lubi\u0105 zaskakiwa\u0107 i &#8211; gdy mo\u017cna &#8211; potrafi\u0105 te\u017c da\u0107 czadu.<\/p>\n<p>&nbsp;<\/p>\n<h3>CO MOG\u0118 DLA CIEBIE ZROBI\u0106?<\/h3>\n<p>Szukasz prezentu dla kobiety na urodziny? A mo\u017ce interesuje Ci\u0119 pomys\u0142 na niebanalny prezent dla dziewczyny na imieniny? Upominek na Dzie\u0144 Kobiet, podarunek na \u015bwi\u0119ta? Jeste\u015b we w\u0142a\u015bciwym miejscu, bowiem na prezent dla kobiety nadaj\u0119 si\u0119 idealnie! W szczeg\u00f3lno\u015bci dlatego, \u017ce jestem zapakowany w efektowne pude\u0142ko prezentowe z okienkami i wygodnym uchwytem. Poza tym, z uwagi na r\u00f3\u017cnorodno\u015b\u0107 zapachow\u0105 i praktyczn\u0105 pojemno\u015b\u0107 butelek mog\u0119 \u015bmia\u0142o zapewni\u0107 Ci\u0119, \u017ce szale\u0144stwo zmys\u0142\u00f3w i zadowolenie obdarowanej masz murowane!<\/p>\n<p>&nbsp;<\/p>\n<h3>PYTASZ KOTKU, CO MAM W \u015aRODKU?<\/h3>\n<p>\ud83c\udf3c<a href=\"https:\/\/laq.pl\/produkt\/zel-pod-prysznic-niezapominajka-krolowa-zycia\/\"><strong> \u017bel pod prysznic NIEZAPOMINAJKA 500 ml<\/strong><\/a> &#8211; zawieram w sobie gliceryn\u0119 pochodzenia ro\u015blinnego oraz wspaniale \u0142agodz\u0105cy pantenol. Ponadto znajdziesz we mnie ekstrakt z niezapominajki i postbiotyk (wyci\u0105g z fermentacji bakterii Lactobacillus). Dzi\u0119ki nim \u017cel zachowuje r\u00f3wnowag\u0119 mikrobiomu sk\u00f3ry i poprawia szczelno\u015b\u0107 jej bariery.<\/p>\n<p>\ud83e\udd5d <strong><a href=\"https:\/\/laq.pl\/produkt\/zel-pod-prysznic-kiwi-i-winogrona-zapach-zakupow-bez-limitu\/\">\u017bel pod prysznic KIWI I WINOGRONA 500 ml<\/a> &#8211; <\/strong>sk\u0142ad oparty jest na \u0142agodnych substancjach myj\u0105cych. Ponadto zawieram w sobie m.in. ekstrakt z kiwi i winogron, kt\u00f3ry nawil\u017ca i wzmacnia barier\u0119 ochronn\u0105 sk\u00f3ry. Z kolei dodatek ekstraktu z kory cynamonowca, korzenia imbiru i papryki zapewnia efekt g\u0142adkiej i uj\u0119drnionej sk\u00f3ry.<\/p>\n<p>\ud83d\udcae<strong> <a href=\"https:\/\/laq.pl\/produkt\/zel-pod-prysznic-magnolia-zapach-klasy-i-sukcesu\/\">\u017bel pod prysznic MAGNOLIA I R\u00d3\u017bOWY PIEPRZ 500 ml<\/a><\/strong> &#8211; sk\u0142ad oparty jest na \u0142agodnych substancjach myj\u0105cych. Ponadto zawieram w sobie gliceryn\u0119 pochodzenia ro\u015blinnego oraz unikalny kompleks sk\u0142adnik\u00f3w nawil\u017caj\u0105cych, kwas hialuronowy i ekstrakty ro\u015blinne, kt\u00f3re nawil\u017c\u0105 i wzmocni\u0105 barier\u0119 ochronn\u0105 Twojej sk\u00f3ry.<\/p>\n<h3>POZNAJ MOJE NUTY ZAPACHOWE:<\/h3>\n<p><strong>Niezapominajka &#8211; nuty zapachowe:<\/strong><\/p>\n<ul>\n<li><b>g\u0142owy:<\/b> mandarynka<\/li>\n<li><b>serca:<\/b> niezapominajka, brzoskwinia, go\u017adzik, ja\u015bmin, kwiat pomara\u0144czy<\/li>\n<li><b>podstawy:<\/b> wanilia, drzewo sanda\u0142owe, drzewo cedrowe, bursztyn<\/li>\n<\/ul>\n<p><strong>Kiwi i Winogrona &#8211; nuty zapachowe:\u00a0<\/strong><\/p>\n<ul>\n<li><b>g\u0142owy:<\/b> czarne winogrona, nuty zielone<\/li>\n<li><b>serca:<\/b> czarne winogrono, czarna porzeczka, mandarynka, kiwi, owoce tropikalne<\/li>\n<li><b>podstawy:<\/b> czarna porzeczka, mandarynka<\/li>\n<\/ul>\n<p><strong>Magnolia &#8211; nuty zapachowe:<\/strong><\/p>\n<ul>\n<li><b>g\u0142owy:<\/b> pomara\u0144cza, cytryna, bergamotka<\/li>\n<li><b>serca:<\/b> r\u00f3\u017ca, konwalia, kwiat pomara\u0144czy, fio\u0142ek, paczula<\/li>\n<li><b>podstawy:<\/b> drzewo sanda\u0142owe, wanilia, karmel, fasola tonka, drzewo cedrowe<\/li>\n<\/ul>\n<p><img loading=\"lazy\" decoding=\"async\" class=\"alignnone wp-image-49200 size-medium\" src=\"https:\/\/laq.pl\/wp-content\/uploads\/2026\/02\/uniwersalny-300x177.jpg\" alt=\"piktogram znaku testowanie dermatologicznie oraz znak produktu wega\u0144skiego\" width=\"300\" height=\"177\" srcset=\"https:\/\/laq.pl\/wp-content\/uploads\/2026\/02\/uniwersalny-300x177.jpg 300w, https:\/\/laq.pl\/wp-content\/uploads\/2026\/02\/uniwersalny-726x429.jpg 726w, https:\/\/laq.pl\/wp-content\/uploads\/2026\/02\/uniwersalny.jpg 769w\" sizes=\"auto, (max-width: 300px) 100vw, 300px\" \/><\/p>\n","protected":false},"excerpt":{"rendered":"<p><strong>Kartonik z por\u0119czn\u0105 r\u0105czk\u0105, a w nim:<\/strong><\/p>\n<p>\ud83c\udf3c<strong><a href=\"https:\/\/laq.pl\/produkt\/zel-pod-prysznic-niezapominajka-krolowa-zycia\/\">\u017bel pod prysznic NIEZAPOMINAJKA 500 ml<\/a><\/strong><\/p>\n<p>\ud83e\udd5d <strong><a href=\"https:\/\/laq.pl\/produkt\/zel-pod-prysznic-kiwi-i-winogrona-zapach-zakupow-bez-limitu\/\">\u017bel pod prysznic KIWI I WINOGRONA 500 ml<\/a><\/strong><\/p>\n<p>\ud83d\udcae<strong> <a href=\"https:\/\/laq.pl\/produkt\/zel-pod-prysznic-magnolia-zapach-klasy-i-sukcesu\/\">\u017bel pod prysznic MAGNOLIA I R\u00d3\u017bOWY PIEPRZ 500 ml<\/a><\/strong><\/p>\n","protected":false},"featured_media":39177,"template":"","meta":{"_acf_changed":false},"product_brand":[],"product_cat":[232,228,103],"product_tag":[353],"class_list":{"0":"post-37652","1":"product","2":"type-product","3":"status-publish","4":"has-post-thumbnail","6":"product_cat-damskie","7":"product_cat-zestawy-kosmetykow-dla-matki-zony-i-kochanki","8":"product_cat-zestawy-na-prezent","9":"product_tag-czysciopak","12":"first","13":"instock","14":"taxable","15":"shipping-taxable","16":"purchasable","17":"product-type-simple"},"acf":[],"_links":{"self":[{"href":"https:\/\/laq.pl\/en\/wp-json\/wp\/v2\/product\/37652","targetHints":{"allow":["GET"]}}],"collection":[{"href":"https:\/\/laq.pl\/en\/wp-json\/wp\/v2\/product"}],"about":[{"href":"https:\/\/laq.pl\/en\/wp-json\/wp\/v2\/types\/product"}],"wp:featuredmedia":[{"embeddable":true,"href":"https:\/\/laq.pl\/en\/wp-json\/wp\/v2\/media\/39177"}],"wp:attachment":[{"href":"https:\/\/laq.pl\/en\/wp-json\/wp\/v2\/media?parent=37652"}],"wp:term":[{"taxonomy":"product_brand","embeddable":true,"href":"https:\/\/laq.pl\/en\/wp-json\/wp\/v2\/product_brand?post=37652"},{"taxonomy":"product_cat","embeddable":true,"href":"https:\/\/laq.pl\/en\/wp-json\/wp\/v2\/product_cat?post=37652"},{"taxonomy":"product_tag","embeddable":true,"href":"https:\/\/laq.pl\/en\/wp-json\/wp\/v2\/product_tag?post=37652"}],"curies":[{"name":"wp","href":"https:\/\/api.w.org\/{rel}","templated":true}]}}