{"id":37654,"date":"2025-09-26T09:23:49","date_gmt":"2025-09-26T07:23:49","guid":{"rendered":"https:\/\/laq.pl\/?post_type=product&#038;p=37654"},"modified":"2026-04-08T11:35:31","modified_gmt":"2026-04-08T09:35:31","slug":"zel-pod-prysznic-8-w-1-koziol-z-klasa-2","status":"publish","type":"product","link":"https:\/\/laq.pl\/en\/product\/zel-pod-prysznic-8-w-1-koziol-z-klasa-2\/","title":{"rendered":"\u017bel pod prysznic 8 w 1 KOZIO\u0141 Z KLAS\u0104"},"content":{"rendered":"<h2 style=\"text-align: center;\"><strong>\u017bel pod prysznic KOZIO\u0141 Z KLAS\u0104 100 ml<\/strong><\/h2>\n<p>&nbsp;<\/p>\n<h3><strong>KIM JESTEM?<\/strong><\/h3>\n<p><span style=\"font-weight: 400;\">Oto ja, \u017cel pod prysznic dla m\u0119\u017cczyzn, naturalny, wega\u0144ski i &#8211; mimo miniaturowej wersji &#8211; elegancko pachn\u0105cy m\u0119skimi perfumami. \u017bel z wyci\u0105giem z chmielu. Ale jednak nadal r\u00f3wnie\u017c po prostu \u017cel do mycia.\u00a0<\/span><\/p>\n<p>Dzi\u0119ki miniaturowej butelce idealnie sprawdz\u0119 si\u0119 w podr\u00f3\u017cy, na si\u0142owni czy na basenie.\u00a0B\u0119d\u0119 te\u017c super dodatkiem do prezentu!<\/p>\n<p>&nbsp;<\/p>\n<h3><strong>CO MOG\u0118 DLA CIEBIE ZROBI\u0106?<\/strong><\/h3>\n<p><span style=\"font-weight: 400;\">Prawd\u0119 m\u00f3wi\u0105c, umyj\u0119 Ci wszystko, co sobie tylko zamarzysz. Chcesz umy\u0107 cia\u0142o? Bardzo prosz\u0119. Pragniesz umy\u0107 w\u0142osy? Ale\u017c nie kr\u0119puj si\u0119. Sam\u0105 twarz, tylko r\u0119ce albo wy\u0142\u0105cznie stopy? Tak, jestem dobrym wyborem! Je\u015bli jeszcze si\u0119 zastanawiasz, to tak &#8211; umyjesz mn\u0105 r\u00f3wnie\u017c jajka i pozosta\u0142e elementy hydrauliki. W sumie mo\u017cesz wyszorowa\u0107 mn\u0105 r\u00f3wnie\u017c swojego psa (o ile wyrazi zgod\u0119), a nawet ukochane auto lub motor. Motocykl zreszt\u0105 te\u017c.\u00a0<\/span><\/p>\n<p>&nbsp;<\/p>\n<h3><strong>PYTASZ KOTKU, CO MAM W \u015aRODKU?<\/strong><\/h3>\n<p>Przede wszystkim patrz\u0105c trze\u017awym okiem na moj\u0105 receptur\u0119 od razu wida\u0107, \u017ce jest ona oparta na \u0142agodnych substancjach myj\u0105cych pochodzenia ro\u015blinnego. Ponadto zawieram gliceryn\u0119 (r\u00f3wnie\u017c pochodzenia ro\u015blinnego) oraz \u0142agodz\u0105cy ekstrakt z chmielu.<\/p>\n<p><em><strong>Sk\u0142ad:<\/strong> Aqua, Glycerin, Cocamidopropyl Betaine, Sodium Lauroyl Methyl Isethionate, Sodium Methyl Oleoyl Taurate, Lauryl Glucoside, Coco-Glucoside, Humulus Lupulus Extract, Guar Hydroxypropyltrimonium Chloride, Citric Acid, Sodium Benzoate, Potassium Sorbate, Sodium Chloride, Parfum, Linalool.<\/em><\/p>\n<p>&nbsp;<\/p>\n<h3><strong>POZNAJ MOJE NUTY ZAPACHOWE:<\/strong><\/h3>\n<ul>\n<li><strong>g\u0142owy:<\/strong> mi\u0119ta lodowa, bergamotka<\/li>\n<li><strong>serca:<\/strong> geranium, jab\u0142ko<\/li>\n<li><strong>podstawy:<\/strong> wanilia, drzewo sanda\u0142owe, cedr<\/li>\n<\/ul>\n<p>&nbsp;<\/p>\n<h3><strong>SPOS\u00d3B U\u017bYCIA M\u0118SKIEGO \u017bELU POD PRYSZNIC:<\/strong><\/h3>\n<p>Na\u0142\u00f3\u017c na sier\u015b\u0107, wmasuj i zmyj, byle nie j\u0119zykiem.<\/p>\n<p>&nbsp;<\/p>\n<h3><strong>A CO M\u00d3WI\u0104 NA MIE\u015aCIE?<\/strong><\/h3>\n<p><em>Zasiad\u0142 Kozio\u0142 w Internecie,<\/em><br \/>\n<em>co zam\u00f3wi\u0142? Dobrze wiecie!<\/em><br \/>\n<em>Z LaQ \u017celik do mordeczki<\/em><br \/>\n<em>w\u0119sz\u0105 kozy i owieczki.<\/em><br \/>\n<em>A Kozio\u0142ek nie wybrzydza,<\/em><br \/>\n<em>mord\u0105 pi\u0119kn\u0105 a\u017c zawstydza!<\/em><\/p>\n<p>&nbsp;<\/p>\n<p><img loading=\"lazy\" decoding=\"async\" class=\"alignnone wp-image-49195 size-medium\" src=\"https:\/\/laq.pl\/wp-content\/uploads\/2026\/02\/95-300x120.jpg\" alt=\"piktogramy zank\u00f3w: testowane dermatologicznie, produkt wega\u0144ski oraz 95 procent sk\u0142adnik\u00f3w pochodzenia naturalnego\" width=\"300\" height=\"120\" srcset=\"https:\/\/laq.pl\/wp-content\/uploads\/2026\/02\/95-300x120.jpg 300w, https:\/\/laq.pl\/wp-content\/uploads\/2026\/02\/95-1024x410.jpg 1024w, https:\/\/laq.pl\/wp-content\/uploads\/2026\/02\/95-768x307.jpg 768w, https:\/\/laq.pl\/wp-content\/uploads\/2026\/02\/95-726x290.jpg 726w, https:\/\/laq.pl\/wp-content\/uploads\/2026\/02\/95.jpg 1135w\" sizes=\"auto, (max-width: 300px) 100vw, 300px\" \/><\/p>\n","protected":false},"excerpt":{"rendered":"<p>Mini butelka jest <strong>idealna na podr\u00f3\u017c, si\u0142owni\u0119 czy basen<\/strong>, b\u0119dzie te\u017c super dodatkiem do prezentu!<\/p>\n","protected":false},"featured_media":38053,"template":"","meta":{"_acf_changed":false},"product_brand":[],"product_cat":[106,94,233,105,841],"product_tag":[291,290,326],"class_list":{"0":"post-37654","1":"product","2":"type-product","3":"status-publish","4":"has-post-thumbnail","6":"product_cat-maly-zel-pod-prysznic-100-ml","7":"product_cat-koziol","8":"product_cat-meskie","9":"product_cat-zele","10":"product_cat-zele-meskie","11":"product_tag-koziol","12":"product_tag-koziol-z-klasa","13":"product_tag-malpeczki","16":"first","17":"instock","18":"taxable","19":"shipping-taxable","20":"purchasable","21":"product-type-simple"},"acf":[],"_links":{"self":[{"href":"https:\/\/laq.pl\/en\/wp-json\/wp\/v2\/product\/37654","targetHints":{"allow":["GET"]}}],"collection":[{"href":"https:\/\/laq.pl\/en\/wp-json\/wp\/v2\/product"}],"about":[{"href":"https:\/\/laq.pl\/en\/wp-json\/wp\/v2\/types\/product"}],"wp:featuredmedia":[{"embeddable":true,"href":"https:\/\/laq.pl\/en\/wp-json\/wp\/v2\/media\/38053"}],"wp:attachment":[{"href":"https:\/\/laq.pl\/en\/wp-json\/wp\/v2\/media?parent=37654"}],"wp:term":[{"taxonomy":"product_brand","embeddable":true,"href":"https:\/\/laq.pl\/en\/wp-json\/wp\/v2\/product_brand?post=37654"},{"taxonomy":"product_cat","embeddable":true,"href":"https:\/\/laq.pl\/en\/wp-json\/wp\/v2\/product_cat?post=37654"},{"taxonomy":"product_tag","embeddable":true,"href":"https:\/\/laq.pl\/en\/wp-json\/wp\/v2\/product_tag?post=37654"}],"curies":[{"name":"wp","href":"https:\/\/api.w.org\/{rel}","templated":true}]}}