{"id":38263,"date":"2025-10-06T19:21:44","date_gmt":"2025-10-06T17:21:44","guid":{"rendered":"https:\/\/laq.pl\/?post_type=product&#038;p=38263"},"modified":"2026-04-05T18:41:11","modified_gmt":"2026-04-05T16:41:11","slug":"zestaw-pelna-para-zapach-seksu-i-biznesu-magnolia-sianko","status":"publish","type":"product","link":"https:\/\/laq.pl\/en\/product\/zestaw-pelna-para-zapach-seksu-i-biznesu-magnolia-sianko\/","title":{"rendered":"Zestaw \u017celi pod prysznic dla par Pe\u0142n\u0105 Par\u0105 ZAPACH SEKSU I BIZNESU &#038; MAGNOLIA \u2013 Dla Niej i Dla Niego LaQ (2 x 500 ml)"},"content":{"rendered":"<h2 style=\"text-align: center;\"><strong>Harmonia zapach\u00f3w pod prysznicem \u2013 idealny prezent dla dwojga<\/strong><\/h2>\n<p>&nbsp;<\/p>\n<p>\ud83d\udc15 <a href=\"https:\/\/laq.pl\/produkt\/zel-pod-prysznic-doberman-dark-500-ml\/\"><strong>\u017bel pod prysznic 8 w 1 ZAPACH SEKSU I BIZNESU 500 ml<\/strong><\/a> &#8211; wega\u0144ski i niezwykle m\u0119ski \u017cel pod prysznic. pachn\u0119 dobrym seksem i udanym biznesem, a odwracaj\u0105c psa ogonem &#8211; udanym seksem i dobrym biznesem. Sam nie wiem, czym bardziej. Dobry nos wyczuje te\u017c u mnie m\u0119skie perfumy z nut\u0105 kardamonu i czarnego pieprzu. Kto\u015b kiedy\u015b powiedzia\u0142 o mnie &#8220;najlepszy&#8221; i jak dot\u0105d tego nie odszczeka\u0142.<\/p>\n<p>\ud83d\udcae <a href=\"https:\/\/laq.pl\/produkt\/zel-pod-prysznic-magnolia-zapach-klasy-i-sukcesu\/\/\"><strong>\u017bel pod prysznic magnolia i r\u00f3\u017cowy pieprz 500 ml<\/strong><\/a> &#8211; naturalny i wega\u0144ski \u017cel pod prysznic o intryguj\u0105cym zapachu ekskluzywnych perfum ze zmys\u0142owymi nutami magnolii i r\u00f3\u017cowego pieprzu. Stworzono mnie dla kobiet pewnych siebie i charyzmatycznych. tych, kt\u00f3re za dnia intryguj\u0105 s\u0142odk\u0105 tajemnic\u0105, a nocami oczarowuj\u0105 nieokie\u0142znan\u0105 zmys\u0142owo\u015bci\u0105.<\/p>\n<p><strong>\ud83c\udf81 Zapakowany w kartonik z okienkiem wype\u0142niony wk\u0142adk\u0105<\/strong><\/p>\n<p>&nbsp;<\/p>\n<h3><strong>KIM JESTEM?<\/strong><\/h3>\n<p>Oto ja, zestaw naturalnych i wega\u0144skich \u017celi pod prysznic pe\u0142n\u0105 par\u0105, czyli dla niej i dla niego. \u017bel damski ma intryguj\u0105cy zapach ekskluzywnych perfum ze zmys\u0142owymi nutami magnolii i r\u00f3\u017cowego pieprzu. Zosta\u0142 on stworzony dla kobiet pewnych siebie i charyzmatycznych. Tych, kt\u00f3re za dnia intryguj\u0105 s\u0142odk\u0105 tajemnic\u0105, a nocami oczarowuj\u0105 nieokie\u0142znan\u0105 zmys\u0142owo\u015bci\u0105. Natomiast \u017cel m\u0119ski pachnie dobrym seksem i udanym biznesem, a odwracaj\u0105c psa ogonem &#8211; udanym seksem i dobrym biznesem. Sprawny nos wyczuje te\u017c w nim m\u0119skie perfumy z nut\u0105 kardamonu i czarnego pieprzu. Kto\u015b kiedy\u015b powiedzia\u0142 o nim &#8220;najlepszy&#8221; i jak dot\u0105d tego nie odszczeka\u0142. Og\u00f3lnie m\u00f3wi\u0105c, te dwa \u017cele razem to a\u017c litr szcz\u0119\u015bcia w p\u0142ynie!<\/p>\n<p>&nbsp;<\/p>\n<h3><strong>CO MOG\u0118 DLA CIEBIE ZROBI\u0106?<\/strong><\/h3>\n<p>Idziesz na parapet\u00f3wk\u0119, urodziny lub inn\u0105 imprez\u0119 do swoich znajomych? Szukasz pomys\u0142u na niezobowi\u0105zuj\u0105cy upominek dla kumpeli i kumpla? Koniecznie zabierz mnie ze sob\u0105, bowiem na prezent dla pary nadaj\u0119 si\u0119 idealnie! Cho\u0107by dlatego, \u017ce jestem zapakowany w gustowne pude\u0142ko prezentowe z okienkiem i kartonow\u0105 wk\u0142adk\u0105. zapewniam ci\u0119, \u017ce dwa spojrzenia na nasze etykiety, dwa poci\u0105gni\u0119cia nosem i szcz\u0119\u015bcie obdarowanych murowane!<\/p>\n<p>&nbsp;<\/p>\n<h3><strong>PYTASZ KOTKU, CO MAM W \u015aRODKU?<\/strong><\/h3>\n<p>\ud83d\udc15<a href=\"https:\/\/laq.pl\/produkt\/zel-pod-prysznic-doberman-dark-500-ml\/\"><strong> \u017bel pod prysznic 8 w 1 ZAPACH SEKSU I BIZNESU 500 ml<\/strong><\/a> &#8211; na zewn\u0105trz jestem twardy, zdecydowany i bezkompromisowy, jednak wewn\u0105trz skrywam prawdziw\u0105 natur\u0119, opart\u0105 na \u0142agodnych substancjach myj\u0105cych pochodzenia ro\u015blinnego. Zawieram gliceryn\u0119 (r\u00f3wnie\u017c pochodzenia ro\u015blinnego), ekstrakt z nasion kardamonu, mocznik oraz niacynamid.<\/p>\n<p>\ud83d\udcae <a href=\"https:\/\/laq.pl\/produkt\/zel-pod-prysznic-magnolia-zapach-klasy-i-sukcesu\/\"><strong>\u017bel pod prysznic Magnolia i R\u00f3\u017cowy Pieprz 500 ml<\/strong><\/a> &#8211; sk\u0142ad oparty jest na \u0142agodnych substancjach myj\u0105cych. Ponadto zawieram w sobie gliceryn\u0119 pochodzenia ro\u015blinnego oraz unikalny kompleks sk\u0142adnik\u00f3w nawil\u017caj\u0105cych, kwas hialuronowy i ekstrakty ro\u015blinne, kt\u00f3re nawil\u017c\u0105 i wzmocni\u0105 barier\u0119 ochronn\u0105 twojej sk\u00f3ry.<\/p>\n<p>(dok\u0142adne sk\u0142ady INCI poszczeg\u00f3lnych produkt\u00f3w znajdziesz pod powy\u017cszymi linkami)<\/p>\n<p>&nbsp;<\/p>\n<h3><strong>POZNAJ MOJE NUTY ZAPACHOWE:<\/strong><\/h3>\n<p><strong>Nuty zapachowe \u017celu Magnolia:<\/strong><\/p>\n<ul>\n<li><b>g\u0142owy:<\/b> pomara\u0144cza, cytryna, bergamotka<\/li>\n<li><b>serca:<\/b> r\u00f3\u017ca, konwalia, kwiat pomara\u0144czy, fio\u0142ek, paczula<\/li>\n<li><b>podstawy:<\/b> drzewo sanda\u0142owe, wanilia, karmel, fasola tonka, drzewo cedrowe<\/li>\n<\/ul>\n<p><strong>Nuty zapachowe \u017celu ZAPACH SEKSU I BIZNESU:<\/strong><\/p>\n<ul>\n<li><strong>g\u0142owy:<\/strong> cytryna, grejpfrut, nuty wodne<\/li>\n<li><strong>serca:<\/strong> jab\u0142ko, mi\u0119ta, r\u00f3\u017cowy pieprz, r\u00f3\u017ca<\/li>\n<li><strong>podstawy:<\/strong> drzewo cedrowe, drzewo sanda\u0142owe, suche drewno, fasola tonka, pi\u017cmo<\/li>\n<\/ul>\n<p>&nbsp;<\/p>\n<h3><strong>A CO M\u00d3WI\u0104 NA MIE\u015aCIE?<\/strong><\/h3>\n<p><em>Podobno to para idealna.\u00a0<\/em><br \/>\n<em>Idealna para dla ka\u017cdej pary!<\/em><br \/>\n<em>Tej idealnej i nie tylko.<\/em><\/p>\n<p>&nbsp;<\/p>\n<p><img loading=\"lazy\" decoding=\"async\" class=\"alignnone wp-image-49200 size-medium\" src=\"https:\/\/laq.pl\/wp-content\/uploads\/2026\/02\/uniwersalny-300x177.jpg\" alt=\"piktogram znaku testowanie dermatologicznie oraz znak produktu wega\u0144skiego\" width=\"300\" height=\"177\" srcset=\"https:\/\/laq.pl\/wp-content\/uploads\/2026\/02\/uniwersalny-300x177.jpg 300w, https:\/\/laq.pl\/wp-content\/uploads\/2026\/02\/uniwersalny-726x429.jpg 726w, https:\/\/laq.pl\/wp-content\/uploads\/2026\/02\/uniwersalny.jpg 769w\" sizes=\"auto, (max-width: 300px) 100vw, 300px\" \/><\/p>\n","protected":false},"excerpt":{"rendered":"<p><strong>Kartonik prezentowy z wk\u0142adk\u0105, a w nim:<\/strong><\/p>\n<p>\ud83d\udc15<a href=\"https:\/\/laq.pl\/produkt\/zel-pod-prysznic-doberman-dark-500-ml\/\"><strong> \u017bel pod prysznic 8 w 1 ZAPACH SEKSU I BIZNESU 500 ml<\/strong><\/a><\/p>\n<p>\ud83d\udcae <a href=\"https:\/\/laq.pl\/produkt\/zel-pod-prysznic-magnolia-zapach-klasy-i-sukcesu\/\"><strong>\u017bel pod prysznic Magnolia i R\u00f3\u017cowy Pieprz 500 ml<\/strong><\/a><\/p>\n","protected":false},"featured_media":43084,"template":"","meta":{"_acf_changed":false},"product_brand":[],"product_cat":[103,230],"product_tag":[313,341,893],"class_list":{"0":"post-38263","1":"product","2":"type-product","3":"status-publish","4":"has-post-thumbnail","6":"product_cat-zestawy-na-prezent","7":"product_cat-dla-dwojga","8":"product_tag-magnolia","9":"product_tag-pelna-para","10":"product_tag-zapach-seksu-i-biznesu","13":"first","14":"instock","15":"taxable","16":"shipping-taxable","17":"purchasable","18":"product-type-simple"},"acf":[],"_links":{"self":[{"href":"https:\/\/laq.pl\/en\/wp-json\/wp\/v2\/product\/38263","targetHints":{"allow":["GET"]}}],"collection":[{"href":"https:\/\/laq.pl\/en\/wp-json\/wp\/v2\/product"}],"about":[{"href":"https:\/\/laq.pl\/en\/wp-json\/wp\/v2\/types\/product"}],"wp:featuredmedia":[{"embeddable":true,"href":"https:\/\/laq.pl\/en\/wp-json\/wp\/v2\/media\/43084"}],"wp:attachment":[{"href":"https:\/\/laq.pl\/en\/wp-json\/wp\/v2\/media?parent=38263"}],"wp:term":[{"taxonomy":"product_brand","embeddable":true,"href":"https:\/\/laq.pl\/en\/wp-json\/wp\/v2\/product_brand?post=38263"},{"taxonomy":"product_cat","embeddable":true,"href":"https:\/\/laq.pl\/en\/wp-json\/wp\/v2\/product_cat?post=38263"},{"taxonomy":"product_tag","embeddable":true,"href":"https:\/\/laq.pl\/en\/wp-json\/wp\/v2\/product_tag?post=38263"}],"curies":[{"name":"wp","href":"https:\/\/api.w.org\/{rel}","templated":true}]}}