{"id":38264,"date":"2025-10-06T19:21:49","date_gmt":"2025-10-06T17:21:49","guid":{"rendered":"https:\/\/laq.pl\/?post_type=product&#038;p=38264"},"modified":"2026-04-06T19:40:11","modified_gmt":"2026-04-06T17:40:11","slug":"zestaw-pelna-para-piwonia-dzikus-z-lasu-2","status":"publish","type":"product","link":"https:\/\/laq.pl\/en\/product\/zestaw-pelna-para-piwonia-dzikus-z-lasu-2\/","title":{"rendered":"Zestaw \u017celi pod prysznic dla par Pe\u0142n\u0105 Par\u0105 PIWONIA &#038; DZIKUS Z LASU \u2013 Dla Niej i Dla Niego LaQ (2 x 500 ml)"},"content":{"rendered":"<h2 style=\"text-align: center;\"><strong>Harmonia zapach\u00f3w pod prysznicem \u2013 idealny prezent dla dwojga<\/strong><\/h2>\n<p>&nbsp;<\/p>\n<p>\ud83c\udf38 <a href=\"https:\/\/laq.pl\/produkt\/zel-pod-prysznic-piwonia-zapach-subtelnej-dominacji\/\"><strong>\u017bel pod prysznic PIWONIA 500 ml<\/strong><\/a> &#8211; naturalny i wega\u0144ski \u017cel pod prysznic w wersji mini, z kultowej ju\u017c serii o sensualnym zapachu ekskluzywnych perfum z uwodzicielsk\u0105 nut\u0105 piwonii. Stworzony dla kobiet silnych i zdecydowanych, znaj\u0105cych swoj\u0105 warto\u015b\u0107 i potrafi\u0105cych wykorzysta\u0107 swoje atuty.<\/p>\n<p>\ud83d\udc17 <a href=\"https:\/\/laq.pl\/produkt\/zel-pod-prysznic-dzikus-z-lasu-dark-500ml\/\"><strong>\u017bel pod prysznic 8 w 1 DZIKUS Z LASU 500 ml<\/strong><\/a> &#8211; naturalny i wega\u0144ski \u017cel pod prysznic dla m\u0119\u017cczyzn. Myj\u0119 ekspresowo, pachn\u0119 ekskluzywnymi perfumami, zawieram ekstrakt z d\u0119bu i jestem ekstremalnie dziki. Si\u0119gaj\u0105 po mnie nie tylko eksperci, ekscentrycy i ekspaci, ale r\u00f3wnie\u017c ekstrawertycy i eksperymentatorzy.<\/p>\n<p><strong>\ud83c\udf81 Zapakowany w kartonik z okienkiem wype\u0142niony wk\u0142adk\u0105<\/strong><\/p>\n<p>&nbsp;<\/p>\n<h3><strong>KIM JESTEM?<\/strong><\/h3>\n<p>Oto ja, zestaw naturalnych i wega\u0144skich \u017celi pod prysznic Pe\u0142n\u0105 Par\u0105, czyli dla niej i dla niego. \u017bel damski pochodzi z kultowej ju\u017c serii o sensualnym zapachu ekskluzywnych perfum z uwodzicielsk\u0105 nut\u0105 piwonii. Zosta\u0142 on stworzony dla kobiet silnych i zdecydowanych, kt\u00f3re znaj\u0105 swoj\u0105 warto\u015b\u0107 i potrafi\u0105 wykorzysta\u0107 swoje atuty. Natomiast \u017cel m\u0119ski to nikt inny, jak legendarny Dzikus z lasu, kt\u00f3ry przede wszystkim ekspresowo myje i pachnie ekskluzywnymi perfumami, ponadto zawiera ekstrakt z d\u0119bu, a dodatkowo jest ekstremalnie dziki. Si\u0119gaj\u0105 po niego zar\u00f3wno eksperci, ekscentrycy i ekspaci, jak r\u00f3wnie\u017c ekstrawertycy i eksperymentatorzy. Og\u00f3lnie m\u00f3wi\u0105c, te dwa \u017cele razem to a\u017c litr szcz\u0119\u015bcia w p\u0142ynie!<\/p>\n<p>&nbsp;<\/p>\n<h3><strong>CO MOG\u0118 DLA CIEBIE ZROBI\u0106?<\/strong><\/h3>\n<p>Idziesz na parapet\u00f3wk\u0119, urodziny lub inn\u0105 imprez\u0119 do swoich znajomych? Szukasz pomys\u0142u na niezobowi\u0105zuj\u0105cy upominek dla kumpeli i kumpla? Koniecznie zabierz mnie ze sob\u0105, bowiem na prezent dla pary nadaj\u0119 si\u0119 idealnie! Cho\u0107by dlatego, \u017ce jestem zapakowany w gustowne pude\u0142ko prezentowe z okienkiem i kartonow\u0105 wk\u0142adk\u0105. Zapewniam Ci\u0119, \u017ce dwa spojrzenia na nasze etykiety, dwa poci\u0105gni\u0119cia nosem i szcz\u0119\u015bcie obdarowanych murowane!<\/p>\n<p>&nbsp;<\/p>\n<h3><strong>PYTASZ KOTKU, CO MAM W \u015aRODKU?<\/strong><\/h3>\n<p>\ud83c\udf38 <a href=\"https:\/\/laq.pl\/produkt\/zel-pod-prysznic-piwonia-zapach-subtelnej-dominacji\/\"><strong>\u017bel pod prysznic PIWONIA 500 ml<\/strong><\/a> &#8211; sk\u0142ad oparty jest na \u0142agodnych substancjach myj\u0105cych. Dodatkowo zawieram w sobie kompleks sk\u0142adnik\u00f3w nawil\u017caj\u0105cych, m.in. mocznik, witamin\u0119 B3, kwas mlekowy i inozytol.<\/p>\n<p>\ud83d\udc17 <a href=\"https:\/\/laq.pl\/produkt\/zel-pod-prysznic-dzikus-z-lasu-dark-500ml\/\"><strong>\u017bel pod prysznic 8 w 1 DZIKUS Z LASU 500 ml<\/strong><\/a> &#8211; Moja receptura bazuje bowiem na delikatnych substancjach myj\u0105cych. Ponadto zawieram w sobie nawil\u017caj\u0105c\u0105 gliceryn\u0119 pochodzenia ro\u015blinnego, a tak\u017ce koj\u0105cy ekstrakt z kory d\u0119bu bezszypu\u0142kowego. Jak widzisz, nie musisz przede mn\u0105 na drzewo pr\u0119dko zmyka\u0107!<\/p>\n<p>(dok\u0142adne sk\u0142ady INCI poszczeg\u00f3lnych produkt\u00f3w znajdziesz pod powy\u017cszymi linkami)<\/p>\n<p>&nbsp;<\/p>\n<h3><strong>POZNAJ MOJE NUTY ZAPACHOWE:<\/strong><\/h3>\n<p><strong>Nuty zapachowe \u017celu Piwonia:<\/strong><\/p>\n<ul>\n<li><b>g\u0142owy:<\/b> pomara\u0144cza, nerola<\/li>\n<li><b>serca:<\/b> kwiat piwonii, kwiat pomara\u0144czy, ja\u015bmin, gardenia<\/li>\n<li><b>podstawy:<\/b> paczula, wanilia, fasola tonka<\/li>\n<\/ul>\n<p><strong>Nuty zapachowe \u017celu Dzikus z lasu:<\/strong><\/p>\n<ul>\n<li><strong>g\u0142owy:<\/strong> bergamotka, czarna porzeczka, ananas, kwiat pomara\u0144czy<\/li>\n<li><strong>serca:<\/strong> paczula, ja\u015bmin, zio\u0142a<\/li>\n<li><strong>podstawy:<\/strong> mech d\u0119bowy, pi\u017cmo, bursztyn<\/li>\n<\/ul>\n<p>&nbsp;<\/p>\n<h3><strong>A CO M\u00d3WI\u0104 NA MIE\u015aCIE?<\/strong><\/h3>\n<p><em>Podobno to para idealna.\u00a0<\/em><br \/>\n<em>Idealna para dla ka\u017cdej pary!<\/em><br \/>\n<em>Tej idealnej i nie tylko.<\/em><\/p>\n<p>&nbsp;<\/p>\n<p><img loading=\"lazy\" decoding=\"async\" class=\"alignnone wp-image-49200 size-medium\" src=\"https:\/\/laq.pl\/wp-content\/uploads\/2026\/02\/uniwersalny-300x177.jpg\" alt=\"piktogram znaku testowanie dermatologicznie oraz znak produktu wega\u0144skiego\" width=\"300\" height=\"177\" srcset=\"https:\/\/laq.pl\/wp-content\/uploads\/2026\/02\/uniwersalny-300x177.jpg 300w, https:\/\/laq.pl\/wp-content\/uploads\/2026\/02\/uniwersalny-726x429.jpg 726w, https:\/\/laq.pl\/wp-content\/uploads\/2026\/02\/uniwersalny.jpg 769w\" sizes=\"auto, (max-width: 300px) 100vw, 300px\" \/><\/p>\n","protected":false},"excerpt":{"rendered":"<p><b>Kartonik wype\u0142niony wk\u0142adk\u0105, a w nim:<\/b><\/p>\n<p>\ud83c\udf38 <a href=\"https:\/\/laq.pl\/produkt\/zel-pod-prysznic-piwonia-zapach-subtelnej-dominacji\/\"><strong>\u017bel pod prysznic PIWONIA 500 ml<\/strong><\/a><\/p>\n<p>\ud83d\udc17 <a href=\"https:\/\/laq.pl\/produkt\/zel-pod-prysznic-dzikus-z-lasu-dark-500ml\/\"><strong>\u017bel pod prysznic 8 w 1 DZIKUS Z LASU 500 ml<\/strong><\/a><\/p>\n","protected":false},"featured_media":39260,"template":"","meta":{"_acf_changed":false},"product_brand":[],"product_cat":[103,230],"product_tag":[292,341,309],"class_list":{"0":"post-38264","1":"product","2":"type-product","3":"status-publish","4":"has-post-thumbnail","6":"product_cat-zestawy-na-prezent","7":"product_cat-dla-dwojga","8":"product_tag-dzikus-z-lasu","9":"product_tag-pelna-para","10":"product_tag-piwonia","13":"first","14":"instock","15":"taxable","16":"shipping-taxable","17":"purchasable","18":"product-type-simple"},"acf":[],"_links":{"self":[{"href":"https:\/\/laq.pl\/en\/wp-json\/wp\/v2\/product\/38264","targetHints":{"allow":["GET"]}}],"collection":[{"href":"https:\/\/laq.pl\/en\/wp-json\/wp\/v2\/product"}],"about":[{"href":"https:\/\/laq.pl\/en\/wp-json\/wp\/v2\/types\/product"}],"wp:featuredmedia":[{"embeddable":true,"href":"https:\/\/laq.pl\/en\/wp-json\/wp\/v2\/media\/39260"}],"wp:attachment":[{"href":"https:\/\/laq.pl\/en\/wp-json\/wp\/v2\/media?parent=38264"}],"wp:term":[{"taxonomy":"product_brand","embeddable":true,"href":"https:\/\/laq.pl\/en\/wp-json\/wp\/v2\/product_brand?post=38264"},{"taxonomy":"product_cat","embeddable":true,"href":"https:\/\/laq.pl\/en\/wp-json\/wp\/v2\/product_cat?post=38264"},{"taxonomy":"product_tag","embeddable":true,"href":"https:\/\/laq.pl\/en\/wp-json\/wp\/v2\/product_tag?post=38264"}],"curies":[{"name":"wp","href":"https:\/\/api.w.org\/{rel}","templated":true}]}}