{"id":38270,"date":"2025-10-06T19:22:17","date_gmt":"2025-10-06T17:22:17","guid":{"rendered":"https:\/\/laq.pl\/?post_type=product&#038;p=38270"},"modified":"2026-04-08T12:35:44","modified_gmt":"2026-04-08T10:35:44","slug":"zestaw-pelna-para-koziol-z-klasa-niezapominajka","status":"publish","type":"product","link":"https:\/\/laq.pl\/en\/product\/zestaw-pelna-para-koziol-z-klasa-niezapominajka\/","title":{"rendered":"Zestaw \u017celi pod prysznic dla par Pe\u0142n\u0105 Par\u0105 KOZIO\u0141 Z KLAS\u0104 &#038; NIEZAPOMINAJKA \u2013 Dla Niej i Dla Niego LaQ (2 x 500 ml)"},"content":{"rendered":"<h2 style=\"text-align: center;\"><strong>Harmonia zapach\u00f3w pod prysznicem \u2013 idealny prezent dla dwojga<\/strong><\/h2>\n<p>&nbsp;<\/p>\n<p>\ud83d\udc10 <a href=\"https:\/\/laq.pl\/produkt\/koziol-z-klasa-zel-pod-prysznic-8-w-1-dark-500-ml\/\"><strong>\u017bel pod prysznic KOZIO\u0141 Z KLAS\u0104 500 ml<\/strong><\/a> &#8211; \u017cel pod prysznic dla m\u0119\u017cczyzn, naturalny, wega\u0144ski, a tak\u017ce genialnie i zdecydowanie kozacko pachn\u0105cy m\u0119skimi perfumami. \u017bel z wyci\u0105giem z chmielu. Ale jednak nadal r\u00f3wnie\u017c po prostu \u017cel do mycia.<\/p>\n<p>\ud83c\udf3c <a href=\"https:\/\/laq.pl\/produkt\/zel-pod-prysznic-niezapominajka-krolowa-zycia\/\"><strong>\u017bel pod prysznic NIEZAPOMINAJKA 500 ml<\/strong><\/a> &#8211; naturalny i wega\u0144ski \u017cel pod prysznic o subtelnym zapachu ekskluzywnych perfum ze zmys\u0142ow\u0105 nut\u0105 niezapominajki. Stworzono mnie dla kobiet przebojowych i kusz\u0105co powabnych, a tak\u017ce dla tych pozornie nie\u015bmia\u0142ych, kt\u00f3re lubi\u0105 zaskakiwa\u0107 i &#8211; gdy mo\u017cna &#8211; potrafi\u0105 te\u017c da\u0107 czadu.<\/p>\n<p><strong>\ud83c\udf81 Zapakowany w kartonik z okienkiem wype\u0142niony wk\u0142adk\u0105<\/strong><\/p>\n<p>&nbsp;<\/p>\n<h3><strong>KIM JESTEM?<\/strong><\/h3>\n<p>Oto ja, zestaw naturalnych i wega\u0144skich \u017celi pod prysznic Pe\u0142n\u0105 Par\u0105, czyli dla niej i dla niego. \u017bel damski ma subtelny zapach ekskluzywnych perfum ze zmys\u0142ow\u0105 nut\u0105 niezapominajki. Zosta\u0142 stworzony dla kobiet przebojowych i kusz\u0105co powabnych, a tak\u017ce dla tych pozornie nie\u015bmia\u0142ych, kt\u00f3re lubi\u0105 zaskakiwa\u0107 i &#8211; gdy mo\u017cna &#8211; potrafi\u0105 te\u017c da\u0107 czadu. Natomiast \u017cel m\u0119ski genialnie pachnie m\u0119skimi perfumami i zawiera wyci\u0105g z chmielu. Og\u00f3lnie m\u00f3wi\u0105c, te dwa \u017cele razem to a\u017c litr szcz\u0119\u015bcia w p\u0142ynie!<\/p>\n<p>&nbsp;<\/p>\n<h3><strong>CO MOG\u0118 DLA CIEBIE ZROBI\u0106?<\/strong><\/h3>\n<p>Idziesz na parapet\u00f3wk\u0119, urodziny lub inn\u0105 imprez\u0119 do swoich znajomych? Szukasz pomys\u0142u na niezobowi\u0105zuj\u0105cy upominek dla kumpeli i kumpla? Koniecznie zabierz mnie ze sob\u0105, bowiem na prezent dla pary nadaj\u0119 si\u0119 idealnie! Cho\u0107by dlatego, \u017ce jestem zapakowany w gustowne pude\u0142ko prezentowe z okienkiem i kartonow\u0105 wk\u0142adk\u0105. Zapewniam Ci\u0119, \u017ce dwa spojrzenia na nasze etykiety, dwa poci\u0105gni\u0119cia nosem i szcz\u0119\u015bcie obdarowanych murowane!<\/p>\n<p>&nbsp;<\/p>\n<h3><strong>PYTASZ KOTKU, CO MAM W \u015aRODKU?<\/strong><\/h3>\n<p>\ud83d\udc10 <a href=\"https:\/\/laq.pl\/produkt\/koziol-z-klasa-zel-pod-prysznic-8-w-1-dark-500-ml\/\"><strong>\u017bel pod prysznic KOZIO\u0141 Z KLAS\u0104 500 ml<\/strong><\/a> &#8211; Przede wszystkim patrz\u0105c trze\u017awym okiem na moj\u0105 receptur\u0119 od razu wida\u0107, \u017ce jest ona oparta na \u0142agodnych substancjach myj\u0105cych pochodzenia ro\u015blinnego. Ponadto zawieram gliceryn\u0119 (r\u00f3wnie\u017c pochodzenia ro\u015blinnego) oraz \u0142agodz\u0105cy ekstrakt z chmielu.<\/p>\n<p>\ud83c\udf3c<a href=\"https:\/\/laq.pl\/produkt\/zel-pod-prysznic-niezapominajka-krolowa-zycia\/\"><strong> \u017bel pod prysznic NIEZAPOMINAJKA 500 ml<\/strong><\/a> &#8211; Zawieram w sobie gliceryn\u0119 pochodzenia ro\u015blinnego oraz wspaniale \u0142agodz\u0105cy pantenol. Ponadto znajdziesz we mnie ekstrakt z niezapominajki i postbiotyk (wyci\u0105g z fermentacji bakterii Lactobacillus), kt\u00f3ry zachowuje r\u00f3wnowag\u0119 mikrobiomu sk\u00f3ry i poprawia szczelno\u015b\u0107 jej bariery.<\/p>\n<p>(dok\u0142adne sk\u0142ady INCI poszczeg\u00f3lnych produkt\u00f3w znajdziesz pod powy\u017cszymi linkami)<\/p>\n<p>&nbsp;<\/p>\n<h3><strong>POZNAJ MOJE NUTY ZAPACHOWE:<\/strong><\/h3>\n<p><strong>Nuty zapachowe \u017celu Niezapominajka:<\/strong><\/p>\n<ul>\n<li><b>g\u0142owy:<\/b> mandarynka<\/li>\n<li><b>serca:<\/b> niezapominajka, brzoskwinia, go\u017adzik, ja\u015bmin, kwiat pomara\u0144czy<\/li>\n<li><b>podstawy:<\/b> wanilia, drzewo sanda\u0142owe, drzewo cedrowe, bursztyn<\/li>\n<\/ul>\n<p><strong>Nuty zapachowe \u017cel Kozio\u0142 Z Klas\u0105:<\/strong><\/p>\n<ul>\n<li><strong>g\u0142owy:<\/strong> mi\u0119ta lodowa, bergamotka<\/li>\n<li><strong>serca:<\/strong> geranium, jab\u0142ko<\/li>\n<li><strong>podstawy:<\/strong> wanilia, drzewo sanda\u0142owe, cedr<\/li>\n<\/ul>\n<p>&nbsp;<\/p>\n<h3><strong>A CO M\u00d3WI\u0104 NA MIE\u015aCIE?<\/strong><\/h3>\n<p><em>Podobno to para idealna.\u00a0<\/em><br \/>\n<em>Idealna para dla ka\u017cdej pary!<\/em><br \/>\n<em>Tej idealnej i nie tylko.<\/em><\/p>\n<p>&nbsp;<\/p>\n<p><img loading=\"lazy\" decoding=\"async\" class=\"alignnone wp-image-49200 size-medium\" src=\"https:\/\/laq.pl\/wp-content\/uploads\/2026\/02\/uniwersalny-300x177.jpg\" alt=\"piktogram znaku testowanie dermatologicznie oraz znak produktu wega\u0144skiego\" width=\"300\" height=\"177\" srcset=\"https:\/\/laq.pl\/wp-content\/uploads\/2026\/02\/uniwersalny-300x177.jpg 300w, https:\/\/laq.pl\/wp-content\/uploads\/2026\/02\/uniwersalny-726x429.jpg 726w, https:\/\/laq.pl\/wp-content\/uploads\/2026\/02\/uniwersalny.jpg 769w\" sizes=\"auto, (max-width: 300px) 100vw, 300px\" \/><\/p>\n","protected":false},"excerpt":{"rendered":"<p><b>Kartonik z wk\u0142adk\u0105, a w nim:<\/b><\/p>\n<p>\ud83d\udc10 <a href=\"https:\/\/laq.pl\/produkt\/koziol-z-klasa-zel-pod-prysznic-8-w-1-dark-500-ml\/\"><strong>\u017bel pod prysznic KOZIO\u0141 Z KLAS\u0104 500 ml<\/strong><\/a><span style=\"font-weight: 400;\">\u00a0<\/span><\/p>\n<p>\ud83c\udf3c <a href=\"https:\/\/laq.pl\/produkt\/zel-pod-prysznic-niezapominajka-krolowa-zycia\/\"><strong>\u017bel pod prysznic NIEZAPOMINAJKA 500 ml<\/strong><\/a><\/p>\n","protected":false},"featured_media":39270,"template":"","meta":{"_acf_changed":false},"product_brand":[],"product_cat":[230,103],"product_tag":[291,290,314,341],"class_list":{"0":"post-38270","1":"product","2":"type-product","3":"status-publish","4":"has-post-thumbnail","6":"product_cat-dla-dwojga","7":"product_cat-zestawy-na-prezent","8":"product_tag-koziol","9":"product_tag-koziol-z-klasa","10":"product_tag-niezapominajka","11":"product_tag-pelna-para","14":"first","15":"instock","16":"taxable","17":"shipping-taxable","18":"purchasable","19":"product-type-simple"},"acf":[],"_links":{"self":[{"href":"https:\/\/laq.pl\/en\/wp-json\/wp\/v2\/product\/38270","targetHints":{"allow":["GET"]}}],"collection":[{"href":"https:\/\/laq.pl\/en\/wp-json\/wp\/v2\/product"}],"about":[{"href":"https:\/\/laq.pl\/en\/wp-json\/wp\/v2\/types\/product"}],"wp:featuredmedia":[{"embeddable":true,"href":"https:\/\/laq.pl\/en\/wp-json\/wp\/v2\/media\/39270"}],"wp:attachment":[{"href":"https:\/\/laq.pl\/en\/wp-json\/wp\/v2\/media?parent=38270"}],"wp:term":[{"taxonomy":"product_brand","embeddable":true,"href":"https:\/\/laq.pl\/en\/wp-json\/wp\/v2\/product_brand?post=38270"},{"taxonomy":"product_cat","embeddable":true,"href":"https:\/\/laq.pl\/en\/wp-json\/wp\/v2\/product_cat?post=38270"},{"taxonomy":"product_tag","embeddable":true,"href":"https:\/\/laq.pl\/en\/wp-json\/wp\/v2\/product_tag?post=38270"}],"curies":[{"name":"wp","href":"https:\/\/api.w.org\/{rel}","templated":true}]}}