{"id":38280,"date":"2025-10-06T19:22:38","date_gmt":"2025-10-06T17:22:38","guid":{"rendered":"https:\/\/laq.pl\/?post_type=product&#038;p=38280"},"modified":"2026-04-07T10:11:40","modified_gmt":"2026-04-07T08:11:40","slug":"zestaw-ich-troje-meski-instynkt","status":"publish","type":"product","link":"https:\/\/laq.pl\/en\/product\/zestaw-ich-troje-meski-instynkt\/","title":{"rendered":"Zestaw prezentowy dla m\u0119\u017cczyzn Ich Troje M\u0118SKI INSTYNKT \u2013 3 \u017cele pod prysznic"},"content":{"rendered":"<h2 style=\"text-align: center;\">M\u0119ski zestaw prezentowy Ich Troje \u2013 3 \u017cele pod prysznic z serii LaQ<\/h2>\n<p>&nbsp;<\/p>\n<p>\ud83d\udc17 <a href=\"https:\/\/laq.pl\/produkt\/zel-pod-prysznic-8-w-1-dzikus-z-lasu-500-ml\/\"><strong>\u017bel pod prysznic 8 w 1 Dzikus z Lasu 500 ml<\/strong><\/a> &#8211; naturalny i wega\u0144ski \u017cel pod prysznic dla m\u0119\u017cczyzn. myj\u0119 ekspresowo, pachn\u0119 ekskluzywnymi perfumami, zawieram ekstrakt z d\u0119bu i jestem ekstremalnie dziki. si\u0119gaj\u0105 po mnie nie tylko eksperci, ekscentrycy i ekspaci, ale r\u00f3wnie\u017c ekstrawertycy i eksperymentatorzy.<\/p>\n<p>\ud83d\udc15<a href=\"https:\/\/laq.pl\/produkt\/zel-pod-prysznic-8w1-ZAPACH SEKSU I BIZNESU-500-ml\/\"><strong> \u017bel pod prysznic ZAPACH SEKSU I BIZNESU 500 ml<\/strong><\/a> &#8211; wega\u0144ski i niezwykle m\u0119ski \u017cel pod prysznic. pachn\u0119 dobrym seksem i udanym biznesem, a odwracaj\u0105c psa ogonem &#8211; udanym seksem i dobrym biznesem. sam nie wiem, czym bardziej. dobry nos wyczuje te\u017c u mnie m\u0119skie perfumy z nut\u0105 kardamonu i czarnego pieprzu. kto\u015b kiedy\u015b powiedzia\u0142 o mnie &#8220;najlepszy&#8221; i jak dot\u0105d tego nie odszczeka\u0142.<\/p>\n<p>\ud83d\udc10 <a href=\"https:\/\/laq.pl\/produkt\/koziol-z-klasa-zel-pod-prysznic-8-w-1-500-ml\/\"><strong>\u017bel pod prysznic KOZIO\u0141 Z KLAS\u0104 500 ml<\/strong><\/a> &#8211; <span style=\"font-weight: 400;\">\u017cel pod prysznic dla m\u0119\u017cczyzn, naturalny, wega\u0144ski, a tak\u017ce genialnie i zdecydowanie kozacko pachn\u0105cy m\u0119skimi perfumami. \u017bel z wyci\u0105giem z chmielu. Ale jednak nadal r\u00f3wnie\u017c po prostu \u017cel do mycia.\u00a0<\/span><\/p>\n<p><strong>\ud83c\udf81 Zapakowany w kartonik z por\u0119czn\u0105 r\u0105czk\u0105<\/strong><\/p>\n<p>&nbsp;<\/p>\n<h3><strong>KIM JESTEM?<\/strong><\/h3>\n<p>oto ja, zestaw 3 naturalnych i wega\u0144skich \u017celi pod prysznic. jak wida\u0107, znajdziesz we mnie \u017cele z naszych 3 linii zapachowych dla m\u0119\u017cczyzn. przede wszystkim genialnie sprawdz\u0119 si\u0119 wi\u0119c w roli prezentu dla prawdziwego faceta! w szczeg\u00f3lno\u015bci dla dzikusa, kt\u00f3ry robi biznesy w wielkim mie\u015bcie, ale lubi odpocz\u0105\u0107 w lesie.<\/p>\n<p>je\u015bli jeszcze nie znasz naszych linii zapachowych, to wiedz, \u017ce w zestawie ich troje pierwsze skrzypce gra <b>Dzikus z lasu <\/b>o zapachu walki o szyszki, wt\u00f3ruje mu odrobin\u0119 <strong>ZAPACH SEKSU I BIZNESU<\/strong> , a sztafet\u0119 zamyka <strong>Kozio\u0142 z Klas\u0105<\/strong> o zapachu wieczorku przy browarku.<\/p>\n<p>&nbsp;<\/p>\n<h3><strong>CO MOG\u0118 DLA CIEBIE ZROBI\u0106?<\/strong><\/h3>\n<p>co jest lepsze na prezent ni\u017c p\u00f3\u0142 litra? p\u00f3\u0142tora litra! szukasz prezentu dla faceta na urodziny? a mo\u017ce interesuje ci\u0119 pomys\u0142 na niebanalny prezent dla kumpla na imieniny? upominek na dzie\u0144 ch\u0142opaka, podarunek na \u015bwi\u0119ta? jeste\u015b we w\u0142a\u015bciwym miejscu, bowiem na prezent dla m\u0119\u017cczyzny nadaj\u0119 si\u0119 idealnie! w szczeg\u00f3lno\u015bci dlatego, \u017ce jestem zapakowany w efektowne pude\u0142ko prezentowe z okienkami i wygodnym uchwytem. poza tym, z uwagi na r\u00f3\u017cnorodno\u015b\u0107 zapachow\u0105 i zabawne etykiety mog\u0119 \u015bmia\u0142o zapewni\u0107 ci\u0119, \u017ce szale\u0144stwo zmys\u0142\u00f3w i zadowolenie obdarowanego masz murowane!<\/p>\n<p>&nbsp;<\/p>\n<h3><strong>PYTASZ KOTKU, CO MAM W \u015aRODKU?<\/strong><\/h3>\n<p>\ud83d\udc17 <a href=\"https:\/\/laq.pl\/produkt\/zel-pod-prysznic-8-w-1-dzikus-z-lasu-500-ml\/\"><strong>\u017bel pod prysznic 8 w 1 Dzikus z Lasu 500 ml<\/strong><\/a> &#8211; <span style=\"font-weight: 400;\">moja receptura bazuje bowiem na delikatnych substancjach myj\u0105cych. ponadto zawieram w sobie nawil\u017caj\u0105c\u0105 gliceryn\u0119 pochodzenia ro\u015blinnego, a tak\u017ce koj\u0105cy ekstrakt z kory d\u0119bu bezszypu\u0142kowego. jak widzisz, nie musisz przede mn\u0105 na drzewo pr\u0119dko zmyka\u0107!\u00a0<\/span><\/p>\n<p>\ud83d\udc15<a href=\"https:\/\/laq.pl\/produkt\/zel-pod-prysznic-8w1-ZAPACH SEKSU I BIZNESU-500-ml\/\"><strong> \u017bel pod prysznic ZAPACH SEKSU I BIZNESU 500 ml<\/strong><\/a> &#8211; na zewn\u0105trz jestem twardy, zdecydowany i bezkompromisowy, jednak wewn\u0105trz skrywam prawdziw\u0105 natur\u0119, opart\u0105 na \u0142agodnych substancjach myj\u0105cych pochodzenia ro\u015blinnego. zawieram gliceryn\u0119 (r\u00f3wnie\u017c pochodzenia ro\u015blinnego), ekstrakt z nasion kardamonu, mocznik oraz niacynamid.<\/p>\n<p>\ud83d\udc10 <a href=\"https:\/\/laq.pl\/produkt\/koziol-z-klasa-zel-pod-prysznic-8-w-1-500-ml\/\"><strong>\u017bel pod prysznic KOZIO\u0141 Z KLAS\u0104 500 ml<\/strong><\/a> &#8211; Przede wszystkim patrz\u0105c trze\u017awym okiem na moj\u0105 receptur\u0119 od razu wida\u0107, \u017ce jest ona oparta na \u0142agodnych substancjach myj\u0105cych pochodzenia ro\u015blinnego. Ponadto zawieram gliceryn\u0119 (r\u00f3wnie\u017c pochodzenia ro\u015blinnego) oraz \u0142agodz\u0105cy ekstrakt z chmielu.<\/p>\n<p>(dok\u0142adne sk\u0142ady inci poszczeg\u00f3lnych produkt\u00f3w znajdziesz pod powy\u017cszymi linkami)<\/p>\n<p>&nbsp;<\/p>\n<h3><strong>POZNAJ MOJE NUTY ZAPACHOWE:<\/strong><\/h3>\n<p><strong>Dzikus z Lasu &#8211; nuty zapachowe:\u00a0<\/strong><\/p>\n<ul>\n<li><strong>g\u0142owy:<\/strong> bergamotka, czarna porzeczka, ananas, kwiat pomara\u0144czy<\/li>\n<li><strong>serca:<\/strong> paczula, ja\u015bmin, zio\u0142a<\/li>\n<li><strong>podstawy:<\/strong> mech d\u0119bowy, pi\u017cmo, bursztyn<\/li>\n<\/ul>\n<p><strong>ZAPACH SEKSU I BIZNESU &#8211; nuty zapachowe:\u00a0<\/strong><\/p>\n<ul>\n<li><strong>g\u0142owy:<\/strong> cytryna, grejpfrut, nuty wodne<\/li>\n<li><strong>serca:<\/strong> jab\u0142ko, mi\u0119ta, r\u00f3\u017cowy pieprz, r\u00f3\u017ca<\/li>\n<li><strong>podstawy:<\/strong> drzewo cedrowe, drzewo sanda\u0142owe, suche drewno, fasola tonka, pi\u017cmo<\/li>\n<\/ul>\n<p><strong>Kozio\u0142 &#8211; nuty zapachowe:\u00a0<\/strong><\/p>\n<ul>\n<li><strong>g\u0142owy:<\/strong> mi\u0119ta lodowa, bergamotka<\/li>\n<li><strong>serca:<\/strong> geranium, jab\u0142ko<\/li>\n<li><strong>podstawy:<\/strong> wanilia, drzewo sanda\u0142owe, cedr<\/li>\n<\/ul>\n<h3><strong>A CO M\u00d3WI\u0104 NA MIE\u015aCIE?<\/strong><\/h3>\n<p><em>p\u00f3\u0142tora litra szcz\u0119\u015bcia!<\/em><br \/>\n<em>z pewno\u015bci\u0105 lepsze na prezent ni\u017c p\u00f3\u0142 litra!<\/em><\/p>\n<p>&nbsp;<\/p>\n<p><img loading=\"lazy\" decoding=\"async\" class=\"alignnone size-full wp-image-11144\" src=\"https:\/\/laq.pl\/wp-content\/uploads\/2024\/03\/weganski100.jpg\" alt=\"\" width=\"100\" height=\"100\" srcset=\"https:\/\/laq.pl\/wp-content\/uploads\/2024\/03\/weganski100.jpg 100w, https:\/\/laq.pl\/wp-content\/uploads\/2024\/03\/weganski100-50x50.jpg 50w\" sizes=\"auto, (max-width: 100px) 100vw, 100px\" \/> <img loading=\"lazy\" decoding=\"async\" class=\"alignnone size-full wp-image-11143\" src=\"https:\/\/laq.pl\/wp-content\/uploads\/2024\/03\/derma-100.jpg\" alt=\"\" width=\"100\" height=\"100\" srcset=\"https:\/\/laq.pl\/wp-content\/uploads\/2024\/03\/derma-100.jpg 100w, https:\/\/laq.pl\/wp-content\/uploads\/2024\/03\/derma-100-50x50.jpg 50w\" sizes=\"auto, (max-width: 100px) 100vw, 100px\" \/><\/p>\n","protected":false},"excerpt":{"rendered":"<p><strong>Kartonik z por\u0119czn\u0105 r\u0105czk\u0105, a w nim:<\/strong><\/p>\n<p>\ud83d\udc17 <a href=\"https:\/\/laq.pl\/produkt\/zel-pod-prysznic-8-w-1-dzikus-z-lasu-500-ml\/\"><strong>\u017bel pod prysznic 8 w 1 Dzikus z Lasu 500 ml<\/strong><\/a><\/p>\n<p>\ud83d\udc15<a href=\"https:\/\/laq.pl\/produkt\/zel-pod-prysznic-8w1-ZAPACH SEKSU I BIZNESU-500-ml\/\"><strong> \u017bel pod prysznic ZAPACH SEKSU I BIZNESU 500 ml<\/strong><\/a><\/p>\n<p>\ud83d\udc10 <a href=\"https:\/\/laq.pl\/produkt\/koziol-z-klasa-zel-pod-prysznic-8-w-1-500-ml\/\"><strong>\u017bel pod prysznic KOZIO\u0141 Z KLAS\u0104 500 ml<\/strong><\/a><\/p>\n","protected":false},"featured_media":39482,"template":"","meta":{"_acf_changed":false},"product_brand":[],"product_cat":[229,233,103],"product_tag":[353,292,290],"class_list":{"0":"post-38280","1":"product","2":"type-product","3":"status-publish","4":"has-post-thumbnail","6":"product_cat-dla-prawdziwego-mezczyzny","7":"product_cat-meskie","8":"product_cat-zestawy-na-prezent","9":"product_tag-czysciopak","10":"product_tag-dzikus-z-lasu","11":"product_tag-koziol-z-klasa","14":"first","15":"instock","16":"taxable","17":"shipping-taxable","18":"purchasable","19":"product-type-simple"},"acf":[],"_links":{"self":[{"href":"https:\/\/laq.pl\/en\/wp-json\/wp\/v2\/product\/38280","targetHints":{"allow":["GET"]}}],"collection":[{"href":"https:\/\/laq.pl\/en\/wp-json\/wp\/v2\/product"}],"about":[{"href":"https:\/\/laq.pl\/en\/wp-json\/wp\/v2\/types\/product"}],"wp:featuredmedia":[{"embeddable":true,"href":"https:\/\/laq.pl\/en\/wp-json\/wp\/v2\/media\/39482"}],"wp:attachment":[{"href":"https:\/\/laq.pl\/en\/wp-json\/wp\/v2\/media?parent=38280"}],"wp:term":[{"taxonomy":"product_brand","embeddable":true,"href":"https:\/\/laq.pl\/en\/wp-json\/wp\/v2\/product_brand?post=38280"},{"taxonomy":"product_cat","embeddable":true,"href":"https:\/\/laq.pl\/en\/wp-json\/wp\/v2\/product_cat?post=38280"},{"taxonomy":"product_tag","embeddable":true,"href":"https:\/\/laq.pl\/en\/wp-json\/wp\/v2\/product_tag?post=38280"}],"curies":[{"name":"wp","href":"https:\/\/api.w.org\/{rel}","templated":true}]}}