{"id":38282,"date":"2025-10-06T19:22:46","date_gmt":"2025-10-06T17:22:46","guid":{"rendered":"https:\/\/laq.pl\/?post_type=product&#038;p=38282"},"modified":"2026-04-15T10:44:37","modified_gmt":"2026-04-15T08:44:37","slug":"zestaw-z-mycia-wziety-zlota-raczka","status":"publish","type":"product","link":"https:\/\/laq.pl\/en\/product\/zestaw-z-mycia-wziety-zlota-raczka\/","title":{"rendered":"M\u0119ski zestaw prezentowy Z Mycia Wzi\u0119ty Z\u0141OTA R\u0104CZKA \u2013 Szampon i \u017bel pod prysznic LaQ"},"content":{"rendered":"<h2 style=\"text-align: center;\"><strong>Legendarny duet dla m\u0119\u017cczyzn, kt\u00f3rzy sukces maj\u0105 we krwi, a zapach na sk\u00f3rze<\/strong><\/h2>\n<p>&nbsp;<\/p>\n<p>\ud83d\udc3b <a href=\"https:\/\/laq.pl\/produkt\/zel-pod-prysznic-8-w-1-lew-szef-wszystkich-szefowlew-premium\/\"><strong>\u017bel pod prysznic Z\u0141OTA R\u0104CZKA 500 ml<\/strong><\/a> &#8211; naturalny i wega\u0144ski \u017cel pod prysznic <span style=\"font-weight: 400;\">dla m\u0119\u017cczyzn<\/span>, dla nied\u017awiedziego majsterkowicza! Dzi\u0119ki jego formule nawet po najci\u0119\u017cszym dniu wr\u00f3cisz do roboty \u015bwie\u017cy, pachn\u0105cy i gotowy na kolejne \u0142apy do dzie\u0142a \u2013 bo prawdziwy nied\u017awied\u017a nie hibernuje, on remontuje!<\/p>\n<p>\ud83d\udc3b <a href=\"https:\/\/laq.pl\/produkt\/zel-pod-prysznic-8-w-1-lew-szef-wszystkich-szefowlew-premium\/\"><strong>Szampon dla facet\u00f3w 1 w 1 Z\u0141OTA R\u0104CZKA 300 ml<\/strong><\/a> &#8211; <span style=\"font-weight: 400;\">naturalny i wega\u0144ski m\u0119ski szampon do w\u0142os\u00f3w o dzia\u0142aniu oczyszczaj\u0105cym. Zawiera ekstrakt z kory d\u0119bu szypu\u0142kowego, szyszek chmielu i cedru atlaskiego. Pieni si\u0119 jak facet, kiedy nie idzie robota.<\/span><\/p>\n<p><strong>\ud83c\udf81 Zapakowany w kartonik z okienkiem wype\u0142niony wk\u0142adk\u0105<\/strong><\/p>\n<p>&nbsp;<\/p>\n<h3><strong>KIM JESTEM?<\/strong><\/h3>\n<p>Oto ja, czyli wega\u0144ski zestaw kosmetyk\u00f3w naturalnych dla m\u0119\u017cczyzny, sk\u0142adaj\u0105cy si\u0119 z \u017celu pod prysznic oraz szamponu do w\u0142os\u00f3w o dzia\u0142aniu oczyszczaj\u0105cym. Z\u0142ota R\u0105czka to m\u0119ska linia kosmetyk\u00f3w dla tych, co nie boj\u0105 si\u0119 brudu, ale zawsze wracaj\u0105 czy\u015bci i gotowi na akcj\u0119. Receptura \u017celu pod prysznic bazuje na delikatnych substancjach myj\u0105cych. Jestem Z\u0141OTA R\u0104CZKA, myj\u0119 dobrze, pachn\u0119 jakby luksusowo, ogarniam g\u00f3r\u0119, d\u00f3\u0142, a jak si\u0119 uprzesz, to i robot\u0119 nagram. B\u0119dzie pan zadowolony! Z kolei szampon oczyszcaj\u0105cy myje, nawil\u017ca, wzmacnia i pachnie jak pragnienie milion\u00f3w. Naturalny i wega\u0144ski sk\u0142ad to tylko cz\u0119\u015b\u0107 moich zalet. Ale Ty to wiesz. \u017bycia nie zna, kto prawdziwej Z\u0141OTEJ R\u0104CZKI ze \u015bwiec\u0105 nie szuka\u0142!<\/p>\n<p>&nbsp;<\/p>\n<h3><strong>CO MOG\u0118 DLA CIEBIE ZROBI\u0106?<\/strong><\/h3>\n<p>Szukasz prezentu dla faceta na urodziny? A mo\u017ce interesuje Ci\u0119 pomys\u0142 na niebanalny prezent dla kumpla na imieniny? Upominek na Dzie\u0144 Ch\u0142opaka, podarunek na \u015bwi\u0119ta? Jeste\u015b we w\u0142a\u015bciwym miejscu, bowiem na prezent dla m\u0119\u017cczyzny nadaj\u0119 si\u0119 idealnie! W szczeg\u00f3lno\u015bci dlatego, \u017ce jestem zapakowany w gustowne pude\u0142ko prezentowe z okienkiem i kartonow\u0105 wk\u0142adk\u0105. Zapewniam Ci\u0119, \u017ce wielka rado\u015b\u0107 i szcz\u0119\u015bcie obdarowanego murowane!<\/p>\n<p>&nbsp;<\/p>\n<h3><strong>PYTASZ KOTKU, CO MAM W \u015aRODKU?<\/strong><\/h3>\n<p>\ud83d\udc3b <a href=\"https:\/\/laq.pl\/produkt\/zel-pod-prysznic-8-w-1-lew-szef-wszystkich-szefowlew-premium\/\"><strong>\u017bel pod prysznic Z\u0141OTA R\u0104CZKA 500 ml<\/strong><\/a> &#8211; m\u00f3j sk\u0142ad jest jak instrukcja obs\u0142ugi \u2013 nie musisz czyta\u0107, \u017ceby widzie\u0107, \u017ce jest dobrze! Ekstrakt z kory d\u0119bu szypu\u0142kowego pomaga wzmacnia\u0107 sk\u00f3r\u0119, dzia\u0142a tonizuj\u0105co i \u015bci\u0105gaj\u0105co. Ekstraktu z szyszek chmielu omawia\u0107 chyba nie trzeba \u2013 wiadomo, niczym zimny kufelek, ma w\u0142a\u015bciwo\u015bci \u0142agodz\u0105ce, koj\u0105ce i antybakteryjne. Ekstrakt z drzewa cedrowego od\u015bwie\u017ca sk\u00f3r\u0119 i nadaje jej drzewnego aromatu. Dzia\u0142a przy tym delikatnie przeciw\u0142ojotokowo. O nawil\u017cenie sk\u00f3ry dba gliceryna ro\u015blinna, a za oczyszczanie odpowiada substancja pochodz\u0105ca z oleju kokosowego. Elegancko i wega\u0144sko! Tak jak m\u00f3wili\u015bmy: b\u0119dzie pan zadowolony!<\/p>\n<p>\ud83d\udc3b <a href=\"https:\/\/laq.pl\/produkt\/zel-pod-prysznic-8-w-1-lew-szef-wszystkich-szefowlew-premium\/\"><strong>Szampon dla facet\u00f3w 1 w 1 Z\u0141OTA R\u0104CZKA 300 ml<\/strong><\/a> &#8211; m\u00f3j sk\u0142ad to z\u0142oto! Ekstrakt z kory d\u0119bu szypu\u0142kowego dzia\u0142a \u015bci\u0105gaj\u0105co, antyseptycznie i wzmacnia sk\u00f3r\u0119. W\u0142a\u015bciwo\u015bci \u0142agodz\u0105ce, antybakteryjne i kondycjonuj\u0105ce zapewnia ekstrakt z szyszek chmielu, a za mikrokr\u0105\u017cenie sk\u00f3ry g\u0142owy, pomocne w walce z wypadaniem w\u0142os\u00f3w i \u0142upie\u017cem, odpowiada ekstrakt z cedru atlaskiego. Moja g\u0142\u00f3wna si\u0142a oczyszczaj\u0105ca bazuje na substancji z oleju kokosowego, a nawil\u017canie i ochrona przed utrat\u0105 wilgoci to zadanie gliceryny. Sam by\u015b tego lepiej nie wykombinowa\u0142.<\/p>\n<p>(dok\u0142adne sk\u0142ady INCI poszczeg\u00f3lnych produkt\u00f3w znajdziesz pod powy\u017cszymi linkami)<\/p>\n<h3><strong>POZNAJ MOJE NUTY ZAPACHOWE:<\/strong><\/h3>\n<ul>\n<li><strong>g\u0142owy: <\/strong>mandarynka, grejpfrut, pomara\u0144cza, cytryna<\/li>\n<li><strong>serca: <\/strong>bergamotka, gorzki migda\u0142, fio\u0142ek<\/li>\n<li><strong>podstawy: <\/strong>galbanum, ambra, drzewo cedrowe<\/li>\n<\/ul>\n<p>&nbsp;<\/p>\n<h3><strong>A CO M\u00d3WI\u0104 NA MIE\u015aCIE?<\/strong><\/h3>\n<p><em>\u017bycie to wielki warsztat, a instrukcje to tylko lu\u017ane sugestie dla \u017c\u00f3\u0142todziob\u00f3w! Kiedy inni spiesz\u0105 si\u0119 z robot\u0105, Ty ze stoickim spokojem rzucasz: &#8220;Prawdziwy fachowiec nie zaczyna pracy w poniedzia\u0142ek&#8221;.<br \/>\nKa\u017cdy szanuj\u0105cy si\u0119 ekspert najpierw komentuje robot\u0119 zasadniczym pytaniem: kto tu odwali\u0142 tak\u0105 manian\u0119? Gorzej je\u015bli odpowied\u017a brzmi, \u017ce ty sam dwa lata wcze\u015bniej.<br \/>\nNie ma si\u0119 co porywa\u0107 z samego rana, to trzeba wzi\u0105\u0107 spokojnie i zacz\u0105\u0107 od kawusi. A po sko\u0144czonej (lub nie) robocie umyj r\u0105czki, n\u00f3\u017cki, brzusio.<\/em><\/p>\n<p>&nbsp;<\/p>\n<p><img loading=\"lazy\" decoding=\"async\" class=\"alignnone wp-image-49200 size-medium\" src=\"https:\/\/laq.pl\/wp-content\/uploads\/2026\/02\/uniwersalny-300x177.jpg\" alt=\"piktogram znaku testowanie dermatologicznie oraz znak produktu wega\u0144skiego\" width=\"300\" height=\"177\" srcset=\"https:\/\/laq.pl\/wp-content\/uploads\/2026\/02\/uniwersalny-300x177.jpg 300w, https:\/\/laq.pl\/wp-content\/uploads\/2026\/02\/uniwersalny-726x429.jpg 726w, https:\/\/laq.pl\/wp-content\/uploads\/2026\/02\/uniwersalny.jpg 769w\" sizes=\"auto, (max-width: 300px) 100vw, 300px\" \/><\/p>\n","protected":false},"excerpt":{"rendered":"<p><strong>Zestaw Z\u0141OTA R\u0104CZKA w prezencie? Dla kogo? Dla faceta, kt\u00f3ry umie wszystko naprawi\u0107!<\/strong><\/p>\n<p>\ud83d\udc3b\u00a0<a href=\"https:\/\/laq.pl\/produkt\/zel-pod-prysznic-8-w-1-lew-szef-wszystkich-szefowlew-premium\/\"><strong>\u017bel pod prysznic Z\u0141OTA R\u0104CZKA 500 ml<\/strong><\/a><\/p>\n<p>\ud83d\udc3b\u00a0<a href=\"https:\/\/laq.pl\/produkt\/zel-pod-prysznic-8-w-1-lew-szef-wszystkich-szefowlew-premium\/\"><strong>Szampon dla facet\u00f3w 1 w 1 Z\u0141OTA R\u0104CZKA 300 ml<\/strong><\/a><\/p>\n","protected":false},"featured_media":40206,"template":"","meta":{"_acf_changed":false},"product_brand":[],"product_cat":[229,233,858,103],"product_tag":[387],"class_list":{"0":"post-38282","1":"product","2":"type-product","3":"status-publish","4":"has-post-thumbnail","6":"product_cat-dla-prawdziwego-mezczyzny","7":"product_cat-meskie","8":"product_cat-nowosci","9":"product_cat-zestawy-na-prezent","10":"product_tag-dla-niego","13":"first","14":"instock","15":"taxable","16":"shipping-taxable","17":"purchasable","18":"product-type-simple"},"acf":[],"_links":{"self":[{"href":"https:\/\/laq.pl\/en\/wp-json\/wp\/v2\/product\/38282","targetHints":{"allow":["GET"]}}],"collection":[{"href":"https:\/\/laq.pl\/en\/wp-json\/wp\/v2\/product"}],"about":[{"href":"https:\/\/laq.pl\/en\/wp-json\/wp\/v2\/types\/product"}],"wp:featuredmedia":[{"embeddable":true,"href":"https:\/\/laq.pl\/en\/wp-json\/wp\/v2\/media\/40206"}],"wp:attachment":[{"href":"https:\/\/laq.pl\/en\/wp-json\/wp\/v2\/media?parent=38282"}],"wp:term":[{"taxonomy":"product_brand","embeddable":true,"href":"https:\/\/laq.pl\/en\/wp-json\/wp\/v2\/product_brand?post=38282"},{"taxonomy":"product_cat","embeddable":true,"href":"https:\/\/laq.pl\/en\/wp-json\/wp\/v2\/product_cat?post=38282"},{"taxonomy":"product_tag","embeddable":true,"href":"https:\/\/laq.pl\/en\/wp-json\/wp\/v2\/product_tag?post=38282"}],"curies":[{"name":"wp","href":"https:\/\/api.w.org\/{rel}","templated":true}]}}