{"id":38283,"date":"2025-10-06T19:22:49","date_gmt":"2025-10-06T17:22:49","guid":{"rendered":"https:\/\/laq.pl\/?post_type=product&#038;p=38283"},"modified":"2026-04-20T12:38:00","modified_gmt":"2026-04-20T10:38:00","slug":"zestaw-jedwabista-siersc-kawal-byka","status":"publish","type":"product","link":"https:\/\/laq.pl\/en\/product\/zestaw-jedwabista-siersc-kawal-byka\/","title":{"rendered":"Zestaw dla Brodacza Jedwabista Sier\u015b\u0107 KAWA\u0141 BYKA &#8211; \u017bel pod pysznic, Szampon + Olejek do brody LaQ"},"content":{"rendered":"<h2 style=\"text-align: center;\"><strong>Spraw, by Tw\u00f3j zarost przesta\u0142 k\u0142u\u0107, a zacz\u0105\u0142 przyci\u0105ga\u0107 \u2013 bez zb\u0119dnego mruczenia <\/strong><\/h2>\n<p>&nbsp;<\/p>\n<p>\ud83d\udc02 <a href=\"https:\/\/laq.pl\/produkt\/zel-pod-prysznic-kawal-byka-dark-500-ml\/\"><strong>\u017bel pod prysznic 8 w 1 KAWA\u0141 BYKA 500 ml<\/strong><\/a> &#8211; naturalny i wega\u0144ski \u017cel pod prysznic <span style=\"font-weight: 400;\">dla m\u0119\u017cczyzn<\/span>, w szczeg\u00f3lno\u015bci dla niez\u0142ych byk\u00f3w. Dzi\u0119ki jego formule nawet po najci\u0119\u017cszym dniu wr\u00f3cisz na aren\u0119 \u015bwie\u017cy, pachn\u0105cy i gotowy do dzia\u0142ania! To co, gotowy na bycze wyzwania?<\/p>\n<p>\ud83d\udc02 <a href=\"https:\/\/laq.pl\/produkt\/szampon-dla-facetow-1-w-1-kawal-byka-dark-300-ml\/\"><strong>Szampon dla facet\u00f3w 1 w 1 KAWA\u0141 BYKA 300 ml<\/strong><\/a> &#8211; <span style=\"font-weight: 400;\">naturalny i wega\u0144ski m\u0119ski szampon do w\u0142os\u00f3w o dzia\u0142aniu od\u015bwie\u017caj\u0105cym. Przede wszystkim zawiera ekstrakt z sze\u0144-szenia oraz bia\u0142kooo (znaczy si\u0119: proteiny). Jako niez\u0142y<\/span> kawa\u0142 byka jest zawsze gotowy do akcji!<\/p>\n<p>\ud83d\udc02 <a href=\"https:\/\/laq.pl\/produkt\/olej-po-goleniu-i-do-brody-kawal-byka-black-30-ml\/\"><strong>Olej po goleniu i do brody KAWA\u0141 BYKA 30 ml<\/strong><\/a> &#8211; naturalny i wega\u0144ski olej do brody i na pysk <span style=\"font-weight: 400;\">dla m\u0119\u017cczyzn.<\/span> Mam wypasion\u0105 formu\u0142\u0119, bogat\u0105 w naturalne sk\u0142adniki, poci\u0105gaj\u0105cy zapach korzennych, m\u0119skich perfum i skuteczno\u015b\u0107, kt\u00f3r\u0105 docenisz ju\u017c po pierwszym u\u017cyciu. Oferuj\u0119 ci nawil\u017cony, g\u0142adki i wypiel\u0119gnowany pysk, na co dzie\u0144 i po goleniu.<\/p>\n<p><strong>\ud83c\udf81 Zapakowany w kartonik z okienkiem wype\u0142niony siankiem<\/strong><\/p>\n<p>&nbsp;<\/p>\n<h3><strong>KIM JESTEM?<\/strong><\/h3>\n<p>Oto ja, czyli wega\u0144ski zestaw kosmetyk\u00f3w naturalnych dla m\u0119\u017cczyzny, sk\u0142adaj\u0105cy si\u0119 z \u017celu pod prysznic, szamponu do w\u0142os\u00f3w oraz olejku po goleniu i do brody. Seria ta jest idealna dla facet\u00f3w z jajami, kt\u00f3rzy nawet po najci\u0119\u017cszym dniu wracaj\u0105 na aren\u0119 \u015bwie\u017cy, pachn\u0105cy i gotowi na bycze wyzwania! Receptura \u017celu pod prysznic bazuje na delikatnych substancjach myj\u0105cych. Zawiera on nawil\u017caj\u0105c\u0105 gliceryn\u0119, a tak\u017ce regeneruj\u0105ce proteiny ro\u015blinne oraz wzmacniaj\u0105ce ekstrakty z korzenia \u017ce\u0144-szenia syberyjskiego, skrzypu polnego oraz \u0142opianu. Z kolei szampon regeneruj\u0105cy zawiera od\u015bwie\u017caj\u0105cy mleczan mentylu oraz orze\u017awiaj\u0105cy ekstrakt z mi\u0119ty. Ekstrakty z korzenia \u017ce\u0144-szenia syberyjskiego oraz skrzypu polnego pomagaj\u0105 w regeneracji w\u0142os\u00f3w i sk\u00f3ry g\u0142owy, a bia\u0142ka ro\u015blinne wzmacniaj\u0105 i odbudowuj\u0105 struktur\u0119 w\u0142os\u00f3w.<\/p>\n<p>&nbsp;<\/p>\n<h3><strong>CO MOG\u0118 DLA CIEBIE ZROBI\u0106?<\/strong><\/h3>\n<p>Szukasz prezentu dla faceta na urodziny? A mo\u017ce interesuje Ci\u0119 pomys\u0142 na niebanalny prezent dla kumpla na imieniny? Upominek na Dzie\u0144 Ch\u0142opaka, podarunek na \u015bwi\u0119ta? Jeste\u015b we w\u0142a\u015bciwym miejscu, bowiem na prezent dla m\u0119\u017cczyzny nadaj\u0119 si\u0119 idealnie! W szczeg\u00f3lno\u015bci dlatego, \u017ce jestem zapakowany w gustowne pude\u0142ko prezentowe z okienkiem i siankiem. Zapewniam Ci\u0119, \u017ce bycza rado\u015b\u0107 i szcz\u0119\u015bcie obdarowanego murowane!<\/p>\n<h3><strong>PYTASZ KOTKU, CO MAM W \u015aRODKU?<\/strong><\/h3>\n<p>\ud83d\udc02 <a href=\"https:\/\/laq.pl\/produkt\/zel-pod-prysznic-kawal-byka-dark-500-ml\/\"><strong>\u017bel pod prysznic 8 w 1 KAWA\u0141 BYKA 500 ml<\/strong><\/a> &#8211; ekstrakty z korzenia \u017ce\u0144-szenia syberyjskiego, skrzypu polnego oraz \u0142opianu, kt\u00f3re wzmocni\u0105 i od\u017cywi\u0105 Twoj\u0105 sk\u00f3r\u0119. Ponadto zawieram proteiny ro\u015blinne (z kukurydzy, pszenicy i soi), kt\u00f3re odbuduj\u0105 j\u0105 i nawil\u017c\u0105, natomiast gliceryna pochodzenia ro\u015blinnego zapewni jej mi\u0119kko\u015b\u0107 i g\u0142adko\u015b\u0107.<\/p>\n<p>\ud83d\udc02 <a href=\"https:\/\/laq.pl\/produkt\/szampon-dla-facetow-1-w-1-kawal-byka-dark-300-ml\/\"><strong>Szampon dla facet\u00f3w 1 w 1 KAWA\u0141 BYKA 300 ml<\/strong><\/a> &#8211; mleczan mentylu, kt\u00f3ry od\u015bwie\u017ca i ch\u0142odzi, oraz ekstrakt z mi\u0119ty, kt\u00f3ry orze\u017awia i dodaje energii. Bia\u0142ka ro\u015blinne z kukurydzy, pszenicy oraz soi wzmacniaj\u0105 i odbudowuj\u0105 struktur\u0119 w\u0142os\u00f3w. Ponadto zawiera r\u00f3wnie\u017c ekstrakty z korzenia \u017ce\u0144-szenia syberyjskiego oraz skrzypu polnego, kt\u00f3re pomagaj\u0105 w regeneracji w\u0142os\u00f3w i sk\u00f3ry g\u0142owy.<\/p>\n<p>\ud83d\udc02 <a href=\"https:\/\/laq.pl\/produkt\/olej-po-goleniu-i-do-brody-kawal-byka-black-30-ml\/\"><strong>Olej po goleniu i do brody KAWA\u0141 BYKA 30 ml<\/strong><\/a> &#8211; nie musisz by\u0107 romantykiem, by doceni\u0107 moje bogate wn\u0119trze! Docenisz mnie przede wszystkim za oleje: ten ze s\u0142odkich migda\u0142\u00f3w od\u017cywia, nawil\u017ca i \u0142agodzi podra\u017cnienia. Olej z pestek arbuza ma dzia\u0142anie antyoksydacyjne, a olej z pestek winogron \u2013 regeneracyjne. Dodatkowo zawieram olej z pestek malin, chroni\u0105cy sk\u00f3r\u0119 przed utrat\u0105 wilgoci oraz olej z konopi, dzi\u0119ki kt\u00f3remu sk\u00f3ra jest nawil\u017cona i zregenerowana, a podra\u017cnienia z\u0142agodzone. Oliwa z oliwek to ju\u017c pieszczota dla sk\u00f3ry \u2013 zmi\u0119kcza j\u0105 i nawil\u017ca, co w towarzystwie alantoiny, pantenolu, witaminy E i hydrolizowanego bia\u0142ka pszenicy sprawia, \u017ce b\u0119dziesz chcia\u0142 si\u0119 olejowa\u0107 przy ka\u017cdej mo\u017cliwej okazji! To nie jest kosmetyk, po kt\u00f3rym nie poczujesz r\u00f3\u017cnicy! Ten olejek do brody mo\u017cesz stosowa\u0107 zar\u00f3wno do zarostu, jak i sk\u00f3ry twarzy.<\/p>\n<p>(dok\u0142adne sk\u0142ady INCI poszczeg\u00f3lnych produkt\u00f3w znajdziesz pod powy\u017cszymi linkami)<\/p>\n<p>&nbsp;<\/p>\n<h3><strong>POZNAJ MOJE NUTY ZAPACHOWE:<\/strong><\/h3>\n<ul>\n<li><strong>g\u0142owy: <\/strong>czarny pieprz, drzewo cedrowe, piment, bergamotka<\/li>\n<li><strong>serca: <\/strong>lawenda, go\u017adzik, paczula, werbena<\/li>\n<li><strong>podstawy: <\/strong>drzewo cedrowe, drzewo gwajakowe, kadzid\u0142o, fasola tonka, ambra<\/li>\n<\/ul>\n<p>&nbsp;<\/p>\n<h3><strong>A CO M\u00d3WI\u0104 NA MIE\u015aCIE?<\/strong><\/h3>\n<p><em>Chcia\u0142by\u015b by\u0107 silny jak byk, mie\u0107 golenie jak Lewy, a antrykot jak delfinista? <\/em><br \/>\n<em>Bicki wielko\u015bci arbuz\u00f3w pokryte tatua\u017cami? <\/em><br \/>\n<em>Chcia\u0142by\u015b budzi\u0107 podziw w\u015br\u00f3d samc\u00f3w beta, gamma, a nawet omega? <\/em><br \/>\n<em>Bo w \u017cyciu chodzi o to, by wyzwoli\u0107 w sobie zwierz\u0119, \u0142apa\u0107 \u017cycie za rogi i dokarmia\u0107 swojego wewn\u0119trznego skurczybyka! <\/em><br \/>\n<em>Tymczasem ten \u017cel myje ka\u017cde cia\u0142o, niezale\u017cnie od zawarto\u015bci mi\u0119cha i t\u0142uszczyku. <\/em><br \/>\n<em>Od rogu, przez g\u0142ow\u0119, a\u017c po racice. Idealny dla du\u017cych facet\u00f3w*.<\/em><br \/>\n<em>*m\u00f3wi\u0105, \u017ce rozmiar nie ma znaczenia, ale wiemy, jak jest&#8230;<\/em><\/p>\n<p>&nbsp;<\/p>\n<p><img loading=\"lazy\" decoding=\"async\" class=\"alignnone wp-image-49200 size-medium\" src=\"https:\/\/laq.pl\/wp-content\/uploads\/2026\/02\/uniwersalny-300x177.jpg\" alt=\"piktogram znaku testowanie dermatologicznie oraz znak produktu wega\u0144skiego\" width=\"300\" height=\"177\" srcset=\"https:\/\/laq.pl\/wp-content\/uploads\/2026\/02\/uniwersalny-300x177.jpg 300w, https:\/\/laq.pl\/wp-content\/uploads\/2026\/02\/uniwersalny-726x429.jpg 726w, https:\/\/laq.pl\/wp-content\/uploads\/2026\/02\/uniwersalny.jpg 769w\" sizes=\"auto, (max-width: 300px) 100vw, 300px\" \/><\/p>\n","protected":false},"excerpt":{"rendered":"<p><strong>Kartonik prezentowy, a w nim w czarnych etykietach:<\/strong><\/p>\n<p>\ud83d\udc02 <a href=\"https:\/\/laq.pl\/produkt\/zel-pod-prysznic-kawal-byka-dark-500-ml\/\"><strong>\u017bel pod prysznic 8 w 1 KAWA\u0141 BYKA 500 ml<\/strong><\/a><\/p>\n<p>\ud83d\udc02 <a href=\"https:\/\/laq.pl\/produkt\/szampon-dla-facetow-1-w-1-kawal-byka-dark-300-ml\/\"><strong>Szampon dla facet\u00f3w 1 w 1 KAWA\u0141 BYKA 300 ml<\/strong><\/a><\/p>\n<p>\ud83d\udc02 <a href=\"https:\/\/laq.pl\/produkt\/olej-po-goleniu-i-do-brody-kawal-byka-black-30-ml\/\"><strong>Olej po goleniu i do brody KAWA\u0141 BYKA 30 ml<\/strong><\/a><\/p>\n","protected":false},"featured_media":39488,"template":"","meta":{"_acf_changed":false},"product_brand":[],"product_cat":[229,279,233,103],"product_tag":[387,839,289],"class_list":{"0":"post-38283","1":"product","2":"type-product","3":"status-publish","4":"has-post-thumbnail","6":"product_cat-dla-prawdziwego-mezczyzny","7":"product_cat-kawal-byka","8":"product_cat-meskie","9":"product_cat-zestawy-na-prezent","10":"product_tag-dla-niego","11":"product_tag-idealny-prezent","12":"product_tag-kawal-byka","15":"first","16":"instock","17":"taxable","18":"shipping-taxable","19":"purchasable","20":"product-type-simple"},"acf":[],"_links":{"self":[{"href":"https:\/\/laq.pl\/en\/wp-json\/wp\/v2\/product\/38283","targetHints":{"allow":["GET"]}}],"collection":[{"href":"https:\/\/laq.pl\/en\/wp-json\/wp\/v2\/product"}],"about":[{"href":"https:\/\/laq.pl\/en\/wp-json\/wp\/v2\/types\/product"}],"wp:featuredmedia":[{"embeddable":true,"href":"https:\/\/laq.pl\/en\/wp-json\/wp\/v2\/media\/39488"}],"wp:attachment":[{"href":"https:\/\/laq.pl\/en\/wp-json\/wp\/v2\/media?parent=38283"}],"wp:term":[{"taxonomy":"product_brand","embeddable":true,"href":"https:\/\/laq.pl\/en\/wp-json\/wp\/v2\/product_brand?post=38283"},{"taxonomy":"product_cat","embeddable":true,"href":"https:\/\/laq.pl\/en\/wp-json\/wp\/v2\/product_cat?post=38283"},{"taxonomy":"product_tag","embeddable":true,"href":"https:\/\/laq.pl\/en\/wp-json\/wp\/v2\/product_tag?post=38283"}],"curies":[{"name":"wp","href":"https:\/\/api.w.org\/{rel}","templated":true}]}}