{"id":38285,"date":"2025-10-06T19:22:56","date_gmt":"2025-10-06T17:22:56","guid":{"rendered":"https:\/\/laq.pl\/?post_type=product&#038;p=38285"},"modified":"2026-04-07T06:58:16","modified_gmt":"2026-04-07T04:58:16","slug":"zel-pod-prysznic-8-w-1-orla-pien","status":"publish","type":"product","link":"https:\/\/laq.pl\/en\/product\/zel-pod-prysznic-8-w-1-orla-pien\/","title":{"rendered":"\u017bel pod prysznic 8 w 1 OR\u0141A PIE\u0143"},"content":{"rendered":"<h2 style=\"text-align: center;\"><strong>\u017bel pod prysznic OR\u0141A PIE\u0143 500 ml<\/strong><\/h2>\n<h3><strong>KIM JESTEM?<\/strong><\/h3>\n<p>Jestem wega\u0144skim \u017celem pod prysznic, kt\u00f3ry uskrzydli ka\u017cdego or\u0142a. Pomagam rozpocz\u0105\u0107 dzie\u0144 z polotem i zako\u0144czy\u0107 z odlotem.<\/p>\n<h3><\/h3>\n<h3><strong>CO MOG\u0118 DLA CIEBIE ZROBI\u0106?<\/strong><\/h3>\n<p>Jestem produktem wysokich lot\u00f3w! Umyjesz mn\u0105 ptaka, a je\u015bli si\u0119 uprzesz, ogarniesz ze mn\u0105 nawet gniazdo. Przy okazji pachn\u0119 tak, \u017ce ptaszyny na wy\u015bcigi b\u0119d\u0105 wi\u0107 gniazda licz\u0105c na to, \u017ce to w\u0142a\u015bnie z Tob\u0105 b\u0119d\u0105 mog\u0142y wysiadywa\u0107 jaja. Ptasim m\u00f3\u017cd\u017ckom nie zapewniam lotnego umys\u0142u, ale cia\u0142o od\u015bwie\u017cam doskonale. Myj\u0119, pachn\u0119, robi\u0119 pian\u0119 i takie wra\u017cenie, \u017ce mo\u017cesz \u015bmia\u0142o wbija\u0107 do miasta, \u017ceby co\u015b przelecie\u0107. I cho\u0107 pachn\u0119 bosko, to nie polecam bra\u0107 mnie do dzioba.<\/p>\n<h3><\/h3>\n<h3><strong>PYTASZ KOTKU, CO MAM W \u015aRODKU?<\/strong><\/h3>\n<p>Moje wn\u0119trze to kwintesencja natury! Nie musisz spogl\u0105da\u0107 z lotu ptaka, \u017ceby zobaczy\u0107 m\u00f3j \u015bwietny sk\u0142ad. Znajdziesz tu \u0142agodne substancje myj\u0105ce oraz ro\u015blinn\u0105 gliceryn\u0119, kt\u00f3ra odpowiada za nawil\u017canie. Obecno\u015b\u0107 pantenolu, niacyny i biotyny sprawia, \u017ce Twoje pierze b\u0119dzie zadbane i wypiel\u0119gnowane. I mo\u017cemy czepia\u0107 si\u0119 s\u0142\u00f3wek, ale mamy przekonanie, \u017ce to najlepszy \u017cel pod prysznic dla dorodnego ptaka!<\/p>\n<p><em><strong>Sk\u0142ad: <\/strong>Aqua, Sodium Coco-Sulfate, Coco-Glucoside, Cocamidopropyl Betaine, Glycerin, Glyceryl Oleate, Panthenol, Niacin, Biotin, Betula Alba Leaf Extract, Chamomilla Recutita Flower Extract, Equisetum Arvense Extract, Urtica Dioica Leaf Extract, Aloe Barbadensis Leaf Extract, Humulus Lupulus Extract, Arctium Lappa Root Extract, Salvia Officinalis Leaf Extract, Camellia Sinensis Leaf Extract, Lawsonia Inermis Extract, Panicum Miliaceum Seed Extract, Sodium Gluconate, Citric Acid, Sodium Chloride, Potassium Sorbate, Sodium Benzoate, Parfum, Coumarin, Limonene, Linalool, Linalyl Acetate, Tetramethyl Acetyloctahydronaphthalenes. <\/em><\/p>\n<h3><\/h3>\n<h3><strong>POZNAJ MOJE NUTY ZAPACHOWE:<\/strong><\/h3>\n<ul>\n<li><strong>g\u0142owy:<\/strong>\u00a0cytrusy, rozmaryn, nuty korzenne<\/li>\n<li><strong>serca:<\/strong>\u00a0migda\u0142, fasola Tonka<\/li>\n<li><strong>podstawy:<\/strong>\u00a0nuty sk\u00f3ry, paczula, cedr<\/li>\n<\/ul>\n<h3><\/h3>\n<h3><strong>SPOS\u00d3B U\u017bYCIA M\u0118SKIEGO \u017bELU POD PRYSZNIC:<\/strong><\/h3>\n<p>Nanie\u015b na sk\u00f3r\u0119, wmasuj, pobaw piank\u0105 i sp\u0142ucz.<\/p>\n<h3><strong>A CO M\u00d3WI\u0104 NA MIE\u015aCIE?<\/strong><\/h3>\n<p><em>Lepiej wywin\u0105\u0107 or\u0142a w wannie, ni\u017c pi\u0107 u s\u0105siada na s\u0119pa, wi\u0119c nawet gdy wchodzisz pod prysznic nawalony jak szpak i tak wychodzisz niczym bielik w marmurze na czerwonym tle. Bo to nie jest zwyk\u0142a k\u0105piel. To rytua\u0142 dla facet\u00f3w z jajami wielkimi niczym strusia, cho\u0107 ci z przepi\u00f3rczymi te\u017c mog\u0105 si\u0119 popluska\u0107. I nie owijamy w r\u0119cznik, to jest w bawe\u0142n\u0119. Nie musisz puszy\u0107 si\u0119 jak paw. Nie musisz nikogo wystrychn\u0105\u0107 na dudka, podrzuca\u0107 kuku\u0142czego jaja.<\/em><br \/>\n<em>Albowiem ka\u017cdy wie, \u017ce orze\u0142 \u2013 czy to ma\u0142y, czy to du\u017cy \u2013 dumnie stoi, bo inaczej po prostu mu nie przystoi. Byle czysty i pachn\u0105cy.<\/em><\/p>\n<p><img loading=\"lazy\" decoding=\"async\" class=\"alignnone wp-image-49197 size-medium\" src=\"https:\/\/laq.pl\/wp-content\/uploads\/2026\/02\/97-300x120.jpg\" alt=\"piktogramy zank\u00f3w: testowane dermatologicznie, produkt wega\u0144ski oraz 97 procent sk\u0142adnik\u00f3w pochodzenia naturalnego\" width=\"300\" height=\"120\" srcset=\"https:\/\/laq.pl\/wp-content\/uploads\/2026\/02\/97-300x120.jpg 300w, https:\/\/laq.pl\/wp-content\/uploads\/2026\/02\/97-1024x410.jpg 1024w, https:\/\/laq.pl\/wp-content\/uploads\/2026\/02\/97-768x307.jpg 768w, https:\/\/laq.pl\/wp-content\/uploads\/2026\/02\/97-726x290.jpg 726w, https:\/\/laq.pl\/wp-content\/uploads\/2026\/02\/97.jpg 1135w\" sizes=\"auto, (max-width: 300px) 100vw, 300px\" \/><\/p>\n","protected":false},"excerpt":{"rendered":"<p><strong>OR\u0141A PIE\u0143<\/strong> \u2013perfekcyjny\u00a0 dla kr\u00f3la przestrzeni i osiedla! <strong>\u017bel pod prysznic dla faceta, co zdobywa szczyty i rz\u0105dzi w terenie<\/strong>, a po prysznicu pachnie tak, \u017ce nawet wilki w lesie staj\u0105 na baczno\u015b\u0107!<\/p>\n","protected":false},"featured_media":41692,"template":"","meta":{"_acf_changed":false},"product_brand":[],"product_cat":[109,233,858,105,841],"product_tag":[],"class_list":{"0":"post-38285","1":"product","2":"type-product","3":"status-publish","4":"has-post-thumbnail","6":"product_cat-duzy-zel-pod-prysznic-500-ml","7":"product_cat-meskie","8":"product_cat-nowosci","9":"product_cat-zele","10":"product_cat-zele-meskie","13":"first","14":"instock","15":"taxable","16":"shipping-taxable","17":"purchasable","18":"product-type-simple"},"acf":[],"_links":{"self":[{"href":"https:\/\/laq.pl\/en\/wp-json\/wp\/v2\/product\/38285","targetHints":{"allow":["GET"]}}],"collection":[{"href":"https:\/\/laq.pl\/en\/wp-json\/wp\/v2\/product"}],"about":[{"href":"https:\/\/laq.pl\/en\/wp-json\/wp\/v2\/types\/product"}],"wp:featuredmedia":[{"embeddable":true,"href":"https:\/\/laq.pl\/en\/wp-json\/wp\/v2\/media\/41692"}],"wp:attachment":[{"href":"https:\/\/laq.pl\/en\/wp-json\/wp\/v2\/media?parent=38285"}],"wp:term":[{"taxonomy":"product_brand","embeddable":true,"href":"https:\/\/laq.pl\/en\/wp-json\/wp\/v2\/product_brand?post=38285"},{"taxonomy":"product_cat","embeddable":true,"href":"https:\/\/laq.pl\/en\/wp-json\/wp\/v2\/product_cat?post=38285"},{"taxonomy":"product_tag","embeddable":true,"href":"https:\/\/laq.pl\/en\/wp-json\/wp\/v2\/product_tag?post=38285"}],"curies":[{"name":"wp","href":"https:\/\/api.w.org\/{rel}","templated":true}]}}