{"id":38288,"date":"2025-10-06T19:22:59","date_gmt":"2025-10-06T17:22:59","guid":{"rendered":"https:\/\/laq.pl\/?post_type=product&#038;p=38288"},"modified":"2026-04-20T15:14:23","modified_gmt":"2026-04-20T13:14:23","slug":"zel-pod-prysznic-krol-kanapy-8-w-1-500-ml","status":"publish","type":"product","link":"https:\/\/laq.pl\/en\/product\/zel-pod-prysznic-krol-kanapy-8-w-1-500-ml\/","title":{"rendered":"\u017bel pod prysznic 8 W 1 KR\u00d3L KANAPY"},"content":{"rendered":"<h2 style=\"text-align: center;\"><strong>\u017bel pod prysznic KR\u00d3L KANAPY 500 ml<\/strong><\/h2>\n<h3><strong>KIM JESTEM?<\/strong><\/h3>\n<p>Jestem bardzo dobrym kr\u00f3lem i w og\u00f3le. Myj\u0119, od\u015bwie\u017cam, pachn\u0119 i sprawiam, \u017ce korona z g\u0142owy nie spada.<\/p>\n<h3><\/h3>\n<h3><strong>CO MOG\u0118 DLA CIEBIE ZROBI\u0106?<\/strong><\/h3>\n<p>Trzeba umie\u0107 sobie odpowiedzie\u0107 na jedno wa\u017cne pytanie: co lubisz w \u017cyciu robi\u0107, a potem zacz\u0105\u0107 to robi\u0107! I tu jeste\u015bmy wygrani, bo Ty jeste\u015b niekwestionowanym kr\u00f3lem kanapy, a ja \u0142azienki. Ty w\u0142adasz pilotem jak samuraj katan\u0105, ja sprawiam, \u017ce mo\u017cesz si\u0119 zregenerowa\u0107 w k\u0105pieli, po ci\u0119\u017ckim dniu na sofie. Bo bycie kr\u00f3lem kanapy to wysoko postawiona poprzeczka.<br \/>\nDlatego, podczas gdy Ty b\u0119dziesz walczy\u0142 z nud\u0105 na kanapie, jak prawdziwy lew salonowy, ja zapewni\u0119 Ci relaks, czysto\u015b\u0107, od\u015bwie\u017cenie i zapach godny kr\u00f3la. Je\u015bli to Ci\u0119 nie przekona, to wystarczy, \u017ce mnie pow\u0105chasz, bo pachnie tak, \u017ce Royal Family z\u0142o\u017cy wniosek o Twoj\u0105 adopcj\u0119.<\/p>\n<h3><\/h3>\n<h3><strong>PYTASZ KOTKU, CO MAM W \u015aRODKU?<\/strong><\/h3>\n<p>To nie jest sk\u0142ad dla byle sier\u015bciucha \u2013 to jest wn\u0119trze dla kr\u00f3la. Znajdziesz tu \u0142agodne substancje myj\u0105ce, a tak\u017ce ro\u015blinn\u0105 gliceryn\u0119, kt\u00f3ra ma za zadanie nawil\u017ca\u0107 sk\u00f3r\u0119, nie tyko na kanapie. Ponadto rozpieszczam i piel\u0119gnuj\u0119 sk\u00f3r\u0119 sokiem z korzenia yaconu oraz pre- i postbiotykami. \u0141agodny, ale stanowczy. Skuteczny, ale delikatny! Taki kr\u00f3l zas\u0142uguje na reelekcj\u0119!<br \/>\nNanie\u015b na sk\u00f3r\u0119, wmasuj i pozw\u00f3l by piana potraktowa\u0142a Twoje cia\u0142o po kr\u00f3lewsku. Po wszystkim, sp\u0142ucz.<\/p>\n<p><em><strong>Sk\u0142ad: <\/strong>Aqua, Sodium Coco-Sulfate, Coco-Glucoside, Cocamidopropyl Betaine, Glycerin, Glyceryl Oleate, Polymnia Sonchifolia Root Juice, Lactobacillus, Alpha-Glucan Oligosaccharide, Bacillus Ferment Filtrate Extract, Lactobacillus Ferment Lysate, Bifida Ferment Lysate, Lactococcus Ferment Lysate, Maltodextrin, Citric Acid, Sodium Chloride, 1,2-Hexanediol, Sodium Benzoate, Potassium Sorbate, Parfum, Acetyl Cedrene, Hexamethylindanopyran, Linalool, Tetramethyl Acetyloctahydronaphthalenes. <\/em><\/p>\n<h3><\/h3>\n<h3><strong>POZNAJ MOJE NUTY ZAPACHOWE:<\/strong><\/h3>\n<ul>\n<li><strong>g\u0142owy:<\/strong>\u00a0mi\u0119ta lodowa, bergamotka<\/li>\n<li><strong>serca:<\/strong>\u00a0geranium, jab\u0142ko<\/li>\n<li><strong>podstawy:<\/strong>\u00a0wanilia, drzewo sanda\u0142owe, cedr<\/li>\n<\/ul>\n<h3><\/h3>\n<h3><strong>SPOS\u00d3B U\u017bYCIA M\u0118SKIEGO \u017bELU POD PRYSZNIC:<\/strong><\/h3>\n<p>W tej robocie nie ma miejsca na pomy\u0142ki: na\u0142\u00f3\u017c na wilgotne w\u0142osy, wmasuj i sp\u0142ucz. Gwarantujemy, \u017ce nie pozostawisz \u017cadnych \u015blad\u00f3w.<\/p>\n<h3><strong>A CO M\u00d3WI\u0104 NA MIE\u015aCIE?<\/strong><\/h3>\n<p><em>Ty \u2013 prawdziwy kr\u00f3l domowej d\u017cungli, mistrz relaksu, kanapowy samuraj. Twoje naturalne \u015brodowisko to sofa, a pilotem w\u0142adasz lepiej ni\u017c mistrz Yoda \u015bwietlnym mieczem. Gdyby le\u017cenie by\u0142o sportem, mia\u0142by\u015b wi\u0119cej z\u0142otych medali ni\u017c \u015awi\u0105tek i Pi\u0105tek razem wzi\u0119ci.<\/em><br \/>\n<em>I wiesz co? My to szanujemy! Bo przecie\u017c nikt nikomu nie da tyle, ile Ty jeste\u015b w stanie obieca\u0107. A gdy kto\u015b Ci zarzuci, \u017ce ca\u0142y dzie\u0144 le\u017cysz na kanapie, bez fa\u0142szywej skromno\u015bci odpowiedz: \u201eAle jak!\u201d.<br \/>\n<\/em><\/p>\n<p><img loading=\"lazy\" decoding=\"async\" class=\"alignnone wp-image-49197 size-medium\" src=\"https:\/\/laq.pl\/wp-content\/uploads\/2026\/02\/97-300x120.jpg\" alt=\"piktogramy zank\u00f3w: testowane dermatologicznie, produkt wega\u0144ski oraz 97 procent sk\u0142adnik\u00f3w pochodzenia naturalnego\" width=\"300\" height=\"120\" srcset=\"https:\/\/laq.pl\/wp-content\/uploads\/2026\/02\/97-300x120.jpg 300w, https:\/\/laq.pl\/wp-content\/uploads\/2026\/02\/97-1024x410.jpg 1024w, https:\/\/laq.pl\/wp-content\/uploads\/2026\/02\/97-768x307.jpg 768w, https:\/\/laq.pl\/wp-content\/uploads\/2026\/02\/97-726x290.jpg 726w, https:\/\/laq.pl\/wp-content\/uploads\/2026\/02\/97.jpg 1135w\" sizes=\"auto, (max-width: 300px) 100vw, 300px\" \/><\/p>\n","protected":false},"excerpt":{"rendered":"<p><strong>KR\u00d3L KANAPY to \u017cel dla faceta, kt\u00f3ry nie musi rusza\u0107 si\u0119 z miejsca, by wzbudza\u0107 podziw.<\/strong> Pachnie tak, jakby\u015b w\u0142a\u015bnie wr\u00f3ci\u0142 z si\u0142owni, a nie z maratonu filmowego!<\/p>\n","protected":false},"featured_media":41695,"template":"","meta":{"_acf_changed":false},"product_brand":[],"product_cat":[109,233,858,105,841],"product_tag":[],"class_list":{"0":"post-38288","1":"product","2":"type-product","3":"status-publish","4":"has-post-thumbnail","6":"product_cat-duzy-zel-pod-prysznic-500-ml","7":"product_cat-meskie","8":"product_cat-nowosci","9":"product_cat-zele","10":"product_cat-zele-meskie","13":"first","14":"instock","15":"taxable","16":"shipping-taxable","17":"purchasable","18":"product-type-simple"},"acf":[],"_links":{"self":[{"href":"https:\/\/laq.pl\/en\/wp-json\/wp\/v2\/product\/38288","targetHints":{"allow":["GET"]}}],"collection":[{"href":"https:\/\/laq.pl\/en\/wp-json\/wp\/v2\/product"}],"about":[{"href":"https:\/\/laq.pl\/en\/wp-json\/wp\/v2\/types\/product"}],"wp:featuredmedia":[{"embeddable":true,"href":"https:\/\/laq.pl\/en\/wp-json\/wp\/v2\/media\/41695"}],"wp:attachment":[{"href":"https:\/\/laq.pl\/en\/wp-json\/wp\/v2\/media?parent=38288"}],"wp:term":[{"taxonomy":"product_brand","embeddable":true,"href":"https:\/\/laq.pl\/en\/wp-json\/wp\/v2\/product_brand?post=38288"},{"taxonomy":"product_cat","embeddable":true,"href":"https:\/\/laq.pl\/en\/wp-json\/wp\/v2\/product_cat?post=38288"},{"taxonomy":"product_tag","embeddable":true,"href":"https:\/\/laq.pl\/en\/wp-json\/wp\/v2\/product_tag?post=38288"}],"curies":[{"name":"wp","href":"https:\/\/api.w.org\/{rel}","templated":true}]}}