{"id":38291,"date":"2025-10-06T19:23:03","date_gmt":"2025-10-06T17:23:03","guid":{"rendered":"https:\/\/laq.pl\/?post_type=product&#038;p=38291"},"modified":"2026-04-17T13:01:21","modified_gmt":"2026-04-17T11:01:21","slug":"zel-pod-prysznic-8-w-1-byk-na-wypasie","status":"publish","type":"product","link":"https:\/\/laq.pl\/en\/product\/zel-pod-prysznic-8-w-1-byk-na-wypasie\/","title":{"rendered":"\u017bel pod prysznic 8 W 1 BYK NA WYPASIE"},"content":{"rendered":"<h2 style=\"text-align: center;\"><strong>\u017bel pod prysznic BYK NA WYPASIE 500 ml<\/strong><\/h2>\n<h3><strong>KIM JESTEM?<\/strong><\/h3>\n<p>Jestem wypasionym \u017celem pod prysznic dla konkretnych byk\u00f3w \u2013 skutecznym jak trening, pachn\u0105cym jak progres.<\/p>\n<h3><\/h3>\n<h3><strong>CO MOG\u0118 DLA CIEBIE ZROBI\u0106?<\/strong><\/h3>\n<p>Spo\u0107 si\u0119 dla mnie, si\u0142aczu! Myj\u0119, od\u015bwie\u017cam, robi\u0119 pian\u0119 i przyk\u0142adam si\u0119 do roboty nie gorzej ni\u017c Ty do dnia n\u00f3g. Bior\u0119 na klat\u0119 kurz, pot i \u0142zy. Zmywam brud ju\u017c w pierwszej serii, ale jak lubisz by\u0107 mokry, mo\u017cesz zrobi\u0107 wi\u0119cej powt\u00f3rze\u0144. Umyjesz mn\u0105 klat\u0119, bicki, kaptur, motyle, a nawet \u0142aweczk\u0119. Ty nie \u015bci\u0105gasz ci\u0119\u017car\u00f3w ze sztangi, ja nie \u201e\u015bci\u0105gam\u201d sk\u00f3ry po k\u0105pieli. Ty jeste\u015b dobry w martwym ci\u0105gu, ja sprawiam, \u017ce ci\u0105gnie si\u0119 za Tob\u0105 zapach m\u0119skich perfum. Ty robisz planki, ja wann\u0119 pianki. Kr\u00f3tko m\u00f3wi\u0105c: b\u0119d\u0119 ci\u0119 asekurowa\u0107.<\/p>\n<h3><\/h3>\n<h3><strong>PYTASZ KOTKU, CO MAM W \u015aRODKU?<\/strong><\/h3>\n<p>Nieskromnie powiem, \u017ce m\u00f3j sk\u0142ad jest dla Twojej sk\u00f3ry jak porz\u0105dne bia\u0142eczko dla mi\u0119\u015bni. Zawieram \u0142agodne substancje myj\u0105ce oraz gliceryn\u0119 pochodzenia ro\u015blinnego, o dzia\u0142aniu nawil\u017caj\u0105cym. Znajdziesz tu te\u017c ekstrakt z nasion guarany, kofein\u0119, l-karnityn\u0119, kt\u00f3re daj\u0105 sk\u00f3rze kopa, a na Ciebie podzia\u0142aj\u0105 jak zastrzyk energii. Spokojnie, ten doping nie wyjdzie w testach! Pami\u0119taj: brud jest chwilowy, chwa\u0142a jest wieczna!<\/p>\n<p><em><strong>Sk\u0142ad: <\/strong>Aqua, Sodium Coco-Sulfate, Coco-Glucoside, Cocamidopropyl Betaine, Glycerin, Glyceryl Oleate, Paullinia Cupana Seed Extract, Caffeine, Carnitine, Cysteic Acid, Calcium Pantetheine Sulfonate, Microcrystalline Cellulose, Maltodextrin, Sodium Gluconate, Citric Acid, Sodium Chloride, Potassium Sorbate, Sodium Benzoate, Parfum, Linalool, Tetramethyl Acetyloctahydronaphthalenes, Juniperus Virginiana Oil, Pogostemon Cablin Oil. <\/em><\/p>\n<h3><\/h3>\n<h3><strong>POZNAJ MOJE NUTY ZAPACHOWE:<\/strong><\/h3>\n<ul>\n<li><strong>g\u0142owy:<\/strong>\u00a0ciep\u0142e, pudrowe, \u015bwie\u017ce, czyste<\/li>\n<li><strong>serca:<\/strong>\u00a0pieprz, bazylia, heliotrop, zio\u0142owe, cyklamen<\/li>\n<li><strong>podstawy:<\/strong>\u00a0pi\u017cmo, drzewo cedrowe, paczula, drzewne<\/li>\n<\/ul>\n<h3><\/h3>\n<h3><strong>SPOS\u00d3B U\u017bYCIA M\u0118SKIEGO \u017bELU POD PRYSZNIC:<\/strong><\/h3>\n<p>Spo\u0107 si\u0119, zmocz si\u0119, wmasuj w sk\u00f3r\u0119, sp\u0142ucz. Je\u015bli czujesz, \u017ce potrzebujesz \u2013 powt\u00f3rz.<\/p>\n<h3><strong>A CO M\u00d3WI\u0104 NA MIE\u015aCIE?<\/strong><\/h3>\n<p><em>Spo\u0107 si\u0119, zmocz si\u0119, wmasuj w sk\u00f3r\u0119, sp\u0142ucz. Je\u015bli czujesz, \u017ce potrzebujesz \u2013 powt\u00f3rz.<br \/>\nPachniesz tak, \u017ce nawet kaloryfery w \u0142azience maj\u0105 przy Tobie kompleksy. \u017bel wje\u017cd\u017ca w pot i syf jak sztanga w pod\u0142og\u0119, a lustereczko powie przecie: \u201eTy, Byku, jeste\u015b najwi\u0119kszy na\u2026dzielni\u201d.<\/em><br \/>\n<em>Jak bierzesz k\u0105piel, to nawet wanna robi pompki, a kafelki spadaj\u0105 do planka z wra\u017cenia. A sk\u0142ad? Nie wnikaj, to nie apteka. Na testach antydopingowych nie wyjdzie.<\/em><\/p>\n<p><img loading=\"lazy\" decoding=\"async\" class=\"alignnone wp-image-49197 size-medium\" src=\"https:\/\/laq.pl\/wp-content\/uploads\/2026\/02\/97-300x120.jpg\" alt=\"piktogramy zank\u00f3w: testowane dermatologicznie, produkt wega\u0144ski oraz 97 procent sk\u0142adnik\u00f3w pochodzenia naturalnego\" width=\"300\" height=\"120\" srcset=\"https:\/\/laq.pl\/wp-content\/uploads\/2026\/02\/97-300x120.jpg 300w, https:\/\/laq.pl\/wp-content\/uploads\/2026\/02\/97-1024x410.jpg 1024w, https:\/\/laq.pl\/wp-content\/uploads\/2026\/02\/97-768x307.jpg 768w, https:\/\/laq.pl\/wp-content\/uploads\/2026\/02\/97-726x290.jpg 726w, https:\/\/laq.pl\/wp-content\/uploads\/2026\/02\/97.jpg 1135w\" sizes=\"auto, (max-width: 300px) 100vw, 300px\" \/><\/p>\n","protected":false},"excerpt":{"rendered":"<p><strong>BYKA NA WYPASIE to \u017cel dla faceta<\/strong>, kt\u00f3ry nie idzie na kompromisy, bo sta\u0107 go na to, co najlepsze. <strong>Pachnie tak luksusowo i mocno, \u017ce po prysznicu jeste\u015b got\u00f3w na maraton<\/strong>&#8230; albo przynajmniej na podniesienie tej sterty ubra\u0144 z pod\u0142ogi.<\/p>\n","protected":false},"featured_media":40086,"template":"","meta":{"_acf_changed":false},"product_brand":[],"product_cat":[109,233,858,841],"product_tag":[],"class_list":{"0":"post-38291","1":"product","2":"type-product","3":"status-publish","4":"has-post-thumbnail","6":"product_cat-duzy-zel-pod-prysznic-500-ml","7":"product_cat-meskie","8":"product_cat-nowosci","9":"product_cat-zele-meskie","12":"first","13":"instock","14":"taxable","15":"shipping-taxable","16":"purchasable","17":"product-type-simple"},"acf":[],"_links":{"self":[{"href":"https:\/\/laq.pl\/en\/wp-json\/wp\/v2\/product\/38291","targetHints":{"allow":["GET"]}}],"collection":[{"href":"https:\/\/laq.pl\/en\/wp-json\/wp\/v2\/product"}],"about":[{"href":"https:\/\/laq.pl\/en\/wp-json\/wp\/v2\/types\/product"}],"wp:featuredmedia":[{"embeddable":true,"href":"https:\/\/laq.pl\/en\/wp-json\/wp\/v2\/media\/40086"}],"wp:attachment":[{"href":"https:\/\/laq.pl\/en\/wp-json\/wp\/v2\/media?parent=38291"}],"wp:term":[{"taxonomy":"product_brand","embeddable":true,"href":"https:\/\/laq.pl\/en\/wp-json\/wp\/v2\/product_brand?post=38291"},{"taxonomy":"product_cat","embeddable":true,"href":"https:\/\/laq.pl\/en\/wp-json\/wp\/v2\/product_cat?post=38291"},{"taxonomy":"product_tag","embeddable":true,"href":"https:\/\/laq.pl\/en\/wp-json\/wp\/v2\/product_tag?post=38291"}],"curies":[{"name":"wp","href":"https:\/\/api.w.org\/{rel}","templated":true}]}}