{"id":38327,"date":"2026-01-12T10:54:21","date_gmt":"2026-01-12T09:54:21","guid":{"rendered":"https:\/\/laq.pl\/?post_type=product&#038;p=38327"},"modified":"2026-04-03T09:51:53","modified_gmt":"2026-04-03T07:51:53","slug":"zestaw-na-wyjscie-z-twarza-piwonia-zapach-subtelnej-dominacji-naklejka","status":"publish","type":"product","link":"https:\/\/laq.pl\/en\/product\/zestaw-na-wyjscie-z-twarza-piwonia-zapach-subtelnej-dominacji-naklejka\/","title":{"rendered":"Zestaw do piel\u0119gnacji twarzy Na Wyj\u015bcie z Twarz\u0105 PIWONIA &#8211; ZAPACH SUBTELNEJ DOMINACJI \u2013 Mus, Mase\u0142ko i \u017bel pod prysznic LaQ + NAKLEJKA"},"content":{"rendered":"<h2 style=\"text-align: center;\"><strong>Kompleksowe przygotowanie do wielkiego wyj\u015bcia: od\u015bwie\u017caj\u0105cy mus, bogate mase\u0142ko i energetyczny \u017cel<\/strong><\/h2>\n<p>&nbsp;<\/p>\n<p>\ud83c\udf38 <a href=\"https:\/\/laq.pl\/produkt\/zel-pod-prysznic-piwonia-zapach-subtelnej-dominacji\/\"><strong>\u017bel pod prysznic PIWONIA 500 ml<\/strong><\/a> &#8211; naturalny i wega\u0144ski \u017cel pod prysznic z kultowej ju\u017c serii o sensualnym zapachu ekskluzywnych perfum z uwodzicielsk\u0105 nut\u0105 piwonii. Stworzono mnie dla kobiet silnych i zdecydowanych, znaj\u0105cych swoj\u0105 warto\u015b\u0107 i potrafi\u0105cych wykorzysta\u0107 swoje atuty.<\/p>\n<p>\ud83c\udf38 <a href=\"https:\/\/laq.pl\/produkt\/mus-do-mycia-twarzy-piwonia-odzywczy-40-g\/\"><strong>Mus do mycia twarzy PIWONIA od\u017cywczy 40 g<\/strong><\/a> &#8211; naturalny i wega\u0144ski mus do mycia twarzy o dzia\u0142aniu od\u017cywczym. Zapewniam Ci\u0119, \u017ce zakochasz si\u0119 w mojej konsystencji &#8211; jest lekka jak chmurka!<\/p>\n<p>\ud83c\udf38 <a href=\"https:\/\/laq.pl\/produkt\/maselko-do-twarzy-piwonia-50-ml\/\"><strong>Mase\u0142ko do twarzy PIWONIA 50 ml<\/strong><\/a> &#8211; naturalne i wega\u0144skie mas\u0142o do twarzy o bogatej, od\u017cywczej formule. Idealnie sprawdz\u0119 si\u0119 w codziennej piel\u0119gnacji ka\u017cdego rodzaju sk\u00f3ry.<\/p>\n<p><strong>\ud83c\udf81 Zapakowany w kartonik z okienkiem wype\u0142niony siankiem<\/strong><\/p>\n<p>&nbsp;<\/p>\n<h3><strong>KIM JESTEM?<\/strong><\/h3>\n<p>Oto ja, czyli wega\u0144ski zestaw kosmetyk\u00f3w naturalnych dla kobiety, sk\u0142adaj\u0105cy si\u0119 z \u017celu pod prysznic, musu do mycia twarzy oraz mase\u0142ka do twarzy. Ta kultowa ju\u017c seria pachnie ekskluzywnie i zmys\u0142owo &#8211; rozpoznasz w niej uwodzicielsk\u0105 piwoni\u0119. Powsta\u0142a ona dla kobiet silnych i zdecydowanych, kt\u00f3re znaj\u0105 swoj\u0105 warto\u015b\u0107 i potrafi\u0105 wykorzysta\u0107 swoje atuty. Receptura \u017celu pod prysznic oparta jest na \u0142agodnych substancjach myj\u0105cych. Zawiera on te\u017c mn\u00f3stwo wspania\u0142ych ro\u015blinnych ekstrakt\u00f3w oraz unikalny kompleks sk\u0142adnik\u00f3w nawil\u017caj\u0105cych. Natomiast m<span style=\"font-weight: 400;\">us do mycia twarzy o konsystencji lekkiej jak chmurka pianki \u015bwietnie oczyszcza twarz, jednak\u017ce nie zaburza jej naturalnego pH. Z kolei wielozadaniowe mas\u0142o do twarzy o niezwykle od\u017cywczej formule kryje w sobie bogactwo regeneruj\u0105cych sk\u0142adnik\u00f3w, mi\u0119dzy innymi mas\u0142o shea i witamin\u0119 E. Sensualny zapach wszystkich tych kosmetyk\u00f3w sprawi, \u017ce Twoje zmys\u0142y oszalej\u0105 z zachwytu, a Ty oczywi\u015bcie razem z nimi!\u00a0<\/span><\/p>\n<p>&nbsp;<\/p>\n<h3><strong>CO MOG\u0118 DLA CIEBIE ZROBI\u0106?<\/strong><\/h3>\n<p>Szukasz prezentu dla kobiety na urodziny? A mo\u017ce interesuje Ci\u0119 pomys\u0142 na niebanalny prezent dla dziewczyny na imieniny? Upominek na Dzie\u0144 Kobiet, podarunek na \u015bwi\u0119ta? Jeste\u015b wi\u0119c we w\u0142a\u015bciwym miejscu, bowiem na prezent dla kobiety nadaj\u0119 si\u0119 idealnie! W szczeg\u00f3lno\u015bci dlatego, \u017ce jestem zapakowany w gustowne pude\u0142ko prezentowe z okienkiem i uroczym siankiem. Zapewniam Ci\u0119, \u017ce szale\u0144stwo zmys\u0142\u00f3w i szcz\u0119\u015bcie obdarowanej murowane!<\/p>\n<p>&nbsp;<\/p>\n<h3><strong>PYTASZ KOTKU, CO MAM W \u015aRODKU?<\/strong><\/h3>\n<p>\ud83c\udf38 <a href=\"https:\/\/laq.pl\/produkt\/zel-pod-prysznic-piwonia-zapach-subtelnej-dominacji\/\"><strong>\u017bel pod prysznic PIWONIA 500 ml<\/strong><\/a> &#8211; sk\u0142ad oparty jest na \u0142agodnych substancjach myj\u0105cych. Dodatkowo zawieram w sobie kompleks sk\u0142adnik\u00f3w nawil\u017caj\u0105cych, m.in. mocznik, witamin\u0119 B3, kwas mlekowy i inozytol.<\/p>\n<p>\ud83c\udf38 <a href=\"https:\/\/laq.pl\/produkt\/mus-do-mycia-twarzy-piwonia-odzywczy-40-g\/\"><strong>Mus do mycia twarzy PIWONIA od\u017cywczy 40 g<\/strong><\/a> &#8211; Zawieram w sobie mocznik oraz gliceryn\u0119 pochodzenia ro\u015blinnego, kt\u00f3re wykazuj\u0105 dzia\u0142anie intensywnie nawil\u017caj\u0105ce. Do tego mam dla Ciebie \u015bwietnie kondycjonuj\u0105cy ekstrakt z piwonii oraz rewelacyjnie od\u017cywczy olej z pestek malin.<\/p>\n<p>\ud83c\udf38 <a href=\"https:\/\/laq.pl\/produkt\/maselko-do-twarzy-piwonia-50-ml\/\"><strong>Mase\u0142ko do twarzy PIWONIA 50 ml<\/strong><\/a> &#8211; bogactwo regeneruj\u0105cych sk\u0142adnik\u00f3w, mi\u0119dzy innymi mas\u0142o shea i witamin\u0119 E. Znajdziesz we mnie r\u00f3wnie\u017c oleje: konopny, z pestek malin i z pestek arbuza, kt\u00f3re znane s\u0105 ze swojego dobroczynnego dzia\u0142ania.<\/p>\n<p>(dok\u0142adne sk\u0142ady INCI poszczeg\u00f3lnych produkt\u00f3w znajdziesz pod powy\u017cszymi linkami)<\/p>\n<p>&nbsp;<\/p>\n<h3><strong>POZNAJ MOJE NUTY ZAPACHOWE:<\/strong><\/h3>\n<ul>\n<li><b>g\u0142owy:<\/b> pomara\u0144cza, nerola<\/li>\n<li><b>serca:<\/b> kwiat piwonii, kwiat pomara\u0144czy, ja\u015bmin, gardenia<\/li>\n<li><b>podstawy:<\/b> paczula, wanilia, fasola tonka<\/li>\n<\/ul>\n<h3><strong>A CO M\u00d3WI\u0104 NA MIE\u015aCIE?<\/strong><\/h3>\n<p><em>Zmys\u0142owa, uwodzicielska, kusz\u0105ca,\u00a0<\/em><br \/>\n<em>Dla kobiety silnej i zdecydowanej,\u00a0<\/em><br \/>\n<em>Znaj\u0105cej swoj\u0105 warto\u015b\u0107,\u00a0<\/em><br \/>\n<em>Potrafi\u0105cej wykorzysta\u0107 swoje atuty,<\/em><br \/>\n<em>I tych, kt\u00f3re w\u0142a\u015bnie takie chc\u0105 by\u0107!<\/em><\/p>\n<p><img loading=\"lazy\" decoding=\"async\" class=\"alignnone size-full wp-image-11144\" src=\"https:\/\/laq.pl\/wp-content\/uploads\/2024\/03\/weganski100.jpg\" alt=\"\" width=\"100\" height=\"100\" srcset=\"https:\/\/laq.pl\/wp-content\/uploads\/2024\/03\/weganski100.jpg 100w, https:\/\/laq.pl\/wp-content\/uploads\/2024\/03\/weganski100-50x50.jpg 50w\" sizes=\"auto, (max-width: 100px) 100vw, 100px\" \/> <img loading=\"lazy\" decoding=\"async\" class=\"alignnone size-full wp-image-11143\" src=\"https:\/\/laq.pl\/wp-content\/uploads\/2024\/03\/derma-100.jpg\" alt=\"\" width=\"100\" height=\"100\" srcset=\"https:\/\/laq.pl\/wp-content\/uploads\/2024\/03\/derma-100.jpg 100w, https:\/\/laq.pl\/wp-content\/uploads\/2024\/03\/derma-100-50x50.jpg 50w\" sizes=\"auto, (max-width: 100px) 100vw, 100px\" \/><\/p>\n","protected":false},"excerpt":{"rendered":"<p><strong>Kartonik z okienkiem, a w nim:<\/strong><\/p>\n<p>\ud83c\udf38 <a href=\"https:\/\/laq.pl\/produkt\/zel-pod-prysznic-piwonia-zapach-subtelnej-dominacji\/\"><strong>\u017bel pod prysznic PIWONIA 500 ml<\/strong><\/a><\/p>\n<p>\ud83c\udf38 <a href=\"https:\/\/laq.pl\/produkt\/mus-do-mycia-twarzy-piwonia-odzywczy-40-g\/\"><strong>Mus do mycia twarzy PIWONIA od\u017cywczy 40 g<\/strong><\/a><\/p>\n<p>\ud83c\udf38 <a href=\"https:\/\/laq.pl\/produkt\/maselko-do-twarzy-piwonia-50-ml\/\"><strong>Mase\u0142ko do twarzy PIWONIA 50 ml<\/strong><\/a><\/p>\n","protected":false},"featured_media":39316,"template":"","meta":{"_acf_changed":false},"product_brand":[],"product_cat":[95,103,228,232],"product_tag":[839,309],"class_list":{"0":"post-38327","1":"product","2":"type-product","3":"status-publish","4":"has-post-thumbnail","6":"product_cat-piwonia","7":"product_cat-zestawy-na-prezent","8":"product_cat-zestawy-kosmetykow-dla-matki-zony-i-kochanki","9":"product_cat-damskie","10":"product_tag-idealny-prezent","11":"product_tag-piwonia","14":"first","15":"instock","16":"taxable","17":"shipping-taxable","18":"purchasable","19":"product-type-simple"},"acf":[],"_links":{"self":[{"href":"https:\/\/laq.pl\/en\/wp-json\/wp\/v2\/product\/38327","targetHints":{"allow":["GET"]}}],"collection":[{"href":"https:\/\/laq.pl\/en\/wp-json\/wp\/v2\/product"}],"about":[{"href":"https:\/\/laq.pl\/en\/wp-json\/wp\/v2\/types\/product"}],"wp:featuredmedia":[{"embeddable":true,"href":"https:\/\/laq.pl\/en\/wp-json\/wp\/v2\/media\/39316"}],"wp:attachment":[{"href":"https:\/\/laq.pl\/en\/wp-json\/wp\/v2\/media?parent=38327"}],"wp:term":[{"taxonomy":"product_brand","embeddable":true,"href":"https:\/\/laq.pl\/en\/wp-json\/wp\/v2\/product_brand?post=38327"},{"taxonomy":"product_cat","embeddable":true,"href":"https:\/\/laq.pl\/en\/wp-json\/wp\/v2\/product_cat?post=38327"},{"taxonomy":"product_tag","embeddable":true,"href":"https:\/\/laq.pl\/en\/wp-json\/wp\/v2\/product_tag?post=38327"}],"curies":[{"name":"wp","href":"https:\/\/api.w.org\/{rel}","templated":true}]}}