{"id":38363,"date":"2026-01-12T10:54:21","date_gmt":"2026-01-12T09:54:21","guid":{"rendered":"https:\/\/laq.pl\/?post_type=product&#038;p=38363"},"modified":"2026-04-01T09:29:22","modified_gmt":"2026-04-01T07:29:22","slug":"zestaw-ich-troje-dama-w-kapieli-naklejka","status":"publish","type":"product","link":"https:\/\/laq.pl\/en\/product\/zestaw-ich-troje-dama-w-kapieli-naklejka\/","title":{"rendered":"Zestaw prezentowy dla kobiet Ich Troje DAMA W K\u0104PIELI + NAKLEJKA \u2013 3 \u017cele pod prysznic"},"content":{"rendered":"<h2 style=\"text-align: center;\">Trzy wyj\u0105tkowe zapachy na ka\u017cd\u0105 por\u0119 dnia i nastr\u00f3j<\/h2>\n<p>&nbsp;<\/p>\n<p>\ud83d\udcae <a href=\"https:\/\/laq.pl\/produkt\/zel-pod-prysznic-magnolia-zapach-klasy-i-sukcesu\/\"><strong>\u017bel pod prysznic MAGNOLIA I R\u00d3\u017bOWY PIEPRZ 500 ml<\/strong><\/a> &#8211; naturalny i wega\u0144ski \u017cel pod prysznic o intryguj\u0105cym zapachu ekskluzywnych perfum ze zmys\u0142owymi nutami magnolii i r\u00f3\u017cowego pieprzu. Stworzono mnie dla kobiet pewnych siebie i charyzmatycznych. Tych, kt\u00f3re za dnia intryguj\u0105 s\u0142odk\u0105 tajemnic\u0105, a nocami oczarowuj\u0105 nieokie\u0142znan\u0105 zmys\u0142owo\u015bci\u0105.<\/p>\n<p>\ud83c\udf38 <a href=\"https:\/\/laq.pl\/produkt\/zel-pod-prysznic-piwonia-zapach-subtelnej-dominacji\/\"><strong>\u017bel pod prysznic PIWONIA 500 ml<\/strong><\/a> &#8211; naturalny i wega\u0144ski \u017cel pod prysznic w wersji, z kultowej ju\u017c serii o sensualnym zapachu ekskluzywnych perfum z uwodzicielsk\u0105 nut\u0105 piwonii. Stworzony dla kobiet silnych i zdecydowanych, znaj\u0105cych swoj\u0105 warto\u015b\u0107 i potrafi\u0105cych wykorzysta\u0107 swoje atuty.<\/p>\n<p>\ud83c\udf3c <a href=\"https:\/\/laq.pl\/produkt\/zel-pod-prysznic-niezapominajka-krolowa-zycia\/\"><strong>\u017bel pod prysznic NIEZAPOMINAJKA 500 ml<\/strong><\/a> &#8211; naturalny i wega\u0144ski \u017cel pod prysznic o subtelnym zapachu ekskluzywnych perfum ze zmys\u0142ow\u0105 nut\u0105 niezapominajki. Stworzono mnie dla kobiet przebojowych i kusz\u0105co powabnych, a tak\u017ce dla tych pozornie nie\u015bmia\u0142ych, kt\u00f3re lubi\u0105 zaskakiwa\u0107 i &#8211; gdy mo\u017cna &#8211; potrafi\u0105 te\u017c da\u0107 czadu.<\/p>\n<p>&nbsp;<\/p>\n<h3>KIM JESTEM?<\/h3>\n<p>Oto ja, zestaw 3 naturalnych i wega\u0144skich \u017celi pod prysznic dla kobiet. Jak wida\u0107, znajdziesz we mnie \u017cele z naszych 3 damskich linii zapachowych. Dzi\u0119ki temu \u015bwietnie sprawdz\u0119 si\u0119 wi\u0119c w roli prezentu!<\/p>\n<p>W zestawie znajdziesz <strong>PIWONI\u0118 o Zapachu Subtelnej Dominacji<\/strong>, kultow\u0105 ju\u017c seri\u0119 o sensualnym zapachu ekskluzywnych perfum z uwodzicielsk\u0105 nut\u0105 piwonii. Jest ona idealna dla kobiet silnych i zdecydowanych, kt\u00f3re znaj\u0105 swoj\u0105 warto\u015b\u0107 i potrafi\u0105 wykorzysta\u0107 swoje atuty. Natomiast linia <strong>MAGNOLIA Klasa i Sukces<\/strong>\u00a0ma intryguj\u0105cy zapach ekskluzywnych perfum ze zmys\u0142owymi nutami magnolii i r\u00f3\u017cowego pieprzu. Powsta\u0142a ona dla kobiet pewnych siebie i charyzmatycznych. Tych, kt\u00f3re za dnia intryguj\u0105 s\u0142odk\u0105 tajemnic\u0105, a nocami oczarowuj\u0105 nieokie\u0142znan\u0105 zmys\u0142owo\u015bci\u0105. Z kolei seria <strong>NIEZAPOMINAJKA Kr\u00f3lowa \u017bycia<\/strong> ma subtelny zapach ekskluzywnych perfum ze zmys\u0142ow\u0105 nut\u0105&#8230; Brawo, niezapominajki. Zosta\u0142a ona stworzona dla kobiet przebojowych i kusz\u0105co powabnych, a tak\u017ce dla tych pozornie nie\u015bmia\u0142ych, kt\u00f3re lubi\u0105 zaskakiwa\u0107 i &#8211; gdy mo\u017cna &#8211; potrafi\u0105 te\u017c da\u0107 czadu.<\/p>\n<p>&nbsp;<\/p>\n<h3>CO MOG\u0118 DLA CIEBIE ZROBI\u0106?<\/h3>\n<p>Szukasz prezentu dla kobiety na urodziny? A mo\u017ce interesuje Ci\u0119 pomys\u0142 na niebanalny prezent dla dziewczyny na imieniny? Upominek na Dzie\u0144 Kobiet, podarunek na \u015bwi\u0119ta? Jeste\u015b we w\u0142a\u015bciwym miejscu, bowiem na prezent dla kobiety nadaj\u0119 si\u0119 idealnie! W szczeg\u00f3lno\u015bci dlatego, \u017ce jestem zapakowany w efektowne pude\u0142ko prezentowe z okienkami i wygodnym uchwytem. Poza tym, z uwagi na r\u00f3\u017cnorodno\u015b\u0107 zapachow\u0105 i praktyczn\u0105 pojemno\u015b\u0107 butelek mog\u0119 \u015bmia\u0142o zapewni\u0107 Ci\u0119, \u017ce szale\u0144stwo zmys\u0142\u00f3w i zadowolenie obdarowanej masz murowane!<\/p>\n<p>&nbsp;<\/p>\n<h3>PYTASZ KOTKU, CO MAM W \u015aRODKU?<\/h3>\n<p>\ud83d\udcae <a href=\"https:\/\/laq.pl\/produkt\/zel-pod-prysznic-magnolia-zapach-klasy-i-sukcesu\/\"><strong>\u017bel pod prysznic MAGNOLIA I R\u00d3\u017bOWY PIEPRZ 500 ml<\/strong><\/a> &#8211; sk\u0142ad oparty jest na \u0142agodnych substancjach myj\u0105cych. Ponadto zawieram w sobie gliceryn\u0119 pochodzenia ro\u015blinnego oraz unikalny kompleks sk\u0142adnik\u00f3w nawil\u017caj\u0105cych. Znajdziesz tu r\u00f3wnie\u017c kwas hialuronowy i ekstrakty ro\u015blinne, kt\u00f3re nawil\u017c\u0105 i wzmocni\u0105 barier\u0119 ochronn\u0105 Twojej sk\u00f3ry.<\/p>\n<p>\ud83c\udf38 <a href=\"https:\/\/laq.pl\/produkt\/zel-pod-prysznic-piwonia-zapach-subtelnej-dominacji\/\"><strong>\u017bel pod prysznic PIWONIA 500 ml<\/strong><\/a> &#8211; sk\u0142ad oparty jest na \u0142agodnych substancjach myj\u0105cych. Dodatkowo zawieram w sobie kompleks sk\u0142adnik\u00f3w nawil\u017caj\u0105cych, m.in. mocznik, witamin\u0119 B3, kwas mlekowy i inozytol.<\/p>\n<p>\ud83c\udf3c<a href=\"https:\/\/laq.pl\/produkt\/zel-pod-prysznic-niezapominajka-krolowa-zycia\/\"><strong> \u017bel pod prysznic NIEZAPOMINAJKA 500 ml<\/strong><\/a> &#8211; Zawieram w sobie gliceryn\u0119 pochodzenia ro\u015blinnego oraz wspaniale \u0142agodz\u0105cy pantenol. Ponadto znajdziesz we mnie ekstrakt z niezapominajki i postbiotyk (wyci\u0105g z fermentacji bakterii Lactobacillus), kt\u00f3ry zachowuje r\u00f3wnowag\u0119 mikrobiomu sk\u00f3ry i poprawia szczelno\u015b\u0107 jej bariery.<\/p>\n<p>&nbsp;<\/p>\n<h3>POZNAJ MOJE NUTY ZAPACHOWE:<\/h3>\n<p><strong>Magnolia &#8211; nuty zapachowe:<\/strong><\/p>\n<ul>\n<li><b>g\u0142owy:<\/b> pomara\u0144cza, cytryna, bergamotka<\/li>\n<li><b>serca:<\/b> r\u00f3\u017ca, konwalia, kwiat pomara\u0144czy, fio\u0142ek, paczula<\/li>\n<li><b>podstawy:<\/b> drzewo sanda\u0142owe, wanilia, karmel, fasola tonka, drzewo cedrowe<\/li>\n<\/ul>\n<p><strong>Piwonia &#8211; nuty zapachowe:\u00a0<\/strong><\/p>\n<ul>\n<li><b>g\u0142owy:<\/b> pomara\u0144cza, nerola<\/li>\n<li><b>serca:<\/b> kwiat piwonii, kwiat pomara\u0144czy, ja\u015bmin, gardenia<\/li>\n<li><b>podstawy:<\/b> paczula, wanilia, fasola tonka<\/li>\n<\/ul>\n<p><strong>Niezapominajka &#8211; nuty zapachowe:<\/strong><\/p>\n<ul>\n<li><b>g\u0142owy:<\/b> mandarynka<\/li>\n<li><b>serca:<\/b> niezapominajka, brzoskwinia, go\u017adzik, ja\u015bmin, kwiat pomara\u0144czy<\/li>\n<li><b>podstawy:<\/b> wanilia, drzewo sanda\u0142owe, drzewo cedrowe, bursztyn<\/li>\n<\/ul>\n<p>&nbsp;<\/p>\n<p><img loading=\"lazy\" decoding=\"async\" class=\"alignnone size-full wp-image-11144\" src=\"https:\/\/laq.pl\/wp-content\/uploads\/2024\/03\/weganski100.jpg\" alt=\"\" width=\"100\" height=\"100\" srcset=\"https:\/\/laq.pl\/wp-content\/uploads\/2024\/03\/weganski100.jpg 100w, https:\/\/laq.pl\/wp-content\/uploads\/2024\/03\/weganski100-50x50.jpg 50w\" sizes=\"auto, (max-width: 100px) 100vw, 100px\" \/> <img loading=\"lazy\" decoding=\"async\" class=\"alignnone size-full wp-image-11143\" src=\"https:\/\/laq.pl\/wp-content\/uploads\/2024\/03\/derma-100.jpg\" alt=\"\" width=\"100\" height=\"100\" srcset=\"https:\/\/laq.pl\/wp-content\/uploads\/2024\/03\/derma-100.jpg 100w, https:\/\/laq.pl\/wp-content\/uploads\/2024\/03\/derma-100-50x50.jpg 50w\" sizes=\"auto, (max-width: 100px) 100vw, 100px\" \/><\/p>\n","protected":false},"excerpt":{"rendered":"<p><strong>Kartonik z por\u0119czn\u0105 r\u0105czk\u0105, a w nim:<\/strong><\/p>\n<p>\ud83d\udcae <a href=\"https:\/\/laq.pl\/produkt\/zel-pod-prysznic-magnolia-zapach-klasy-i-sukcesu\/\"><strong>\u017bel pod prysznic MAGNOLIA I R\u00d3\u017bOWY PIEPRZ 500 ml<\/strong><\/a><\/p>\n<p>\ud83c\udf38 <a href=\"https:\/\/laq.pl\/produkt\/zel-pod-prysznic-piwonia-zapach-subtelnej-dominacji\/\"><strong>\u017bel pod prysznic PIWONIA 500 ml<\/strong><\/a><\/p>\n<p>\ud83c\udf3c<a href=\"https:\/\/laq.pl\/produkt\/zel-pod-prysznic-niezapominajka-krolowa-zycia\/\"><strong> \u017bel pod prysznic NIEZAPOMINAJKA 500 ml<\/strong><\/a><\/p>\n","protected":false},"featured_media":39342,"template":"","meta":{"_acf_changed":false},"product_brand":[],"product_cat":[103,228,232],"product_tag":[353,839],"class_list":{"0":"post-38363","1":"product","2":"type-product","3":"status-publish","4":"has-post-thumbnail","6":"product_cat-zestawy-na-prezent","7":"product_cat-zestawy-kosmetykow-dla-matki-zony-i-kochanki","8":"product_cat-damskie","9":"product_tag-czysciopak","10":"product_tag-idealny-prezent","13":"first","14":"instock","15":"taxable","16":"shipping-taxable","17":"purchasable","18":"product-type-simple"},"acf":[],"_links":{"self":[{"href":"https:\/\/laq.pl\/en\/wp-json\/wp\/v2\/product\/38363","targetHints":{"allow":["GET"]}}],"collection":[{"href":"https:\/\/laq.pl\/en\/wp-json\/wp\/v2\/product"}],"about":[{"href":"https:\/\/laq.pl\/en\/wp-json\/wp\/v2\/types\/product"}],"wp:featuredmedia":[{"embeddable":true,"href":"https:\/\/laq.pl\/en\/wp-json\/wp\/v2\/media\/39342"}],"wp:attachment":[{"href":"https:\/\/laq.pl\/en\/wp-json\/wp\/v2\/media?parent=38363"}],"wp:term":[{"taxonomy":"product_brand","embeddable":true,"href":"https:\/\/laq.pl\/en\/wp-json\/wp\/v2\/product_brand?post=38363"},{"taxonomy":"product_cat","embeddable":true,"href":"https:\/\/laq.pl\/en\/wp-json\/wp\/v2\/product_cat?post=38363"},{"taxonomy":"product_tag","embeddable":true,"href":"https:\/\/laq.pl\/en\/wp-json\/wp\/v2\/product_tag?post=38363"}],"curies":[{"name":"wp","href":"https:\/\/api.w.org\/{rel}","templated":true}]}}