{"id":38366,"date":"2026-01-12T10:54:25","date_gmt":"2026-01-12T09:54:25","guid":{"rendered":"https:\/\/laq.pl\/?post_type=product&#038;p=38366"},"modified":"2026-04-01T14:11:32","modified_gmt":"2026-04-01T12:11:32","slug":"czysciopak-shots-damski-naklejka-2","status":"publish","type":"product","link":"https:\/\/laq.pl\/en\/product\/czysciopak-shots-damski-naklejka-2\/","title":{"rendered":"Zestaw \u017celi pod prysznic CZY\u015aCIOPAK Shots! DAMSKI \u2013 3 x 500 ml Naturalna Piel\u0119gnacja + NAKLEJKA"},"content":{"rendered":"<h2 style=\"text-align: center;\"><strong>Trzy r\u00f3\u017cne historie, jeden wsp\u00f3lny cel: Twoja sk\u00f3ra czysta i pachn\u0105ca jak nigdy wcze\u015bniej<\/strong><\/h2>\n<p>&nbsp;<\/p>\n<p>\ud83e\udd84 <a href=\"https:\/\/laq.pl\/produkt\/zel-pod-prysznic-shots-rozowy-w-ch-500-ml\/\"><strong>\u017bel pod prysznic Shots! R\u00d3\u017bOWY W CH! 500 ml<\/strong><\/a> &#8211; wega\u0144ski i naturalny \u017cel pod prysznic Shots! &#8211; taki fajny, r\u00f3\u017cowy. A do tego &#8211; by\u0107 mo\u017ce wbrew wszystkiemu, co widzisz i czytasz na jego etykiecie &#8211; \u015bwietnie pachn\u0105cy.<\/p>\n<p>\u2614\ufe0f <a href=\"https:\/\/laq.pl\/produkt\/zel-pod-prysznic-shots-siki-weroniki-500-ml\/\"><strong>\u017bel pod prysznic Shots! SIKI WERONIKI 500 ml<\/strong><\/a> &#8211; wega\u0144ski i naturalny \u017cel pod prysznic Shots! &#8211; taki fajny, jakby nieco \u017c\u00f3\u0142ty. A do tego &#8211; by\u0107 mo\u017ce wbrew wszystkiemu, co widzisz i czytasz na jego etykiecie &#8211; \u015bwietnie pachn\u0105cy.<\/p>\n<p>\ud83c\udf79<a href=\"https:\/\/laq.pl\/produkt\/zel-pod-prysznic-shots-krwawa-mary-500-ml\/\"><strong> \u017bel pod prysznic Shots! KRWAWA MARY 500 ml<\/strong><\/a> &#8211; wega\u0144ski i naturalny \u017cel pod prysznic Shots! &#8211; taki fajny, krwi\u015bcie czerwony. A do tego &#8211; by\u0107 mo\u017ce wbrew wszystkiemu, co widzisz i czytasz na jego etykiecie &#8211; \u015bwietnie pachn\u0105cy.<\/p>\n<p><strong>\ud83c\udf81 Zapakowany w kartonik z por\u0119czn\u0105 r\u0105czk\u0105<\/strong><\/p>\n<p>&nbsp;<\/p>\n<h3><strong>KIM JESTEM?<\/strong><\/h3>\n<p>Oto ja, zestaw 3 naturalnych i wega\u0144skich \u017celi pod prysznic dla kobiet. Ze wzgl\u0119du na to, \u017ce wszystkie 3 \u017cele przepi\u0119knie pachn\u0105 damskimi perfumami, genialnie sprawdz\u0119 si\u0119 w roli prezentu dla zmys\u0142owej dziewczyny. Natomiast je\u015bli chodzi o sk\u0142ad, to przede wszystkim receptura ka\u017cdego z \u017celi opiera si\u0119 na \u0142agodnych substancjach myj\u0105cych. Ponadto znajdziesz w nich r\u00f3wnie\u017c nawil\u017caj\u0105c\u0105 gliceryn\u0119 oraz moc ro\u015blinnych ekstrakt\u00f3w, kt\u00f3re skutecznie zadbaj\u0105 o Twoj\u0105 sk\u00f3r\u0119. Na dodatek uwag\u0119 przykuwaj\u0105 charakterystyczne nazwy i niebanalne etykiety. Kr\u00f3tko m\u00f3wi\u0105c, te trzy \u017cele razem to a\u017c p\u00f3\u0142tora litra szcz\u0119\u015bcia w p\u0142ynie!<\/p>\n<p>&nbsp;<\/p>\n<h3><strong>CO MOG\u0118 DLA CIEBIE ZROBI\u0106?<\/strong><\/h3>\n<p>Szukasz prezentu dla kobiety na urodziny? A mo\u017ce interesuje Ci\u0119 pomys\u0142 na niebanalny prezent dla dziewczyny na imieniny? Upominek na Dzie\u0144 Kobiet, podarunek na \u015bwi\u0119ta? Jeste\u015b zatem we w\u0142a\u015bciwym miejscu, bowiem na prezent dla kobiety nadaj\u0119 si\u0119 idealnie! W szczeg\u00f3lno\u015bci dlatego, \u017ce jestem zapakowany w efektowne pude\u0142ko prezentowe z okienkami i wygodnym uchwytem. Poza tym, z uwagi na r\u00f3\u017cnorodno\u015b\u0107 zapachow\u0105 i zabawne etykiety mog\u0119 \u015bmia\u0142o zapewni\u0107 Ci\u0119, \u017ce szale\u0144stwo zmys\u0142\u00f3w i zadowolenie obdarowanej masz murowane!<\/p>\n<p>&nbsp;<\/p>\n<h3><strong>PYTASZ KOTKU, CO MAM W \u015aRODKU?<\/strong><\/h3>\n<p>\ud83e\udd84<a href=\"https:\/\/laq.pl\/produkt\/zel-pod-prysznic-shots-rozowy-w-ch-500-ml\/\"><strong> \u017bel pod prysznic Shots! R\u00d3\u017bOWY W CH! 500 ml<\/strong><\/a> &#8211; moc ro\u015blinnych ekstrakt\u00f3w: z li\u015bci rozmarynu lekarskiego, sza\u0142wii lekarskiej i bluszczu pospolitego oraz z kwiat\u00f3w rumianku, arniki g\u00f3rskiej, nagietka i jasnoty bia\u0142ej. Do tego w \u017celu znajdziesz wyci\u0105gi z igie\u0142 sosny zwyczajnej, korzenia \u0142opianu, rukwi wodnej, nasturcji wi\u0119kszej oraz ze sk\u00f3rki cytryny. Jak widzisz, nie ma lipy!<\/p>\n<p>\u2614\ufe0f <strong><a href=\"https:\/\/laq.pl\/produkt\/zel-pod-prysznic-shots-siki-weroniki-500-ml\/\">\u017bel pod prysznic Shots! SIKI WERONIKI 500 ml<\/a> &#8211; <\/strong>moc ro\u015blinnych ekstrakt\u00f3w: z li\u015bci rozmarynu lekarskiego, sza\u0142wii lekarskiej i bluszczu pospolitego oraz z kwiat\u00f3w rumianku, arniki g\u00f3rskiej, nagietka i jasnoty bia\u0142ej. Do tego w \u017celu znajdziesz wyci\u0105gi z igie\u0142 sosny zwyczajnej, korzenia \u0142opianu, rukwi wodnej, nasturcji wi\u0119kszej oraz ze sk\u00f3rki cytryny. Jak widzisz, nie ma lipy!<\/p>\n<p>\ud83c\udf79 <a href=\"https:\/\/laq.pl\/produkt\/zel-pod-prysznic-shots-krwawa-mary-500-ml\/\"><strong>\u017bel pod prysznic Shots! KRWAWA MARY 500 ml<\/strong><\/a> &#8211; moc ro\u015blinnych ekstrakt\u00f3w: z li\u015bci rozmarynu lekarskiego, sza\u0142wii lekarskiej i bluszczu pospolitego oraz z kwiat\u00f3w rumianku, arniki g\u00f3rskiej, nagietka i jasnoty bia\u0142ej. Do tego w \u017celu znajdziesz wyci\u0105gi z igie\u0142 sosny zwyczajnej, korzenia \u0142opianu, rukwi wodnej, nasturcji wi\u0119kszej oraz ze sk\u00f3rki cytryny. Jak widzisz, nie ma lipy!<\/p>\n<p>(dok\u0142adne sk\u0142ady INCI poszczeg\u00f3lnych produkt\u00f3w znajdziesz pod powy\u017cszymi linkami)<\/p>\n<p>&nbsp;<\/p>\n<h3><strong>POZNAJ MOJE NUTY ZAPACHOWE:<\/strong><\/h3>\n<p><strong>R\u00f3\u017cowy w ch! &#8211; nuty zapachowe:\u00a0<\/strong><\/p>\n<ul>\n<li><strong>g\u0142owy:<\/strong> czyste, delikatnie cytrusowe<\/li>\n<li><strong>serca:<\/strong> zio\u0142a, przyprawy<\/li>\n<li><strong>podstawy:<\/strong> drzewo cedrowe, wetiwer, pi\u017cmo, paczula, labdanum, sk\u00f3ra<\/li>\n<\/ul>\n<p><strong>Siki Weroniki &#8211; nuty zapachowe:\u00a0<\/strong><\/p>\n<ul>\n<li><strong>g\u0142owy:<\/strong> li\u015bcie czarnej porzeczki, cytrusy<\/li>\n<li><strong>serca:<\/strong> r\u00f3\u017ca, heliotropium, karmel<\/li>\n<li><strong>podstawy:<\/strong> pi\u017cmo, ambra, paczula<\/li>\n<\/ul>\n<p><strong>Krwawa Mary &#8211; nuty zapachowe:\u00a0<\/strong><\/p>\n<ul>\n<li><strong>g\u0142owy:<\/strong> wiciokrzew, woda r\u00f3\u017cana, zielone li\u015bcie<\/li>\n<li><strong>serca:<\/strong> lotos, go\u017adzik, osmantus, li\u015bcie figi, woda r\u00f3\u017cana<\/li>\n<li><strong>podstawy:<\/strong> pi\u017cmo, nuty drewna<\/li>\n<\/ul>\n<p>&nbsp;<\/p>\n<h3><strong>A CO M\u00d3WI\u0104 NA MIE\u015aCIE?<\/strong><\/h3>\n<p><em>P\u00f3\u0142tora litra szcz\u0119\u015bcia!<\/em><br \/>\n<em>Z pewno\u015bci\u0105 lepsze na prezent ni\u017c p\u00f3\u0142 litra!<\/em><\/p>\n<p>&nbsp;<\/p>\n<p><img loading=\"lazy\" decoding=\"async\" class=\"alignnone size-full wp-image-11144\" src=\"https:\/\/laq.pl\/wp-content\/uploads\/2024\/03\/weganski100.jpg\" alt=\"\" width=\"100\" height=\"100\" srcset=\"https:\/\/laq.pl\/wp-content\/uploads\/2024\/03\/weganski100.jpg 100w, https:\/\/laq.pl\/wp-content\/uploads\/2024\/03\/weganski100-50x50.jpg 50w\" sizes=\"auto, (max-width: 100px) 100vw, 100px\" \/> <img loading=\"lazy\" decoding=\"async\" class=\"alignnone size-full wp-image-11143\" src=\"https:\/\/laq.pl\/wp-content\/uploads\/2024\/03\/derma-100.jpg\" alt=\"\" width=\"100\" height=\"100\" srcset=\"https:\/\/laq.pl\/wp-content\/uploads\/2024\/03\/derma-100.jpg 100w, https:\/\/laq.pl\/wp-content\/uploads\/2024\/03\/derma-100-50x50.jpg 50w\" sizes=\"auto, (max-width: 100px) 100vw, 100px\" \/> <img loading=\"lazy\" decoding=\"async\" class=\"alignnone wp-image-25427 size-full\" style=\"font-size: 16px;\" src=\"https:\/\/laq.pl\/wp-content\/uploads\/2025\/02\/procent-nat-skladnikow4.png\" alt=\"okr\u0105gl czarny znaczek z napisem 97 % sk\u0142adnik\u00f3w naturalnego pochodzenia naturalnego\" width=\"100\" height=\"100\" srcset=\"https:\/\/laq.pl\/wp-content\/uploads\/2025\/02\/procent-nat-skladnikow4.png 100w, https:\/\/laq.pl\/wp-content\/uploads\/2025\/02\/procent-nat-skladnikow4-50x50.png 50w\" sizes=\"auto, (max-width: 100px) 100vw, 100px\" \/><\/p>\n","protected":false},"excerpt":{"rendered":"<p><strong>Por\u0119czny kartonik z r\u0105czk\u0105, a w nim:<\/strong><\/p>\n<p>\ud83e\udd84 <a href=\"https:\/\/laq.pl\/produkt\/zel-pod-prysznic-shots-rozowy-w-ch-500-ml\/\"><strong>\u017bel pod prysznic Shots! R\u00d3\u017bOWY W CH! 500 ml<\/strong><\/a><\/p>\n<p>\u2614\ufe0f <a href=\"https:\/\/laq.pl\/produkt\/zel-pod-prysznic-shots-siki-weroniki-500-ml\/\"><strong>\u017bel pod prysznic Shots! SIKI WERONIKI 500 ml<\/strong><\/a><\/p>\n<p>\ud83c\udf79<a href=\"https:\/\/laq.pl\/produkt\/zel-pod-prysznic-shots-krwawa-mary-500-ml\/\"><strong> \u017bel pod prysznic Shots! KRWAWA MARY 500 ml<\/strong><\/a><\/p>\n","protected":false},"featured_media":39390,"template":"","meta":{"_acf_changed":false},"product_brand":[],"product_cat":[103,228,232],"product_tag":[353,839,324],"class_list":{"0":"post-38366","1":"product","2":"type-product","3":"status-publish","4":"has-post-thumbnail","6":"product_cat-zestawy-na-prezent","7":"product_cat-zestawy-kosmetykow-dla-matki-zony-i-kochanki","8":"product_cat-damskie","9":"product_tag-czysciopak","10":"product_tag-idealny-prezent","11":"product_tag-shots","14":"first","15":"instock","16":"taxable","17":"shipping-taxable","18":"purchasable","19":"product-type-simple"},"acf":[],"_links":{"self":[{"href":"https:\/\/laq.pl\/en\/wp-json\/wp\/v2\/product\/38366","targetHints":{"allow":["GET"]}}],"collection":[{"href":"https:\/\/laq.pl\/en\/wp-json\/wp\/v2\/product"}],"about":[{"href":"https:\/\/laq.pl\/en\/wp-json\/wp\/v2\/types\/product"}],"wp:featuredmedia":[{"embeddable":true,"href":"https:\/\/laq.pl\/en\/wp-json\/wp\/v2\/media\/39390"}],"wp:attachment":[{"href":"https:\/\/laq.pl\/en\/wp-json\/wp\/v2\/media?parent=38366"}],"wp:term":[{"taxonomy":"product_brand","embeddable":true,"href":"https:\/\/laq.pl\/en\/wp-json\/wp\/v2\/product_brand?post=38366"},{"taxonomy":"product_cat","embeddable":true,"href":"https:\/\/laq.pl\/en\/wp-json\/wp\/v2\/product_cat?post=38366"},{"taxonomy":"product_tag","embeddable":true,"href":"https:\/\/laq.pl\/en\/wp-json\/wp\/v2\/product_tag?post=38366"}],"curies":[{"name":"wp","href":"https:\/\/api.w.org\/{rel}","templated":true}]}}