{"id":38612,"date":"2025-10-10T14:51:16","date_gmt":"2025-10-10T12:51:16","guid":{"rendered":"https:\/\/laq.pl\/?post_type=product&#038;p=38612"},"modified":"2026-04-07T13:50:43","modified_gmt":"2026-04-07T11:50:43","slug":"zel-pod-prysznic-lobuz-kocha-najmocniej","status":"publish","type":"product","link":"https:\/\/laq.pl\/en\/product\/zel-pod-prysznic-lobuz-kocha-najmocniej\/","title":{"rendered":"\u017bel pod prysznic \u0141OBUZ KOCHA NAJMOCNIEJ"},"content":{"rendered":"<h2 style=\"text-align: center;\"><strong>\u017bel pod prysznic \u0141OBUZ KOCHA NAJMOCNIEJ 500 ml<\/strong><\/h2>\n<h3><strong>KIM JESTEM?<\/strong><\/h3>\n<p>Jestem naturalnym i wega\u0144skim \u017celem pod prysznic. Jak si\u0119 bli\u017cej poznamy, zawyjesz z zachwytu. P\u00f3ki co zdradz\u0119 tylko, \u017ce nie wa\u017cne w czym si\u0119 wytarza\u0142e\u015b \u2013 ogarn\u0119 to.<\/p>\n<h3><\/h3>\n<h3><strong>CO MOG\u0118 DLA CIEBIE ZROBI\u0106?<\/strong><\/h3>\n<p>Nie wywo\u0142uj\u0119 wilk\u00f3w z lasu, ale wilczyce ju\u017c owszem! A jak to mawiaj\u0105 najstarsze basiory: myjcie si\u0119 wilki, bo nie znacie dnia ani chwilki. Dlatego jeste\u015bmy dla siebie stworzeni: oczyszczam i od\u015bwie\u017cam sk\u00f3r\u0119, pozostawiaj\u0105c na niej kusz\u0105cy zapach m\u0119skich perfum. Zabawi\u0119 ci\u0119 pian\u0105 i do\u0142o\u017c\u0119 stara\u0144, by\u015b po k\u0105pieli poczu\u0142 na sk\u00f3rze komfort, bez uczucia \u015bci\u0105gni\u0119cia. Jak ju\u017c co\u015b \u015bci\u0105ga\u0107, to garderob\u0119 i to najlepiej cudz\u0105. Ten \u017cel nie sprawia, \u017ce samice zrzucaj\u0105 \u0142aszki, ale prowadzi do celu jak dobry skrzyd\u0142owy.<\/p>\n<h3><\/h3>\n<h3><strong>PYTASZ KOTKU, CO MAM W \u015aRODKU?<\/strong><\/h3>\n<p>W \u015brodku znajdziesz 97% sk\u0142adnik\u00f3w pochodzenia naturalnego. \u0141agodne substancje myj\u0105ce, rozprawiaj\u0105 si\u0119 z brudem bez lito\u015bci. O nawil\u017cenie sk\u00f3ry dba gliceryna ro\u015blinna. Ekstrakty z papryki, lubczyku i granatu to ju\u017c sama natura! Kr\u00f3tko m\u00f3wi\u0105c, moje wn\u0119trze to przepis na pomruk zadowolenia.<\/p>\n<p><em><strong>Sk\u0142ad: <\/strong>Aqua, Sodium Coco-Sulfate, Coco-Glucoside, Cocamidopropyl Betaine, Glycerin, Glyceryl Oleate, Capsicum Annuum Fruit Extract, Levisticum Officinale Leaf Extract, Punica Granatum Fruit Extract, Sodium Gluconate, Citric Acid, Sodium Chloride, Potassium Sorbate, Sodium Benzoate, Parfum, Hydroxycitronellal, Acetyl Cedrene, Linalyl Acetate.<\/em><\/p>\n<h3><\/h3>\n<h3><strong>POZNAJ MOJE NUTY ZAPACHOWE:<\/strong><\/h3>\n<ul>\n<li><strong>g\u0142owy:<\/strong>\u00a0\u015bwie\u017ce, wodne, zio\u0142owe<\/li>\n<li><strong>serca:<\/strong>\u00a0zielone, kwiatowe<\/li>\n<li style=\"list-style-type: none;\"><\/li>\n<li><strong>podstawy:<\/strong>\u00a0drzewo cedrowe, ambra, nuty drzewne<\/li>\n<\/ul>\n<h3><strong>SPOS\u00d3B U\u017bYCIA M\u0118SKIEGO \u017bELU POD PRYSZNIC:<\/strong><\/h3>\n<p>Mo\u017cesz si\u0119 w nim tarza\u0107 albo wciera\u0107 na sucho, ale je\u015bli serio chcesz si\u0119 umy\u0107, to najlepszy efekt uzyskasz gdy naniesiesz go na mokre cia\u0142o, wmasujesz, spienisz i sp\u0142uczesz.<\/p>\n<h3><strong>A CO M\u00d3WI\u0104 NA MIE\u015aCIE?<\/strong><\/h3>\n<p><em>\u017byj\u0105 w tobie dwa wilki: jeden to \u0142obuz, a drugi kocha najmocniej. Masz szcz\u0119\u015bcie, bo oba s\u0105 pod ochron\u0105. Wilk jaki jest, ka\u017cdy widzi i to nie jest grzeczny ch\u0142opak: wyjada prosto z miski, kopie dziury w ca\u0142ym i nie pyta czy mo\u017ce, tylko bierze co chce. Nawo\u0142ywany czasem reaguje, ale cho\u0107 ci\u0105gnie go do lasu, wraca na karmienie. Oswojony szw\u0119da si\u0119 znacznie rzadziej, a w domu zatrzyma go widok soczystego ud\u017aca. Wa\u017cna ksi\u0105\u017ceczka szczepie\u0144, idealny dla cierpliwej, do\u015bwiadczonej hodowczyni, kt\u00f3rej nie trafi szlag, nim straci dla niego g\u0142ow\u0119.<br \/>\n<\/em><\/p>\n<p><img loading=\"lazy\" decoding=\"async\" class=\"alignnone wp-image-49197 size-medium\" src=\"https:\/\/laq.pl\/wp-content\/uploads\/2026\/02\/97-300x120.jpg\" alt=\"piktogramy zank\u00f3w: testowane dermatologicznie, produkt wega\u0144ski oraz 97 procent sk\u0142adnik\u00f3w pochodzenia naturalnego\" width=\"300\" height=\"120\" srcset=\"https:\/\/laq.pl\/wp-content\/uploads\/2026\/02\/97-300x120.jpg 300w, https:\/\/laq.pl\/wp-content\/uploads\/2026\/02\/97-1024x410.jpg 1024w, https:\/\/laq.pl\/wp-content\/uploads\/2026\/02\/97-768x307.jpg 768w, https:\/\/laq.pl\/wp-content\/uploads\/2026\/02\/97-726x290.jpg 726w, https:\/\/laq.pl\/wp-content\/uploads\/2026\/02\/97.jpg 1135w\" sizes=\"auto, (max-width: 300px) 100vw, 300px\" \/><\/p>\n","protected":false},"excerpt":{"rendered":"<p><b>\u0141obuz, co kocha najmocniej? To on! Kiedy idzie pod prysznic, niech \u015bwiat wstrzyma oddech.<\/b> Ten \u017cel pod prysznic to esencja m\u0119sko\u015bci z nut\u0105 buntu i czu\u0142o\u015bci.<\/p>\n","protected":false},"featured_media":40077,"template":"","meta":{"_acf_changed":false},"product_brand":[],"product_cat":[109,233,858,105,841],"product_tag":[],"class_list":{"0":"post-38612","1":"product","2":"type-product","3":"status-publish","4":"has-post-thumbnail","6":"product_cat-duzy-zel-pod-prysznic-500-ml","7":"product_cat-meskie","8":"product_cat-nowosci","9":"product_cat-zele","10":"product_cat-zele-meskie","13":"first","14":"instock","15":"taxable","16":"shipping-taxable","17":"purchasable","18":"product-type-simple"},"acf":[],"_links":{"self":[{"href":"https:\/\/laq.pl\/en\/wp-json\/wp\/v2\/product\/38612","targetHints":{"allow":["GET"]}}],"collection":[{"href":"https:\/\/laq.pl\/en\/wp-json\/wp\/v2\/product"}],"about":[{"href":"https:\/\/laq.pl\/en\/wp-json\/wp\/v2\/types\/product"}],"wp:featuredmedia":[{"embeddable":true,"href":"https:\/\/laq.pl\/en\/wp-json\/wp\/v2\/media\/40077"}],"wp:attachment":[{"href":"https:\/\/laq.pl\/en\/wp-json\/wp\/v2\/media?parent=38612"}],"wp:term":[{"taxonomy":"product_brand","embeddable":true,"href":"https:\/\/laq.pl\/en\/wp-json\/wp\/v2\/product_brand?post=38612"},{"taxonomy":"product_cat","embeddable":true,"href":"https:\/\/laq.pl\/en\/wp-json\/wp\/v2\/product_cat?post=38612"},{"taxonomy":"product_tag","embeddable":true,"href":"https:\/\/laq.pl\/en\/wp-json\/wp\/v2\/product_tag?post=38612"}],"curies":[{"name":"wp","href":"https:\/\/api.w.org\/{rel}","templated":true}]}}