{"id":38616,"date":"2025-10-10T14:51:23","date_gmt":"2025-10-10T12:51:23","guid":{"rendered":"https:\/\/laq.pl\/?post_type=product&#038;p=38616"},"modified":"2026-04-07T13:50:45","modified_gmt":"2026-04-07T11:50:45","slug":"zel-pod-prysznic-niezle-ciacho","status":"publish","type":"product","link":"https:\/\/laq.pl\/en\/product\/zel-pod-prysznic-niezle-ciacho\/","title":{"rendered":"\u017bel pod prysznic NIEZ\u0141E CIACHO"},"content":{"rendered":"<h2 style=\"text-align: center;\"><strong>\u017bel pod prysznic NIEZ\u0141E CIACHO 8 w 1 500 ml<\/strong><\/h2>\n<h3><strong>KIM JESTEM?<\/strong><\/h3>\n<p>Jestem naturalny, wega\u0144ski i idealny dla takiego ciacha jak ty. A poniewa\u017c ma\u0142o kto potrafi oprze\u0107 si\u0119 s\u0142odyczom, razem mo\u017cemy wszystko.<\/p>\n<h3><\/h3>\n<h3><strong>CO MOG\u0118 DLA CIEBIE ZROBI\u0106?<\/strong><\/h3>\n<p>Nie do\u015b\u0107, \u017ce niez\u0142e z ciebie ciacho, to kr\u0105\u017c\u0105 plotki, \u017ce jeste\u015b te\u017c s\u0142odki. C\u00f3\u017c, ja te\u017c mam sporo walor\u00f3w. Po pierwsze pachn\u0119 perfumami, po drugie \u015bwietnie radz\u0119 sobie z od\u015bwie\u017caniem, myciem, robieniem piany i dobrego wra\u017cenia. Po trzecie zostawiam sk\u00f3r\u0119 czyst\u0105, bez uczucia \u015bci\u0105gni\u0119cia. Czy dzi\u0119ki moim atutom b\u0119dziesz tak poci\u0105gaj\u0105cy, \u017ce prze\u017cyjesz z dziewczyn\u0105 na blacie kuchenne rewolucje? Je\u015bli nie strzeli ci w plecach, to by\u0107 mo\u017ce. Nie obiecuj\u0119, ale przyznasz chyba, \u017ce g\u0142upio by\u0142o by nie sprawdzi\u0107.<\/p>\n<h3><\/h3>\n<h3><strong>PYTASZ KOTKU, CO MAM W \u015aRODKU?<\/strong><\/h3>\n<p>Wiadomo, \u017ce wygl\u0105d to nie wszystko. Liczy si\u0119 bogate wn\u0119trze. Cukier, mas\u0142o \u2013 to wszystko kosztuje! Ale do\u015b\u0107 o Tobie, porozmawiajmy o mnie. Czy kto\u015b ci ju\u017c m\u00f3wi\u0142, \u017ce zawieram nawil\u017caj\u0105c\u0105 gliceryn\u0119 ro\u015blinn\u0105? A mo\u017ce s\u0142ysza\u0142e\u015b, \u017ce dzia\u0142am tak dobrze dzi\u0119ki delikatnym substancjom myj\u0105cym? C\u00f3\u017c, je\u015bli doda\u0107, \u017ce w moim sk\u0142adzie znajdziesz te\u017c kompleks ekstrakt\u00f3w ro\u015blinnych, to chyba rozumiesz, dlaczego jestem \u0142akomym k\u0105skiem, nie tylko dla \u0142asuch\u00f3w. Mimo wszystko nie pr\u00f3buj mnie smakowa\u0107, bo \u2013 um\u00f3wmy si\u0119 \u2013 jestem \u015bwietny i pachn\u0119 bosko, ale z naszej dw\u00f3jki tylko ty nadajesz si\u0119 na deser.<\/p>\n<p><em><strong>Sk\u0142ad: <\/strong>Aqua, Sodium Coco-Sulfate, Coco-Glucoside, Cocamidopropyl Betaine, Glycerin, Glyceryl Oleate, Rosmarinus Officinalis Leaf Extract, Chamomilla Recutita Flower Extract, Arnica Montana Flower Extract, Lamium Album Extract, Salvia Officinalis Leaf Extract, Pinus Sylvestris Bud Extract, Nasturtium Officinale Extract, Arctium Majus Root Extract, Citrus Limon Peel Extract, Hedera Helix Leaf Extract, Calendula Officinalis Flower Extract, Tropaeolum Majus Flower Extract, Sodium Chloride, Sodium Gluconate, Sodium Benzoate, Potassium Sorbate, Citric Acid, Parfum, Hexamethylindanopyran, Limonene, Linalool, Linalyl Acetate, Tetramethyl Acetyloctahydronaphthalenes.<\/em><\/p>\n<h3><\/h3>\n<h3><strong>POZNAJ MOJE NUTY ZAPACHOWE:<\/strong><\/h3>\n<ul>\n<li><strong>g\u0142owy:<\/strong>\u00a0kolendra, bergamotka, mandarynka<\/li>\n<li><strong>serca:<\/strong>\u00a0lawenda, nuta \u015bwie\u017cego powietrza<\/li>\n<li><strong>podstawy:<\/strong>\u00a0paczula, cedr, drzewo sanda\u0142owe<\/li>\n<\/ul>\n<h3><strong>SPOS\u00d3B U\u017bYCIA M\u0118SKIEGO \u017bELU POD PRYSZNIC:<\/strong><\/h3>\n<p>Rozgrzej piekarnik\u2026 Nie, czekaj. Odkr\u0119\u0107 wod\u0119 pod prysznicem, nak\u0142adaj na zwil\u017con\u0105 sk\u00f3r\u0119 i masuj a\u017c uznasz, \u017ce jeste\u015b ju\u017c gotowy do schrupania. Podawaj si\u0119 na ciep\u0142o.<\/p>\n<h3><strong>A CO M\u00d3WI\u0104 NA MIE\u015aCIE?<\/strong><\/h3>\n<p><em>\u017bPierwsze siwe w\u0142osy to nie pow\u00f3d do paniki! Wiesz jak jest: g\u0142owa siwieje, d**a szaleje. I pewnie nikt ci nie powie, \u017ce jeste\u015b niez\u0142ym ciachem, ale b\u0119d\u0105 znaki! Je\u017celi przy wstawaniu z \u0142\u00f3\u017cka s\u0142yszysz trzaski to znaczy, \u017ce jeste\u015b chrupi\u0105cy! A je\u015bli musisz kontrolowa\u0107 cukier, to tylko dlatego, \u017ce jeste\u015b super s\u0142odki. Mo\u017cesz z dum\u0105 pokazywa\u0107 dorodny brzuch, bo okr\u0105g\u0142y, puszysty i s\u0142odki idealnie opisuje niez\u0142e ciacho. I pami\u0119taj: wszyscy wiedz\u0105, \u017ce m\u0119\u017cczyzna starzeje si\u0119 jak wino, dlatego nazwijmy sprawy po imieniu: nie jeste\u015b stary, tylko d\u0142ugo le\u017cakowany.<\/em><\/p>\n<p><img loading=\"lazy\" decoding=\"async\" class=\"alignnone wp-image-49197 size-medium\" src=\"https:\/\/laq.pl\/wp-content\/uploads\/2026\/02\/97-300x120.jpg\" alt=\"piktogramy zank\u00f3w: testowane dermatologicznie, produkt wega\u0144ski oraz 97 procent sk\u0142adnik\u00f3w pochodzenia naturalnego\" width=\"300\" height=\"120\" srcset=\"https:\/\/laq.pl\/wp-content\/uploads\/2026\/02\/97-300x120.jpg 300w, https:\/\/laq.pl\/wp-content\/uploads\/2026\/02\/97-1024x410.jpg 1024w, https:\/\/laq.pl\/wp-content\/uploads\/2026\/02\/97-768x307.jpg 768w, https:\/\/laq.pl\/wp-content\/uploads\/2026\/02\/97-726x290.jpg 726w, https:\/\/laq.pl\/wp-content\/uploads\/2026\/02\/97.jpg 1135w\" sizes=\"auto, (max-width: 300px) 100vw, 300px\" \/><\/p>\n","protected":false},"excerpt":{"rendered":"<p dir=\"auto\">Apetyczna propozycja dla m\u0119\u017cczyzn, kt\u00f3rzy lubi\u0105 kusi\u0107 stylem. <strong>Zapach kusi jak \u015bwie\u017co upieczone ciastko, a \u0142agodna formu\u0142a oczyszcza i nawil\u017ca sk\u00f3r\u0119. Uwa\u017caj, bo po prysznicu mo\u017cesz by\u0107 zbyt apetyczny!<\/strong><\/p>\n","protected":false},"featured_media":40078,"template":"","meta":{"_acf_changed":false},"product_brand":[],"product_cat":[109,233,858,105,841],"product_tag":[],"class_list":{"0":"post-38616","1":"product","2":"type-product","3":"status-publish","4":"has-post-thumbnail","6":"product_cat-duzy-zel-pod-prysznic-500-ml","7":"product_cat-meskie","8":"product_cat-nowosci","9":"product_cat-zele","10":"product_cat-zele-meskie","13":"first","14":"instock","15":"taxable","16":"shipping-taxable","17":"purchasable","18":"product-type-simple"},"acf":[],"_links":{"self":[{"href":"https:\/\/laq.pl\/en\/wp-json\/wp\/v2\/product\/38616","targetHints":{"allow":["GET"]}}],"collection":[{"href":"https:\/\/laq.pl\/en\/wp-json\/wp\/v2\/product"}],"about":[{"href":"https:\/\/laq.pl\/en\/wp-json\/wp\/v2\/types\/product"}],"wp:featuredmedia":[{"embeddable":true,"href":"https:\/\/laq.pl\/en\/wp-json\/wp\/v2\/media\/40078"}],"wp:attachment":[{"href":"https:\/\/laq.pl\/en\/wp-json\/wp\/v2\/media?parent=38616"}],"wp:term":[{"taxonomy":"product_brand","embeddable":true,"href":"https:\/\/laq.pl\/en\/wp-json\/wp\/v2\/product_brand?post=38616"},{"taxonomy":"product_cat","embeddable":true,"href":"https:\/\/laq.pl\/en\/wp-json\/wp\/v2\/product_cat?post=38616"},{"taxonomy":"product_tag","embeddable":true,"href":"https:\/\/laq.pl\/en\/wp-json\/wp\/v2\/product_tag?post=38616"}],"curies":[{"name":"wp","href":"https:\/\/api.w.org\/{rel}","templated":true}]}}