{"id":38619,"date":"2025-10-10T14:51:31","date_gmt":"2025-10-10T12:51:31","guid":{"rendered":"https:\/\/laq.pl\/?post_type=product&#038;p=38619"},"modified":"2026-04-15T09:07:25","modified_gmt":"2026-04-15T07:07:25","slug":"zel-pod-prysznic-ekspert-zaraz-zaraz","status":"publish","type":"product","link":"https:\/\/laq.pl\/en\/product\/zel-pod-prysznic-ekspert-zaraz-zaraz\/","title":{"rendered":"\u017bel pod prysznic EKSPERT ZARAZ ZARAZ"},"content":{"rendered":"<h2 style=\"text-align: center;\"><strong>\u017bel pod prysznic EKSPERT ZARAZ ZARAZ 8 w 1 500 ml<\/strong><\/h2>\n<h3><strong>KIM JESTEM?<\/strong><\/h3>\n<p>Jestem naturalny, wega\u0144ski i niezast\u0105piony po robocie. Niewa\u017cne, czy zmywasz z siebie smar, pot, czy zapach wdzi\u0119czno\u015bci s\u0105siadki za uratowanie mieszkania przed powodzi\u0105. Wa\u017cne, \u017ce umyj\u0119 ci twoj\u0105 w\u0142asn\u0105 \u201einstalacj\u0119\u201d, \u201epodwozie\u201d, \u201ezaplecze\u201d oraz wszystkie ow\u0142osione i nieow\u0142osione cz\u0119\u015bci cia\u0142a. Pachn\u0119 drzewem sanda\u0142owym, mchem, bergamotk\u0105 i lawend\u0105. Je\u015bli do tej pory kobiety nie mdla\u0142y przy tobie z wra\u017cenia, spokojnie \u2013 to si\u0119 da naprawi\u0107.<\/p>\n<h3><\/h3>\n<h3><strong>CO MOG\u0118 DLA CIEBIE ZROBI\u0106?<\/strong><\/h3>\n<p>Ko\u0142a nie zmieni\u0119 i wanny nie przepcham, ale gruntowne oczyszczenie twojej go\u0142ej powierzchni mog\u0119 zagwarantowa\u0107. Stosuj mnie po robocie, przed, zamiast a nawet pomimo \u2013 podobnie jak ty, pozostawiam efekt z\u0142otej r\u0105czki i zadowolony pysio. Myj\u0119, pachn\u0119, robi\u0119 pian\u0119 i dobr\u0105 robot\u0119. Dzia\u0142am te\u017c w weekendy i dni \u015bwi\u0105teczne.<\/p>\n<h3><strong>PYTASZ KOTKU, CO MAM W \u015aRODKU?<\/strong><\/h3>\n<p>Jestem niepozorny i delikatny, ale skuteczny jak diabli. Znajdziesz u mnie \u0142agodne substancje myj\u0105ce oraz kilka dobrych sk\u0142adnik\u00f3w, po\u017c\u0105danych jak komplet porz\u0105dnych kluczy w warsztacie. Gliceryna pochodzenia ro\u015blinnego zapobiega uczuciu przesuszenia po myciu i \u017ceby pozostawi\u0107 jeszcze lepszy efekt, mam dla ciebie zestaw pre- i postbiotyk\u00f3w, korzystnie wp\u0142ywaj\u0105cych na sk\u00f3r\u0119. Zapach perfum gratis. Ten \u017cel zrobi z tob\u0105 to, co cola z rdz\u0105 i mo\u017ce rdzy nie usunie, tam gdzie zardzewia\u0142e\u015b, ale fuszerki na pewno nie odstawi.<\/p>\n<p><em><strong>Sk\u0142ad: <\/strong>Aqua, Sodium Coco-Sulfate, Coco-Glucoside, Cocamidopropyl Betaine, Glycerin, Polymnia Sonchifolia Root Juice, Lactobacillus, Alpha-Glucan Oligosaccharide, Glyceryl Oleate, Lactococcus Ferment Lysate, Bacillus Ferment Filtrate Extract, Lactobacillus Ferment Lysate, Bifida Ferment Lysate, Citric Acid, Maltodextrin, Sodium Chloride, 1,2-Hexanediol, Sodium Benzoate, Potassium Sorbate, Parfum, Acetyl Cedrene, Linalyl Acetate, Tetramethyl Acetyloctahydronaphthalenes.<\/em><\/p>\n<h3><\/h3>\n<h3><strong>POZNAJ MOJE NUTY ZAPACHOWE:<\/strong><\/h3>\n<ul>\n<li><strong>g\u0142owy:<\/strong>\u00a0bergamotka, mandarynka, kardamon, pieprz<\/li>\n<li><strong>serca:<\/strong>\u00a0lawenda, jab\u0142ko, Tonka<\/li>\n<li><strong>podstawy:<\/strong>\u00a0mech d\u0119bowy, drzewo sanda\u0142owe, cedr, ambra<\/li>\n<\/ul>\n<h3><strong>SPOS\u00d3B U\u017bYCIA M\u0118SKIEGO \u017bELU POD PRYSZNIC:<\/strong><\/h3>\n<p>Sam znasz najlepsze patenty na prysznic, ale jak nie chcesz przekombinowa\u0107, to wmasuj w mokr\u0105 sk\u00f3r\u0119 i sp\u0142ucz.<\/p>\n<h3><strong>A CO M\u00d3WI\u0104 NA MIE\u015aCIE?<\/strong><\/h3>\n<p><em>Prawdziwy facet zaczyna si\u0119 w warsztacie. Ka\u017cdy mo\u017ce wzi\u0105\u0107 pi\u0142\u0119 i m\u0142otek, ale nie ka\u017cdy powinien. Bo r\u017cn\u0105\u0107 i stuka\u0107 to trzeba umie\u0107. Nie trzeba by\u0107 hydraulikiem, \u017ceby przepycha\u0107 rury, ale spu\u015bci\u0107 ci\u015bnienie na czas, to sztuka. Na szcz\u0119\u015bcie jeste\u015b Ty \u2013 ekspert od silikon\u00f3w i wibrator\u00f3w do betonu. Jeste\u015b jak pr\u0105d \u2013 czasem sta\u0142y, czasem zmienny, ale po ostrym zwarciu potrafisz popie\u015bci\u0107. Poratujesz gdy s\u0105siadce z do\u0142u cieknie, albo gdy szwagier zawo\u0142a, \u017ce pow\u00f3d\u017a i trzeba osuszy\u0107 barek. Ten \u017cel nie udro\u017cni hydrauliki, ani nie nasmaruje kosiarki, ale zapach, pian\u0119 i dobr\u0105 robot\u0119 robi od zaraz.<\/em><\/p>\n<p><img loading=\"lazy\" decoding=\"async\" class=\"alignnone wp-image-49197 size-medium\" src=\"https:\/\/laq.pl\/wp-content\/uploads\/2026\/02\/97-300x120.jpg\" alt=\"piktogramy zank\u00f3w: testowane dermatologicznie, produkt wega\u0144ski oraz 97 procent sk\u0142adnik\u00f3w pochodzenia naturalnego\" width=\"300\" height=\"120\" srcset=\"https:\/\/laq.pl\/wp-content\/uploads\/2026\/02\/97-300x120.jpg 300w, https:\/\/laq.pl\/wp-content\/uploads\/2026\/02\/97-1024x410.jpg 1024w, https:\/\/laq.pl\/wp-content\/uploads\/2026\/02\/97-768x307.jpg 768w, https:\/\/laq.pl\/wp-content\/uploads\/2026\/02\/97-726x290.jpg 726w, https:\/\/laq.pl\/wp-content\/uploads\/2026\/02\/97.jpg 1135w\" sizes=\"auto, (max-width: 300px) 100vw, 300px\" \/><\/p>\n","protected":false},"excerpt":{"rendered":"<p dir=\"auto\"><strong>Ekspert Zaraz Zaraz<\/strong> to must-have dla mistrz\u00f3w od zada\u0144 specjalnych! <strong>Idealny dla z\u0142otych r\u0105czek, kt\u00f3re po robocie chc\u0105 by\u0107 ekspertami od relaksu \u2013 bez op\u00f3\u017anie\u0144!<\/strong><\/p>\n","protected":false},"featured_media":40076,"template":"","meta":{"_acf_changed":false},"product_brand":[],"product_cat":[109,233,858,105,841],"product_tag":[],"class_list":{"0":"post-38619","1":"product","2":"type-product","3":"status-publish","4":"has-post-thumbnail","6":"product_cat-duzy-zel-pod-prysznic-500-ml","7":"product_cat-meskie","8":"product_cat-nowosci","9":"product_cat-zele","10":"product_cat-zele-meskie","13":"first","14":"instock","15":"taxable","16":"shipping-taxable","17":"purchasable","18":"product-type-simple"},"acf":[],"_links":{"self":[{"href":"https:\/\/laq.pl\/en\/wp-json\/wp\/v2\/product\/38619","targetHints":{"allow":["GET"]}}],"collection":[{"href":"https:\/\/laq.pl\/en\/wp-json\/wp\/v2\/product"}],"about":[{"href":"https:\/\/laq.pl\/en\/wp-json\/wp\/v2\/types\/product"}],"wp:featuredmedia":[{"embeddable":true,"href":"https:\/\/laq.pl\/en\/wp-json\/wp\/v2\/media\/40076"}],"wp:attachment":[{"href":"https:\/\/laq.pl\/en\/wp-json\/wp\/v2\/media?parent=38619"}],"wp:term":[{"taxonomy":"product_brand","embeddable":true,"href":"https:\/\/laq.pl\/en\/wp-json\/wp\/v2\/product_brand?post=38619"},{"taxonomy":"product_cat","embeddable":true,"href":"https:\/\/laq.pl\/en\/wp-json\/wp\/v2\/product_cat?post=38619"},{"taxonomy":"product_tag","embeddable":true,"href":"https:\/\/laq.pl\/en\/wp-json\/wp\/v2\/product_tag?post=38619"}],"curies":[{"name":"wp","href":"https:\/\/api.w.org\/{rel}","templated":true}]}}